{"id":1332,"date":"2020-07-03T15:41:23","date_gmt":"2020-07-03T13:41:23","guid":{"rendered":"http:\/\/sitetab3.ac-reims.fr\/clg-curie\/-wp-\/?page_id=1332"},"modified":"2020-07-03T15:41:23","modified_gmt":"2020-07-03T13:41:23","slug":"coordonnees","status":"publish","type":"page","link":"https:\/\/sitetab3.ac-reims.fr\/clg-curie\/-wp-\/coordonnees\/","title":{"rendered":"Coordonn\u00e9es"},"content":{"rendered":"<div>\n<div><strong><img loading=\"lazy\" decoding=\"async\" class=\" size-full wp-image-981\" style=\"cursor: default; border: 0px initial initial;\" title=\"coordonn\u00e9es\" src=\"http:\/\/sitetab3.ac-reims.fr\/clg-curie\/-wp-\/wp-content\/uploads\/accueil_sites\/bleu\/coordonnees.png\" alt=\"coordonn\u00e9es\" width=\"93\" height=\"31\" border=\"0\"><br \/>\n<\/strong><\/div>\n<div><strong><strong><img loading=\"lazy\" decoding=\"async\" class=\" size-full wp-image-982\" style=\"cursor: default; margin-top: 7px; margin-bottom: 7px; border: 0px initial initial;\" src=\"http:\/\/sitetab3.ac-reims.fr\/clg-curie\/-wp-\/wp-content\/uploads\/icones\/enveloppe-courrier-sobre-icone-4172-32.png\" alt=\"\" width=\"32\" height=\"32\" border=\"0\">&nbsp;<\/strong><\/strong><strong>Adresse :<\/strong>&nbsp;4 rue Marie Curie<\/div>\n<div>10 000&nbsp;<strong>TROYES<\/strong><br \/>\n<strong>T\u00e9l.&nbsp;<\/strong>03 25 82 33 54<\/div>\n<div><strong>M\u00e9l.<\/strong>&nbsp;<a href=\"mailto:ce.0100081j@ac-reims.fr\">ce.0100081j@ac-reims.fr<\/a><br \/>\n<strong><br \/>\nHoraires :&nbsp;<\/strong><span style=\"color: #000000;\">ouverture au public du lundi au vendredi de 7h30 \u00e0 17h30<\/span><\/div>\n<\/div>\n","protected":false},"excerpt":{"rendered":"<p>&nbsp;Adresse :&nbsp;4 rue Marie Curie 10 000&nbsp;TROYES T\u00e9l.&nbsp;03 25 82 33 54 M\u00e9l.&nbsp;ce.0100081j@ac-reims.fr Horaires :&nbsp;ouverture au public du lundi au vendredi de 7h30 \u00e0 17h30<\/p>\n","protected":false},"author":1,"featured_media":0,"parent":0,"menu_order":0,"comment_status":"closed","ping_status":"closed","template":"","meta":{"ngg_post_thumbnail":0,"footnotes":""},"_links":{"self":[{"href":"https:\/\/sitetab3.ac-reims.fr\/clg-curie\/-wp-\/wp-json\/wp\/v2\/pages\/1332"}],"collection":[{"href":"https:\/\/sitetab3.ac-reims.fr\/clg-curie\/-wp-\/wp-json\/wp\/v2\/pages"}],"about":[{"href":"https:\/\/sitetab3.ac-reims.fr\/clg-curie\/-wp-\/wp-json\/wp\/v2\/types\/page"}],"author":[{"embeddable":true,"href":"https:\/\/sitetab3.ac-reims.fr\/clg-curie\/-wp-\/wp-json\/wp\/v2\/users\/1"}],"replies":[{"embeddable":true,"href":"https:\/\/sitetab3.ac-reims.fr\/clg-curie\/-wp-\/wp-json\/wp\/v2\/comments?post=1332"}],"version-history":[{"count":2,"href":"https:\/\/sitetab3.ac-reims.fr\/clg-curie\/-wp-\/wp-json\/wp\/v2\/pages\/1332\/revisions"}],"predecessor-version":[{"id":2340,"href":"https:\/\/sitetab3.ac-reims.fr\/clg-curie\/-wp-\/wp-json\/wp\/v2\/pages\/1332\/revisions\/2340"}],"wp:attachment":[{"href":"https:\/\/sitetab3.ac-reims.fr\/clg-curie\/-wp-\/wp-json\/wp\/v2\/media?parent=1332"}],"curies":[{"name":"wp","href":"https:\/\/api.w.org\/{rel}","templated":true}]}}