{"id":1,"date":"2013-02-04T09:41:38","date_gmt":"2013-02-04T09:41:38","guid":{"rendered":"http:\/\/sitetab3.ac-reims.fr\/clg-nassau\/-wp-\/?page_id=1"},"modified":"2023-08-29T20:55:34","modified_gmt":"2023-08-29T18:55:34","slug":"contacts","status":"publish","type":"page","link":"https:\/\/sitetab3.ac-reims.fr\/clg-nassau\/-wp-\/contacts\/","title":{"rendered":"Contacts"},"content":{"rendered":"<p><img loading=\"lazy\" decoding=\"async\" class=\" size-full wp-image-44\" src=\"http:\/\/sitetab3.ac-reims.fr\/clg-nassau\/-wp-\/wp-content\/uploads\/coordonnees2.png\" alt=\"coordonnees2.png\" width=\"75\" height=\"15\"><\/p>\n<p>Coll\u00e8ge <span class=\"scayt-misspell\" data-scaytid=\"1\" data-scayt_word=\"Elisabeth\">Elisabeth<\/span> de <span class=\"scayt-misspell\" data-scaytid=\"3\" data-scayt_word=\"Nassau\">Nassau<\/span><\/p>\n<p>Place <span class=\"scayt-misspell\" data-scaytid=\"5\" data-scayt_word=\"Nassau\">Nassau<\/span> 08200 <span class=\"scayt-misspell\" data-scaytid=\"7\" data-scayt_word=\"Sedan\">Sedan<\/span><\/p>\n<p>Tel&nbsp;: 03 24 27 05 76<\/p>\n<p><span class=\"scayt-misspell\" data-scaytid=\"9\" data-scayt_word=\"Fax\">Fax<\/span>&nbsp;: 03 24 27 99 20<\/p>\n<p>Mail&nbsp;: ce.0080046g@ac-reims.fr<\/p>\n<p>&nbsp;<\/p>\n<hr class=\"spip\">\n<p>&nbsp;<\/p>\n<p>Pour contacter le <span class=\"scayt-misspell\" data-scaytid=\"11\" data-scayt_word=\"webmaster\">webmaster<\/span> du site&nbsp;: didier.eloi@ac-reims.fr<\/p>\n<p>&nbsp;<\/p>\n<hr class=\"spip\">\n<p>&nbsp;<\/p>\n<p>L\u2019\u00e9tablissement est ouvert<\/p>\n<p>lundi, mardi, jeudi et vendredi<\/p>\n<p>de <span class=\"scayt-misspell\" data-scaytid=\"13\" data-scayt_word=\"07h30\">07h30<\/span> \u00e0 <span class=\"scayt-misspell\" data-scaytid=\"15\" data-scayt_word=\"12h00\">12h00<\/span> et de <span class=\"scayt-misspell\" data-scaytid=\"17\" data-scayt_word=\"13h00\">13h00<\/span> \u00e0 <span class=\"scayt-misspell\" data-scaytid=\"23\" data-scayt_word=\"17h30\">17h30<\/span><\/p>\n<p>mercredi&nbsp;de <span class=\"scayt-misspell\" data-scaytid=\"19\" data-scayt_word=\"07h30\">07h30<\/span> \u00e0 <span class=\"scayt-misspell\" data-scaytid=\"21\" data-scayt_word=\"12h00\">12h00<\/span><\/p>\n<p>&nbsp;<\/p>\n","protected":false},"excerpt":{"rendered":"<p>Coll\u00e8ge Elisabeth de Nassau Place Nassau 08200 Sedan Tel&nbsp;: 03 24 27 05 76 Fax&nbsp;: 03 24 27 99 20 Mail&nbsp;: ce.0080046g@ac-reims.fr &nbsp; &nbsp; Pour contacter le webmaster du site&nbsp;: didier.eloi@ac-reims.fr &nbsp; &nbsp; L\u2019\u00e9tablissement est ouvert lundi, mardi, jeudi et vendredi de 07h30 \u00e0 12h00 et de 13h00 \u00e0 17h30 mercredi&nbsp;de 07h30 \u00e0 12h00 &nbsp;<\/p>\n","protected":false},"author":1,"featured_media":0,"parent":0,"menu_order":0,"comment_status":"open","ping_status":"open","template":"","meta":{"ngg_post_thumbnail":0,"footnotes":""},"_links":{"self":[{"href":"https:\/\/sitetab3.ac-reims.fr\/clg-nassau\/-wp-\/wp-json\/wp\/v2\/pages\/1"}],"collection":[{"href":"https:\/\/sitetab3.ac-reims.fr\/clg-nassau\/-wp-\/wp-json\/wp\/v2\/pages"}],"about":[{"href":"https:\/\/sitetab3.ac-reims.fr\/clg-nassau\/-wp-\/wp-json\/wp\/v2\/types\/page"}],"author":[{"embeddable":true,"href":"https:\/\/sitetab3.ac-reims.fr\/clg-nassau\/-wp-\/wp-json\/wp\/v2\/users\/1"}],"replies":[{"embeddable":true,"href":"https:\/\/sitetab3.ac-reims.fr\/clg-nassau\/-wp-\/wp-json\/wp\/v2\/comments?post=1"}],"version-history":[{"count":2,"href":"https:\/\/sitetab3.ac-reims.fr\/clg-nassau\/-wp-\/wp-json\/wp\/v2\/pages\/1\/revisions"}],"predecessor-version":[{"id":2832,"href":"https:\/\/sitetab3.ac-reims.fr\/clg-nassau\/-wp-\/wp-json\/wp\/v2\/pages\/1\/revisions\/2832"}],"wp:attachment":[{"href":"https:\/\/sitetab3.ac-reims.fr\/clg-nassau\/-wp-\/wp-json\/wp\/v2\/media?parent=1"}],"curies":[{"name":"wp","href":"https:\/\/api.w.org\/{rel}","templated":true}]}}