{"id":1164,"date":"2021-11-29T14:47:22","date_gmt":"2021-11-29T13:47:22","guid":{"rendered":"http:\/\/sitetab3.ac-reims.fr\/clg-nassau\/-wp-\/?page_id=1164"},"modified":"2022-01-16T20:50:22","modified_gmt":"2022-01-16T19:50:22","slug":"informations-pratiques","status":"publish","type":"page","link":"https:\/\/sitetab3.ac-reims.fr\/clg-nassau\/-wp-\/informations-pratiques\/","title":{"rendered":"Informations pratiques"},"content":{"rendered":"<div id=\"imgactualites\">\n<style><\/style><div class=\"wplp_outside wplp_widget_1167\" style=\"max-width:100%;\"><div id=\"wplp_widget_1167\" class=\"wplp_widget_default wplp_container vertical swiper wplp-swiper default cols2\" data-theme=\"default\" data-post=\"1167\" style=\"\" data-max-elts=\"13\" data-per-page=\"30\"><div class=\"wplp_listposts swiper-wrapper\" id=\"default_1167\" style=\"width: 100%;\" ><div class=\"swiper-slide\" style=\"\"><div class=\"insideframe\"><div id=\"wplp_box_top_1167_109\" class=\"wpcu-front-box top equalHeightImg\" ><div class=\"wplp-box-item\"><a href=\"https:\/\/sitetab3.ac-reims.fr\/clg-nassau\/-wp-\/les-anniversaires-du-mois\/\"  class=\"thumbnail\"><span class=\"img_cropper\" style=\"max-width:100%;\"><img decoding=\"async\" src=\"https:\/\/sitetab3.ac-reims.fr\/clg-nassau\/-wp-\/wp-content\/uploads\/2024-25-log-avril.jpg\" style=\"aspect-ratio:21\/9;\" srcset=\"\" alt=\"Les anniversaires du mois\" class=\"wplp_thumb\" \/><\/span><\/a><a href=\"https:\/\/sitetab3.ac-reims.fr\/clg-nassau\/-wp-\/les-anniversaires-du-mois\/\"  class=\"title\">Les anniversaires du mois<\/a><\/div><\/div><div id=\"wplp_box_left_1167_109\" class=\"wpcu-front-box left wpcu-custom-position\" ><div class=\"wplp-box-item\"><\/div><\/div><div id=\"wplp_box_right_1167_109\" class=\"wpcu-front-box right wpcu-custom-position\" ><div class=\"wplp-box-item\"><\/div><\/div><div id=\"wplp_box_bottom_1167_109\" class=\"wpcu-front-box bottom \" ><div class=\"wplp-box-item\"><span class=\"date\">3 avril 2026<\/span><span class=\"custom_fields\">\n<!-- WPLP Unknown field: Custom_Fields -->\n<\/span><\/div><\/div><\/div><\/div><div class=\"swiper-slide\" style=\"\"><div class=\"insideframe\"><div id=\"wplp_box_top_1167_1777\" class=\"wpcu-front-box top equalHeightImg\" ><div class=\"wplp-box-item\"><a href=\"https:\/\/sitetab3.ac-reims.fr\/clg-nassau\/-wp-\/samedi-2-mars-portes-ouvertes\/\"  class=\"thumbnail\"><span class=\"img_cropper\" style=\"max-width:100%;\"><img decoding=\"async\" src=\"https:\/\/sitetab3.ac-reims.fr\/clg-nassau\/-wp-\/wp-content\/uploads\/2025-26-logo-portes-ouvertes.jpg\" style=\"aspect-ratio:21\/9;\" srcset=\"\" alt=\"Vendredi 20 mars : portes ouvertes\" class=\"wplp_thumb\" \/><\/span><\/a><a href=\"https:\/\/sitetab3.ac-reims.fr\/clg-nassau\/-wp-\/samedi-2-mars-portes-ouvertes\/\"  class=\"title\">Vendredi 20 mars : portes ouvertes<\/a><\/div><\/div><div id=\"wplp_box_left_1167_1777\" class=\"wpcu-front-box left wpcu-custom-position\" ><div class=\"wplp-box-item\"><\/div><\/div><div id=\"wplp_box_right_1167_1777\" class=\"wpcu-front-box right wpcu-custom-position\" ><div class=\"wplp-box-item\"><\/div><\/div><div id=\"wplp_box_bottom_1167_1777\" class=\"wpcu-front-box bottom \" ><div class=\"wplp-box-item\"><span class=\"date\">4 mars 2026<\/span><span class=\"custom_fields\">\n<!-- WPLP Unknown field: Custom_Fields -->\n<\/span><\/div><\/div><\/div><\/div><div class=\"swiper-slide\" style=\"\"><div class=\"insideframe\"><div id=\"wplp_box_top_1167_122\" class=\"wpcu-front-box top equalHeightImg\" ><div class=\"wplp-box-item\"><a href=\"https:\/\/sitetab3.ac-reims.fr\/clg-nassau\/-wp-\/liste-du-personnel\/\"  class=\"thumbnail\"><span class=\"img_cropper\" style=\"max-width:100%;\"><img decoding=\"async\" src=\"https:\/\/sitetab3.ac-reims.fr\/clg-nassau\/-wp-\/wp-content\/uploads\/2021-22-log-perso.jpg\" style=\"aspect-ratio:21\/9;\" srcset=\"\" alt=\"Liste  du  personnel\" class=\"wplp_thumb\" \/><\/span><\/a><a href=\"https:\/\/sitetab3.ac-reims.fr\/clg-nassau\/-wp-\/liste-du-personnel\/\"  class=\"title\">Liste  du  personnel<\/a><\/div><\/div><div id=\"wplp_box_left_1167_122\" class=\"wpcu-front-box left wpcu-custom-position\" ><div class=\"wplp-box-item\"><\/div><\/div><div id=\"wplp_box_right_1167_122\" class=\"wpcu-front-box right wpcu-custom-position\" ><div class=\"wplp-box-item\"><\/div><\/div><div id=\"wplp_box_bottom_1167_122\" class=\"wpcu-front-box bottom \" ><div class=\"wplp-box-item\"><span class=\"date\">31 ao\u00fbt 2025<\/span><span class=\"custom_fields\">\n<!-- WPLP Unknown field: Custom_Fields -->\n<\/span><\/div><\/div><\/div><\/div><div class=\"swiper-slide\" style=\"\"><div class=\"insideframe\"><div id=\"wplp_box_top_1167_1971\" class=\"wpcu-front-box top equalHeightImg\" ><div class=\"wplp-box-item\"><a href=\"https:\/\/sitetab3.ac-reims.fr\/clg-nassau\/-wp-\/rentree-des-eleves\/\"  class=\"thumbnail\"><span class=\"img_cropper\" style=\"max-width:100%;\"><img decoding=\"async\" src=\"https:\/\/sitetab3.ac-reims.fr\/clg-nassau\/-wp-\/wp-content\/uploads\/Logo-rentree.jpg\" style=\"aspect-ratio:21\/9;\" srcset=\"https:\/\/sitetab3.ac-reims.fr\/clg-nassau\/-wp-\/wp-content\/uploads\/Logo-rentree.jpg 460w, https:\/\/sitetab3.ac-reims.fr\/clg-nassau\/-wp-\/wp-content\/uploads\/Logo-rentree-300x130.jpg 300w\" alt=\"RENTREE DES ELEVES\u00a0\" class=\"wplp_thumb\" \/><\/span><\/a><a href=\"https:\/\/sitetab3.ac-reims.fr\/clg-nassau\/-wp-\/rentree-des-eleves\/\"  class=\"title\">RENTREE DES ELEVES\u00a0<\/a><\/div><\/div><div id=\"wplp_box_left_1167_1971\" class=\"wpcu-front-box left wpcu-custom-position\" ><div class=\"wplp-box-item\"><\/div><\/div><div id=\"wplp_box_right_1167_1971\" class=\"wpcu-front-box right wpcu-custom-position\" ><div class=\"wplp-box-item\"><\/div><\/div><div id=\"wplp_box_bottom_1167_1971\" class=\"wpcu-front-box bottom \" ><div class=\"wplp-box-item\"><span class=\"date\">19 ao\u00fbt 2025<\/span><span class=\"custom_fields\">\n<!-- WPLP Unknown field: Custom_Fields -->\n<\/span><\/div><\/div><\/div><\/div><div class=\"swiper-slide\" style=\"\"><div class=\"insideframe\"><div id=\"wplp_box_top_1167_264\" class=\"wpcu-front-box top equalHeightImg\" ><div class=\"wplp-box-item\"><a href=\"https:\/\/sitetab3.ac-reims.fr\/clg-nassau\/-wp-\/liste-des-fournitures\/\"  class=\"thumbnail\"><span class=\"img_cropper\" style=\"max-width:100%;\"><img decoding=\"async\" src=\"https:\/\/sitetab3.ac-reims.fr\/clg-nassau\/-wp-\/wp-content\/uploads\/Logo-liste-fourni.jpg\" style=\"aspect-ratio:21\/9;\" srcset=\"https:\/\/sitetab3.ac-reims.fr\/clg-nassau\/-wp-\/wp-content\/uploads\/Logo-liste-fourni.jpg 460w, https:\/\/sitetab3.ac-reims.fr\/clg-nassau\/-wp-\/wp-content\/uploads\/Logo-liste-fourni-300x130.jpg 300w\" alt=\"Liste des fournitures\" class=\"wplp_thumb\" \/><\/span><\/a><a href=\"https:\/\/sitetab3.ac-reims.fr\/clg-nassau\/-wp-\/liste-des-fournitures\/\"  class=\"title\">Liste des fournitures<\/a><\/div><\/div><div id=\"wplp_box_left_1167_264\" class=\"wpcu-front-box left wpcu-custom-position\" ><div class=\"wplp-box-item\"><\/div><\/div><div id=\"wplp_box_right_1167_264\" class=\"wpcu-front-box right wpcu-custom-position\" ><div class=\"wplp-box-item\"><\/div><\/div><div id=\"wplp_box_bottom_1167_264\" class=\"wpcu-front-box bottom \" ><div class=\"wplp-box-item\"><span class=\"date\">2 juillet 2025<\/span><span class=\"custom_fields\">\n<!-- WPLP Unknown field: Custom_Fields -->\n<\/span><\/div><\/div><\/div><\/div><div class=\"swiper-slide\" style=\"\"><div class=\"insideframe\"><div id=\"wplp_box_top_1167_104\" class=\"wpcu-front-box top equalHeightImg\" ><div class=\"wplp-box-item\"><a href=\"https:\/\/sitetab3.ac-reims.fr\/clg-nassau\/-wp-\/reglement-interieur\/\"  class=\"thumbnail\"><span class=\"img_cropper\" style=\"max-width:100%;\"><img decoding=\"async\" src=\"https:\/\/sitetab3.ac-reims.fr\/clg-nassau\/-wp-\/wp-content\/uploads\/2023-24-log-reg-int.jpg\" style=\"aspect-ratio:21\/9;\" srcset=\"\" alt=\"R\u00e8glement int\u00e9rieur\" class=\"wplp_thumb\" \/><\/span><\/a><a href=\"https:\/\/sitetab3.ac-reims.fr\/clg-nassau\/-wp-\/reglement-interieur\/\"  class=\"title\">R\u00e8glement int\u00e9rieur<\/a><\/div><\/div><div id=\"wplp_box_left_1167_104\" class=\"wpcu-front-box left wpcu-custom-position\" ><div class=\"wplp-box-item\"><\/div><\/div><div id=\"wplp_box_right_1167_104\" class=\"wpcu-front-box right wpcu-custom-position\" ><div class=\"wplp-box-item\"><\/div><\/div><div id=\"wplp_box_bottom_1167_104\" class=\"wpcu-front-box bottom \" ><div class=\"wplp-box-item\"><span class=\"date\">2 septembre 2024<\/span><span class=\"custom_fields\">\n<!-- WPLP Unknown field: Custom_Fields -->\n<\/span><\/div><\/div><\/div><\/div><div class=\"swiper-slide\" style=\"\"><div class=\"insideframe\"><div id=\"wplp_box_top_1167_1944\" class=\"wpcu-front-box top equalHeightImg\" ><div class=\"wplp-box-item\"><a href=\"https:\/\/sitetab3.ac-reims.fr\/clg-nassau\/-wp-\/a-utiliser-avant-le-31-aout\/\"  class=\"thumbnail\"><span class=\"img_cropper\" style=\"max-width:100%;\"><img decoding=\"async\" src=\"https:\/\/sitetab3.ac-reims.fr\/clg-nassau\/-wp-\/wp-content\/uploads\/2021-22-logo-cheqcult2.jpg\" style=\"aspect-ratio:21\/9;\" srcset=\"\" alt=\"El\u00e8ves de 6e : \u00e0 utiliser avant le 31 ao\u00fbt\" class=\"wplp_thumb\" \/><\/span><\/a><a href=\"https:\/\/sitetab3.ac-reims.fr\/clg-nassau\/-wp-\/a-utiliser-avant-le-31-aout\/\"  class=\"title\">El\u00e8ves de 6e : \u00e0 utiliser avant le 31 ao\u00fbt<\/a><\/div><\/div><div id=\"wplp_box_left_1167_1944\" class=\"wpcu-front-box left wpcu-custom-position\" ><div class=\"wplp-box-item\"><\/div><\/div><div id=\"wplp_box_right_1167_1944\" class=\"wpcu-front-box right wpcu-custom-position\" ><div class=\"wplp-box-item\"><\/div><\/div><div id=\"wplp_box_bottom_1167_1944\" class=\"wpcu-front-box bottom \" ><div class=\"wplp-box-item\"><span class=\"date\">3 juillet 2024<\/span><span class=\"custom_fields\">\n<!-- WPLP Unknown field: Custom_Fields -->\n<\/span><\/div><\/div><\/div><\/div><div class=\"swiper-slide\" style=\"\"><div class=\"insideframe\"><div id=\"wplp_box_top_1167_3006\" class=\"wpcu-front-box top equalHeightImg\" ><div class=\"wplp-box-item\"><a href=\"https:\/\/sitetab3.ac-reims.fr\/clg-nassau\/-wp-\/information-du-23-octobre\/\"  class=\"thumbnail\"><span class=\"img_cropper\" style=\"max-width:100%;\"><img decoding=\"async\" src=\"https:\/\/sitetab3.ac-reims.fr\/clg-nassau\/-wp-\/wp-content\/uploads\/2023-24-log-inf-2.jpg\" style=\"aspect-ratio:21\/9;\" srcset=\"\" alt=\"Information du 23 octobre\" class=\"wplp_thumb\" \/><\/span><\/a><a href=\"https:\/\/sitetab3.ac-reims.fr\/clg-nassau\/-wp-\/information-du-23-octobre\/\"  class=\"title\">Information du 23 octobre<\/a><\/div><\/div><div id=\"wplp_box_left_1167_3006\" class=\"wpcu-front-box left wpcu-custom-position\" ><div class=\"wplp-box-item\"><\/div><\/div><div id=\"wplp_box_right_1167_3006\" class=\"wpcu-front-box right wpcu-custom-position\" ><div class=\"wplp-box-item\"><\/div><\/div><div id=\"wplp_box_bottom_1167_3006\" class=\"wpcu-front-box bottom \" ><div class=\"wplp-box-item\"><span class=\"date\">23 octobre 2023<\/span><span class=\"custom_fields\">\n<!-- WPLP Unknown field: Custom_Fields -->\n<\/span><\/div><\/div><\/div><\/div><div class=\"swiper-slide\" style=\"\"><div class=\"insideframe\"><div id=\"wplp_box_top_1167_53\" class=\"wpcu-front-box top equalHeightImg\" ><div class=\"wplp-box-item\"><a href=\"https:\/\/sitetab3.ac-reims.fr\/clg-nassau\/-wp-\/calendrier-des-semaines\/\"  class=\"thumbnail\"><span class=\"img_cropper\" style=\"max-width:100%;\"><img decoding=\"async\" src=\"https:\/\/sitetab3.ac-reims.fr\/clg-nassau\/-wp-\/wp-content\/uploads\/2021-22-log-semab.jpg\" style=\"aspect-ratio:21\/9;\" srcset=\"\" alt=\"Calendrier des semaines\" class=\"wplp_thumb\" \/><\/span><\/a><a href=\"https:\/\/sitetab3.ac-reims.fr\/clg-nassau\/-wp-\/calendrier-des-semaines\/\"  class=\"title\">Calendrier des semaines<\/a><\/div><\/div><div id=\"wplp_box_left_1167_53\" class=\"wpcu-front-box left wpcu-custom-position\" ><div class=\"wplp-box-item\"><\/div><\/div><div id=\"wplp_box_right_1167_53\" class=\"wpcu-front-box right wpcu-custom-position\" ><div class=\"wplp-box-item\"><\/div><\/div><div id=\"wplp_box_bottom_1167_53\" class=\"wpcu-front-box bottom \" ><div class=\"wplp-box-item\"><span class=\"date\">29 ao\u00fbt 2023<\/span><span class=\"custom_fields\">\n<!-- WPLP Unknown field: Custom_Fields -->\n<\/span><\/div><\/div><\/div><\/div><div class=\"swiper-slide\" style=\"\"><div class=\"insideframe\"><div id=\"wplp_box_top_1167_2708\" class=\"wpcu-front-box top equalHeightImg\" ><div class=\"wplp-box-item\"><a href=\"https:\/\/sitetab3.ac-reims.fr\/clg-nassau\/-wp-\/bourses-lycee\/\"  class=\"thumbnail\"><span class=\"img_cropper\" style=\"max-width:100%;\"><img decoding=\"async\" src=\"https:\/\/sitetab3.ac-reims.fr\/clg-nassau\/-wp-\/wp-content\/uploads\/logo-bourse-lycee.jpg\" style=\"aspect-ratio:21\/9;\" srcset=\"\" alt=\"Bourses Lyc\u00e9e\" class=\"wplp_thumb\" \/><\/span><\/a><a href=\"https:\/\/sitetab3.ac-reims.fr\/clg-nassau\/-wp-\/bourses-lycee\/\"  class=\"title\">Bourses Lyc\u00e9e<\/a><\/div><\/div><div id=\"wplp_box_left_1167_2708\" class=\"wpcu-front-box left wpcu-custom-position\" ><div class=\"wplp-box-item\"><\/div><\/div><div id=\"wplp_box_right_1167_2708\" class=\"wpcu-front-box right wpcu-custom-position\" ><div class=\"wplp-box-item\"><\/div><\/div><div id=\"wplp_box_bottom_1167_2708\" class=\"wpcu-front-box bottom \" ><div class=\"wplp-box-item\"><span class=\"date\">13 juin 2023<\/span><span class=\"custom_fields\">\n<!-- WPLP Unknown field: Custom_Fields -->\n<\/span><\/div><\/div><\/div><\/div><div class=\"swiper-slide\" style=\"\"><div class=\"insideframe\"><div id=\"wplp_box_top_1167_672\" class=\"wpcu-front-box top equalHeightImg\" ><div class=\"wplp-box-item\"><a href=\"https:\/\/sitetab3.ac-reims.fr\/clg-nassau\/-wp-\/interdiction-du-telephone-portable\/\"  class=\"thumbnail\"><span class=\"img_cropper\" style=\"max-width:100%;\"><img decoding=\"async\" src=\"https:\/\/sitetab3.ac-reims.fr\/clg-nassau\/-wp-\/wp-content\/uploads\/2023-24-log-tel2.jpg\" style=\"aspect-ratio:21\/9;\" srcset=\"\" alt=\"Interdiction du t\u00e9l\u00e9phone portable\" class=\"wplp_thumb\" \/><\/span><\/a><a href=\"https:\/\/sitetab3.ac-reims.fr\/clg-nassau\/-wp-\/interdiction-du-telephone-portable\/\"  class=\"title\">Interdiction du t\u00e9l\u00e9phone portable<\/a><\/div><\/div><div id=\"wplp_box_left_1167_672\" class=\"wpcu-front-box left wpcu-custom-position\" ><div class=\"wplp-box-item\"><\/div><\/div><div id=\"wplp_box_right_1167_672\" class=\"wpcu-front-box right wpcu-custom-position\" ><div class=\"wplp-box-item\"><\/div><\/div><div id=\"wplp_box_bottom_1167_672\" class=\"wpcu-front-box bottom \" ><div class=\"wplp-box-item\"><span class=\"date\">23 janvier 2019<\/span><span class=\"custom_fields\">\n<!-- WPLP Unknown field: Custom_Fields -->\n<\/span><\/div><\/div><\/div><\/div><div class=\"swiper-slide\" style=\"\"><div class=\"insideframe\"><div id=\"wplp_box_top_1167_539\" class=\"wpcu-front-box top equalHeightImg\" ><div class=\"wplp-box-item\"><a href=\"https:\/\/sitetab3.ac-reims.fr\/clg-nassau\/-wp-\/transports-scolaires\/\"  class=\"thumbnail\"><span class=\"img_cropper\" style=\"max-width:100%;\"><img decoding=\"async\" src=\"https:\/\/sitetab3.ac-reims.fr\/clg-nassau\/-wp-\/wp-content\/uploads\/2021-22-log-bus.jpg\" style=\"aspect-ratio:21\/9;\" srcset=\"\" alt=\"Transports scolaires\" class=\"wplp_thumb\" \/><\/span><\/a><a href=\"https:\/\/sitetab3.ac-reims.fr\/clg-nassau\/-wp-\/transports-scolaires\/\"  class=\"title\">Transports scolaires<\/a><\/div><\/div><div id=\"wplp_box_left_1167_539\" class=\"wpcu-front-box left wpcu-custom-position\" ><div class=\"wplp-box-item\"><\/div><\/div><div id=\"wplp_box_right_1167_539\" class=\"wpcu-front-box right wpcu-custom-position\" ><div class=\"wplp-box-item\"><\/div><\/div><div id=\"wplp_box_bottom_1167_539\" class=\"wpcu-front-box bottom \" ><div class=\"wplp-box-item\"><span class=\"date\">17 mai 2018<\/span><span class=\"custom_fields\">\n<!-- WPLP Unknown field: Custom_Fields -->\n<\/span><\/div><\/div><\/div><\/div><div class=\"swiper-slide\" style=\"\"><div class=\"insideframe\"><div id=\"wplp_box_top_1167_467\" class=\"wpcu-front-box top equalHeightImg\" ><div class=\"wplp-box-item\"><a href=\"https:\/\/sitetab3.ac-reims.fr\/clg-nassau\/-wp-\/devoirs-faits\/\"  class=\"thumbnail\"><span class=\"img_cropper\" style=\"max-width:100%;\"><img decoding=\"async\" src=\"https:\/\/sitetab3.ac-reims.fr\/clg-nassau\/-wp-\/wp-content\/uploads\/2023-2024-logo1-dev-fait2.jpg\" style=\"aspect-ratio:21\/9;\" srcset=\"\" alt=\"Devoirs faits\" class=\"wplp_thumb\" \/><\/span><\/a><a href=\"https:\/\/sitetab3.ac-reims.fr\/clg-nassau\/-wp-\/devoirs-faits\/\"  class=\"title\">Devoirs faits<\/a><\/div><\/div><div id=\"wplp_box_left_1167_467\" class=\"wpcu-front-box left wpcu-custom-position\" ><div class=\"wplp-box-item\"><\/div><\/div><div id=\"wplp_box_right_1167_467\" class=\"wpcu-front-box right wpcu-custom-position\" ><div class=\"wplp-box-item\"><\/div><\/div><div id=\"wplp_box_bottom_1167_467\" class=\"wpcu-front-box bottom \" ><div class=\"wplp-box-item\"><span class=\"date\">14 novembre 2017<\/span><span class=\"custom_fields\">\n<!-- WPLP Unknown field: Custom_Fields -->\n<\/span><\/div><\/div><\/div><\/div><\/div><div class=\"swiper-button-next\"><\/div><div class=\"swiper-button-prev\"><\/div><div class=\"swiper-pagination\"><\/div><\/div><\/div>\n<\/div>\n","protected":false},"excerpt":{"rendered":"","protected":false},"author":1,"featured_media":0,"parent":0,"menu_order":0,"comment_status":"closed","ping_status":"closed","template":"","meta":{"ngg_post_thumbnail":0,"footnotes":""},"_links":{"self":[{"href":"https:\/\/sitetab3.ac-reims.fr\/clg-nassau\/-wp-\/wp-json\/wp\/v2\/pages\/1164"}],"collection":[{"href":"https:\/\/sitetab3.ac-reims.fr\/clg-nassau\/-wp-\/wp-json\/wp\/v2\/pages"}],"about":[{"href":"https:\/\/sitetab3.ac-reims.fr\/clg-nassau\/-wp-\/wp-json\/wp\/v2\/types\/page"}],"author":[{"embeddable":true,"href":"https:\/\/sitetab3.ac-reims.fr\/clg-nassau\/-wp-\/wp-json\/wp\/v2\/users\/1"}],"replies":[{"embeddable":true,"href":"https:\/\/sitetab3.ac-reims.fr\/clg-nassau\/-wp-\/wp-json\/wp\/v2\/comments?post=1164"}],"version-history":[{"count":5,"href":"https:\/\/sitetab3.ac-reims.fr\/clg-nassau\/-wp-\/wp-json\/wp\/v2\/pages\/1164\/revisions"}],"predecessor-version":[{"id":3995,"href":"https:\/\/sitetab3.ac-reims.fr\/clg-nassau\/-wp-\/wp-json\/wp\/v2\/pages\/1164\/revisions\/3995"}],"wp:attachment":[{"href":"https:\/\/sitetab3.ac-reims.fr\/clg-nassau\/-wp-\/wp-json\/wp\/v2\/media?parent=1164"}],"curies":[{"name":"wp","href":"https:\/\/api.w.org\/{rel}","templated":true}]}}