{"id":1170,"date":"2021-11-29T14:55:23","date_gmt":"2021-11-29T13:55:23","guid":{"rendered":"http:\/\/sitetab3.ac-reims.fr\/clg-nassau\/-wp-\/?page_id=1170"},"modified":"2024-07-14T11:11:56","modified_gmt":"2024-07-14T09:11:56","slug":"matieres","status":"publish","type":"page","link":"https:\/\/sitetab3.ac-reims.fr\/clg-nassau\/-wp-\/matieres\/","title":{"rendered":"Mati\u00e8res"},"content":{"rendered":"\n<p><a href=\"http:\/\/sitetab3.ac-reims.fr\/clg-nassau\/-wp-\/wp-content\/uploads\/triangle_bleu.png\"><img loading=\"lazy\" decoding=\"async\" class=\"alignnone size-full wp-image-1129\" src=\"http:\/\/sitetab3.ac-reims.fr\/clg-nassau\/-wp-\/wp-content\/uploads\/triangle_bleu.png\" alt=\"\" width=\"10\" height=\"16\"><\/a>&nbsp;<a href=\"http:\/\/sitetab3.ac-reims.fr\/clg-nassau\/-wp-\/eps\/\"><strong>EPS<\/strong><\/a><\/p>\n\n\n\n<figure class=\"wp-block-image size-full\"><a href=\"http:\/\/sitetab3.ac-reims.fr\/clg-nassau\/-wp-\/eps\/\"><img loading=\"lazy\" decoding=\"async\" width=\"250\" height=\"80\" src=\"https:\/\/sitetab3.ac-reims.fr\/clg-nassau\/-wp-\/wp-content\/uploads\/log-eps.jpg\" alt=\"\" class=\"wp-image-2198\"\/><\/a><\/figure>\n\n\n\n<p><a href=\"http:\/\/sitetab3.ac-reims.fr\/clg-nassau\/-wp-\/wp-content\/uploads\/triangle_bleu.png\"><img loading=\"lazy\" decoding=\"async\" class=\"alignnone size-full wp-image-1129\" src=\"http:\/\/sitetab3.ac-reims.fr\/clg-nassau\/-wp-\/wp-content\/uploads\/triangle_bleu.png\" alt=\"\" width=\"10\" height=\"16\"><\/a>&nbsp;<a href=\"http:\/\/sitetab3.ac-reims.fr\/clg-nassau\/-wp-\/francais\/\"><strong>Fran\u00e7ais<\/strong><\/a><\/p>\n\n\n\n<figure class=\"wp-block-image size-full\"><a href=\"http:\/\/sitetab3.ac-reims.fr\/clg-nassau\/-wp-\/francais\/\"><img loading=\"lazy\" decoding=\"async\" width=\"250\" height=\"80\" src=\"https:\/\/sitetab3.ac-reims.fr\/clg-nassau\/-wp-\/wp-content\/uploads\/log-fran.jpg\" alt=\"\" class=\"wp-image-2199\"\/><\/a><\/figure>\n\n\n\n<p><a href=\"http:\/\/sitetab3.ac-reims.fr\/clg-nassau\/-wp-\/wp-content\/uploads\/triangle_bleu.png\"><img loading=\"lazy\" decoding=\"async\" width=\"10\" height=\"16\" class=\"alignnone size-full wp-image-1129\" src=\"http:\/\/sitetab3.ac-reims.fr\/clg-nassau\/-wp-\/wp-content\/uploads\/triangle_bleu.png\" alt=\"\"><\/a>&nbsp;<a href=\"http:\/\/sitetab3.ac-reims.fr\/clg-nassau\/-wp-\/mathematiques\/\"><strong>Math\u00e9matiques<\/strong><\/a><\/p>\n\n\n\n<figure class=\"wp-block-image size-full\"><a href=\"http:\/\/sitetab3.ac-reims.fr\/clg-nassau\/-wp-\/mathematiques\/\"><img loading=\"lazy\" decoding=\"async\" width=\"250\" height=\"80\" src=\"https:\/\/sitetab3.ac-reims.fr\/clg-nassau\/-wp-\/wp-content\/uploads\/2023-24-logo-maths.jpg\" alt=\"\" class=\"wp-image-4067\"\/><\/a><\/figure>\n\n\n\n<p><a href=\"http:\/\/sitetab3.ac-reims.fr\/clg-nassau\/-wp-\/wp-content\/uploads\/triangle_bleu.png\"><img loading=\"lazy\" decoding=\"async\" class=\"alignnone size-full wp-image-1129\" src=\"http:\/\/sitetab3.ac-reims.fr\/clg-nassau\/-wp-\/wp-content\/uploads\/triangle_bleu.png\" alt=\"\" width=\"10\" height=\"16\"><\/a> <a href=\"http:\/\/sitetab3.ac-reims.fr\/clg-nassau\/-wp-\/anglais\/\"><strong>Anglais<\/strong><\/a><\/p>\n\n\n\n<figure class=\"wp-block-image size-full\"><a href=\"http:\/\/sitetab3.ac-reims.fr\/clg-nassau\/-wp-\/anglais\/\"><img loading=\"lazy\" decoding=\"async\" width=\"250\" height=\"80\" src=\"https:\/\/sitetab3.ac-reims.fr\/clg-nassau\/-wp-\/wp-content\/uploads\/log-ang.jpg\" alt=\"\" class=\"wp-image-2203\"\/><\/a><\/figure>\n\n\n\n<p><a href=\"http:\/\/sitetab3.ac-reims.fr\/clg-nassau\/-wp-\/wp-content\/uploads\/triangle_bleu.png\"><img loading=\"lazy\" decoding=\"async\" class=\"alignnone size-full wp-image-1129\" src=\"http:\/\/sitetab3.ac-reims.fr\/clg-nassau\/-wp-\/wp-content\/uploads\/triangle_bleu.png\" alt=\"\" width=\"10\" height=\"16\"><\/a>&nbsp;<a href=\"http:\/\/sitetab3.ac-reims.fr\/clg-nassau\/-wp-\/allemand\/\"><strong>Allemand<\/strong><\/a><\/p>\n\n\n\n<figure class=\"wp-block-image size-full\"><a href=\"http:\/\/sitetab3.ac-reims.fr\/clg-nassau\/-wp-\/allemand\/\"><img loading=\"lazy\" decoding=\"async\" width=\"250\" height=\"80\" src=\"https:\/\/sitetab3.ac-reims.fr\/clg-nassau\/-wp-\/wp-content\/uploads\/log-all.jpg\" alt=\"\" class=\"wp-image-2204\"\/><\/a><\/figure>\n\n\n\n<p><a href=\"http:\/\/sitetab3.ac-reims.fr\/clg-nassau\/-wp-\/wp-content\/uploads\/triangle_bleu.png\"><img loading=\"lazy\" decoding=\"async\" class=\"alignnone size-full wp-image-1129\" src=\"http:\/\/sitetab3.ac-reims.fr\/clg-nassau\/-wp-\/wp-content\/uploads\/triangle_bleu.png\" alt=\"\" width=\"10\" height=\"16\"><\/a>&nbsp;<a href=\"http:\/\/sitetab3.ac-reims.fr\/clg-nassau\/-wp-\/assr\/\"><strong>Assr<\/strong><\/a><\/p>\n\n\n\n<figure class=\"wp-block-image size-full\"><a href=\"http:\/\/sitetab3.ac-reims.fr\/clg-nassau\/-wp-\/assr\/\"><img loading=\"lazy\" decoding=\"async\" width=\"250\" height=\"80\" src=\"https:\/\/sitetab3.ac-reims.fr\/clg-nassau\/-wp-\/wp-content\/uploads\/log-assr.jpg\" alt=\"\" class=\"wp-image-2205\"\/><\/a><\/figure>\n\n\n\n<p><\/p>\n\n\n\n<p><a href=\"http:\/\/sitetab3.ac-reims.fr\/clg-nassau\/-wp-\/wp-content\/uploads\/triangle_bleu.png\"><img loading=\"lazy\" decoding=\"async\" class=\"alignnone size-full wp-image-1129\" src=\"http:\/\/sitetab3.ac-reims.fr\/clg-nassau\/-wp-\/wp-content\/uploads\/triangle_bleu.png\" alt=\"\" width=\"10\" height=\"16\"><\/a>&nbsp;<a href=\"https:\/\/sitetab3.ac-reims.fr\/clg-nassau\/-wp-\/?page_id=1229&amp;preview=true\"><strong>Histoire-G\u00e9ographie<\/strong><\/a><\/p>\n\n\n\n<figure class=\"wp-block-image size-full\"><a href=\"https:\/\/sitetab3.ac-reims.fr\/clg-nassau\/-wp-\/?page_id=1229&amp;preview=true\"><img loading=\"lazy\" decoding=\"async\" width=\"250\" height=\"80\" src=\"https:\/\/sitetab3.ac-reims.fr\/clg-nassau\/-wp-\/wp-content\/uploads\/log-hg.jpg\" alt=\"\" class=\"wp-image-2207\"\/><\/a><\/figure>\n\n\n\n<p><a href=\"http:\/\/sitetab3.ac-reims.fr\/clg-nassau\/-wp-\/wp-content\/uploads\/triangle_bleu.png\"><\/a><\/p>\n\n\n\n<p><a href=\"http:\/\/sitetab3.ac-reims.fr\/clg-nassau\/-wp-\/wp-content\/uploads\/triangle_bleu.png\"><img loading=\"lazy\" decoding=\"async\" width=\"10\" height=\"16\" class=\"alignnone size-full wp-image-1129\" src=\"http:\/\/sitetab3.ac-reims.fr\/clg-nassau\/-wp-\/wp-content\/uploads\/triangle_bleu.png\" alt=\"\"><\/a>&nbsp;<a href=\"https:\/\/sitetab3.ac-reims.fr\/clg-nassau\/-wp-\/?page_id=1247&amp;preview=true\"><strong>Musique<\/strong><\/a><\/p>\n\n\n\n<figure class=\"wp-block-image size-full\"><a href=\"https:\/\/sitetab3.ac-reims.fr\/clg-nassau\/-wp-\/musique\/\"><img loading=\"lazy\" decoding=\"async\" width=\"250\" height=\"80\" src=\"https:\/\/sitetab3.ac-reims.fr\/clg-nassau\/-wp-\/wp-content\/uploads\/log-musique.jpg\" alt=\"\" class=\"wp-image-2211\"\/><\/a><\/figure>\n\n\n\n<p><\/p>\n","protected":false},"excerpt":{"rendered":"<p>&nbsp;EPS &nbsp;Fran\u00e7ais &nbsp;Math\u00e9matiques Anglais &nbsp;Allemand &nbsp;Assr &nbsp;Histoire-G\u00e9ographie &nbsp;Musique<\/p>\n","protected":false},"author":1,"featured_media":0,"parent":0,"menu_order":0,"comment_status":"closed","ping_status":"closed","template":"","meta":{"ngg_post_thumbnail":0,"footnotes":""},"_links":{"self":[{"href":"https:\/\/sitetab3.ac-reims.fr\/clg-nassau\/-wp-\/wp-json\/wp\/v2\/pages\/1170"}],"collection":[{"href":"https:\/\/sitetab3.ac-reims.fr\/clg-nassau\/-wp-\/wp-json\/wp\/v2\/pages"}],"about":[{"href":"https:\/\/sitetab3.ac-reims.fr\/clg-nassau\/-wp-\/wp-json\/wp\/v2\/types\/page"}],"author":[{"embeddable":true,"href":"https:\/\/sitetab3.ac-reims.fr\/clg-nassau\/-wp-\/wp-json\/wp\/v2\/users\/1"}],"replies":[{"embeddable":true,"href":"https:\/\/sitetab3.ac-reims.fr\/clg-nassau\/-wp-\/wp-json\/wp\/v2\/comments?post=1170"}],"version-history":[{"count":27,"href":"https:\/\/sitetab3.ac-reims.fr\/clg-nassau\/-wp-\/wp-json\/wp\/v2\/pages\/1170\/revisions"}],"predecessor-version":[{"id":4069,"href":"https:\/\/sitetab3.ac-reims.fr\/clg-nassau\/-wp-\/wp-json\/wp\/v2\/pages\/1170\/revisions\/4069"}],"wp:attachment":[{"href":"https:\/\/sitetab3.ac-reims.fr\/clg-nassau\/-wp-\/wp-json\/wp\/v2\/media?parent=1170"}],"curies":[{"name":"wp","href":"https:\/\/api.w.org\/{rel}","templated":true}]}}