{"id":1215,"date":"2021-11-29T15:33:58","date_gmt":"2021-11-29T14:33:58","guid":{"rendered":"http:\/\/sitetab3.ac-reims.fr\/clg-nassau\/-wp-\/?page_id=1215"},"modified":"2022-04-09T09:26:01","modified_gmt":"2022-04-09T07:26:01","slug":"assr","status":"publish","type":"page","link":"https:\/\/sitetab3.ac-reims.fr\/clg-nassau\/-wp-\/assr\/","title":{"rendered":"Assr"},"content":{"rendered":"<div id=\"imgactualites\">\n<style><\/style><div class=\"wplp_outside wplp_widget_1217\" style=\"max-width:100%;\"><div id=\"wplp_widget_1217\" class=\"wplp_widget_default wplp_container vertical swiper wplp-swiper default cols2\" data-theme=\"default\" data-post=\"1217\" style=\"\" data-max-elts=\"3\" data-per-page=\"10\"><div class=\"wplp_listposts swiper-wrapper\" id=\"default_1217\" style=\"width: 100%;\" ><div class=\"swiper-slide\" style=\"\"><div class=\"insideframe\"><div id=\"wplp_box_top_1217_171\" class=\"wpcu-front-box top equalHeightImg\" ><div class=\"wplp-box-item\"><a href=\"https:\/\/sitetab3.ac-reims.fr\/clg-nassau\/-wp-\/assr-72\/\"  class=\"thumbnail\"><span class=\"img_cropper\" style=\"margin-top:10px;margin-right:4px;margin-bottom:4px;max-width:100%;\"><img decoding=\"async\" src=\"https:\/\/sitetab3.ac-reims.fr\/clg-nassau\/-wp-\/wp-content\/uploads\/2023-24-logo-assr.jpg\" style=\"aspect-ratio:21\/9;\" srcset=\"\" alt=\"ASSR\" class=\"wplp_thumb\" \/><\/span><\/a><a href=\"https:\/\/sitetab3.ac-reims.fr\/clg-nassau\/-wp-\/assr-72\/\"  class=\"title\">ASSR<\/a><\/div><\/div><div id=\"wplp_box_left_1217_171\" class=\"wpcu-front-box left wpcu-custom-position\" ><div class=\"wplp-box-item\"><\/div><\/div><div id=\"wplp_box_right_1217_171\" class=\"wpcu-front-box right wpcu-custom-position\" ><div class=\"wplp-box-item\"><\/div><\/div><div id=\"wplp_box_bottom_1217_171\" class=\"wpcu-front-box bottom \" ><div class=\"wplp-box-item\"><span class=\"custom_fields\">\n<!-- WPLP Unknown field: Custom_Fields -->\n<\/span><\/div><\/div><\/div><\/div><div class=\"swiper-slide\" style=\"\"><div class=\"insideframe\"><div id=\"wplp_box_top_1217_3169\" class=\"wpcu-front-box top equalHeightImg\" ><div class=\"wplp-box-item\"><a href=\"https:\/\/sitetab3.ac-reims.fr\/clg-nassau\/-wp-\/les-risques-en-trottinette-electrique\/\"  class=\"thumbnail\"><span class=\"img_cropper\" style=\"margin-top:10px;margin-right:4px;margin-bottom:4px;max-width:100%;\"><img decoding=\"async\" src=\"https:\/\/sitetab3.ac-reims.fr\/clg-nassau\/-wp-\/wp-content\/uploads\/2023-24logo-tro.jpg\" style=\"aspect-ratio:21\/9;\" srcset=\"\" alt=\"Les risques en trottinette \u00e9lectrique\" class=\"wplp_thumb\" \/><\/span><\/a><a href=\"https:\/\/sitetab3.ac-reims.fr\/clg-nassau\/-wp-\/les-risques-en-trottinette-electrique\/\"  class=\"title\">Les risques en trottinette \u00e9lectrique<\/a><\/div><\/div><div id=\"wplp_box_left_1217_3169\" class=\"wpcu-front-box left wpcu-custom-position\" ><div class=\"wplp-box-item\"><\/div><\/div><div id=\"wplp_box_right_1217_3169\" class=\"wpcu-front-box right wpcu-custom-position\" ><div class=\"wplp-box-item\"><\/div><\/div><div id=\"wplp_box_bottom_1217_3169\" class=\"wpcu-front-box bottom \" ><div class=\"wplp-box-item\"><span class=\"custom_fields\">\n<!-- WPLP Unknown field: Custom_Fields -->\n<\/span><\/div><\/div><\/div><\/div><div class=\"swiper-slide\" style=\"\"><div class=\"insideframe\"><div id=\"wplp_box_top_1217_2123\" class=\"wpcu-front-box top equalHeightImg\" ><div class=\"wplp-box-item\"><a href=\"https:\/\/sitetab3.ac-reims.fr\/clg-nassau\/-wp-\/prevention-securite-routiere\/\"  class=\"thumbnail\"><span class=\"img_cropper\" style=\"margin-top:10px;margin-right:4px;margin-bottom:4px;max-width:100%;\"><img decoding=\"async\" src=\"https:\/\/sitetab3.ac-reims.fr\/clg-nassau\/-wp-\/wp-content\/uploads\/2023-24-logo-secu-rout.jpg\" style=\"aspect-ratio:21\/9;\" srcset=\"\" alt=\"Pr\u00e9vention s\u00e9curit\u00e9 routi\u00e8re\" class=\"wplp_thumb\" \/><\/span><\/a><a href=\"https:\/\/sitetab3.ac-reims.fr\/clg-nassau\/-wp-\/prevention-securite-routiere\/\"  class=\"title\">Pr\u00e9vention s\u00e9curit\u00e9 routi\u00e8re<\/a><\/div><\/div><div id=\"wplp_box_left_1217_2123\" class=\"wpcu-front-box left wpcu-custom-position\" ><div class=\"wplp-box-item\"><\/div><\/div><div id=\"wplp_box_right_1217_2123\" class=\"wpcu-front-box right wpcu-custom-position\" ><div class=\"wplp-box-item\"><\/div><\/div><div id=\"wplp_box_bottom_1217_2123\" class=\"wpcu-front-box bottom \" ><div class=\"wplp-box-item\"><span class=\"custom_fields\">\n<!-- WPLP Unknown field: Custom_Fields -->\n<\/span><\/div><\/div><\/div><\/div><\/div><div class=\"swiper-button-next\"><\/div><div class=\"swiper-button-prev\"><\/div><div class=\"swiper-pagination\"><\/div><\/div><\/div><\/p>\n<\/div>\n","protected":false},"excerpt":{"rendered":"","protected":false},"author":1,"featured_media":0,"parent":0,"menu_order":0,"comment_status":"closed","ping_status":"closed","template":"","meta":{"ngg_post_thumbnail":0,"footnotes":""},"_links":{"self":[{"href":"https:\/\/sitetab3.ac-reims.fr\/clg-nassau\/-wp-\/wp-json\/wp\/v2\/pages\/1215"}],"collection":[{"href":"https:\/\/sitetab3.ac-reims.fr\/clg-nassau\/-wp-\/wp-json\/wp\/v2\/pages"}],"about":[{"href":"https:\/\/sitetab3.ac-reims.fr\/clg-nassau\/-wp-\/wp-json\/wp\/v2\/types\/page"}],"author":[{"embeddable":true,"href":"https:\/\/sitetab3.ac-reims.fr\/clg-nassau\/-wp-\/wp-json\/wp\/v2\/users\/1"}],"replies":[{"embeddable":true,"href":"https:\/\/sitetab3.ac-reims.fr\/clg-nassau\/-wp-\/wp-json\/wp\/v2\/comments?post=1215"}],"version-history":[{"count":3,"href":"https:\/\/sitetab3.ac-reims.fr\/clg-nassau\/-wp-\/wp-json\/wp\/v2\/pages\/1215\/revisions"}],"predecessor-version":[{"id":1815,"href":"https:\/\/sitetab3.ac-reims.fr\/clg-nassau\/-wp-\/wp-json\/wp\/v2\/pages\/1215\/revisions\/1815"}],"wp:attachment":[{"href":"https:\/\/sitetab3.ac-reims.fr\/clg-nassau\/-wp-\/wp-json\/wp\/v2\/media?parent=1215"}],"curies":[{"name":"wp","href":"https:\/\/api.w.org\/{rel}","templated":true}]}}