{"id":1283,"date":"2021-11-30T15:49:06","date_gmt":"2021-11-30T14:49:06","guid":{"rendered":"http:\/\/sitetab3.ac-reims.fr\/clg-nassau\/-wp-\/?page_id=1283"},"modified":"2023-02-14T19:44:08","modified_gmt":"2023-02-14T18:44:08","slug":"cdi","status":"publish","type":"page","link":"https:\/\/sitetab3.ac-reims.fr\/clg-nassau\/-wp-\/cdi\/","title":{"rendered":"CDI"},"content":{"rendered":"<p style=\"text-align: center;\"><a href=\"http:\/\/sitetab3.ac-reims.fr\/clg-nassau\/-wp-\/wp-content\/uploads\/introcdi.jpg\"><img loading=\"lazy\" decoding=\"async\" class=\"size-full wp-image-1284 aligncenter\" src=\"http:\/\/sitetab3.ac-reims.fr\/clg-nassau\/-wp-\/wp-content\/uploads\/introcdi.jpg\" alt=\"\" width=\"250\" height=\"188\"><\/a><br \/>\n<span style=\"color: #0000ff;\"><span style=\"color: #ff0000;\">C<\/span>entre de <span style=\"color: #ff0000;\">D<\/span>ocumentation et d\u2019<span style=\"color: #ff0000;\">I<\/span>nformation<\/span><\/p>\n<p style=\"text-align: center;\">Le CDI met \u00e0 disposition des \u00e9l\u00e8ves, des parents et de la communaut\u00e9 \u00e9ducative un portail d\u2019information et de recherche documentaire \u00e0 l\u2019adresse suivante :<br \/>\n<strong><a href=\"http:\/\/0080046g.esidoc.fr\/\"><span style=\"color: #993300;\">http:\/\/0080046g.esidoc.fr\/<\/span><\/a><\/strong><\/p>\n<p>&nbsp;<\/p>\n<p>&nbsp;<\/p>\n<style><\/style><div class=\"wplp_outside wplp_widget_2523\" style=\"max-width:100%;\"><div id=\"wplp_widget_2523\" class=\"wplp_widget_default wplp_container vertical swiper wplp-swiper default cols2\" data-theme=\"default\" data-post=\"2523\" style=\"\" data-max-elts=\"12\" data-per-page=\"20\"><div class=\"wplp_listposts swiper-wrapper\" id=\"default_2523\" style=\"width: 100%;\" ><div class=\"swiper-slide\" style=\"\"><div class=\"insideframe\"><div id=\"wplp_box_top_2523_4305\" class=\"wpcu-front-box top equalHeightImg\" ><div class=\"wplp-box-item\"><a href=\"https:\/\/sitetab3.ac-reims.fr\/clg-nassau\/-wp-\/el-dia-de-los-muertos\/\"  class=\"thumbnail\"><span class=\"img_cropper\" style=\"margin-top:4px;margin-right:4px;margin-bottom:10px;max-width:100%;\"><img decoding=\"async\" src=\"https:\/\/sitetab3.ac-reims.fr\/clg-nassau\/-wp-\/wp-content\/uploads\/2024-25-log-espa.jpg\" style=\"aspect-ratio:21\/9;\" srcset=\"\" alt=\"El dia de los muertos\" class=\"wplp_thumb\" \/><\/span><\/a><a href=\"https:\/\/sitetab3.ac-reims.fr\/clg-nassau\/-wp-\/el-dia-de-los-muertos\/\"  class=\"title\">El dia de los muertos<\/a><\/div><\/div><div id=\"wplp_box_left_2523_4305\" class=\"wpcu-front-box left wpcu-custom-position\" ><div class=\"wplp-box-item\"><\/div><\/div><div id=\"wplp_box_right_2523_4305\" class=\"wpcu-front-box right wpcu-custom-position\" ><div class=\"wplp-box-item\"><\/div><\/div><div id=\"wplp_box_bottom_2523_4305\" class=\"wpcu-front-box bottom \" ><div class=\"wplp-box-item\"><span class=\"date\">5 novembre 2024<\/span><span class=\"custom_fields\">\n<!-- WPLP Unknown field: Custom_Fields -->\n<\/span><\/div><\/div><\/div><\/div><div class=\"swiper-slide\" style=\"\"><div class=\"insideframe\"><div id=\"wplp_box_top_2523_3387\" class=\"wpcu-front-box top equalHeightImg\" ><div class=\"wplp-box-item\"><a href=\"https:\/\/sitetab3.ac-reims.fr\/clg-nassau\/-wp-\/nuits-de-la-lecture-2\/\"  class=\"thumbnail\"><span class=\"img_cropper\" style=\"margin-top:4px;margin-right:4px;margin-bottom:10px;max-width:100%;\"><img decoding=\"async\" src=\"https:\/\/sitetab3.ac-reims.fr\/clg-nassau\/-wp-\/wp-content\/uploads\/2020_21_log_nuitlect.jpg\" style=\"aspect-ratio:21\/9;\" srcset=\"\" alt=\"Nuits de la lecture (2)\" class=\"wplp_thumb\" \/><\/span><\/a><a href=\"https:\/\/sitetab3.ac-reims.fr\/clg-nassau\/-wp-\/nuits-de-la-lecture-2\/\"  class=\"title\">Nuits de la lecture (2)<\/a><\/div><\/div><div id=\"wplp_box_left_2523_3387\" class=\"wpcu-front-box left wpcu-custom-position\" ><div class=\"wplp-box-item\"><\/div><\/div><div id=\"wplp_box_right_2523_3387\" class=\"wpcu-front-box right wpcu-custom-position\" ><div class=\"wplp-box-item\"><\/div><\/div><div id=\"wplp_box_bottom_2523_3387\" class=\"wpcu-front-box bottom \" ><div class=\"wplp-box-item\"><span class=\"date\">27 janvier 2024<\/span><span class=\"custom_fields\">\n<!-- WPLP Unknown field: Custom_Fields -->\n<\/span><\/div><\/div><\/div><\/div><div class=\"swiper-slide\" style=\"\"><div class=\"insideframe\"><div id=\"wplp_box_top_2523_3338\" class=\"wpcu-front-box top equalHeightImg\" ><div class=\"wplp-box-item\"><a href=\"https:\/\/sitetab3.ac-reims.fr\/clg-nassau\/-wp-\/nuit-de-la-lecture\/\"  class=\"thumbnail\"><span class=\"img_cropper\" style=\"margin-top:4px;margin-right:4px;margin-bottom:10px;max-width:100%;\"><img decoding=\"async\" src=\"https:\/\/sitetab3.ac-reims.fr\/clg-nassau\/-wp-\/wp-content\/uploads\/2020_2021_semaine_lecture_log_site-1.jpg\" style=\"aspect-ratio:21\/9;\" srcset=\"\" alt=\"Nuit de la lecture\" class=\"wplp_thumb\" \/><\/span><\/a><a href=\"https:\/\/sitetab3.ac-reims.fr\/clg-nassau\/-wp-\/nuit-de-la-lecture\/\"  class=\"title\">Nuit de la lecture<\/a><\/div><\/div><div id=\"wplp_box_left_2523_3338\" class=\"wpcu-front-box left wpcu-custom-position\" ><div class=\"wplp-box-item\"><\/div><\/div><div id=\"wplp_box_right_2523_3338\" class=\"wpcu-front-box right wpcu-custom-position\" ><div class=\"wplp-box-item\"><\/div><\/div><div id=\"wplp_box_bottom_2523_3338\" class=\"wpcu-front-box bottom \" ><div class=\"wplp-box-item\"><span class=\"date\">22 janvier 2024<\/span><span class=\"custom_fields\">\n<!-- WPLP Unknown field: Custom_Fields -->\n<\/span><\/div><\/div><\/div><\/div><div class=\"swiper-slide\" style=\"\"><div class=\"insideframe\"><div id=\"wplp_box_top_2523_2506\" class=\"wpcu-front-box top equalHeightImg\" ><div class=\"wplp-box-item\"><a href=\"https:\/\/sitetab3.ac-reims.fr\/clg-nassau\/-wp-\/semaine-de-legalite-filles-garcons\/\"  class=\"thumbnail\"><span class=\"img_cropper\" style=\"margin-top:4px;margin-right:4px;margin-bottom:10px;max-width:100%;\"><img decoding=\"async\" src=\"https:\/\/sitetab3.ac-reims.fr\/clg-nassau\/-wp-\/wp-content\/uploads\/2023-logo-egalite.jpg\" style=\"aspect-ratio:21\/9;\" srcset=\"\" alt=\"Semaine de l&rsquo;\u00e9galit\u00e9 filles &#8211; gar\u00e7ons\" class=\"wplp_thumb\" \/><\/span><\/a><a href=\"https:\/\/sitetab3.ac-reims.fr\/clg-nassau\/-wp-\/semaine-de-legalite-filles-garcons\/\"  class=\"title\">Semaine de l&rsquo;\u00e9galit\u00e9 filles &#8211; gar\u00e7ons<\/a><\/div><\/div><div id=\"wplp_box_left_2523_2506\" class=\"wpcu-front-box left wpcu-custom-position\" ><div class=\"wplp-box-item\"><\/div><\/div><div id=\"wplp_box_right_2523_2506\" class=\"wpcu-front-box right wpcu-custom-position\" ><div class=\"wplp-box-item\"><\/div><\/div><div id=\"wplp_box_bottom_2523_2506\" class=\"wpcu-front-box bottom \" ><div class=\"wplp-box-item\"><span class=\"date\">14 f\u00e9vrier 2023<\/span><span class=\"custom_fields\">\n<!-- WPLP Unknown field: Custom_Fields -->\n<\/span><\/div><\/div><\/div><\/div><div class=\"swiper-slide\" style=\"\"><div class=\"insideframe\"><div id=\"wplp_box_top_2523_2454\" class=\"wpcu-front-box top equalHeightImg\" ><div class=\"wplp-box-item\"><a href=\"https:\/\/sitetab3.ac-reims.fr\/clg-nassau\/-wp-\/nuits-de-la-lecture-2023\/\"  class=\"thumbnail\"><span class=\"img_cropper\" style=\"margin-top:4px;margin-right:4px;margin-bottom:10px;max-width:100%;\"><img decoding=\"async\" src=\"https:\/\/sitetab3.ac-reims.fr\/clg-nassau\/-wp-\/wp-content\/uploads\/2023-24-logo-nuit-lecture.jpg\" style=\"aspect-ratio:21\/9;\" srcset=\"\" alt=\"Nuits de la lecture 2023\" class=\"wplp_thumb\" \/><\/span><\/a><a href=\"https:\/\/sitetab3.ac-reims.fr\/clg-nassau\/-wp-\/nuits-de-la-lecture-2023\/\"  class=\"title\">Nuits de la lecture 2023<\/a><\/div><\/div><div id=\"wplp_box_left_2523_2454\" class=\"wpcu-front-box left wpcu-custom-position\" ><div class=\"wplp-box-item\"><\/div><\/div><div id=\"wplp_box_right_2523_2454\" class=\"wpcu-front-box right wpcu-custom-position\" ><div class=\"wplp-box-item\"><\/div><\/div><div id=\"wplp_box_bottom_2523_2454\" class=\"wpcu-front-box bottom \" ><div class=\"wplp-box-item\"><span class=\"date\">27 janvier 2023<\/span><span class=\"custom_fields\">\n<!-- WPLP Unknown field: Custom_Fields -->\n<\/span><\/div><\/div><\/div><\/div><div class=\"swiper-slide\" style=\"\"><div class=\"insideframe\"><div id=\"wplp_box_top_2523_2459\" class=\"wpcu-front-box top equalHeightImg\" ><div class=\"wplp-box-item\"><a href=\"https:\/\/sitetab3.ac-reims.fr\/clg-nassau\/-wp-\/article-de-presse\/\"  class=\"thumbnail\"><span class=\"img_cropper\" style=\"margin-top:4px;margin-right:4px;margin-bottom:10px;max-width:100%;\"><img decoding=\"async\" src=\"https:\/\/sitetab3.ac-reims.fr\/clg-nassau\/-wp-\/wp-content\/uploads\/2023-24-log-lecture.jpg\" style=\"aspect-ratio:21\/9;\" srcset=\"\" alt=\"Article de presse\" class=\"wplp_thumb\" \/><\/span><\/a><a href=\"https:\/\/sitetab3.ac-reims.fr\/clg-nassau\/-wp-\/article-de-presse\/\"  class=\"title\">Article de presse<\/a><\/div><\/div><div id=\"wplp_box_left_2523_2459\" class=\"wpcu-front-box left wpcu-custom-position\" ><div class=\"wplp-box-item\"><\/div><\/div><div id=\"wplp_box_right_2523_2459\" class=\"wpcu-front-box right wpcu-custom-position\" ><div class=\"wplp-box-item\"><\/div><\/div><div id=\"wplp_box_bottom_2523_2459\" class=\"wpcu-front-box bottom \" ><div class=\"wplp-box-item\"><span class=\"date\">26 janvier 2023<\/span><span class=\"custom_fields\">\n<!-- WPLP Unknown field: Custom_Fields -->\n<\/span><\/div><\/div><\/div><\/div><div class=\"swiper-slide\" style=\"\"><div class=\"insideframe\"><div id=\"wplp_box_top_2523_1555\" class=\"wpcu-front-box top equalHeightImg\" ><div class=\"wplp-box-item\"><a href=\"https:\/\/sitetab3.ac-reims.fr\/clg-nassau\/-wp-\/cartes-de-voeux\/\"  class=\"thumbnail\"><span class=\"img_cropper\" style=\"margin-top:4px;margin-right:4px;margin-bottom:10px;max-width:100%;\"><img decoding=\"async\" src=\"https:\/\/sitetab3.ac-reims.fr\/clg-nassau\/-wp-\/wp-content\/uploads\/2021-22-cartes2.jpg\" style=\"aspect-ratio:21\/9;\" srcset=\"\" alt=\"Cartes de voeux\" class=\"wplp_thumb\" \/><\/span><\/a><a href=\"https:\/\/sitetab3.ac-reims.fr\/clg-nassau\/-wp-\/cartes-de-voeux\/\"  class=\"title\">Cartes de voeux<\/a><\/div><\/div><div id=\"wplp_box_left_2523_1555\" class=\"wpcu-front-box left wpcu-custom-position\" ><div class=\"wplp-box-item\"><\/div><\/div><div id=\"wplp_box_right_2523_1555\" class=\"wpcu-front-box right wpcu-custom-position\" ><div class=\"wplp-box-item\"><\/div><\/div><div id=\"wplp_box_bottom_2523_1555\" class=\"wpcu-front-box bottom \" ><div class=\"wplp-box-item\"><span class=\"date\">26 janvier 2022<\/span><span class=\"custom_fields\">\n<!-- WPLP Unknown field: Custom_Fields -->\n<\/span><\/div><\/div><\/div><\/div><div class=\"swiper-slide\" style=\"\"><div class=\"insideframe\"><div id=\"wplp_box_top_2523_1278\" class=\"wpcu-front-box top equalHeightImg\" ><div class=\"wplp-box-item\"><a href=\"https:\/\/sitetab3.ac-reims.fr\/clg-nassau\/-wp-\/harcelement\/\"  class=\"thumbnail\"><span class=\"img_cropper\" style=\"margin-top:4px;margin-right:4px;margin-bottom:10px;max-width:100%;\"><img decoding=\"async\" src=\"https:\/\/sitetab3.ac-reims.fr\/clg-nassau\/-wp-\/wp-content\/uploads\/2021_22_log_har.jpg\" style=\"aspect-ratio:21\/9;\" srcset=\"\" alt=\"Harc\u00e8lement\" class=\"wplp_thumb\" \/><\/span><\/a><a href=\"https:\/\/sitetab3.ac-reims.fr\/clg-nassau\/-wp-\/harcelement\/\"  class=\"title\">Harc\u00e8lement<\/a><\/div><\/div><div id=\"wplp_box_left_2523_1278\" class=\"wpcu-front-box left wpcu-custom-position\" ><div class=\"wplp-box-item\"><\/div><\/div><div id=\"wplp_box_right_2523_1278\" class=\"wpcu-front-box right wpcu-custom-position\" ><div class=\"wplp-box-item\"><\/div><\/div><div id=\"wplp_box_bottom_2523_1278\" class=\"wpcu-front-box bottom \" ><div class=\"wplp-box-item\"><span class=\"date\">30 novembre 2021<\/span><span class=\"custom_fields\">\n<!-- WPLP Unknown field: Custom_Fields -->\n<\/span><\/div><\/div><\/div><\/div><div class=\"swiper-slide\" style=\"\"><div class=\"insideframe\"><div id=\"wplp_box_top_2523_973\" class=\"wpcu-front-box top equalHeightImg\" ><div class=\"wplp-box-item\"><a href=\"https:\/\/sitetab3.ac-reims.fr\/clg-nassau\/-wp-\/la-semaine-des-mathematiques-15-au\/\"  class=\"thumbnail\"><span class=\"img_cropper\" style=\"margin-top:4px;margin-right:4px;margin-bottom:10px;max-width:100%;\"><img decoding=\"async\" src=\"https:\/\/sitetab3.ac-reims.fr\/clg-nassau\/-wp-\/wp-content\/uploads\/logmat-1.jpg\" style=\"aspect-ratio:21\/9;\" srcset=\"\" alt=\"La semaine des math\u00e9matiques (15 au 19 mars)\" class=\"wplp_thumb\" \/><\/span><\/a><a href=\"https:\/\/sitetab3.ac-reims.fr\/clg-nassau\/-wp-\/la-semaine-des-mathematiques-15-au\/\"  class=\"title\">La semaine des math\u00e9matiques (15 au 19 mars)<\/a><\/div><\/div><div id=\"wplp_box_left_2523_973\" class=\"wpcu-front-box left wpcu-custom-position\" ><div class=\"wplp-box-item\"><\/div><\/div><div id=\"wplp_box_right_2523_973\" class=\"wpcu-front-box right wpcu-custom-position\" ><div class=\"wplp-box-item\"><\/div><\/div><div id=\"wplp_box_bottom_2523_973\" class=\"wpcu-front-box bottom \" ><div class=\"wplp-box-item\"><span class=\"date\">14 mars 2021<\/span><span class=\"custom_fields\">\n<!-- WPLP Unknown field: Custom_Fields -->\n<\/span><\/div><\/div><\/div><\/div><div class=\"swiper-slide\" style=\"\"><div class=\"insideframe\"><div id=\"wplp_box_top_2523_964\" class=\"wpcu-front-box top equalHeightImg\" ><div class=\"wplp-box-item\"><a href=\"https:\/\/sitetab3.ac-reims.fr\/clg-nassau\/-wp-\/la-nuit-de-la-lecture-suite\/\"  class=\"thumbnail\"><span class=\"img_cropper\" style=\"margin-top:4px;margin-right:4px;margin-bottom:10px;max-width:100%;\"><img decoding=\"async\" src=\"https:\/\/sitetab3.ac-reims.fr\/clg-nassau\/-wp-\/wp-content\/uploads\/2020_2021_semaine_lecture_log_site-1.jpg\" style=\"aspect-ratio:21\/9;\" srcset=\"\" alt=\"La nuit de la lecture (suite)\" class=\"wplp_thumb\" \/><\/span><\/a><a href=\"https:\/\/sitetab3.ac-reims.fr\/clg-nassau\/-wp-\/la-nuit-de-la-lecture-suite\/\"  class=\"title\">La nuit de la lecture (suite)<\/a><\/div><\/div><div id=\"wplp_box_left_2523_964\" class=\"wpcu-front-box left wpcu-custom-position\" ><div class=\"wplp-box-item\"><\/div><\/div><div id=\"wplp_box_right_2523_964\" class=\"wpcu-front-box right wpcu-custom-position\" ><div class=\"wplp-box-item\"><\/div><\/div><div id=\"wplp_box_bottom_2523_964\" class=\"wpcu-front-box bottom \" ><div class=\"wplp-box-item\"><span class=\"date\">18 f\u00e9vrier 2021<\/span><span class=\"custom_fields\">\n<!-- WPLP Unknown field: Custom_Fields -->\n<\/span><\/div><\/div><\/div><\/div><div class=\"swiper-slide\" style=\"\"><div class=\"insideframe\"><div id=\"wplp_box_top_2523_900\" class=\"wpcu-front-box top equalHeightImg\" ><div class=\"wplp-box-item\"><a href=\"https:\/\/sitetab3.ac-reims.fr\/clg-nassau\/-wp-\/la-nuit-de-la-lecture\/\"  class=\"thumbnail\"><span class=\"img_cropper\" style=\"margin-top:4px;margin-right:4px;margin-bottom:10px;max-width:100%;\"><img decoding=\"async\" src=\"https:\/\/sitetab3.ac-reims.fr\/clg-nassau\/-wp-\/wp-content\/uploads\/2020_2021_semaine_lecture_log_site.jpg\" style=\"aspect-ratio:21\/9;\" srcset=\"\" alt=\"La nuit de la lecture\" class=\"wplp_thumb\" \/><\/span><\/a><a href=\"https:\/\/sitetab3.ac-reims.fr\/clg-nassau\/-wp-\/la-nuit-de-la-lecture\/\"  class=\"title\">La nuit de la lecture<\/a><\/div><\/div><div id=\"wplp_box_left_2523_900\" class=\"wpcu-front-box left wpcu-custom-position\" ><div class=\"wplp-box-item\"><\/div><\/div><div id=\"wplp_box_right_2523_900\" class=\"wpcu-front-box right wpcu-custom-position\" ><div class=\"wplp-box-item\"><\/div><\/div><div id=\"wplp_box_bottom_2523_900\" class=\"wpcu-front-box bottom \" ><div class=\"wplp-box-item\"><span class=\"date\">22 janvier 2021<\/span><span class=\"custom_fields\">\n<!-- WPLP Unknown field: Custom_Fields -->\n<\/span><\/div><\/div><\/div><\/div><div class=\"swiper-slide\" style=\"\"><div class=\"insideframe\"><div id=\"wplp_box_top_2523_891\" class=\"wpcu-front-box top equalHeightImg\" ><div class=\"wplp-box-item\"><a href=\"https:\/\/sitetab3.ac-reims.fr\/clg-nassau\/-wp-\/hommage-a-samuel-paty\/\"  class=\"thumbnail\"><span class=\"img_cropper\" style=\"margin-top:4px;margin-right:4px;margin-bottom:10px;max-width:100%;\"><img decoding=\"async\" src=\"https:\/\/sitetab3.ac-reims.fr\/clg-nassau\/-wp-\/wp-content\/uploads\/2020_2021_log_murexp-1.jpg\" style=\"aspect-ratio:21\/9;\" srcset=\"\" alt=\"Hommage \u00e0 Samuel Paty\" class=\"wplp_thumb\" \/><\/span><\/a><a href=\"https:\/\/sitetab3.ac-reims.fr\/clg-nassau\/-wp-\/hommage-a-samuel-paty\/\"  class=\"title\">Hommage \u00e0 Samuel Paty<\/a><\/div><\/div><div id=\"wplp_box_left_2523_891\" class=\"wpcu-front-box left wpcu-custom-position\" ><div class=\"wplp-box-item\"><\/div><\/div><div id=\"wplp_box_right_2523_891\" class=\"wpcu-front-box right wpcu-custom-position\" ><div class=\"wplp-box-item\"><\/div><\/div><div id=\"wplp_box_bottom_2523_891\" class=\"wpcu-front-box bottom \" ><div class=\"wplp-box-item\"><span class=\"date\">25 novembre 2020<\/span><span class=\"custom_fields\">\n<!-- WPLP Unknown field: Custom_Fields -->\n<\/span><\/div><\/div><\/div><\/div><\/div><div class=\"swiper-button-next\"><\/div><div class=\"swiper-button-prev\"><\/div><div class=\"swiper-pagination\"><\/div><\/div><\/div>\n","protected":false},"excerpt":{"rendered":"<p>Centre de Documentation et d\u2019Information Le CDI met \u00e0 disposition des \u00e9l\u00e8ves, des parents et de la communaut\u00e9 \u00e9ducative un portail d\u2019information et de recherche documentaire \u00e0 l\u2019adresse suivante : http:\/\/0080046g.esidoc.fr\/ &nbsp; &nbsp;<\/p>\n","protected":false},"author":1,"featured_media":0,"parent":0,"menu_order":0,"comment_status":"closed","ping_status":"closed","template":"","meta":{"ngg_post_thumbnail":0,"footnotes":""},"_links":{"self":[{"href":"https:\/\/sitetab3.ac-reims.fr\/clg-nassau\/-wp-\/wp-json\/wp\/v2\/pages\/1283"}],"collection":[{"href":"https:\/\/sitetab3.ac-reims.fr\/clg-nassau\/-wp-\/wp-json\/wp\/v2\/pages"}],"about":[{"href":"https:\/\/sitetab3.ac-reims.fr\/clg-nassau\/-wp-\/wp-json\/wp\/v2\/types\/page"}],"author":[{"embeddable":true,"href":"https:\/\/sitetab3.ac-reims.fr\/clg-nassau\/-wp-\/wp-json\/wp\/v2\/users\/1"}],"replies":[{"embeddable":true,"href":"https:\/\/sitetab3.ac-reims.fr\/clg-nassau\/-wp-\/wp-json\/wp\/v2\/comments?post=1283"}],"version-history":[{"count":10,"href":"https:\/\/sitetab3.ac-reims.fr\/clg-nassau\/-wp-\/wp-json\/wp\/v2\/pages\/1283\/revisions"}],"predecessor-version":[{"id":2537,"href":"https:\/\/sitetab3.ac-reims.fr\/clg-nassau\/-wp-\/wp-json\/wp\/v2\/pages\/1283\/revisions\/2537"}],"wp:attachment":[{"href":"https:\/\/sitetab3.ac-reims.fr\/clg-nassau\/-wp-\/wp-json\/wp\/v2\/media?parent=1283"}],"curies":[{"name":"wp","href":"https:\/\/api.w.org\/{rel}","templated":true}]}}