{"id":295,"date":"2021-05-22T19:28:50","date_gmt":"2021-05-22T17:28:50","guid":{"rendered":"http:\/\/sitetab3.ac-reims.fr\/ec-hannogne-st-remy\/-wp-\/?page_id=295"},"modified":"2025-07-03T15:51:16","modified_gmt":"2025-07-03T13:51:16","slug":"liste-des-fournitures-scolaires-2023-2024","status":"publish","type":"page","link":"https:\/\/sitetab3.ac-reims.fr\/ec-hannogne-st-remy\/-wp-\/liste-des-fournitures-scolaires-2023-2024\/","title":{"rendered":"Liste des fournitures scolaires 2025-2026"},"content":{"rendered":"\n<figure class=\"wp-block-table\"><table><tbody><tr><td class=\"has-text-align-center\" data-align=\"center\">Liste de mat\u00e9riel CM1-CM2<\/td><\/tr><\/tbody><\/table><\/figure>\n\n\n\n<ul>\n<li>1 trousse compl\u00e8te comprenant&nbsp;:<\/li>\n\n\n\n<li>2 crayons <strong>HB<\/strong> ou un porte-mine avec recharge de mines<\/li>\n\n\n\n<li>1 gomme blanche<\/li>\n\n\n\n<li>2 stylos \u00e0 bille bleus, 1 vert, 1 rouge, 1 noir (pointe fine, <strong>pas de stylo 4 couleurs, pas de stylo \u00e0 encre gel ou gommable<\/strong>)<\/li>\n\n\n\n<li>de fa\u00e7on facultative, si votre enfant est \u00e0 l\u2019aise avec et que l\u2019\u00e9criture est fine et propre, un stylo plume avec effaceur<\/li>\n\n\n\n<li>1 taille-crayon de qualit\u00e9<\/li>\n\n\n\n<li>1 paire de ciseaux \u00e0 bouts ronds<\/li>\n\n\n\n<li>1 b\u00e2ton de colle de bonne qualit\u00e9 (\u00e0 renouveler)<\/li>\n\n\n\n<li>1 feutre d&rsquo;ardoise et un chiffon (\u00e0 renouveler)<\/li>\n\n\n\n<li>1 surligneur jaune<\/li>\n\n\n\n<li><strong>une r\u00e9serve personnelle de mat\u00e9riel&nbsp;:<\/strong> trousse ou sachet contenant 1 stylo de chaque couleur, 2 crayons HB, 1 gomme, 2 b\u00e2tons de colle, 2 feutres \u00e0 ardoise. Cette r\u00e9serve restera dans le sac de votre enfant ou dans la classe s\u2019il le d\u00e9sire. Elle sera \u00e0 v\u00e9rifier r\u00e9guli\u00e8rement et \u00e0 compl\u00e9ter au besoin.<\/li>\n\n\n\n<li>1 ardoise blanche<\/li>\n\n\n\n<li>1 pochette de crayons de couleur<\/li>\n\n\n\n<li>1 pochette de feutres<\/li>\n\n\n\n<li>1 chemise \u00e0 \u00e9lastiques 24 x 32<\/li>\n\n\n\n<li>1 r\u00e8gle plate de 30cm (\u00e9viter les r\u00e8gles souples)<\/li>\n\n\n\n<li>1 \u00e9querre<\/li>\n\n\n\n<li>1 compas (simple)<\/li>\n\n\n\n<li>1 calculatrice simple<\/li>\n\n\n\n<li>3 cahiers de brouillon (pour l\u2019ann\u00e9e)<\/li>\n\n\n\n<li>1 agenda <strong>(pas de cahier de texte)<\/strong> <\/li>\n\n\n\n<li><strong>Pour permettre \u00e0 votre enfant de travailler dans de bonnes conditions, merci de bien vouloir :<\/strong> <strong>&#8211; \u00e9tiqueter son mat\u00e9riel \u00e0 son nom<\/strong> <strong>&#8211; v\u00e9rifier r\u00e9guli\u00e8rement le bon \u00e9tat et la pr\u00e9sence de tout son mat\u00e9riel<\/strong> <strong>&#8211; lui fournir un paquet de mouchoirs (\u00e0 renouveler) et une gourde ou une bouteille d\u2019eau.<\/strong><\/li>\n<\/ul>\n\n\n\n<p><span class=\"has-inline-color has-vivid-red-color\">Merci de trouver la liste t\u00e9l\u00e9chargeable ici : <\/span><\/p>\n\n\n\n<div class=\"wp-block-file\"><a id=\"wp-block-file--media-a1e36888-c6bb-46ea-aeb8-b39c5907bb47\" href=\"https:\/\/sitetab3.ac-reims.fr\/ec-hannogne-st-remy\/-wp-\/wp-content\/uploads\/liste_materiel_CM_rentree-2025.odt\">liste_materiel_CM_rentree-2025<\/a><a href=\"https:\/\/sitetab3.ac-reims.fr\/ec-hannogne-st-remy\/-wp-\/wp-content\/uploads\/liste_materiel_CM_rentree-2025.odt\" class=\"wp-block-file__button wp-element-button\" download aria-describedby=\"wp-block-file--media-a1e36888-c6bb-46ea-aeb8-b39c5907bb47\">T\u00e9l\u00e9charger<\/a><\/div>\n","protected":false},"excerpt":{"rendered":"<p>Liste de mat\u00e9riel CM1-CM2 Merci de trouver la liste t\u00e9l\u00e9chargeable ici :<\/p>\n","protected":false},"author":1,"featured_media":0,"parent":0,"menu_order":0,"comment_status":"closed","ping_status":"closed","template":"","meta":{"ngg_post_thumbnail":0,"footnotes":""},"_links":{"self":[{"href":"https:\/\/sitetab3.ac-reims.fr\/ec-hannogne-st-remy\/-wp-\/wp-json\/wp\/v2\/pages\/295"}],"collection":[{"href":"https:\/\/sitetab3.ac-reims.fr\/ec-hannogne-st-remy\/-wp-\/wp-json\/wp\/v2\/pages"}],"about":[{"href":"https:\/\/sitetab3.ac-reims.fr\/ec-hannogne-st-remy\/-wp-\/wp-json\/wp\/v2\/types\/page"}],"author":[{"embeddable":true,"href":"https:\/\/sitetab3.ac-reims.fr\/ec-hannogne-st-remy\/-wp-\/wp-json\/wp\/v2\/users\/1"}],"replies":[{"embeddable":true,"href":"https:\/\/sitetab3.ac-reims.fr\/ec-hannogne-st-remy\/-wp-\/wp-json\/wp\/v2\/comments?post=295"}],"version-history":[{"count":17,"href":"https:\/\/sitetab3.ac-reims.fr\/ec-hannogne-st-remy\/-wp-\/wp-json\/wp\/v2\/pages\/295\/revisions"}],"predecessor-version":[{"id":6366,"href":"https:\/\/sitetab3.ac-reims.fr\/ec-hannogne-st-remy\/-wp-\/wp-json\/wp\/v2\/pages\/295\/revisions\/6366"}],"wp:attachment":[{"href":"https:\/\/sitetab3.ac-reims.fr\/ec-hannogne-st-remy\/-wp-\/wp-json\/wp\/v2\/media?parent=295"}],"curies":[{"name":"wp","href":"https:\/\/api.w.org\/{rel}","templated":true}]}}