{"id":317,"date":"2021-05-22T19:38:07","date_gmt":"2021-05-22T17:38:07","guid":{"rendered":"http:\/\/sitetab3.ac-reims.fr\/ec-hannogne-st-remy\/-wp-\/?page_id=317"},"modified":"2025-08-31T01:38:24","modified_gmt":"2025-08-30T23:38:24","slug":"liste-des-fournitures-scolaires-rentree-2021","status":"publish","type":"page","link":"https:\/\/sitetab3.ac-reims.fr\/ec-hannogne-st-remy\/-wp-\/liste-des-fournitures-scolaires-rentree-2021\/","title":{"rendered":"Liste des fournitures scolaires rentr\u00e9e 2025"},"content":{"rendered":"\n<p>Pour les \u00e9l\u00e8ves de PS \u2013 MS et GS<\/p>\n\n\n\n<p>-Pr\u00e9voir un sac pour pouvoir y placer le go\u00fbter de l\u2019apr\u00e8s -midi (pris \u00e0 16h00) ainsi que le cahier de liaison. Au cours de la matin\u00e9e, les \u00e9l\u00e8ves ont \u00e9galement la possibilit\u00e9 de boire (en cas de forte chaleur, cela est r\u00e9p\u00e9t\u00e9 au cours de la journ\u00e9e).<\/p>\n\n\n\n<p>Pour le go\u00fbter, nous vous demandons d\u2019\u00eatre vigilants sur la portion que vous donnez \u00e0 votre enfant (de pas multiplier les parts) et de privil\u00e9gier les fruits et les compotes. L\u2019\u00e9l\u00e8ve doit avoir une gourde ou une petite bouteille avec de l\u2019eau uniquement (pas de sirop ou de soda). <strong>Merci de v\u00e9rifier quotidiennement l\u2019\u00e9tat de la gourde.<\/strong><\/p>\n\n\n\n<p>-Pr\u00e9voir \u00e9galement un petit sac avec des affaires de change en cas de n\u00e9cessit\u00e9 : plusieurs slips, tee-shirt, pantalon et chaussettes. Y mettre \u00e9galement une boite de mouchoirs. Ce sac restera \u00e0 l\u2019\u00e9cole.<\/p>\n\n\n\n<p>\u2013<strong>des chaussures de sport<\/strong> qui tiennent correctement aux pieds car elles seront mises lors des activit\u00e9s de motricit\u00e9 (pas de chaussons car ce n\u2019est pas pratique en sport). Attention les chaussures de sport (en remplacement des chaussons) resteront \u00e0 l\u2019\u00e9cole, merci.<\/p>\n\n\n\n<p>Merci de pr\u00e9voir \u00e9galement <strong><em>une blouse ou tablier de travail en tissu<\/em> que<\/strong> l\u2019enfant gardera \u00e0 l\u2019\u00e9cole du lundi au vendredi (nettoyage de la blouse \u00e0 la maison)<\/p>\n\n\n\n<p>-Afin de permettre un bon endormissement pour les \u00e9l\u00e8ves de PS, le \u201cdoudou\u201d est accept\u00e9 <strong>mais il devra rester \u00e0 l\u2019\u00e9cole.<\/strong> Il sera lav\u00e9 r\u00e9guli\u00e8rement \u00e0 l\u2019\u00e9cole. Les t\u00e9tines ne sont pas accept\u00e9es \u00e0 l\u2019\u00e9cole.<\/p>\n\n\n\n<p><strong>Il est tr\u00e8s important d\u2019\u00e9tiqueter toutes les affaires de votre enfant : sac, gourde, chaussures de sport, v\u00eatements.<\/strong><\/p>\n\n\n\n<p><strong><em>Pour la rentr\u00e9e de septembre 2025, nous ne demanderons pas de mat\u00e9riel sp\u00e9cifique pour les \u00e9l\u00e8ves de&nbsp;grande section, tout le mat\u00e9riel sera fourni par l\u2019\u00e9cole.<\/em><\/strong><\/p>\n\n\n\n<p>Vous pouvez d\u00e8s \u00e0 pr\u00e9sent envoyer \u00e0 l&rsquo;\u00e9cole par mail ( <a href=\"mailto:ce.0080528f@ac-reims.fr\">ce.0080532K@ac-reims.fr<\/a> ) ou par l&rsquo;interm\u00e9diaire du cahier de liaison les attestations d&rsquo;assurance pour l&rsquo;ann\u00e9e scolaire 2025-2026 comprenant les deux garanties : responsabilit\u00e9 civile et individuelle accident (merci de v\u00e9rifier la p\u00e9riode de validit\u00e9 ainsi que la mention des deux garanties).<\/p>\n\n\n\n<p>Rappel : Vous devez contacter la directrice de l\u2019\u00e9cole par t\u00e9l\u00e9phone (le jeudi toute la journ\u00e9e de 9h00 \u00e0 18h00) afin de programmer un rendez-vous pour finaliser l\u2019inscription : t\u00e9l 03 24 68 52 <a href=\"mailto:ce.0080528f@ac-reims.fr\">ce.0080532K@ac-reims.fr<\/a><\/p>\n\n\n","protected":false},"excerpt":{"rendered":"<p>Pour les \u00e9l\u00e8ves de PS \u2013 MS et GS -Pr\u00e9voir un sac pour pouvoir y placer le go\u00fbter de l\u2019apr\u00e8s -midi (pris \u00e0 16h00) ainsi que le cahier de liaison. Au cours de la matin\u00e9e, les \u00e9l\u00e8ves ont \u00e9galement la possibilit\u00e9 de boire (en cas de forte chaleur, cela est r\u00e9p\u00e9t\u00e9 au cours de la [&hellip;]<\/p>\n","protected":false},"author":1,"featured_media":0,"parent":0,"menu_order":0,"comment_status":"closed","ping_status":"closed","template":"","meta":{"ngg_post_thumbnail":0,"footnotes":""},"_links":{"self":[{"href":"https:\/\/sitetab3.ac-reims.fr\/ec-hannogne-st-remy\/-wp-\/wp-json\/wp\/v2\/pages\/317"}],"collection":[{"href":"https:\/\/sitetab3.ac-reims.fr\/ec-hannogne-st-remy\/-wp-\/wp-json\/wp\/v2\/pages"}],"about":[{"href":"https:\/\/sitetab3.ac-reims.fr\/ec-hannogne-st-remy\/-wp-\/wp-json\/wp\/v2\/types\/page"}],"author":[{"embeddable":true,"href":"https:\/\/sitetab3.ac-reims.fr\/ec-hannogne-st-remy\/-wp-\/wp-json\/wp\/v2\/users\/1"}],"replies":[{"embeddable":true,"href":"https:\/\/sitetab3.ac-reims.fr\/ec-hannogne-st-remy\/-wp-\/wp-json\/wp\/v2\/comments?post=317"}],"version-history":[{"count":20,"href":"https:\/\/sitetab3.ac-reims.fr\/ec-hannogne-st-remy\/-wp-\/wp-json\/wp\/v2\/pages\/317\/revisions"}],"predecessor-version":[{"id":6945,"href":"https:\/\/sitetab3.ac-reims.fr\/ec-hannogne-st-remy\/-wp-\/wp-json\/wp\/v2\/pages\/317\/revisions\/6945"}],"wp:attachment":[{"href":"https:\/\/sitetab3.ac-reims.fr\/ec-hannogne-st-remy\/-wp-\/wp-json\/wp\/v2\/media?parent=317"}],"curies":[{"name":"wp","href":"https:\/\/api.w.org\/{rel}","templated":true}]}}