{"id":834,"date":"2023-09-13T11:21:00","date_gmt":"2023-09-13T09:21:00","guid":{"rendered":"http:\/\/sitetab3.ac-reims.fr\/ec-hannogne-st-remy\/-wp-\/?page_id=834"},"modified":"2025-08-31T01:06:20","modified_gmt":"2025-08-30T23:06:20","slug":"les-elections-des-representants-des-parents-deleves-se-porter-candidat","status":"publish","type":"page","link":"https:\/\/sitetab3.ac-reims.fr\/ec-hannogne-st-remy\/-wp-\/les-elections-des-representants-des-parents-deleves-se-porter-candidat\/","title":{"rendered":"Les \u00e9lections des repr\u00e9sentants des parents d&rsquo;\u00e9l\u00e8ves 2025-2026 : se porter candidat"},"content":{"rendered":"\n<p>Ann\u00e9e scolaire 2025-2026<\/p>\n\n\n\n<p><strong>Liste des candidats aux \u00e9lection<\/strong>s <strong>des repr\u00e9sentants de parents d\u2019\u00e9l\u00e8ves au conseil d\u2019\u00e9cole<\/strong><\/p>\n\n\n\n<p>Ecole&nbsp;: Pierre Cochart HANNOGNE SAINT REMY<\/p>\n\n\n\n<p>Adresse&nbsp;: 4 route de Banogne 08220 HANNOGNE SAINT REMY<\/p>\n\n\n\n<p>Pour l&rsquo;ann\u00e9e scolaire 2025-2026, le scrutin des prochaines \u00e9lections des repr\u00e9sentants des parents d&rsquo;\u00e9l\u00e8ves aura lieu le<strong> vendredi 10 octobre 2025.<\/strong><\/p>\n\n\n\n<p><strong>Qui peut se porter candidat ?<\/strong><\/p>\n\n\n\n<ul>\n<li>Chaque \u00e9lecteur est \u00e9ligible sauf les personnels parents d&rsquo;\u00e9l\u00e8ves de l&rsquo;\u00e9cole membres de droit au conseil d&rsquo;\u00e9cole<\/li>\n<\/ul>\n\n\n\n<p><strong>Qui peut d\u00e9poser une liste ?<\/strong><\/p>\n\n\n\n<ul>\n<li>Les f\u00e9d\u00e9rations ou unions de parents d&rsquo;\u00e9l\u00e8ves, qu&rsquo;elles soient ou non pr\u00e9sentes dans l&rsquo;\u00e9tablissement<\/li>\n\n\n\n<li>Les associations d\u00e9clar\u00e9es de parents d&rsquo;\u00e9l\u00e8ves<\/li>\n\n\n\n<li>Les parents d&rsquo;\u00e9l\u00e8ves qui ne sont pas constitu\u00e9s en association<\/li>\n<\/ul>\n\n\n\n<p>Les listes peuvent ne pas \u00eatre compl\u00e8tes.<em><strong> Chaque liste doit comporter au moins deux noms de candidat<\/strong> <\/em>et, au plus, le double du nombre de si\u00e8ges \u00e0 pouvoir. Les suppl\u00e9ants sont \u00e9lus \u00e0 la suite des titulaires, dans l&rsquo;ordre de pr\u00e9sentation des candidats sur la liste pr\u00e9sent\u00e9e.<\/p>\n\n\n\n<p><strong>Combien y a-t-il de repr\u00e9sentants \u00e9lus ?<\/strong><\/p>\n\n\n\n<p>Il y a autant de repr\u00e9sentants de parents d&rsquo;\u00e9l\u00e8ves au conseil d&rsquo;\u00e9cole que de classes dans l&rsquo;\u00e9cole. Il peut donc y avoir 3 repr\u00e9sentants titulaires et 3 repr\u00e9sentants suppl\u00e9ants.<\/p>\n\n\n\n<p><em><strong>Si vous d\u00e9sirez vous porter candidat aux \u00e9lections des repr\u00e9sentants de parents d\u2019\u00e9l\u00e8ves pour l\u2019ann\u00e9e scolaire 2025-2026, merci de vous manifester aupr\u00e8s de la directrice ou de l\u2019enseignante de votre enfant.<\/strong><\/em><\/p>\n\n\n\n<p>La date limite de d\u00e9p\u00f4t des candidatures est fix\u00e9e au lundi 29 septembre 2025.<\/p>\n\n\n\n<\n","protected":false},"excerpt":{"rendered":"<p>Ann\u00e9e scolaire 2025-2026 Liste des candidats aux \u00e9lections des repr\u00e9sentants de parents d\u2019\u00e9l\u00e8ves au conseil d\u2019\u00e9cole Ecole&nbsp;: Pierre Cochart HANNOGNE SAINT REMY Adresse&nbsp;: 4 route de Banogne 08220 HANNOGNE SAINT REMY Pour l&rsquo;ann\u00e9e scolaire 2025-2026, le scrutin des prochaines \u00e9lections des repr\u00e9sentants des parents d&rsquo;\u00e9l\u00e8ves aura lieu le vendredi 10 octobre 2025. Qui peut se [&hellip;]<\/p>\n","protected":false},"author":1,"featured_media":0,"parent":0,"menu_order":0,"comment_status":"closed","ping_status":"closed","template":"","meta":{"ngg_post_thumbnail":0,"footnotes":""},"_links":{"self":[{"href":"https:\/\/sitetab3.ac-reims.fr\/ec-hannogne-st-remy\/-wp-\/wp-json\/wp\/v2\/pages\/834"}],"collection":[{"href":"https:\/\/sitetab3.ac-reims.fr\/ec-hannogne-st-remy\/-wp-\/wp-json\/wp\/v2\/pages"}],"about":[{"href":"https:\/\/sitetab3.ac-reims.fr\/ec-hannogne-st-remy\/-wp-\/wp-json\/wp\/v2\/types\/page"}],"author":[{"embeddable":true,"href":"https:\/\/sitetab3.ac-reims.fr\/ec-hannogne-st-remy\/-wp-\/wp-json\/wp\/v2\/users\/1"}],"replies":[{"embeddable":true,"href":"https:\/\/sitetab3.ac-reims.fr\/ec-hannogne-st-remy\/-wp-\/wp-json\/wp\/v2\/comments?post=834"}],"version-history":[{"count":19,"href":"https:\/\/sitetab3.ac-reims.fr\/ec-hannogne-st-remy\/-wp-\/wp-json\/wp\/v2\/pages\/834\/revisions"}],"predecessor-version":[{"id":6930,"href":"https:\/\/sitetab3.ac-reims.fr\/ec-hannogne-st-remy\/-wp-\/wp-json\/wp\/v2\/pages\/834\/revisions\/6930"}],"wp:attachment":[{"href":"https:\/\/sitetab3.ac-reims.fr\/ec-hannogne-st-remy\/-wp-\/wp-json\/wp\/v2\/media?parent=834"}],"curies":[{"name":"wp","href":"https:\/\/api.w.org\/{rel}","templated":true}]}}