{"id":846,"date":"2023-09-13T14:27:16","date_gmt":"2023-09-13T12:27:16","guid":{"rendered":"http:\/\/sitetab3.ac-reims.fr\/ec-hannogne-st-remy\/-wp-\/?page_id=846"},"modified":"2025-08-31T01:09:47","modified_gmt":"2025-08-30T23:09:47","slug":"les-elections-des-representants-des-parents-deleves-modalites-de-vote","status":"publish","type":"page","link":"https:\/\/sitetab3.ac-reims.fr\/ec-hannogne-st-remy\/-wp-\/les-elections-des-representants-des-parents-deleves-modalites-de-vote\/","title":{"rendered":"Les \u00e9lections des repr\u00e9sentants des parents d&rsquo;\u00e9l\u00e8ves 2025-2026: modalit\u00e9s de vote"},"content":{"rendered":"<p>Qui est \u00e9lecteur ?<\/p>\n<p>Chacun des deux parents (sauf dans le cas o\u00f9 il s&rsquo;est vu retirer l&rsquo;autorit\u00e9 parentale) est \u00e9lecteur, ainsi le mat\u00e9riel de vote est remis aux deux parents.<\/p>\n<p>A quelle date sera remis le mat\u00e9riel de vote ?<\/p>\n<p><strong>Le mat\u00e9riel de vote sera remis aux \u00e9l\u00e8ves le vendredi 3 octobre 2025.<\/strong> Lorsqu\u2019un enfant ne vit pas avec l\u2019un de ses parents, le mat\u00e9riel de vote sera adress\u00e9 par voie postale si l\u2019adresse du responsable figure sur la fiche de renseignements ou si celui-ci s\u2019est manifest\u00e9 aupr\u00e8s de l\u2019\u00e9cole.<\/p>\n<p>A quelle date aura lieu le scrutin?<br><strong>Les \u00e9lections se d\u00e9rouleront le vendredi 10 octobre 2025<\/strong>&nbsp;de 9h00 \u00e0 13h00 \u00e0 l\u2019\u00e9cole Pierre Cochart \u2013 Hannogne Saint R\u00e9my.<\/p>\n<p>Comment voter ?<br>Afin de permettre la plus large participation des parents, il vous est propos\u00e9 trois fa\u00e7ons diff\u00e9rentes de voter.<br>Le vote direct le vendredi 10 octobre 2025 de 9h00 \u00e0 13h00 dans le hall de l\u2019\u00e9cole.<br>Le vote le plus simple : votre enfant remet votre enveloppe aupr\u00e8s de son enseignante \u00e0 partir du lundi 6 octobre 2025. Ce vote est \u00e0 privil\u00e9gier, merci de votre compr\u00e9hension.<br>Le vote par voie postale<br>Chaque parent dispose de bulletins de vote diff\u00e9rents (nombre de bulletins de vote \u00e9quivalent au nombre de listes d\u00e9pos\u00e9es), d\u2019une enveloppe de couleur et d\u2019une enveloppe blanche avec son adresse. Merci de vous signaler, si votre mat\u00e9riel de vote n\u2019est pas complet.<\/p>\n<p>Proc\u00e9dure de vote :<br>1\u00b0 Ins\u00e9rer (ou pas) le bulletin de vote choisi (un seul bulletin), qui ne doit pas comporter de rature ou de surcharge pour \u00eatre valid\u00e9, dans la petite enveloppe de couleur. Ne rien inscrire sur cette enveloppe de couleur.<br>2\u00b0\/ Glisser cette petite enveloppe de couleur dans l\u2019enveloppe blanche qui sera cachet\u00e9e.<br>Pour valider votre vote, n\u2019oubliez pas de signer sur cette enveloppe blanche sous l\u2019\u00e9tiquette \u00e0 votre nom et adresse.<br>3\u00b0\/ Votre enfant remet votre vote \u00e0 son enseignante qui placera l\u2019enveloppe dans l\u2019urne.<br>Pour le vote par voie postale, les plis doivent \u00eatre affranchis et adress\u00e9s \u00e0 :<br>Elections des d\u00e9l\u00e9gu\u00e9s des parents d\u2019\u00e9l\u00e8ves -P\u00f4le scolaire Pierre Cochart <br>4 route de Banogne &#8211; 08220 HANNOGNE ST REMY<\/p>\n\n","protected":false},"excerpt":{"rendered":"<p>Qui est \u00e9lecteur ? Chacun des deux parents (sauf dans le cas o\u00f9 il s&rsquo;est vu retirer l&rsquo;autorit\u00e9 parentale) est \u00e9lecteur, ainsi le mat\u00e9riel de vote est remis aux deux parents. A quelle date sera remis le mat\u00e9riel de vote ? Le mat\u00e9riel de vote sera remis aux \u00e9l\u00e8ves le vendredi 3 octobre 2025. Lorsqu\u2019un [&hellip;]<\/p>\n","protected":false},"author":1,"featured_media":0,"parent":0,"menu_order":0,"comment_status":"closed","ping_status":"closed","template":"","meta":{"ngg_post_thumbnail":0,"footnotes":""},"_links":{"self":[{"href":"https:\/\/sitetab3.ac-reims.fr\/ec-hannogne-st-remy\/-wp-\/wp-json\/wp\/v2\/pages\/846"}],"collection":[{"href":"https:\/\/sitetab3.ac-reims.fr\/ec-hannogne-st-remy\/-wp-\/wp-json\/wp\/v2\/pages"}],"about":[{"href":"https:\/\/sitetab3.ac-reims.fr\/ec-hannogne-st-remy\/-wp-\/wp-json\/wp\/v2\/types\/page"}],"author":[{"embeddable":true,"href":"https:\/\/sitetab3.ac-reims.fr\/ec-hannogne-st-remy\/-wp-\/wp-json\/wp\/v2\/users\/1"}],"replies":[{"embeddable":true,"href":"https:\/\/sitetab3.ac-reims.fr\/ec-hannogne-st-remy\/-wp-\/wp-json\/wp\/v2\/comments?post=846"}],"version-history":[{"count":13,"href":"https:\/\/sitetab3.ac-reims.fr\/ec-hannogne-st-remy\/-wp-\/wp-json\/wp\/v2\/pages\/846\/revisions"}],"predecessor-version":[{"id":6932,"href":"https:\/\/sitetab3.ac-reims.fr\/ec-hannogne-st-remy\/-wp-\/wp-json\/wp\/v2\/pages\/846\/revisions\/6932"}],"wp:attachment":[{"href":"https:\/\/sitetab3.ac-reims.fr\/ec-hannogne-st-remy\/-wp-\/wp-json\/wp\/v2\/media?parent=846"}],"curies":[{"name":"wp","href":"https:\/\/api.w.org\/{rel}","templated":true}]}}