{"id":99,"date":"2024-10-11T17:41:00","date_gmt":"2024-10-11T15:41:00","guid":{"rendered":"http:\/\/sitetab3.ac-reims.fr\/ec-hannogne-st-remy\/-wp-\/?page_id=99"},"modified":"2024-10-11T17:43:47","modified_gmt":"2024-10-11T15:43:47","slug":"representants-des-parents-deleves-au-conseil-decole","status":"publish","type":"page","link":"https:\/\/sitetab3.ac-reims.fr\/ec-hannogne-st-remy\/-wp-\/representants-des-parents-deleves-au-conseil-decole\/","title":{"rendered":"Repr\u00e9sentants des parents d\u2019\u00e9l\u00e8ves au conseil d\u2019\u00e9cole"},"content":{"rendered":"\n<p>Pour l&rsquo;ann\u00e9e scolaire 2024-2025 , les repr\u00e9sentants \u00e9lus des parents d&rsquo;\u00e9l\u00e8ves sont (r\u00e9sultats des \u00e9lections du 11 octobre 2024) :<\/p>\n\n\n\n<p>CARVALHO Florence<\/p>\n\n\n\n<p>GUILLAUME Alice<\/p>\n\n\n\n<p>DUCAMP Audrey<\/p>\n\n\n\n<p>HENNEBELLE Vanessa<\/p>\n\n\n\n<p><\/p>\n\n\n<p>proc\u00e8s verbal 2024-2025 <a href=\"http:\/\/sitetab3.ac-reims.fr\/ec-hannogne-st-remy\/-wp-\/wp-content\/uploads\/resultats-elections-2024-2025.pdf\">r\u00e9sultats \u00e9lections 2024-2025<\/a><\/p>\n\n\n<p>R\u00d4LE DU PARENT ELU AU CONSEIL D&rsquo;ECOLE<\/p>\n\n\n\n<p>Le premier conseil d&rsquo;\u00e9cole aura lieu  le jeudi 7 novembre 2024.<\/p>\n\n\n\n<p>Les parents d&rsquo;\u00e9l\u00e8ves sont pleinement associ\u00e9s \u00e0 la vie de l&rsquo;\u00e9cole notamment en participant, par leurs repr\u00e9sentants parents \u00e9lus, aux trois conseils d&rsquo;\u00e9cole<\/p>\n\n\n\n<p>Le conseil d&rsquo;\u00e9cole est l&rsquo;instance principale de l&rsquo;\u00e9cole. C&rsquo;est un organe de concertation institutionnelle dot\u00e9 de comp\u00e9tences d\u00e9cisionnelles.<\/p>\n\n\n\n<p>Le conseil d&rsquo;\u00e9cole vote le r\u00e8glement int\u00e9rieur.<\/p>\n","protected":false},"excerpt":{"rendered":"<p>Pour l&rsquo;ann\u00e9e scolaire 2024-2025 , les repr\u00e9sentants \u00e9lus des parents d&rsquo;\u00e9l\u00e8ves sont (r\u00e9sultats des \u00e9lections du 11 octobre 2024) : CARVALHO Florence GUILLAUME Alice DUCAMP Audrey HENNEBELLE Vanessa proc\u00e8s verbal 2024-2025 r\u00e9sultats \u00e9lections 2024-2025 R\u00d4LE DU PARENT ELU AU CONSEIL D&rsquo;ECOLE Le premier conseil d&rsquo;\u00e9cole aura lieu le jeudi 7 novembre 2024. Les parents d&rsquo;\u00e9l\u00e8ves [&hellip;]<\/p>\n","protected":false},"author":1,"featured_media":0,"parent":0,"menu_order":0,"comment_status":"closed","ping_status":"closed","template":"","meta":{"ngg_post_thumbnail":0,"footnotes":""},"_links":{"self":[{"href":"https:\/\/sitetab3.ac-reims.fr\/ec-hannogne-st-remy\/-wp-\/wp-json\/wp\/v2\/pages\/99"}],"collection":[{"href":"https:\/\/sitetab3.ac-reims.fr\/ec-hannogne-st-remy\/-wp-\/wp-json\/wp\/v2\/pages"}],"about":[{"href":"https:\/\/sitetab3.ac-reims.fr\/ec-hannogne-st-remy\/-wp-\/wp-json\/wp\/v2\/types\/page"}],"author":[{"embeddable":true,"href":"https:\/\/sitetab3.ac-reims.fr\/ec-hannogne-st-remy\/-wp-\/wp-json\/wp\/v2\/users\/1"}],"replies":[{"embeddable":true,"href":"https:\/\/sitetab3.ac-reims.fr\/ec-hannogne-st-remy\/-wp-\/wp-json\/wp\/v2\/comments?post=99"}],"version-history":[{"count":33,"href":"https:\/\/sitetab3.ac-reims.fr\/ec-hannogne-st-remy\/-wp-\/wp-json\/wp\/v2\/pages\/99\/revisions"}],"predecessor-version":[{"id":5444,"href":"https:\/\/sitetab3.ac-reims.fr\/ec-hannogne-st-remy\/-wp-\/wp-json\/wp\/v2\/pages\/99\/revisions\/5444"}],"wp:attachment":[{"href":"https:\/\/sitetab3.ac-reims.fr\/ec-hannogne-st-remy\/-wp-\/wp-json\/wp\/v2\/media?parent=99"}],"curies":[{"name":"wp","href":"https:\/\/api.w.org\/{rel}","templated":true}]}}