{"id":1,"date":"2011-11-21T17:00:03","date_gmt":"2011-11-21T17:00:03","guid":{"rendered":"http:\/\/$(srv_name)s\/$(account_name)s\/-wp-\/?page_id=1"},"modified":"2016-12-30T09:10:40","modified_gmt":"2016-12-30T08:10:40","slug":"contacts","status":"publish","type":"page","link":"https:\/\/sitetab3.ac-reims.fr\/ec-lucquy\/-wp-\/presentation-et-coordonnees\/contacts\/","title":{"rendered":"Contactez nous"},"content":{"rendered":"<table border=\"0\" width=\"100%\" cellspacing=\"0\" cellpadding=\"0\">\n<tbody>\n<tr>\n<td width=\"100%\">Contacter l&rsquo;\u00e9cole Louis Pasteur<\/td>\n<\/tr>\n<tr>\n<td>\n<table border=\"0\" width=\"100%\">\n<tbody>\n<tr>\n<td><\/td>\n<td rowspan=\"2\" align=\"right\" valign=\"top\"><\/td>\n<\/tr>\n<tr>\n<td>\n<table border=\"0\" width=\"100%\" cellspacing=\"0\" cellpadding=\"0\">\n<tbody>\n<tr>\n<td rowspan=\"6\" valign=\"top\" width=\"40\"><\/td>\n<\/tr>\n<tr>\n<td valign=\"top\">Adresse de l&rsquo;\u00e9tablissement: 41 avenue Louis Pasteur<\/td>\n<\/tr>\n<tr>\n<td valign=\"top\">Ville: Lucquy<\/td>\n<\/tr>\n<tr>\n<td valign=\"top\">CP: 08 300<\/td>\n<\/tr>\n<tr>\n<td valign=\"top\">France<\/td>\n<\/tr>\n<\/tbody>\n<\/table>\n<table border=\"0\" width=\"100%\" cellspacing=\"0\" cellpadding=\"0\">\n<tbody>\n<tr>\n<td width=\"40\"><\/td>\n<td>T\u00e9l\u00e9phone: 09-65-34-80-36<\/td>\n<\/tr>\n<tr>\n<td width=\"40\"><\/td>\n<td><\/td>\n<\/tr>\n<tr>\n<td width=\"40\"><\/td>\n<td><\/td>\n<\/tr>\n<\/tbody>\n<\/table>\n<\/td>\n<\/tr>\n<\/tbody>\n<\/table>\n<\/td>\n<td><\/td>\n<\/tr>\n<tr>\n<td><\/td>\n<\/tr>\n<tr>\n<td colspan=\"2\"><\/td>\n<\/tr>\n<\/tbody>\n<\/table>\n<p>&nbsp;<\/p>\n<p>[contact-form 1 \u00ab\u00a0Formulaire de contact 1\u00a0\u00bb]<\/p>\n","protected":false},"excerpt":{"rendered":"<p>Contacter l&rsquo;\u00e9cole Louis Pasteur Adresse de l&rsquo;\u00e9tablissement: 41 avenue Louis Pasteur Ville: Lucquy CP: 08 300 France T\u00e9l\u00e9phone: 09-65-34-80-36 &nbsp; [contact-form 1 \u00ab\u00a0Formulaire de contact 1\u00a0\u00bb]<\/p>\n","protected":false},"author":1,"featured_media":0,"parent":22,"menu_order":0,"comment_status":"open","ping_status":"open","template":"","meta":{"ngg_post_thumbnail":0,"footnotes":""},"_links":{"self":[{"href":"https:\/\/sitetab3.ac-reims.fr\/ec-lucquy\/-wp-\/wp-json\/wp\/v2\/pages\/1"}],"collection":[{"href":"https:\/\/sitetab3.ac-reims.fr\/ec-lucquy\/-wp-\/wp-json\/wp\/v2\/pages"}],"about":[{"href":"https:\/\/sitetab3.ac-reims.fr\/ec-lucquy\/-wp-\/wp-json\/wp\/v2\/types\/page"}],"author":[{"embeddable":true,"href":"https:\/\/sitetab3.ac-reims.fr\/ec-lucquy\/-wp-\/wp-json\/wp\/v2\/users\/1"}],"replies":[{"embeddable":true,"href":"https:\/\/sitetab3.ac-reims.fr\/ec-lucquy\/-wp-\/wp-json\/wp\/v2\/comments?post=1"}],"version-history":[{"count":1,"href":"https:\/\/sitetab3.ac-reims.fr\/ec-lucquy\/-wp-\/wp-json\/wp\/v2\/pages\/1\/revisions"}],"predecessor-version":[{"id":5509,"href":"https:\/\/sitetab3.ac-reims.fr\/ec-lucquy\/-wp-\/wp-json\/wp\/v2\/pages\/1\/revisions\/5509"}],"up":[{"embeddable":true,"href":"https:\/\/sitetab3.ac-reims.fr\/ec-lucquy\/-wp-\/wp-json\/wp\/v2\/pages\/22"}],"wp:attachment":[{"href":"https:\/\/sitetab3.ac-reims.fr\/ec-lucquy\/-wp-\/wp-json\/wp\/v2\/media?parent=1"}],"curies":[{"name":"wp","href":"https:\/\/api.w.org\/{rel}","templated":true}]}}