{"id":731,"date":"2022-08-05T23:55:02","date_gmt":"2022-08-05T21:55:02","guid":{"rendered":"http:\/\/sitetab3.ac-reims.fr\/ec-sault\/-wp-\/?page_id=731"},"modified":"2026-01-26T11:58:13","modified_gmt":"2026-01-26T10:58:13","slug":"coordonnees-2","status":"publish","type":"page","link":"https:\/\/sitetab3.ac-reims.fr\/ec-sault\/-wp-\/coordonnees-2\/","title":{"rendered":"Coordonn\u00e9es"},"content":{"rendered":"\n<p>Ecole de Sault-l\u00e8s-Rethel       32 bis avenue Bourgoin 08300 Sault-l\u00e8s-Rethel<\/p>\n\n\n\n<p>T\u00e9l\u00e9phone : 03.24.38.59.70    journ\u00e9es de d\u00e9charge de la directrice : les mardis et jeudis<\/p>\n\n\n\n<p>Mail : ce.0080486k@ac-reims.fr<\/p>\n","protected":false},"excerpt":{"rendered":"<p>Ecole de Sault-l\u00e8s-Rethel 32 bis avenue Bourgoin 08300 Sault-l\u00e8s-Rethel T\u00e9l\u00e9phone : 03.24.38.59.70 journ\u00e9es de d\u00e9charge de la directrice : les mardis et jeudis Mail : ce.0080486k@ac-reims.fr<\/p>\n","protected":false},"author":1,"featured_media":0,"parent":0,"menu_order":0,"comment_status":"closed","ping_status":"closed","template":"","meta":{"ngg_post_thumbnail":0,"footnotes":""},"_links":{"self":[{"href":"https:\/\/sitetab3.ac-reims.fr\/ec-sault\/-wp-\/wp-json\/wp\/v2\/pages\/731"}],"collection":[{"href":"https:\/\/sitetab3.ac-reims.fr\/ec-sault\/-wp-\/wp-json\/wp\/v2\/pages"}],"about":[{"href":"https:\/\/sitetab3.ac-reims.fr\/ec-sault\/-wp-\/wp-json\/wp\/v2\/types\/page"}],"author":[{"embeddable":true,"href":"https:\/\/sitetab3.ac-reims.fr\/ec-sault\/-wp-\/wp-json\/wp\/v2\/users\/1"}],"replies":[{"embeddable":true,"href":"https:\/\/sitetab3.ac-reims.fr\/ec-sault\/-wp-\/wp-json\/wp\/v2\/comments?post=731"}],"version-history":[{"count":4,"href":"https:\/\/sitetab3.ac-reims.fr\/ec-sault\/-wp-\/wp-json\/wp\/v2\/pages\/731\/revisions"}],"predecessor-version":[{"id":1380,"href":"https:\/\/sitetab3.ac-reims.fr\/ec-sault\/-wp-\/wp-json\/wp\/v2\/pages\/731\/revisions\/1380"}],"wp:attachment":[{"href":"https:\/\/sitetab3.ac-reims.fr\/ec-sault\/-wp-\/wp-json\/wp\/v2\/media?parent=731"}],"curies":[{"name":"wp","href":"https:\/\/api.w.org\/{rel}","templated":true}]}}