{"id":871,"date":"2022-12-06T21:02:53","date_gmt":"2022-12-06T20:02:53","guid":{"rendered":"https:\/\/sitetab3.ac-reims.fr\/ec-sault\/-wp-\/?page_id=871"},"modified":"2022-12-06T21:03:01","modified_gmt":"2022-12-06T20:03:01","slug":"joyeuses-fetes","status":"publish","type":"page","link":"https:\/\/sitetab3.ac-reims.fr\/ec-sault\/-wp-\/joyeuses-fetes\/","title":{"rendered":"Joyeuses f\u00eates"},"content":{"rendered":"\n<p class=\"has-text-align-center\"><span class=\"has-inline-color has-vivid-red-color\">Toute l&rsquo;\u00e9quipe de l&rsquo;\u00e9cole de Sault-l\u00e8s-Rethel vous souhaite de <\/span><\/p>\n\n\n\n<p class=\"has-text-align-center\"><span class=\"has-inline-color has-vivid-red-color\"><strong>joyeuses f\u00eates de fin d&rsquo;ann\u00e9e<\/strong><\/span><\/p>\n\n\n\n<div class=\"wp-block-image is-style-default\"><figure class=\"aligncenter size-large is-resized\"><img loading=\"lazy\" decoding=\"async\" src=\"https:\/\/sitetab3.ac-reims.fr\/ec-sault\/-wp-\/wp-content\/uploads\/2022\/12\/IMG_3975-1-768x1024.jpg\" alt=\"\" class=\"wp-image-872\" width=\"210\" height=\"280\" srcset=\"https:\/\/sitetab3.ac-reims.fr\/ec-sault\/-wp-\/wp-content\/uploads\/2022\/12\/IMG_3975-1-768x1024.jpg 768w, https:\/\/sitetab3.ac-reims.fr\/ec-sault\/-wp-\/wp-content\/uploads\/2022\/12\/IMG_3975-1-225x300.jpg 225w, https:\/\/sitetab3.ac-reims.fr\/ec-sault\/-wp-\/wp-content\/uploads\/2022\/12\/IMG_3975-1-1152x1536.jpg 1152w, https:\/\/sitetab3.ac-reims.fr\/ec-sault\/-wp-\/wp-content\/uploads\/2022\/12\/IMG_3975-1-rotated.jpg 1512w\" sizes=\"(max-width: 210px) 100vw, 210px\" \/><\/figure><\/div>\n\n\n\n<p class=\"has-text-align-center\"><span class=\"has-inline-color has-vivid-green-cyan-color\">Nous remercions l&rsquo;APE Les P&rsquo;tits Loups pour les sapins offerts \u00e0 l&rsquo;\u00e9cole<\/span>.<\/p>\n","protected":false},"excerpt":{"rendered":"<p>Toute l&rsquo;\u00e9quipe de l&rsquo;\u00e9cole de Sault-l\u00e8s-Rethel vous souhaite de joyeuses f\u00eates de fin d&rsquo;ann\u00e9e Nous remercions l&rsquo;APE Les P&rsquo;tits Loups pour les sapins offerts \u00e0 l&rsquo;\u00e9cole.<\/p>\n","protected":false},"author":1,"featured_media":0,"parent":0,"menu_order":0,"comment_status":"closed","ping_status":"closed","template":"","meta":{"ngg_post_thumbnail":0,"footnotes":""},"_links":{"self":[{"href":"https:\/\/sitetab3.ac-reims.fr\/ec-sault\/-wp-\/wp-json\/wp\/v2\/pages\/871"}],"collection":[{"href":"https:\/\/sitetab3.ac-reims.fr\/ec-sault\/-wp-\/wp-json\/wp\/v2\/pages"}],"about":[{"href":"https:\/\/sitetab3.ac-reims.fr\/ec-sault\/-wp-\/wp-json\/wp\/v2\/types\/page"}],"author":[{"embeddable":true,"href":"https:\/\/sitetab3.ac-reims.fr\/ec-sault\/-wp-\/wp-json\/wp\/v2\/users\/1"}],"replies":[{"embeddable":true,"href":"https:\/\/sitetab3.ac-reims.fr\/ec-sault\/-wp-\/wp-json\/wp\/v2\/comments?post=871"}],"version-history":[{"count":1,"href":"https:\/\/sitetab3.ac-reims.fr\/ec-sault\/-wp-\/wp-json\/wp\/v2\/pages\/871\/revisions"}],"predecessor-version":[{"id":873,"href":"https:\/\/sitetab3.ac-reims.fr\/ec-sault\/-wp-\/wp-json\/wp\/v2\/pages\/871\/revisions\/873"}],"wp:attachment":[{"href":"https:\/\/sitetab3.ac-reims.fr\/ec-sault\/-wp-\/wp-json\/wp\/v2\/media?parent=871"}],"curies":[{"name":"wp","href":"https:\/\/api.w.org\/{rel}","templated":true}]}}