{"id":3283,"date":"2025-11-18T22:31:52","date_gmt":"2025-11-18T21:31:52","guid":{"rendered":"http:\/\/sitetab3.ac-reims.fr\/ec-viel\/-wp-\/?page_id=3283"},"modified":"2025-11-18T22:31:52","modified_gmt":"2025-11-18T21:31:52","slug":"reglement-interieur","status":"publish","type":"page","link":"https:\/\/sitetab3.ac-reims.fr\/ec-viel\/-wp-\/reglement-interieur\/","title":{"rendered":"R\u00e8glement int\u00e9rieur"},"content":{"rendered":"<p>Les r\u00e8glements des 2 sites sont consultables ci dessous:<\/p>\n<p>\u00a0<\/p>\n\n\n<div data-wp-interactive=\"core\/file\" class=\"wp-block-file\"><object data-wp-bind--hidden=\"!state.hasPdfPreview\"  class=\"wp-block-file__embed\" data=\"https:\/\/sitetab3.ac-reims.fr\/ec-viel\/-wp-\/wp-content\/uploads\/REGLEMENT-VIEL2025.pdf\" type=\"application\/pdf\" style=\"width:100%;height:600px\" aria-label=\"Contenu embarqu\u00e9 REGLEMENT-VIEL2025.\"><\/object><a id=\"wp-block-file--media-bc6f9eb3-48f9-4ab3-a045-38c0e5eb6a25\" href=\"https:\/\/sitetab3.ac-reims.fr\/ec-viel\/-wp-\/wp-content\/uploads\/REGLEMENT-VIEL2025.pdf\">REGLEMENT-VIEL2025<\/a><a href=\"https:\/\/sitetab3.ac-reims.fr\/ec-viel\/-wp-\/wp-content\/uploads\/REGLEMENT-VIEL2025.pdf\" class=\"wp-block-file__button wp-element-button\" download aria-describedby=\"wp-block-file--media-bc6f9eb3-48f9-4ab3-a045-38c0e5eb6a25\">T\u00e9l\u00e9charger<\/a><\/div>\n\n\n\n<div data-wp-interactive=\"core\/file\" class=\"wp-block-file\"><object data-wp-bind--hidden=\"!state.hasPdfPreview\"  class=\"wp-block-file__embed\" data=\"https:\/\/sitetab3.ac-reims.fr\/ec-viel\/-wp-\/wp-content\/uploads\/REGLEMENT-Jandun2025.pdf\" type=\"application\/pdf\" style=\"width:100%;height:600px\" aria-label=\"Contenu embarqu\u00e9 REGLEMENT-Jandun2025.\"><\/object><a id=\"wp-block-file--media-a13692ea-cb36-48a1-a772-52a4c4dd82e6\" href=\"https:\/\/sitetab3.ac-reims.fr\/ec-viel\/-wp-\/wp-content\/uploads\/REGLEMENT-Jandun2025.pdf\">REGLEMENT-Jandun2025<\/a><a href=\"https:\/\/sitetab3.ac-reims.fr\/ec-viel\/-wp-\/wp-content\/uploads\/REGLEMENT-Jandun2025.pdf\" class=\"wp-block-file__button wp-element-button\" download aria-describedby=\"wp-block-file--media-a13692ea-cb36-48a1-a772-52a4c4dd82e6\">T\u00e9l\u00e9charger<\/a><\/div>\n","protected":false},"excerpt":{"rendered":"<p>Les r\u00e8glements des 2 sites sont consultables ci dessous: \u00a0<\/p>\n","protected":false},"author":1,"featured_media":0,"parent":0,"menu_order":0,"comment_status":"closed","ping_status":"closed","template":"","meta":{"ngg_post_thumbnail":0,"footnotes":""},"_links":{"self":[{"href":"https:\/\/sitetab3.ac-reims.fr\/ec-viel\/-wp-\/wp-json\/wp\/v2\/pages\/3283"}],"collection":[{"href":"https:\/\/sitetab3.ac-reims.fr\/ec-viel\/-wp-\/wp-json\/wp\/v2\/pages"}],"about":[{"href":"https:\/\/sitetab3.ac-reims.fr\/ec-viel\/-wp-\/wp-json\/wp\/v2\/types\/page"}],"author":[{"embeddable":true,"href":"https:\/\/sitetab3.ac-reims.fr\/ec-viel\/-wp-\/wp-json\/wp\/v2\/users\/1"}],"replies":[{"embeddable":true,"href":"https:\/\/sitetab3.ac-reims.fr\/ec-viel\/-wp-\/wp-json\/wp\/v2\/comments?post=3283"}],"version-history":[{"count":4,"href":"https:\/\/sitetab3.ac-reims.fr\/ec-viel\/-wp-\/wp-json\/wp\/v2\/pages\/3283\/revisions"}],"predecessor-version":[{"id":6972,"href":"https:\/\/sitetab3.ac-reims.fr\/ec-viel\/-wp-\/wp-json\/wp\/v2\/pages\/3283\/revisions\/6972"}],"wp:attachment":[{"href":"https:\/\/sitetab3.ac-reims.fr\/ec-viel\/-wp-\/wp-json\/wp\/v2\/media?parent=3283"}],"curies":[{"name":"wp","href":"https:\/\/api.w.org\/{rel}","templated":true}]}}