{"id":5224,"date":"2023-09-20T13:48:00","date_gmt":"2023-09-20T11:48:00","guid":{"rendered":"https:\/\/sitetab3.ac-reims.fr\/ec-viel\/-wp-\/?page_id=5224"},"modified":"2024-02-08T17:52:37","modified_gmt":"2024-02-08T16:52:37","slug":"entrainements-controle","status":"publish","type":"page","link":"https:\/\/sitetab3.ac-reims.fr\/ec-viel\/-wp-\/entrainements-controle\/","title":{"rendered":"Entrainements contr\u00f4le"},"content":{"rendered":"\n<div class=\"wp-block-image\"><figure class=\"alignright size-full\"><img loading=\"lazy\" decoding=\"async\" width=\"338\" height=\"338\" src=\"https:\/\/sitetab3.ac-reims.fr\/ec-viel\/-wp-\/wp-content\/uploads\/bande-dessinee-illustration-enfants-classe-education-physique_23-2149042311.jpg\" alt=\"\" class=\"wp-image-5268\" srcset=\"https:\/\/sitetab3.ac-reims.fr\/ec-viel\/-wp-\/wp-content\/uploads\/bande-dessinee-illustration-enfants-classe-education-physique_23-2149042311.jpg 338w, https:\/\/sitetab3.ac-reims.fr\/ec-viel\/-wp-\/wp-content\/uploads\/bande-dessinee-illustration-enfants-classe-education-physique_23-2149042311-300x300.jpg 300w, https:\/\/sitetab3.ac-reims.fr\/ec-viel\/-wp-\/wp-content\/uploads\/bande-dessinee-illustration-enfants-classe-education-physique_23-2149042311-150x150.jpg 150w\" sizes=\"(max-width: 338px) 100vw, 338px\" \/><\/figure><\/div>\n\n\n\n<p>Bonjour les enfants, si vous souhaitez vous entrainer pour r\u00e9viser le contr\u00f4le, vous \u00eates au bon endroit \ud83d\ude09 Les exercices propos\u00e9s sont du m\u00eame type que ceux du contr\u00f4le. Vous pouvez me laisser un commentaire si vous avez des questions \ud83d\ude00<br><\/p>\n\n\n\n<p><\/p>\n\n\n\n<p><\/p>\n\n\n\n<p><\/p>\n\n\n\n<p class=\"has-luminous-vivid-orange-color has-text-color\">Les fractions d\u00e9cimales (N6) <\/p>\n\n\n\n<p><span class=\"has-inline-color has-luminous-vivid-orange-color\"><strong>1<\/strong><\/span>-Conna\u00eetre diverses d\u00e9signations des fractions d\u00e9cimales : orales, \u00e9crites<\/p>\n\n\n\n<p><a href=\"https:\/\/learningapps.org\/12581939\">https:\/\/learningapps.org\/12581939<\/a><\/p>\n\n\n\n<p><\/p>\n\n\n\n<p><span class=\"has-inline-color has-luminous-vivid-orange-color\"><strong>2<\/strong><\/span>-Conna\u00eetre diverses d\u00e9signations des fractions d\u00e9cimales : les d\u00e9compositions additives <\/p>\n\n\n\n<p><a href=\"https:\/\/learningapps.org\/2341768\">https:\/\/learningapps.org\/2341768<\/a><\/p>\n\n\n\n<p><span class=\"has-inline-color has-luminous-vivid-orange-color\">3<\/span>-Passer d&rsquo;une \u00e9criture fractionnaire \u00e0 un nombre d\u00e9cimal<\/p>\n\n\n\n<p><a href=\"https:\/\/learningapps.org\/18953128\">https:\/\/learningapps.org\/18953128<\/a><\/p>\n\n\n\n<p><span class=\"has-inline-color has-luminous-vivid-orange-color\">4<\/span>-Rep\u00e9rer et placer des fractions d\u00e9cimales sur une demi-droite gradu\u00e9e adapt\u00e9e.<\/p>\n\n\n\n<p><a href=\"https:\/\/learningapps.org\/1542128\">https:\/\/learningapps.org\/1542128<\/a><\/p>\n\n\n\n<p><\/p>\n\n\n\n<p><\/p>\n\n\n\n<p><\/p>\n\n\n\n<p><br><span class=\"has-inline-color has-luminous-vivid-orange-color\">Le groupe nominal (G4) <\/span><\/p>\n\n\n\n<p><span class=\"has-inline-color has-luminous-vivid-orange-color\"><strong>1<\/strong><\/span>-trouver les GN dans une phrase <a href=\"https:\/\/learningapps.org\/21558230\" target=\"_blank\" rel=\"noreferrer noopener\">https:\/\/learningapps.org\/21558230<\/a><\/p>\n\n\n\n<p><\/p>\n\n\n\n<p><strong><span class=\"has-inline-color has-luminous-vivid-orange-color\">2<\/span><\/strong>-trouver le nom noyau d&rsquo;un GN <\/p>\n\n\n\n<p>     -niveau facile, il y a seulement des GN dans lesquels il faut trouver les noms noyaux <\/p>\n\n\n\n<p><a href=\"https:\/\/learningapps.org\/4560464\" target=\"_blank\" rel=\"noreferrer noopener\">https:\/\/learningapps.org\/4560464<\/a><\/p>\n\n\n\n<p>     -niveau interm\u00e9diaire, trouver les noms noyaux directement dans des phrases<\/p>\n\n\n\n<p><a href=\"https:\/\/learningapps.org\/6517956\" target=\"_blank\" rel=\"noreferrer noopener\">https:\/\/learningapps.org\/6517956<\/a><\/p>\n\n\n\n<p><strong><span class=\"has-inline-color has-luminous-vivid-orange-color\">3<\/span><\/strong>-accorder l&rsquo;adjectif avec le nom noyau <\/p>\n\n\n\n<p><a href=\"https:\/\/learningapps.org\/5815809\" target=\"_blank\" rel=\"noreferrer noopener\">https:\/\/learningapps.org\/5815809<\/a><\/p>\n\n\n\n<p><strong><span class=\"has-inline-color has-luminous-vivid-orange-color\">4<\/span><\/strong>-rep\u00e9rer le compl\u00e9ment du nom (Pr\u00e9position, attention c&rsquo;est rare mais parfois il n&rsquo;y a pas de Pr\u00e9p)<\/p>\n\n\n\n<p><a href=\"https:\/\/learningapps.org\/30905343\" target=\"_blank\" rel=\"noreferrer noopener\">https:\/\/learningapps.org\/30905343<\/a><\/p>\n\n\n\n<p><strong><span class=\"has-inline-color has-vivid-red-color\">Attention :<\/span><\/strong> ce n&rsquo;est pas parce qu&rsquo;il y a une Pr\u00e9position que c&rsquo;est forc\u00e9ment un compl\u00e9ment du nom (\u00e7a peut \u00eatre un CC, un COI)  voici un exercice qui te permettra de voir si tu rep\u00e8res bien le compl\u00e9ment du nom <a rel=\"noreferrer noopener\" href=\"https:\/\/learningapps.org\/7363556\" target=\"_blank\">https:\/\/learningapps.org\/7363556<\/a> <\/p>\n\n\n\n<p><strong><span class=\"has-inline-color has-luminous-vivid-orange-color\">5<\/span><\/strong>&#8211; Passer d&rsquo;un compl\u00e9ment du nom \u00e0 un adjectif et inversement : <a href=\"https:\/\/learningapps.org\/29271032\" target=\"_blank\" rel=\"noreferrer noopener\">https:\/\/learningapps.org\/29271032<\/a><\/p>\n\n\n\n<p>-distinguer si le GN a un Adj ou CdN <a href=\"https:\/\/learningapps.org\/7415084\" target=\"_blank\" rel=\"noreferrer noopener\">https:\/\/learningapps.org\/7415084<\/a><\/p>\n\n\n\n<p><\/p>\n\n\n\n<p><\/p>\n","protected":false},"excerpt":{"rendered":"<p>Bonjour les enfants, si vous souhaitez vous entrainer pour r\u00e9viser le contr\u00f4le, vous \u00eates au bon endroit \ud83d\ude09 Les exercices propos\u00e9s sont du m\u00eame type que ceux du contr\u00f4le. Vous pouvez me laisser un commentaire si vous avez des questions \ud83d\ude00 Les fractions d\u00e9cimales (N6) 1-Conna\u00eetre diverses d\u00e9signations des fractions d\u00e9cimales : orales, \u00e9crites https:\/\/learningapps.org\/12581939 [&hellip;]<\/p>\n","protected":false},"author":11,"featured_media":0,"parent":0,"menu_order":0,"comment_status":"open","ping_status":"closed","template":"","meta":{"ngg_post_thumbnail":0,"footnotes":""},"_links":{"self":[{"href":"https:\/\/sitetab3.ac-reims.fr\/ec-viel\/-wp-\/wp-json\/wp\/v2\/pages\/5224"}],"collection":[{"href":"https:\/\/sitetab3.ac-reims.fr\/ec-viel\/-wp-\/wp-json\/wp\/v2\/pages"}],"about":[{"href":"https:\/\/sitetab3.ac-reims.fr\/ec-viel\/-wp-\/wp-json\/wp\/v2\/types\/page"}],"author":[{"embeddable":true,"href":"https:\/\/sitetab3.ac-reims.fr\/ec-viel\/-wp-\/wp-json\/wp\/v2\/users\/11"}],"replies":[{"embeddable":true,"href":"https:\/\/sitetab3.ac-reims.fr\/ec-viel\/-wp-\/wp-json\/wp\/v2\/comments?post=5224"}],"version-history":[{"count":12,"href":"https:\/\/sitetab3.ac-reims.fr\/ec-viel\/-wp-\/wp-json\/wp\/v2\/pages\/5224\/revisions"}],"predecessor-version":[{"id":5931,"href":"https:\/\/sitetab3.ac-reims.fr\/ec-viel\/-wp-\/wp-json\/wp\/v2\/pages\/5224\/revisions\/5931"}],"wp:attachment":[{"href":"https:\/\/sitetab3.ac-reims.fr\/ec-viel\/-wp-\/wp-json\/wp\/v2\/media?parent=5224"}],"curies":[{"name":"wp","href":"https:\/\/api.w.org\/{rel}","templated":true}]}}