{"id":104,"date":"2022-01-10T15:52:42","date_gmt":"2022-01-10T14:52:42","guid":{"rendered":"http:\/\/sitetab3.ac-reims.fr\/lp-eiffel\/-wp-\/?page_id=104"},"modified":"2022-01-11T15:45:00","modified_gmt":"2022-01-11T14:45:00","slug":"brasserie-lesquenet","status":"publish","type":"page","link":"https:\/\/sitetab3.ac-reims.fr\/lp-eiffel\/-wp-\/services-restauration-hotellerie\/brasserie-lesquenet\/","title":{"rendered":"Brasserie L&rsquo;Esquenet"},"content":{"rendered":"<p style=\"text-align: center; font-size: 1.5em;\">PEU DE TEMPS POUR D\u00c9JEUNER, D\u00c9COUVREZ LA \u00ab\u00a0BRASSERIE ESQUENET\u00a0\u00bb.<\/p>\n<p><a href=\"http:\/\/sitetab3.ac-reims.fr\/lp-eiffel\/-wp-\/wp-content\/uploads\/bar.jpg\"><img loading=\"lazy\" decoding=\"async\" class=\"size-full wp-image-105 aligncenter\" src=\"http:\/\/sitetab3.ac-reims.fr\/lp-eiffel\/-wp-\/wp-content\/uploads\/bar.jpg\" alt=\"\" width=\"600\" height=\"400\" srcset=\"https:\/\/sitetab3.ac-reims.fr\/lp-eiffel\/-wp-\/wp-content\/uploads\/bar.jpg 600w, https:\/\/sitetab3.ac-reims.fr\/lp-eiffel\/-wp-\/wp-content\/uploads\/bar-300x200.jpg 300w\" sizes=\"(max-width: 600px) 100vw, 600px\" \/><\/a><\/p>\n<p>UN CHOIX DE PLATS ET DE FORMULES VOUS Y SONT PROPOS\u00c9S TOUS LES MIDIS DE LA SEMAINE<\/p>\n<p>R\u00c9SERVEZ AU 03 26 50 65 19<\/p>\n<p style=\"text-align: center; font-size: 1.5em;\">Service rapide assur\u00e9 (45 minutes pour 2 plats), \u00e0 pr\u00e9ciser \u00e0 l&rsquo;enseignant \u00e0 votre arriv\u00e9e.<\/p>\n","protected":false},"excerpt":{"rendered":"<p>PEU DE TEMPS POUR D\u00c9JEUNER, D\u00c9COUVREZ LA \u00ab\u00a0BRASSERIE ESQUENET\u00a0\u00bb. UN CHOIX DE PLATS ET DE FORMULES VOUS Y SONT PROPOS\u00c9S TOUS LES MIDIS DE LA SEMAINE R\u00c9SERVEZ AU 03 26 50 65 19 Service rapide assur\u00e9 (45 minutes pour 2 plats), \u00e0 pr\u00e9ciser \u00e0 l&rsquo;enseignant \u00e0 votre arriv\u00e9e.<\/p>\n","protected":false},"author":1,"featured_media":0,"parent":82,"menu_order":0,"comment_status":"closed","ping_status":"closed","template":"","meta":{"ngg_post_thumbnail":0,"footnotes":""},"_links":{"self":[{"href":"https:\/\/sitetab3.ac-reims.fr\/lp-eiffel\/-wp-\/wp-json\/wp\/v2\/pages\/104"}],"collection":[{"href":"https:\/\/sitetab3.ac-reims.fr\/lp-eiffel\/-wp-\/wp-json\/wp\/v2\/pages"}],"about":[{"href":"https:\/\/sitetab3.ac-reims.fr\/lp-eiffel\/-wp-\/wp-json\/wp\/v2\/types\/page"}],"author":[{"embeddable":true,"href":"https:\/\/sitetab3.ac-reims.fr\/lp-eiffel\/-wp-\/wp-json\/wp\/v2\/users\/1"}],"replies":[{"embeddable":true,"href":"https:\/\/sitetab3.ac-reims.fr\/lp-eiffel\/-wp-\/wp-json\/wp\/v2\/comments?post=104"}],"version-history":[{"count":1,"href":"https:\/\/sitetab3.ac-reims.fr\/lp-eiffel\/-wp-\/wp-json\/wp\/v2\/pages\/104\/revisions"}],"predecessor-version":[{"id":106,"href":"https:\/\/sitetab3.ac-reims.fr\/lp-eiffel\/-wp-\/wp-json\/wp\/v2\/pages\/104\/revisions\/106"}],"up":[{"embeddable":true,"href":"https:\/\/sitetab3.ac-reims.fr\/lp-eiffel\/-wp-\/wp-json\/wp\/v2\/pages\/82"}],"wp:attachment":[{"href":"https:\/\/sitetab3.ac-reims.fr\/lp-eiffel\/-wp-\/wp-json\/wp\/v2\/media?parent=104"}],"curies":[{"name":"wp","href":"https:\/\/api.w.org\/{rel}","templated":true}]}}