{"id":1059,"date":"2023-06-21T10:46:08","date_gmt":"2023-06-21T08:46:08","guid":{"rendered":"https:\/\/sitetab3.ac-reims.fr\/lp-eiffel\/-wp-\/?page_id=1059"},"modified":"2023-06-30T12:19:26","modified_gmt":"2023-06-30T10:19:26","slug":"inscription-pour-la-rentree-2023","status":"publish","type":"page","link":"https:\/\/sitetab3.ac-reims.fr\/lp-eiffel\/-wp-\/inscription-pour-la-rentree-2023\/","title":{"rendered":"Inscriptions pour la rentr\u00e9e 2023"},"content":{"rendered":"\n<figure class=\"wp-block-pullquote\"><blockquote><p>Le lyc\u00e9e vous accueille \u00e0 cet effet :<\/p><p><strong>Le lundi 26 juin pour les classes de 3<sup>i\u00e8me<\/sup>,<\/strong><\/p><p><strong>Puis pour les autres classes :<\/strong><br><strong>du mercredi 28 au vendredi 30 juin,<br>et du lundi 3 au mardi 4 juillet.<\/strong><\/p><p>Entre 8h30 et 18h, sauf le vendredi 30 juin (se termine \u00e0 17h).<\/p><p><strong>ATTENTION<br>Tout dossier incomplet sera refus\u00e9.<br><\/strong>Merci de votre compr\u00e9hension.<\/p><\/blockquote><\/figure>\n\n\n\n<hr class=\"wp-block-separator\"\/>\n\n\n\n<p>&nbsp;<\/p>\n\n\n\n<h2 class=\"wp-block-heading\">Dossier d&rsquo;inscription<\/h2>\n\n\n\n<p><strong>Le dossier sera \u00e0 remplir sur place au lyc\u00e9e<\/strong>. Merci de vous munir des pi\u00e8ces suivantes :<\/p>\n\n\n\n<ul><li><strong>Notification d&rsquo;affectation<\/strong>,<\/li><li><strong>Une photo d&rsquo;identit\u00e9<\/strong> (porter au dos le nom, pr\u00e9nom, classe de l&rsquo;\u00e9l\u00e8ve),<\/li><li><strong>Photocopie de l&rsquo;attestation de recensement \/ Attestation journ\u00e9e d\u00e9fense et citoyenne<\/strong> (\u00e9l\u00e8ves de <strong>16 ans<\/strong> et plus),<\/li><li><strong>Photocopie d&rsquo;une pi\u00e8ce d&rsquo;identit\u00e9<\/strong> en cours de <strong>validit\u00e9<\/strong>, de l&rsquo;\u00e9l\u00e8ve (carte nationale d&rsquo;identit\u00e9, passeport\u2026),<\/li><li>Vous \u00eates <strong>divorc\u00e9<\/strong>(e) ou <strong>s\u00e9par\u00e9<\/strong>(e) : <strong>Photocopie de l&rsquo;extrait du jugement<\/strong> indiquant \u00e0 qui l&rsquo;enfant est confi\u00e9,<\/li><li><strong>Photocopie du livret de famille<\/strong> (page <strong>enfant<\/strong> concern\u00e9 par l&rsquo;inscription ET <strong>parents<\/strong>),<\/li><li><strong>Photocopies des certificats de vaccinations<\/strong> r\u00e9glementaires (carnet de sant\u00e9),<\/li><li><strong>Une attestation d&rsquo;assurance \/ responsabilit\u00e9 civile<\/strong> pour l&rsquo;\u00e9l\u00e8ve (\u00e0 demander aupr\u00e8s de votre assurance habitation),<\/li><li><strong>Une relev\u00e9 d&rsquo;identit\u00e9 bancaire<\/strong> (RIB) ou caisse d&rsquo;\u00e9pargne du responsable financier (porter au dos : nom, pr\u00e9nom et classe de l&rsquo;\u00e9l\u00e8ve).<\/li><\/ul>\n\n\n\n<hr class=\"wp-block-separator\"\/>\n\n\n\n<p>&nbsp;<\/p>\n\n\n\n<h2 class=\"wp-block-heading\">Renseignez-vous sur les fournitures :<\/h2>\n\n\n\n<p>T\u00e9l\u00e9chargez la liste correspondant \u00e0 la fili\u00e8re :<\/p>\n\n\n\n<div class=\"wp-block-buttons is-layout-flex wp-block-buttons-is-layout-flex\">\n<div class=\"wp-block-button\"><a class=\"wp-block-button__link\" href=\"http:\/\/docs.google.com\/gview?url=http%3A%2F%2Fsitetab3.ac-reims.fr%2Flp-eiffel%2F-wp-%2Fwp-content%2Fuploads%2Ffournit-3eme-prepa-pro.pdf\" target=\"_blank\" rel=\"noreferrer noopener\">Troisi\u00e8me Pr\u00e9pa Pro<\/a><\/div>\n<\/div>\n\n\n\n<div class=\"wp-block-buttons is-layout-flex wp-block-buttons-is-layout-flex\">\n<div class=\"wp-block-button\"><a class=\"wp-block-button__link\" href=\"http:\/\/docs.google.com\/gview?url=http%3A%2F%2Fsitetab3.ac-reims.fr%2Flp-eiffel%2F-wp-%2Fwp-content%2Fuploads%2Ffournit-bac-pro-car.pdf\" target=\"_blank\" rel=\"noreferrer noopener\">Bac Pro R\u00e9paration des Carrosseries<\/a><\/div>\n\n\n\n<div class=\"wp-block-button\"><a class=\"wp-block-button__link\" href=\"http:\/\/docs.google.com\/gview?url=http%3A%2F%2Fsitetab3.ac-reims.fr%2Flp-eiffel%2F-wp-%2Fwp-content%2Fuploads%2Ffournit-bac-pro-malim-boul-pat.pdf\" target=\"_blank\" rel=\"noreferrer noopener\">Bac Pro M\u00e9tiers de l\u2019Alimentation \u2013 Boulangerie P\u00e2tisserie<\/a><\/div>\n\n\n\n<div class=\"wp-block-button\"><a class=\"wp-block-button__link\" href=\"http:\/\/docs.google.com\/gview?url=http%3A%2F%2Fsitetab3.ac-reims.fr%2Flp-eiffel%2F-wp-%2Fwp-content%2Fuploads%2Ffournit-bac-pro-mhr-.pdf\" target=\"_blank\" rel=\"noreferrer noopener\">Bac Pro MHR (M\u00e9tiers de l\u2019H\u00f4tellerie et de la Restauration)<\/a><\/div>\n\n\n\n<div class=\"wp-block-button\"><a class=\"wp-block-button__link\" href=\"http:\/\/docs.google.com\/gview?url=http%3A%2F%2Fsitetab3.ac-reims.fr%2Flp-eiffel%2F-wp-%2Fwp-content%2Fuploads%2Ffournit-bac-pro-mva.pdf\" target=\"_blank\" rel=\"noreferrer noopener\">Bac Pro Maintenance Automobile<\/a><\/div>\n\n\n\n<div class=\"wp-block-button\"><a class=\"wp-block-button__link\" href=\"http:\/\/docs.google.com\/gview?url=http%3A%2F%2Fsitetab3.ac-reims.fr%2Flp-eiffel%2F-wp-%2Fwp-content%2Fuploads%2Ffournit-bac-tci.pdf\" target=\"_blank\" rel=\"noreferrer noopener\">Bac Pro Technicien en Chaudronnerie Industrielle<\/a><\/div>\n<\/div>\n\n\n\n<div class=\"wp-block-buttons is-layout-flex wp-block-buttons-is-layout-flex\">\n<div class=\"wp-block-button\"><a class=\"wp-block-button__link\" href=\"http:\/\/docs.google.com\/gview?url=http%3A%2F%2Fsitetab3.ac-reims.fr%2Flp-eiffel%2F-wp-%2Fwp-content%2Fuploads%2Ffournit-cap-hort.pdf\" target=\"_blank\" rel=\"noreferrer noopener\">CAP en Horticulture<\/a><\/div>\n\n\n\n<div class=\"wp-block-button\"><a class=\"wp-block-button__link\" href=\"http:\/\/docs.google.com\/gview?url=http%3A%2F%2Fsitetab3.ac-reims.fr%2Flp-eiffel%2F-wp-%2Fwp-content%2Fuploads%2Ffournit-cap-har-brasserie.pdf\" target=\"_blank\" rel=\"noreferrer noopener\">CAP CSHCR (H\u00f4tellerie Commercialisation et Service en H\u00f4tel-Caf\u00e9-Restaurant)<\/a><\/div>\n\n\n\n<div class=\"wp-block-button\"><a class=\"wp-block-button__link\" href=\"http:\/\/docs.google.com\/gview?url=http%3A%2F%2Fsitetab3.ac-reims.fr%2Flp-eiffel%2F-wp-%2Fwp-content%2Fuploads%2Ffournit-cap-hr-cuisine.pdf\" target=\"_blank\" rel=\"noreferrer noopener\">CAP H\u00f4tellerie Cuisine<\/a><\/div>\n\n\n\n<div class=\"wp-block-button\"><a class=\"wp-block-button__link\" href=\"http:\/\/docs.google.com\/gview?url=http%3A%2F%2Fsitetab3.ac-reims.fr%2Flp-eiffel%2F-wp-%2Fwp-content%2Fuploads%2Ffournit-cap-car.pdf\" target=\"_blank\" rel=\"noreferrer noopener\">CAP Peinture en Carrosserie<\/a><\/div>\n\n\n\n<div class=\"wp-block-button\"><a class=\"wp-block-button__link\" href=\"http:\/\/docs.google.com\/gview?url=http%3A%2F%2Fsitetab3.ac-reims.fr%2Flp-eiffel%2F-wp-%2Fwp-content%2Fuploads%2Ffournit-cap-mmpj.pdf\" target=\"_blank\" rel=\"noreferrer noopener\">CAP Maintenance Mat\u00e9riels Parcs et Jardins<\/a><\/div>\n<\/div>\n\n\n\n<div class=\"wp-block-buttons is-layout-flex wp-block-buttons-is-layout-flex\">\n<div class=\"wp-block-button\"><a class=\"wp-block-button__link\" href=\"http:\/\/docs.google.com\/gview?url=http%3A%2F%2Fsitetab3.ac-reims.fr%2Flp-eiffel%2F-wp-%2Fwp-content%2Fuploads%2Ffournit-mcdr.pdf\" target=\"_blank\" rel=\"noreferrer noopener\">Mention Compl\u00e9mentaire Cuisinier en Dessert de Restaurant<\/a><\/div>\n\n\n\n<div class=\"wp-block-button\"><a class=\"wp-block-button__link\" href=\"http:\/\/docs.google.com\/gview?url=http%3A%2F%2Fsitetab3.ac-reims.fr%2Flp-eiffel%2F-wp-%2Fwp-content%2Fuploads%2Ffournit-mcsom.pdf\" target=\"_blank\" rel=\"noreferrer noopener\">Mention Compl\u00e9mentaire Sommellerie<\/a><\/div>\n<\/div>\n","protected":false},"excerpt":{"rendered":"<p>Le lyc\u00e9e vous accueille \u00e0 cet effet : Le lundi 26 juin pour les classes de 3i\u00e8me, Puis pour les autres classes :du mercredi 28 au vendredi 30 juin,et du lundi 3 au mardi 4 juillet. Entre 8h30 et 18h, sauf le vendredi 30 juin (se termine \u00e0 17h). ATTENTIONTout dossier incomplet sera refus\u00e9.Merci de [&hellip;]<\/p>\n","protected":false},"author":1,"featured_media":0,"parent":0,"menu_order":0,"comment_status":"closed","ping_status":"closed","template":"","meta":{"ngg_post_thumbnail":0,"footnotes":""},"_links":{"self":[{"href":"https:\/\/sitetab3.ac-reims.fr\/lp-eiffel\/-wp-\/wp-json\/wp\/v2\/pages\/1059"}],"collection":[{"href":"https:\/\/sitetab3.ac-reims.fr\/lp-eiffel\/-wp-\/wp-json\/wp\/v2\/pages"}],"about":[{"href":"https:\/\/sitetab3.ac-reims.fr\/lp-eiffel\/-wp-\/wp-json\/wp\/v2\/types\/page"}],"author":[{"embeddable":true,"href":"https:\/\/sitetab3.ac-reims.fr\/lp-eiffel\/-wp-\/wp-json\/wp\/v2\/users\/1"}],"replies":[{"embeddable":true,"href":"https:\/\/sitetab3.ac-reims.fr\/lp-eiffel\/-wp-\/wp-json\/wp\/v2\/comments?post=1059"}],"version-history":[{"count":16,"href":"https:\/\/sitetab3.ac-reims.fr\/lp-eiffel\/-wp-\/wp-json\/wp\/v2\/pages\/1059\/revisions"}],"predecessor-version":[{"id":1108,"href":"https:\/\/sitetab3.ac-reims.fr\/lp-eiffel\/-wp-\/wp-json\/wp\/v2\/pages\/1059\/revisions\/1108"}],"wp:attachment":[{"href":"https:\/\/sitetab3.ac-reims.fr\/lp-eiffel\/-wp-\/wp-json\/wp\/v2\/media?parent=1059"}],"curies":[{"name":"wp","href":"https:\/\/api.w.org\/{rel}","templated":true}]}}