{"id":107,"date":"2022-01-10T15:57:14","date_gmt":"2022-01-10T14:57:14","guid":{"rendered":"http:\/\/sitetab3.ac-reims.fr\/lp-eiffel\/-wp-\/?page_id=107"},"modified":"2022-12-02T13:39:47","modified_gmt":"2022-12-02T12:39:47","slug":"boulangerie-patisserie","status":"publish","type":"page","link":"https:\/\/sitetab3.ac-reims.fr\/lp-eiffel\/-wp-\/services-restauration-hotellerie\/boulangerie-patisserie\/","title":{"rendered":"Boulangerie-P\u00e2tisserie"},"content":{"rendered":"<h3 style=\"text-align: center; font-size: large;\">ESPACE DE VALORISATION ET COMMERCIALISATION<br \/>\nBOULANGERIE-PATISSERIE<br \/>\nDU LYC\u00c9E DES M\u00c9TIERS GUSTAVE EIFFEL<\/h3>\n<p style=\"text-align: center;\"><a href=\"http:\/\/sitetab3.ac-reims.fr\/lp-eiffel\/-wp-\/wp-content\/uploads\/boul-pat1.jpg\"><img loading=\"lazy\" decoding=\"async\" class=\"alignnone size-full wp-image-108\" src=\"http:\/\/sitetab3.ac-reims.fr\/lp-eiffel\/-wp-\/wp-content\/uploads\/boul-pat1.jpg\" alt=\"\" width=\"640\" height=\"462\" srcset=\"https:\/\/sitetab3.ac-reims.fr\/lp-eiffel\/-wp-\/wp-content\/uploads\/boul-pat1.jpg 640w, https:\/\/sitetab3.ac-reims.fr\/lp-eiffel\/-wp-\/wp-content\/uploads\/boul-pat1-300x217.jpg 300w\" sizes=\"(max-width: 640px) 100vw, 640px\" \/><\/a><\/p>\n<p>Chers(es) clients(es),<\/p>\n<p>Venez d\u00e9couvrir les diff\u00e9rentes pr\u00e9parations sucr\u00e9es et sal\u00e9es r\u00e9alis\u00e9es par nos \u00e9l\u00e8ves de BAC PRO Boulangerie-P\u00e2tisserie au Lyc\u00e9e des m\u00e9tiers Gustave Eiffel.<\/p>\n<p>Vous y trouverez tout ce qu\u2019il vous faut pour satisfaire vos papilles.<\/p>\n<p>Exemples de produits fabriqu\u00e9s dans nos laboratoires selon la progression p\u00e9dagogique:<\/p>\n<ul>\n<li>Nombreuses vari\u00e9t\u00e9s de pains (baguette tradition, pain de campagne, pain aux c\u00e9r\u00e9ales\u2026)<\/li>\n<li>Assortiments de viennoiseries (croissant, pain au chocolat, pain au lait\u2026)<\/li>\n<li>Entremets et petits g\u00e2teaux de toutes sortes (\u00e9clairs, tarte amandine\u2026)<\/li>\n<li>Diverses sp\u00e9cialit\u00e9s sal\u00e9es (quiche, tourte \u00e0 la viande\u2026)<\/li>\n<\/ul>\n<h2 style=\"text-align: left;\">Horaires d\u2019ouverture<\/h2>\n<p style=\"text-align: left;\">Ces horaires restent sous r\u00e9serve des p\u00e9riodes de stage de nos \u00e9l\u00e8ves et des diverses conditions<\/p>\n<p style=\"text-align: left;\">de production (examen professionnel).<\/p>\n<p style=\"margin: 2em auto; width: 50%; min-width: 300px; text-align: center; line-height: 1.5em; font-size: 2em; border: 12px solid #aaa;\"><strong>Mardi Jeudi<\/strong> et <strong>Vendredi<br \/>\n<\/strong>de 11h30 \u00e0 13h00<\/p>\n<p><!--p style=\"text-align: center;\">\n\n\n<h1 style=\"text-align: center;\" mce_style=\"text-align: center;\">Lundi et Mardi de 11h30 \u00e0 14h30<\/h1>\n\n\n\n\n<h1 style=\"text-align: center;\" mce_style=\"text-align: center;\">Vendredi de 11h30 \u00e0 13h00<\/h1>\n\n\n\n\n<p style=\"text-align: center;\" mce_style=\"text-align: center;\"><\/p--><\/p>\n<h2 style=\"text-align: left;\">O\u00f9 nous trouver ?<\/h2>\n<p>L\u2019espace de valorisation et commercialisation boulangerie-p\u00e2tisserie se situe aux b\u00e2timents modulaires en face de la cantine scolaire.<\/p>\n<p>Cet espace permet avant tout de mettre en avant les productions de nos \u00e9l\u00e8ves.<\/p>\n<p><a href=\"http:\/\/sitetab3.ac-reims.fr\/lp-eiffel\/-wp-\/wp-content\/uploads\/boul-pat3.jpg\"><img loading=\"lazy\" decoding=\"async\" class=\"alignnone size-full wp-image-109\" src=\"http:\/\/sitetab3.ac-reims.fr\/lp-eiffel\/-wp-\/wp-content\/uploads\/boul-pat3.jpg\" alt=\"\" width=\"640\" height=\"442\" srcset=\"https:\/\/sitetab3.ac-reims.fr\/lp-eiffel\/-wp-\/wp-content\/uploads\/boul-pat3.jpg 640w, https:\/\/sitetab3.ac-reims.fr\/lp-eiffel\/-wp-\/wp-content\/uploads\/boul-pat3-300x207.jpg 300w\" sizes=\"(max-width: 640px) 100vw, 640px\" \/><\/a> <a href=\"http:\/\/sitetab3.ac-reims.fr\/lp-eiffel\/-wp-\/wp-content\/uploads\/Mindmap-lieux-lycee-Eiffel-2.png\"><img loading=\"lazy\" decoding=\"async\" class=\"alignnone size-full wp-image-110\" src=\"http:\/\/sitetab3.ac-reims.fr\/lp-eiffel\/-wp-\/wp-content\/uploads\/Mindmap-lieux-lycee-Eiffel-2.png\" alt=\"\" width=\"470\" height=\"679\" srcset=\"https:\/\/sitetab3.ac-reims.fr\/lp-eiffel\/-wp-\/wp-content\/uploads\/Mindmap-lieux-lycee-Eiffel-2.png 470w, https:\/\/sitetab3.ac-reims.fr\/lp-eiffel\/-wp-\/wp-content\/uploads\/Mindmap-lieux-lycee-Eiffel-2-208x300.png 208w\" sizes=\"(max-width: 470px) 100vw, 470px\" \/><\/a><\/p>\n<h2>Comment commander ?<\/h2>\n<p>Pour passer commande, veuillez prendre contact directement aupr\u00e8s d\u2019un enseignant du lundi au vendredi aux b\u00e2timents modulaires boulangerie-p\u00e2tisserie et aupr\u00e8s de l&rsquo;assistant DDFPT (M. Depaix).<\/p>\n<h3>Les \u00e9quipes professionnelles du Lyc\u00e9e des M\u00e9tiers Gustave Eiffel<\/h3>\n<hr class=\"separ\">\n","protected":false},"excerpt":{"rendered":"<p>ESPACE DE VALORISATION ET COMMERCIALISATION BOULANGERIE-PATISSERIE DU LYC\u00c9E DES M\u00c9TIERS GUSTAVE EIFFEL Chers(es) clients(es), Venez d\u00e9couvrir les diff\u00e9rentes pr\u00e9parations sucr\u00e9es et sal\u00e9es r\u00e9alis\u00e9es par nos \u00e9l\u00e8ves de BAC PRO Boulangerie-P\u00e2tisserie au Lyc\u00e9e des m\u00e9tiers Gustave Eiffel. Vous y trouverez tout ce qu\u2019il vous faut pour satisfaire vos papilles. Exemples de produits fabriqu\u00e9s dans nos laboratoires [&hellip;]<\/p>\n","protected":false},"author":1,"featured_media":0,"parent":82,"menu_order":0,"comment_status":"closed","ping_status":"closed","template":"","meta":{"ngg_post_thumbnail":0,"footnotes":""},"_links":{"self":[{"href":"https:\/\/sitetab3.ac-reims.fr\/lp-eiffel\/-wp-\/wp-json\/wp\/v2\/pages\/107"}],"collection":[{"href":"https:\/\/sitetab3.ac-reims.fr\/lp-eiffel\/-wp-\/wp-json\/wp\/v2\/pages"}],"about":[{"href":"https:\/\/sitetab3.ac-reims.fr\/lp-eiffel\/-wp-\/wp-json\/wp\/v2\/types\/page"}],"author":[{"embeddable":true,"href":"https:\/\/sitetab3.ac-reims.fr\/lp-eiffel\/-wp-\/wp-json\/wp\/v2\/users\/1"}],"replies":[{"embeddable":true,"href":"https:\/\/sitetab3.ac-reims.fr\/lp-eiffel\/-wp-\/wp-json\/wp\/v2\/comments?post=107"}],"version-history":[{"count":6,"href":"https:\/\/sitetab3.ac-reims.fr\/lp-eiffel\/-wp-\/wp-json\/wp\/v2\/pages\/107\/revisions"}],"predecessor-version":[{"id":952,"href":"https:\/\/sitetab3.ac-reims.fr\/lp-eiffel\/-wp-\/wp-json\/wp\/v2\/pages\/107\/revisions\/952"}],"up":[{"embeddable":true,"href":"https:\/\/sitetab3.ac-reims.fr\/lp-eiffel\/-wp-\/wp-json\/wp\/v2\/pages\/82"}],"wp:attachment":[{"href":"https:\/\/sitetab3.ac-reims.fr\/lp-eiffel\/-wp-\/wp-json\/wp\/v2\/media?parent=107"}],"curies":[{"name":"wp","href":"https:\/\/api.w.org\/{rel}","templated":true}]}}