{"id":116,"date":"2022-01-10T16:10:20","date_gmt":"2022-01-10T15:10:20","guid":{"rendered":"http:\/\/sitetab3.ac-reims.fr\/lp-eiffel\/-wp-\/?page_id=116"},"modified":"2023-05-04T10:21:14","modified_gmt":"2023-05-04T08:21:14","slug":"cdi","status":"publish","type":"page","link":"https:\/\/sitetab3.ac-reims.fr\/lp-eiffel\/-wp-\/vie-lyceenne\/cdi\/","title":{"rendered":"CDI"},"content":{"rendered":"\n<p>Le Centre de Documentation et d\u2019Information (situ\u00e9 dans le b\u00e2timent C) occupe une surface de 300 m<sup>2<\/sup>.<br>La professeure-documentaliste est Mme Dangin<br>Le CDI est structur\u00e9 en diff\u00e9rents espaces :<\/p>\n\n\n\n<ul><li>banque d\u2019accueil et de pr\u00eat<\/li><li>postes de consultation et de recherche informatique<\/li><li>coin lecture-presse (30 abonnements disponibles)<\/li><li>espace ONISEP orientation-m\u00e9tiers<\/li><li>rayons romans, documentaires, BD, manuels scolaires<\/li><li>espace d\u2019exposition<\/li><\/ul>\n\n\n\n<p>Vous pouvez consulter la base des documents disponibles au LP Eiffel en cliquant sur le lien suivant :<\/p>\n\n\n\n<div class=\"wp-block-buttons is-layout-flex wp-block-buttons-is-layout-flex\">\n<div class=\"wp-block-button\"><a class=\"wp-block-button__link\" href=\"https:\/\/0510036m.esidoc.fr\/\">Portail documentaire du CDI Eiffel<\/a><\/div>\n<\/div>\n\n\n<table border=\"0\">\n<tbody>\n<tr>\n<td><a href=\"http:\/\/sitetab3.ac-reims.fr\/lp-eiffel\/-wp-\/wp-content\/uploads\/20220201_094851-scaled.jpg\"><img loading=\"lazy\" decoding=\"async\" width=\"2560\" height=\"1920\" class=\"size-full wp-image-592 aligncenter\" src=\"http:\/\/sitetab3.ac-reims.fr\/lp-eiffel\/-wp-\/wp-content\/uploads\/20220201_094851-scaled.jpg\" alt=\"\" style=\"max-width:100%;\" srcset=\"https:\/\/sitetab3.ac-reims.fr\/lp-eiffel\/-wp-\/wp-content\/uploads\/20220201_094851-scaled.jpg 2560w, https:\/\/sitetab3.ac-reims.fr\/lp-eiffel\/-wp-\/wp-content\/uploads\/20220201_094851-300x225.jpg 300w, https:\/\/sitetab3.ac-reims.fr\/lp-eiffel\/-wp-\/wp-content\/uploads\/20220201_094851-1024x768.jpg 1024w, https:\/\/sitetab3.ac-reims.fr\/lp-eiffel\/-wp-\/wp-content\/uploads\/20220201_094851-768x576.jpg 768w, https:\/\/sitetab3.ac-reims.fr\/lp-eiffel\/-wp-\/wp-content\/uploads\/20220201_094851-1536x1152.jpg 1536w, https:\/\/sitetab3.ac-reims.fr\/lp-eiffel\/-wp-\/wp-content\/uploads\/20220201_094851-2048x1536.jpg 2048w\" sizes=\"(max-width: 2560px) 100vw, 2560px\" \/><\/a><\/td>\n<td><a href=\"http:\/\/sitetab3.ac-reims.fr\/lp-eiffel\/-wp-\/wp-content\/uploads\/20220201_094927-scaled.jpg\"><img loading=\"lazy\" decoding=\"async\" width=\"2560\" height=\"1920\" class=\"size-full wp-image-593 aligncenter\" src=\"http:\/\/sitetab3.ac-reims.fr\/lp-eiffel\/-wp-\/wp-content\/uploads\/20220201_094927-scaled.jpg\" alt=\"\" style=\"max-width:100%;\" srcset=\"https:\/\/sitetab3.ac-reims.fr\/lp-eiffel\/-wp-\/wp-content\/uploads\/20220201_094927-scaled.jpg 2560w, https:\/\/sitetab3.ac-reims.fr\/lp-eiffel\/-wp-\/wp-content\/uploads\/20220201_094927-300x225.jpg 300w, https:\/\/sitetab3.ac-reims.fr\/lp-eiffel\/-wp-\/wp-content\/uploads\/20220201_094927-1024x768.jpg 1024w, https:\/\/sitetab3.ac-reims.fr\/lp-eiffel\/-wp-\/wp-content\/uploads\/20220201_094927-768x576.jpg 768w, https:\/\/sitetab3.ac-reims.fr\/lp-eiffel\/-wp-\/wp-content\/uploads\/20220201_094927-1536x1152.jpg 1536w, https:\/\/sitetab3.ac-reims.fr\/lp-eiffel\/-wp-\/wp-content\/uploads\/20220201_094927-2048x1536.jpg 2048w\" sizes=\"(max-width: 2560px) 100vw, 2560px\" \/><\/a><\/td>\n<td><a href=\"http:\/\/sitetab3.ac-reims.fr\/lp-eiffel\/-wp-\/wp-content\/uploads\/20220201_095023-scaled.jpg\"><img loading=\"lazy\" decoding=\"async\" width=\"2560\" height=\"1920\" class=\"size-full wp-image-594 aligncenter\" src=\"http:\/\/sitetab3.ac-reims.fr\/lp-eiffel\/-wp-\/wp-content\/uploads\/20220201_095023-scaled.jpg\" alt=\"\" style=\"max-width:100%;\" srcset=\"https:\/\/sitetab3.ac-reims.fr\/lp-eiffel\/-wp-\/wp-content\/uploads\/20220201_095023-scaled.jpg 2560w, https:\/\/sitetab3.ac-reims.fr\/lp-eiffel\/-wp-\/wp-content\/uploads\/20220201_095023-300x225.jpg 300w, https:\/\/sitetab3.ac-reims.fr\/lp-eiffel\/-wp-\/wp-content\/uploads\/20220201_095023-1024x768.jpg 1024w, https:\/\/sitetab3.ac-reims.fr\/lp-eiffel\/-wp-\/wp-content\/uploads\/20220201_095023-768x576.jpg 768w, https:\/\/sitetab3.ac-reims.fr\/lp-eiffel\/-wp-\/wp-content\/uploads\/20220201_095023-1536x1152.jpg 1536w, https:\/\/sitetab3.ac-reims.fr\/lp-eiffel\/-wp-\/wp-content\/uploads\/20220201_095023-2048x1536.jpg 2048w\" sizes=\"(max-width: 2560px) 100vw, 2560px\" \/><\/a><\/td>\n<\/tr>\n<\/tbody>\n<\/table>\n<p>Centre de ressources multi-media de l\u2019\u00e9tablissement, c\u2019est aussi un lieu privil\u00e9gi\u00e9 d\u2019information, de lecture, de recherche, de format et de travail. Il est ouvert \u00e0 tous les \u00e9l\u00e8ves et au personnel de l\u2019\u00e9tablissement. Les \u00e9l\u00e8ves y viennent soit individuellement, soit en groupe-classe avec un professeur pour apprendre \u00e0 se rep\u00e9rer dans les rayons, \u00e0 ma\u00eetriser la recherche documentaire, \u00e0 s\u00e9lectionner les documents pertinents et \u00e0 d\u00e9velopper leur esprit critique (\u00c9ducation aux m\u00e9dias et \u00e0 l\u2019information). Les usagers disposent d\u2019ordinateurs qu\u2019ils peuvent utiliser dans le respect de la charte informatique. Ils peuvent aussi travailler avec leur ordinateur portable ou tablette personnels.<br>Les actions men\u00e9es au CDI visent aussi \u00e0 \u00e9largir leur horizon culturel.<br>&nbsp;<\/p>\n<p>Au programme 2021\/2022 :<\/p>\n<p>Ateliers d\u2019\u00e9criture, Th\u00e9\u00e2tre, Rencontre d\u2019artistes et d\u2019une journaliste.<br>Une classe de 2nde participe au Prix Plume de Paon des Lyc\u00e9ens 2022. (livres audio)<br>Les \u00e9l\u00e8ves peuvent aussi s\u2019inscrire au <a href=\"https:\/\/www.mangawa.com\/\">concours de lecture : le \u00ab Prix Mangawa \u00bb<\/a> (15 mangas s\u00e9lectionn\u00e9s)<br>En mars, lors du Mois de l\u2019Autre, une exposition r\u00e9alis\u00e9e par les \u00e9l\u00e8ves de 1B3R1 et 1B3R2 sensibilisera au respect des diff\u00e9rences.<\/p>","protected":false},"excerpt":{"rendered":"<p>Le Centre de Documentation et d\u2019Information (situ\u00e9 dans le b\u00e2timent C) occupe une surface de 300 m2.La professeure-documentaliste est Mme DanginLe CDI est structur\u00e9 en diff\u00e9rents espaces : banque d\u2019accueil et de pr\u00eat postes de consultation et de recherche informatique coin lecture-presse (30 abonnements disponibles) espace ONISEP orientation-m\u00e9tiers rayons romans, documentaires, BD, manuels scolaires espace [&hellip;]<\/p>\n","protected":false},"author":1,"featured_media":0,"parent":346,"menu_order":0,"comment_status":"closed","ping_status":"closed","template":"","meta":{"ngg_post_thumbnail":0,"footnotes":""},"_links":{"self":[{"href":"https:\/\/sitetab3.ac-reims.fr\/lp-eiffel\/-wp-\/wp-json\/wp\/v2\/pages\/116"}],"collection":[{"href":"https:\/\/sitetab3.ac-reims.fr\/lp-eiffel\/-wp-\/wp-json\/wp\/v2\/pages"}],"about":[{"href":"https:\/\/sitetab3.ac-reims.fr\/lp-eiffel\/-wp-\/wp-json\/wp\/v2\/types\/page"}],"author":[{"embeddable":true,"href":"https:\/\/sitetab3.ac-reims.fr\/lp-eiffel\/-wp-\/wp-json\/wp\/v2\/users\/1"}],"replies":[{"embeddable":true,"href":"https:\/\/sitetab3.ac-reims.fr\/lp-eiffel\/-wp-\/wp-json\/wp\/v2\/comments?post=116"}],"version-history":[{"count":12,"href":"https:\/\/sitetab3.ac-reims.fr\/lp-eiffel\/-wp-\/wp-json\/wp\/v2\/pages\/116\/revisions"}],"predecessor-version":[{"id":1009,"href":"https:\/\/sitetab3.ac-reims.fr\/lp-eiffel\/-wp-\/wp-json\/wp\/v2\/pages\/116\/revisions\/1009"}],"up":[{"embeddable":true,"href":"https:\/\/sitetab3.ac-reims.fr\/lp-eiffel\/-wp-\/wp-json\/wp\/v2\/pages\/346"}],"wp:attachment":[{"href":"https:\/\/sitetab3.ac-reims.fr\/lp-eiffel\/-wp-\/wp-json\/wp\/v2\/media?parent=116"}],"curies":[{"name":"wp","href":"https:\/\/api.w.org\/{rel}","templated":true}]}}