{"id":125,"date":"2022-01-10T16:20:58","date_gmt":"2022-01-10T15:20:58","guid":{"rendered":"http:\/\/sitetab3.ac-reims.fr\/lp-eiffel\/-wp-\/?page_id=125"},"modified":"2022-01-28T12:22:42","modified_gmt":"2022-01-28T11:22:42","slug":"infirmerie","status":"publish","type":"page","link":"https:\/\/sitetab3.ac-reims.fr\/lp-eiffel\/-wp-\/vie-lyceenne\/infirmerie\/","title":{"rendered":"Infirmerie"},"content":{"rendered":"<p><strong style=\"text-indent: 60px;\">L&rsquo;infirmerie est ouverte:<\/strong><\/p>\n<p>&#8211; le lundi de 9h a 17 h 30<a href=\"http:\/\/sitetab3.ac-reims.fr\/lp-eiffel\/-wp-\/wp-content\/uploads\/croix_rouge.jpg\"><img loading=\"lazy\" decoding=\"async\" class=\"size-full wp-image-126 alignright\" src=\"http:\/\/sitetab3.ac-reims.fr\/lp-eiffel\/-wp-\/wp-content\/uploads\/croix_rouge.jpg\" alt=\"\" width=\"200\" height=\"200\" srcset=\"https:\/\/sitetab3.ac-reims.fr\/lp-eiffel\/-wp-\/wp-content\/uploads\/croix_rouge.jpg 200w, https:\/\/sitetab3.ac-reims.fr\/lp-eiffel\/-wp-\/wp-content\/uploads\/croix_rouge-150x150.jpg 150w\" sizes=\"(max-width: 200px) 100vw, 200px\" \/><\/a><\/p>\n<p>-le mardi de 8h30 a 17h 30<\/p>\n<p>-le mercredi de 8h a 14 h 30<\/p>\n<p>&nbsp;-le jeudi de 8h a 12h<\/p>\n<p>&#8211; le vendredi de 8h \u00e0 15h.<\/p>\n<p><strong>Le r\u00f4le du service infirmier :<\/strong><\/p>\n<p style=\"text-indent: 60px;\">Dispense de soins de nature curative, c&rsquo;est \u00e0 dire assurer les urgences, les soins ponctuels et quotidiens relevant du r\u00f4le propre de l&rsquo;infirmi\u00e8re ou en application d&rsquo;une prescription m\u00e9dicale.<\/p>\n<p style=\"text-indent: 60px;\">Dispense de soins de nature relationnelle, c&rsquo;est \u00e0 dire favoriser un dialogue soign\u00e9\/soignant de qualit\u00e9 visant \u00e0 aider la personne dans l&rsquo;\u00e9laboration de son projet de vie.<\/p>\n<p style=\"text-indent: 60px;\">D\u00e9veloppement des dimensions \u00e9ducatives et pr\u00e9ventives en mati\u00e8re de sant\u00e9, c&rsquo;est \u00e0 dire permettre \u00e0 toute personne de s&rsquo;informer, de se responsabiliser face aux difficult\u00e9s rencontr\u00e9es pour elle-m\u00eame ou vis \u00e0 vis d&rsquo;autrui.<\/p>\n<p style=\"text-indent: 60px;\">Dans cette optique, les actions pr\u00e9vues dans le projet d&rsquo;\u00e9tablissement dans le domaine de la sant\u00e9 ont \u00e9t\u00e9 et sont actuellement ax\u00e9es sur les th\u00e8mes suivants :<\/p>\n<p>&#8211; Comportement vis \u00e0 vis de soi-m\u00eame, vis \u00e0 vis des autres (tol\u00e9rance, respect, s\u00e9curit\u00e9, violence, SST&#8230;).<br \/>\n&#8211; R\u00e9flexion sur notre hygi\u00e8ne de vie (alimentation, sommeil, propret\u00e9, loisirs&#8230;).<br \/>\n&#8211; Pr\u00e9vention en mati\u00e8re de consommation de produits toxiques (tabac, alcool, m\u00e9dicaments, drogues&#8230;).<br \/>\n&#8211; Information en mati\u00e8re d&rsquo;\u00e9ducation \u00e0 la sexualit\u00e9 et \u00e0 la vie.<\/p>\n<p style=\"text-indent: 60px;\"><strong>Notre objectif : <\/strong>Faire reconna\u00eetre la sant\u00e9 comme un des vecteurs de citoyennet\u00e9, comme une ressource de vie et non un but en soi.<\/p>\n","protected":false},"excerpt":{"rendered":"<p>L&rsquo;infirmerie est ouverte: &#8211; le lundi de 9h a 17 h 30 -le mardi de 8h30 a 17h 30 -le mercredi de 8h a 14 h 30 &nbsp;-le jeudi de 8h a 12h &#8211; le vendredi de 8h \u00e0 15h. Le r\u00f4le du service infirmier : Dispense de soins de nature curative, c&rsquo;est \u00e0 dire [&hellip;]<\/p>\n","protected":false},"author":1,"featured_media":0,"parent":346,"menu_order":0,"comment_status":"closed","ping_status":"closed","template":"","meta":{"ngg_post_thumbnail":0,"footnotes":""},"_links":{"self":[{"href":"https:\/\/sitetab3.ac-reims.fr\/lp-eiffel\/-wp-\/wp-json\/wp\/v2\/pages\/125"}],"collection":[{"href":"https:\/\/sitetab3.ac-reims.fr\/lp-eiffel\/-wp-\/wp-json\/wp\/v2\/pages"}],"about":[{"href":"https:\/\/sitetab3.ac-reims.fr\/lp-eiffel\/-wp-\/wp-json\/wp\/v2\/types\/page"}],"author":[{"embeddable":true,"href":"https:\/\/sitetab3.ac-reims.fr\/lp-eiffel\/-wp-\/wp-json\/wp\/v2\/users\/1"}],"replies":[{"embeddable":true,"href":"https:\/\/sitetab3.ac-reims.fr\/lp-eiffel\/-wp-\/wp-json\/wp\/v2\/comments?post=125"}],"version-history":[{"count":5,"href":"https:\/\/sitetab3.ac-reims.fr\/lp-eiffel\/-wp-\/wp-json\/wp\/v2\/pages\/125\/revisions"}],"predecessor-version":[{"id":529,"href":"https:\/\/sitetab3.ac-reims.fr\/lp-eiffel\/-wp-\/wp-json\/wp\/v2\/pages\/125\/revisions\/529"}],"up":[{"embeddable":true,"href":"https:\/\/sitetab3.ac-reims.fr\/lp-eiffel\/-wp-\/wp-json\/wp\/v2\/pages\/346"}],"wp:attachment":[{"href":"https:\/\/sitetab3.ac-reims.fr\/lp-eiffel\/-wp-\/wp-json\/wp\/v2\/media?parent=125"}],"curies":[{"name":"wp","href":"https:\/\/api.w.org\/{rel}","templated":true}]}}