{"id":133,"date":"2022-01-11T09:10:10","date_gmt":"2022-01-11T08:10:10","guid":{"rendered":"http:\/\/sitetab3.ac-reims.fr\/lp-eiffel\/-wp-\/?page_id=133"},"modified":"2022-01-31T16:10:31","modified_gmt":"2022-01-31T15:10:31","slug":"nos-formations","status":"publish","type":"page","link":"https:\/\/sitetab3.ac-reims.fr\/lp-eiffel\/-wp-\/nos-formations\/","title":{"rendered":"Nos Formations scolaires"},"content":{"rendered":"<table class=\" aligncenter\" style=\"margin: 1em auto; text-align: center; width: 98.1056%; height: 192px;\" border=\"0\">\n<tbody>\n<tr style=\"height: 7em;\">\n<td style=\"border-color: #cc3399; border-style: solid; border-width: 8px 1px 1px; border-image: none 100% \/ 1 \/ 0 stretch; width: 19.7433%; height: 95px;\"><span style=\"text-decoration: underline;\"><a href=\"http:\/\/sitetab3.ac-reims.fr\/lp-eiffel\/-wp-\/nos-formations\/alimentation-hotellerie-restauration\/\"><img loading=\"lazy\" decoding=\"async\" class=\"alignnone wp-image-136 size-full\" src=\"http:\/\/sitetab3.ac-reims.fr\/lp-eiffel\/-wp-\/wp-content\/uploads\/logo_hotellerie.png\" alt=\"\" width=\"108\" height=\"106\"><\/a><\/span><\/td>\n<td style=\"border-color: #cc3399; border-style: solid; border-width: 8px 1px 1px; border-image: none 100% \/ 1 \/ 0 stretch; width: 20.5633%; height: 95px;\"><span style=\"text-decoration: underline;\"><a href=\"http:\/\/sitetab3.ac-reims.fr\/lp-eiffel\/-wp-\/nos-formations\/automobile\/\"><img loading=\"lazy\" decoding=\"async\" class=\"alignnone wp-image-134 size-full\" src=\"http:\/\/sitetab3.ac-reims.fr\/lp-eiffel\/-wp-\/wp-content\/uploads\/logo_automobile.png\" alt=\"\" width=\"105\" height=\"106\"><\/a><\/span><\/td>\n<td style=\"border-color: #cc3399; border-style: solid; border-width: 8px 1px 1px; border-image: none 100% \/ 1 \/ 0 stretch; width: 20.2611%; height: 95px;\"><span style=\"text-decoration: underline;\"><a href=\"http:\/\/sitetab3.ac-reims.fr\/lp-eiffel\/-wp-\/nos-formations\/horticulture\/\"><img loading=\"lazy\" decoding=\"async\" class=\"alignnone wp-image-135 size-full\" src=\"http:\/\/sitetab3.ac-reims.fr\/lp-eiffel\/-wp-\/wp-content\/uploads\/logo_horticulture.png\" alt=\"\" width=\"106\" height=\"105\"><\/a><\/span><\/td>\n<td style=\"border-color: #cc3399; border-style: solid; border-width: 8px 1px 1px; border-image: none 100% \/ 1 \/ 0 stretch; width: 19.1683%; height: 95px;\"><span style=\"text-decoration: underline;\"><a href=\"http:\/\/sitetab3.ac-reims.fr\/lp-eiffel\/-wp-\/nos-formations\/chaudronnerie-industrielle\/\"><img loading=\"lazy\" decoding=\"async\" class=\"alignnone wp-image-137 size-full\" src=\"http:\/\/sitetab3.ac-reims.fr\/lp-eiffel\/-wp-\/wp-content\/uploads\/logo_metal.png\" alt=\"\" width=\"107\" height=\"106\"><\/a><\/span><\/td>\n<td style=\"border-color: #cc3399; border-style: solid; border-width: 8px 1px 1px; border-image: none 100% \/ 1 \/ 0 stretch; width: 17.0994%; height: 95px;\"><span style=\"text-decoration: underline;\"><a href=\"http:\/\/sitetab3.ac-reims.fr\/lp-eiffel\/-wp-\/nos-formations\/lalimenter\/\"><img loading=\"lazy\" decoding=\"async\" class=\"alignnone wp-image-446\" src=\"http:\/\/sitetab3.ac-reims.fr\/lp-eiffel\/-wp-\/wp-content\/uploads\/logo-alim-1.png\" alt=\"\" width=\"100\" height=\"100\"><\/a><\/span><\/td>\n<\/tr>\n<tr style=\"background-color: #93246f; font-weight: bold; padding: 0.5em;\">\n<td style=\"padding: 0.5em; width: 19.7433%; height: 97px;\">\n<h6><span style=\"text-decoration: underline;\"><span style=\"font-size: 12pt; background-color: #993366;\"><a style=\"color: #ffffff; background-color: #993366; text-decoration: underline;\" href=\"http:\/\/sitetab3.ac-reims.fr\/lp-eiffel\/-wp-\/nos-formations\/alimentation-hotellerie-restauration\/\">P\u00f4le h\u00f4tellerie &#8211; restauration<\/a><\/span><\/span><\/h6>\n<\/td>\n<td style=\"padding: 0.5em; width: 20.5633%; height: 97px;\">\n<h6><span style=\"text-decoration: underline;\"><span style=\"font-size: 12pt; background-color: #993366;\"><a style=\"color: #ffffff; background-color: #993366; text-decoration: underline;\" href=\"http:\/\/sitetab3.ac-reims.fr\/lp-eiffel\/-wp-\/nos-formations\/automobile\/\">P\u00f4le industrie &#8211; automobile<\/a><\/span><\/span><\/h6>\n<\/td>\n<td style=\"padding: 0.5em; width: 20.2611%; height: 97px;\">\n<h6><span style=\"text-decoration: underline;\"><span style=\"font-size: 12pt; background-color: #993366;\"><a style=\"color: #ffffff; background-color: #993366; text-decoration: underline;\" href=\"http:\/\/sitetab3.ac-reims.fr\/lp-eiffel\/-wp-\/nos-formations\/horticulture\/\">P\u00f4le horticulture<\/a><\/span><\/span><\/h6>\n<\/td>\n<td style=\"padding: 0.5em; width: 19.1683%; height: 97px;\">\n<h6><span style=\"text-decoration: underline;\"><span style=\"font-size: 12pt; background-color: #993366;\"><a style=\"color: #ffffff; background-color: #993366; text-decoration: underline;\" href=\"http:\/\/sitetab3.ac-reims.fr\/lp-eiffel\/-wp-\/nos-formations\/chaudronnerie-industrielle\/\">P\u00f4le structure m\u00e9tallique<\/a><\/span><\/span><\/h6>\n<\/td>\n<td style=\"height: 97px; width: 17.0994%;\">\n<h6><span style=\"text-decoration: underline;\"><span style=\"font-size: 12pt; background-color: #993366;\"><span style=\"line-height: 107%;\"><a style=\"color: #ffffff; background-color: #993366; text-decoration: underline;\" href=\"http:\/\/sitetab3.ac-reims.fr\/lp-eiffel\/-wp-\/nos-formations\/lalimenter\/\">P\u00f4le M\u00e9tier de l\u2019alimentaire<\/a><\/span><\/span><\/span><\/h6>\n<\/td>\n<\/tr>\n<\/tbody>\n<\/table>\n<p>&nbsp;<\/p>\n<p>&nbsp;<\/p>\n<p>&nbsp;<\/p>\n","protected":false},"excerpt":{"rendered":"<p>P\u00f4le h\u00f4tellerie &#8211; restauration P\u00f4le industrie &#8211; automobile P\u00f4le horticulture P\u00f4le structure m\u00e9tallique P\u00f4le M\u00e9tier de l\u2019alimentaire &nbsp; &nbsp; &nbsp;<\/p>\n","protected":false},"author":1,"featured_media":0,"parent":0,"menu_order":0,"comment_status":"closed","ping_status":"closed","template":"","meta":{"ngg_post_thumbnail":0,"footnotes":""},"_links":{"self":[{"href":"https:\/\/sitetab3.ac-reims.fr\/lp-eiffel\/-wp-\/wp-json\/wp\/v2\/pages\/133"}],"collection":[{"href":"https:\/\/sitetab3.ac-reims.fr\/lp-eiffel\/-wp-\/wp-json\/wp\/v2\/pages"}],"about":[{"href":"https:\/\/sitetab3.ac-reims.fr\/lp-eiffel\/-wp-\/wp-json\/wp\/v2\/types\/page"}],"author":[{"embeddable":true,"href":"https:\/\/sitetab3.ac-reims.fr\/lp-eiffel\/-wp-\/wp-json\/wp\/v2\/users\/1"}],"replies":[{"embeddable":true,"href":"https:\/\/sitetab3.ac-reims.fr\/lp-eiffel\/-wp-\/wp-json\/wp\/v2\/comments?post=133"}],"version-history":[{"count":13,"href":"https:\/\/sitetab3.ac-reims.fr\/lp-eiffel\/-wp-\/wp-json\/wp\/v2\/pages\/133\/revisions"}],"predecessor-version":[{"id":561,"href":"https:\/\/sitetab3.ac-reims.fr\/lp-eiffel\/-wp-\/wp-json\/wp\/v2\/pages\/133\/revisions\/561"}],"wp:attachment":[{"href":"https:\/\/sitetab3.ac-reims.fr\/lp-eiffel\/-wp-\/wp-json\/wp\/v2\/media?parent=133"}],"curies":[{"name":"wp","href":"https:\/\/api.w.org\/{rel}","templated":true}]}}