{"id":148,"date":"2022-01-11T09:15:54","date_gmt":"2022-01-11T08:15:54","guid":{"rendered":"http:\/\/sitetab3.ac-reims.fr\/lp-eiffel\/-wp-\/?page_id=148"},"modified":"2022-01-31T12:15:08","modified_gmt":"2022-01-31T11:15:08","slug":"alimentation-hotellerie-restauration","status":"publish","type":"page","link":"https:\/\/sitetab3.ac-reims.fr\/lp-eiffel\/-wp-\/nos-formations\/alimentation-hotellerie-restauration\/","title":{"rendered":"Hotellerie-Restauration"},"content":{"rendered":"<h1 style=\"color: #93246f;\">P\u00d4LE H\u00d4TELLERIE &#8211; RESTAURATION<\/h1>\n<p><!--*********************************--><\/p>\n<h1>CAP Cuisine<\/h1>\n<p><a href=\"http:\/\/sitetab3.ac-reims.fr\/lp-eiffel\/-wp-\/wp-content\/uploads\/cuisine.png\"><img loading=\"lazy\" decoding=\"async\" class=\"alignnone size-full wp-image-144\" src=\"http:\/\/sitetab3.ac-reims.fr\/lp-eiffel\/-wp-\/wp-content\/uploads\/cuisine.png\" alt=\"\" width=\"210\" height=\"132\"><\/a><\/p>\n<h3>Acc\u00e8s \u00e0 la formation<\/h3>\n<p>C&rsquo;est une formation en 2 ans apr\u00e8s la classe de troisi\u00e8me.<br \/>\nObjectifs de la formation<br \/>\nLa formation vise \u00e0 donner \u00e0 l&rsquo;\u00e9l\u00e8ve les comp\u00e9tences dans les quatres grandes fonctions suivantes:<br \/>\n&#8211; Approvisionnement et stockage(pr\u00e9voir la liste des produits n\u00e9cessaires aux r\u00e9alisations,r\u00e9ceptionner et stocker les denr\u00e9es)<br \/>\n&#8211; Organisation (organiser son travail en tenant compte des imp\u00e9ratifs de production)<br \/>\n&#8211; Production culinaire<br \/>\n&#8211; Distribution de la production (dresser et mettre en valeur des pr\u00e9parations culinaires et participer \u00e0 la distribution)<\/p>\n<p>La formation comprend des p\u00e9riodes de formation en entreprise (14 semaines).<\/p>\n<p>Horaires hebdomadaires : 35 heures au maximum dont la moiti\u00e9 d&rsquo;Enseignement Appliqu\u00e9 \u00e0 la Profession. (horaires indicatifs sur les deux ann\u00e9es de formation)<\/p>\n<p>D\u00e9bouch\u00e9s et m\u00e9tiers : Les titulaire du CAP Cuisine peuvent occuper un poste de commis dans le secteur de la restauration commerciale, de la restauration collective, dans des entreprises connexes \u00e0 l&rsquo;industrie h\u00f4teli\u00e8re, etc.<\/p>\n<p>Selon la taille, le type et la cat\u00e9gorie de l&rsquo;\u00e9tablissement o\u00f9 il exerce son activit\u00e9, il pourra acc\u00e9der progressivement \u00e0 des postes de responsabilit\u00e9.<\/p>\n<p><!--*********************************--><\/p>\n<h1>CAP Commercialisation et services en H\u00f4tel-Caf\u00e9-Restaurant (HCR)<\/h1>\n<p>Acc\u00e8s \u00e0 la formation<br \/>\nC&rsquo;est une formation en 2 ans apr\u00e8s la classe de troisi\u00e8me.<br \/>\nObjectifs de la formation :<br \/>\nLa formation vise \u00e0 donner \u00e0 l&rsquo;\u00e9l\u00e8ve les comp\u00e9tences dans les cinq grandes fonctions suivantes :<br \/>\n&#8211; Approvisionnement et stockage<br \/>\n&#8211; Entretien<br \/>\n&#8211; Accueil et communication<br \/>\n&#8211; Service(mise en place de mets,service des boissons,d\u00e9barrassage, entretien)<br \/>\n&#8211; Facturation et encaissement.<\/p>\n<p>L&rsquo;activit\u00e9 du titulaire du CAP HCR consiste essentiellement, dans le respect des consignes et des r\u00e8gles d&rsquo;hygi\u00e8ne et de s\u00e9curit\u00e9, \u00e0 assurer un service complet: de l&rsquo;arriv\u00e9e jusqu&rsquo;au d\u00e9part du client.<\/p>\n<p>La formation comprend des p\u00e9riodes de formation en entreprise (14 semaines).<\/p>\n<p>Horaires hebdomadaires: 35 heures au maximum dont la moiti\u00e9 d&rsquo;Enseignement Appliqu\u00e9 \u00e0 la Profession. (horaires indicatifs sur les deux ann\u00e9es de formation)<\/p>\n<p>D\u00e9bouch\u00e9s et m\u00e9tiers : Les titulaire du CAP HCR sont appel\u00e9s \u00e0 exercer dans les secteurs de l&rsquo;h\u00f4tellerie, la restauration commerciale et dans les entreprises connexes offrant un service \u00e0 la table, au bar et au buffet \u00e0 une client\u00e8le fran\u00e7aise ou \u00e9trang\u00e8re. Selon la taille, le type et la cat\u00e9gorie de l&rsquo;\u00e9tablissement o\u00f9 il exerce son activit\u00e9, il pourra acc\u00e9der progressivement \u00e0 des postes de responsabilit\u00e9.<\/p>\n<p><!--*******************************--><\/p>\n<h1>Bac Pro Commercialisation et Services en Restaurant (CSR)<\/h1>\n<p><a href=\"http:\/\/sitetab3.ac-reims.fr\/lp-eiffel\/-wp-\/wp-content\/uploads\/saumon.jpg\"><img loading=\"lazy\" decoding=\"async\" class=\"alignnone size-full wp-image-146\" src=\"http:\/\/sitetab3.ac-reims.fr\/lp-eiffel\/-wp-\/wp-content\/uploads\/saumon.jpg\" alt=\"\" width=\"351\" height=\"298\" srcset=\"https:\/\/sitetab3.ac-reims.fr\/lp-eiffel\/-wp-\/wp-content\/uploads\/saumon.jpg 351w, https:\/\/sitetab3.ac-reims.fr\/lp-eiffel\/-wp-\/wp-content\/uploads\/saumon-300x255.jpg 300w\" sizes=\"(max-width: 351px) 100vw, 351px\" \/><\/a><\/p>\n<p>Acc\u00e8s \u00e0 la formation<br \/>\nC&rsquo;est une formation en 3 ans destin\u00e9e aux \u00e9l\u00e8ves de niveau 3\u00e8me de coll\u00e8ge ou dipl\u00f4m\u00e9 d&rsquo;un CAP HCR.<\/p>\n<p>D\u00e9roulement et contenu :<\/p>\n<p style=\"padding: 0.5em; background: #ddd; text-align: center; font-weight: bold;\">En cours de modification.<br \/>\nMerci de votre compr\u00e9hension.<\/p>\n<p>Les d\u00e9bouch\u00e9s :<br \/>\nLe titulaire du Bac Pro Restauration est capable de s&rsquo;adapter \u00e0 toutes les formes de restauration. C\u00f4t\u00e9 cuisine :<br \/>\nIl int\u00e8gre une brigade de cuisine ou une \u00e9quipe de cuisine, dans la quelle il exerce selon l&rsquo;organisation de l&rsquo;entreprise et ses comp\u00e9tences, les fonctions de commis, premier commis ou cuisinier. Selon ses capacit\u00e9s personnelles, il peut \u00e9voluer vers un poste de chef de partie ou m\u00eame de chef de cuisine.<\/p>\n<p>C\u00f4t\u00e9 salle:<br \/>\nIl int\u00e8gre une brigade de restaurant ou une \u00e9quipe de restaurant, dans laquelle il exerce selon l&rsquo;organisation de l&rsquo;entreprise et ses comp\u00e9tences, les fonctions de commis, ou de serveur. Selon ses capacit\u00e9s personnelles il peut \u00e9voluer vers un poste de chef de rang, ou m\u00eame de maitre d&rsquo;h\u00f4tel. la formation comprend 22 semaines (6 mois) de formation en entreprise<\/p>\n<p><!--*********************************--><\/p>\n<p><!--*********************************--><\/p>\n<h1>Mention Compl\u00e9mentaire Employ\u00e9 Barman &#8211; Formation en continu<\/h1>\n<p><!--*********************************--><\/p>\n<p><a href=\"http:\/\/sitetab3.ac-reims.fr\/lp-eiffel\/-wp-\/wp-content\/uploads\/barman.jpg\"><img loading=\"lazy\" decoding=\"async\" class=\"alignnone size-full wp-image-141\" src=\"http:\/\/sitetab3.ac-reims.fr\/lp-eiffel\/-wp-\/wp-content\/uploads\/barman.jpg\" alt=\"\" width=\"234\" height=\"177\"><\/a><\/p>\n<p>Cette formation est accessible aux jeunes de moins de 26 ans, aux salari\u00e9s, professionnels ou demandeurs d&#8217;emploi. Il faut avoir le CAP HCR ou le BEP ou un Bac Pro des M\u00e9tiers de la Restauration et de L&rsquo;H\u00f4tellerie.<\/p>\n<p>Cette formation est \u00e9galement ouverte :<\/p>\n<p>&#8211; Aux demandeurs d&#8217;emploi dans le cadre de programme d&rsquo;insertion et de formation \u00e0 l&#8217;emploi<br \/>\n&#8211; Aux salari\u00e9s d&rsquo;entreprises dans le cadre de Cong\u00e9s individuels de formation, du plan de formation d\u00e9finit par l&rsquo;entreprise.<\/p>\n<p>Contenu :<\/p>\n<p>Enseignement professionnel :<\/p>\n<p>&#8211; Mise en place<br \/>\n&#8211; Accueil, prise de commandes, connaissance de la carte<br \/>\n&#8211; R\u00e9alisation des cocktails, service<br \/>\n&#8211; Connaissances professionnelles<br \/>\n&#8211; Expression, communication<br \/>\n&#8211; Techniques de vente<br \/>\n&#8211; Technologie professionnelle<br \/>\n&#8211; Connaissance, classification et r\u00e8gles de confection des cocktails<br \/>\n&#8211; L\u00e9gislation des boissons<br \/>\n&#8211; Connaissances des boissons et produits de bar<br \/>\n&#8211; Contr\u00f4le des recettes et sortie de stocks<br \/>\n&#8211; Histoire et g\u00e9ographie<br \/>\n&#8211; Langue vivante \u00e9trang\u00e8re \u00e0 caract\u00e8re professionnel : anglais<\/p>\n<p><!--*********************************--><\/p>\n<h1>Mention Compl\u00e9mentaire Cuisinier en Desserts de Restaurant<\/h1>\n<p><a href=\"http:\/\/sitetab3.ac-reims.fr\/lp-eiffel\/-wp-\/wp-content\/uploads\/cuisinier_dessert.png\"><img loading=\"lazy\" decoding=\"async\" class=\"alignnone size-full wp-image-145\" src=\"http:\/\/sitetab3.ac-reims.fr\/lp-eiffel\/-wp-\/wp-content\/uploads\/cuisinier_dessert.png\" alt=\"\" width=\"160\" height=\"120\"><\/a><\/p>\n<p>Acc\u00e8s \u00e0 la formation<br \/>\nC&rsquo;est une formation en 1an destin\u00e9e aux \u00e9l\u00e8ves dipl\u00f4m\u00e9s issus des classes de :<br \/>\n&#8211; BEP H\u00f4tellerie (option cuisine).<br \/>\n&#8211; Bac Professionnel des m\u00e9tiers de l&rsquo;H\u00f4tellerie et de la Restauration<br \/>\n&#8211; CAP Cuisine<br \/>\n&#8211; Bac technologique H\u00f4tellerie<br \/>\n&#8211; BP Cuisinier<br \/>\n&#8211; BTS des m\u00e9tiers de l&rsquo;H\u00f4tellerie et de la Restauration<br \/>\n&#8211; Ou 3 ans d&rsquo;exp\u00e9rience professionnelles<\/p>\n<p>Objectifs de la formation<br \/>\nEtre capable d&rsquo;occuper un emploi sp\u00e9cialis\u00e9 de p\u00e2tissier dans une brigade de restauration classique par un compl\u00e9ment d&rsquo;enseignement, de gestion et d&rsquo;information sur la cr\u00e9ation d&rsquo;entreprise. Des p\u00e9riodes de formation en entreprise sont pr\u00e9vues tout au long de la scolarit\u00e9 et font partie int\u00e9grante de la formation.<\/p>\n<p>Horaires hebdomadaires : 30 heures dont 24 heures d&rsquo;enseignement professionnel. (horaires indicatifs sur l&rsquo;ann\u00e9e de formation)<\/p>\n<p>D\u00e9bouch\u00e9s et M\u00e9tiers : Cuisinier sp\u00e9cialis\u00e9 dans la production de desserts et entremets, donne au titulaire une facilit\u00e9 d&rsquo;int\u00e9gration et d&rsquo;\u00e9volution plus grande au sein d&rsquo;une brigade.<\/p>\n","protected":false},"excerpt":{"rendered":"<p>P\u00d4LE H\u00d4TELLERIE &#8211; RESTAURATION CAP Cuisine Acc\u00e8s \u00e0 la formation C&rsquo;est une formation en 2 ans apr\u00e8s la classe de troisi\u00e8me. Objectifs de la formation La formation vise \u00e0 donner \u00e0 l&rsquo;\u00e9l\u00e8ve les comp\u00e9tences dans les quatres grandes fonctions suivantes: &#8211; Approvisionnement et stockage(pr\u00e9voir la liste des produits n\u00e9cessaires aux r\u00e9alisations,r\u00e9ceptionner et stocker les denr\u00e9es) [&hellip;]<\/p>\n","protected":false},"author":1,"featured_media":0,"parent":133,"menu_order":0,"comment_status":"closed","ping_status":"closed","template":"","meta":{"ngg_post_thumbnail":0,"footnotes":""},"_links":{"self":[{"href":"https:\/\/sitetab3.ac-reims.fr\/lp-eiffel\/-wp-\/wp-json\/wp\/v2\/pages\/148"}],"collection":[{"href":"https:\/\/sitetab3.ac-reims.fr\/lp-eiffel\/-wp-\/wp-json\/wp\/v2\/pages"}],"about":[{"href":"https:\/\/sitetab3.ac-reims.fr\/lp-eiffel\/-wp-\/wp-json\/wp\/v2\/types\/page"}],"author":[{"embeddable":true,"href":"https:\/\/sitetab3.ac-reims.fr\/lp-eiffel\/-wp-\/wp-json\/wp\/v2\/users\/1"}],"replies":[{"embeddable":true,"href":"https:\/\/sitetab3.ac-reims.fr\/lp-eiffel\/-wp-\/wp-json\/wp\/v2\/comments?post=148"}],"version-history":[{"count":5,"href":"https:\/\/sitetab3.ac-reims.fr\/lp-eiffel\/-wp-\/wp-json\/wp\/v2\/pages\/148\/revisions"}],"predecessor-version":[{"id":696,"href":"https:\/\/sitetab3.ac-reims.fr\/lp-eiffel\/-wp-\/wp-json\/wp\/v2\/pages\/148\/revisions\/696"}],"up":[{"embeddable":true,"href":"https:\/\/sitetab3.ac-reims.fr\/lp-eiffel\/-wp-\/wp-json\/wp\/v2\/pages\/133"}],"wp:attachment":[{"href":"https:\/\/sitetab3.ac-reims.fr\/lp-eiffel\/-wp-\/wp-json\/wp\/v2\/media?parent=148"}],"curies":[{"name":"wp","href":"https:\/\/api.w.org\/{rel}","templated":true}]}}