{"id":154,"date":"2022-01-11T09:24:29","date_gmt":"2022-01-11T08:24:29","guid":{"rendered":"http:\/\/sitetab3.ac-reims.fr\/lp-eiffel\/-wp-\/?page_id=154"},"modified":"2022-01-25T09:07:21","modified_gmt":"2022-01-25T08:07:21","slug":"horticulture","status":"publish","type":"page","link":"https:\/\/sitetab3.ac-reims.fr\/lp-eiffel\/-wp-\/nos-formations\/horticulture\/","title":{"rendered":"Horticulture"},"content":{"rendered":"<h3>CAP Agricole Option Productions Horticoles (florales et l\u00e9gumi\u00e8res)<\/h3>\n<p>Le jardinier paysagiste entretient les espaces verts ou les jardins. Il proc\u00e8de aux travaux d&rsquo;am\u00e9nagement, arrosage, d\u00e9coration et plantation de v\u00e9g\u00e9taux d&rsquo;ornement. Il entretient le mat\u00e9riel et est en relation avec les fournisseurs ou les clients. Il travaillera pour les entreprises paysagistes, les villes, les collectivit\u00e9s territoriales.<\/p>\n<p>Acc\u00e8s \u00e0 la formation<br \/>\nC&rsquo;est une formation en 2 ans apr\u00e8s :<br \/>\n&#8211; Une classe de troisi\u00e8me.<\/p>\n<p>Objectifs de la formation<br \/>\nProductions Horticoles :<br \/>\n&#8211; Ma\u00eetriser les gestes professionnels relatifs aux interventions sur la plante.<br \/>\n&#8211; Utiliser les diff\u00e9rents \u00e9quipements et mat\u00e9riels n\u00e9cessaires aux op\u00e9rations culturales.<br \/>\n&#8211; Appr\u00e9cier les conditions d&rsquo;ambiance des cultures et utiliser les diff\u00e9rents \u00e9quipements de climatisation.<\/p>\n<p>L&rsquo;enseignement th\u00e9orique s&rsquo;appuie sur une approche concr\u00e8te de la profession : p\u00e9riodes de formation en entreprise et visites.<\/p>\n<p>Horaires hebdomadaires<br \/>\n35 heures au maximum dont 16 heures en Sciences et Techniques Professionnelles. (horaires indicatifs sur les deux ann\u00e9es de formation)<\/p>\n<p>Poursuite d&rsquo;\u00e9tudes<br \/>\n&#8211; Bac Professionnel.<\/p>\n<p><a href=\"http:\/\/sitetab3.ac-reims.fr\/lp-eiffel\/-wp-\/wp-content\/uploads\/20200123_1437141-scaled.jpg\"><img loading=\"lazy\" decoding=\"async\" class=\"alignnone size-full wp-image-457\" src=\"http:\/\/sitetab3.ac-reims.fr\/lp-eiffel\/-wp-\/wp-content\/uploads\/20200123_1437141-scaled.jpg\" alt=\"\" width=\"2560\" height=\"1920\" srcset=\"https:\/\/sitetab3.ac-reims.fr\/lp-eiffel\/-wp-\/wp-content\/uploads\/20200123_1437141-scaled.jpg 2560w, https:\/\/sitetab3.ac-reims.fr\/lp-eiffel\/-wp-\/wp-content\/uploads\/20200123_1437141-300x225.jpg 300w, https:\/\/sitetab3.ac-reims.fr\/lp-eiffel\/-wp-\/wp-content\/uploads\/20200123_1437141-1024x768.jpg 1024w, https:\/\/sitetab3.ac-reims.fr\/lp-eiffel\/-wp-\/wp-content\/uploads\/20200123_1437141-768x576.jpg 768w, https:\/\/sitetab3.ac-reims.fr\/lp-eiffel\/-wp-\/wp-content\/uploads\/20200123_1437141-1536x1152.jpg 1536w, https:\/\/sitetab3.ac-reims.fr\/lp-eiffel\/-wp-\/wp-content\/uploads\/20200123_1437141-2048x1536.jpg 2048w\" sizes=\"(max-width: 2560px) 100vw, 2560px\" \/><\/a><\/p>\n<p><!--***************************--><\/p>\n<h3>CAP Agricole Option Travaux Paysagers<\/h3>\n<p><a href=\"http:\/\/sitetab3.ac-reims.fr\/lp-eiffel\/-wp-\/wp-content\/uploads\/travauxpays.jpg\"><img loading=\"lazy\" decoding=\"async\" class=\"alignnone size-full wp-image-155\" src=\"http:\/\/sitetab3.ac-reims.fr\/lp-eiffel\/-wp-\/wp-content\/uploads\/travauxpays.jpg\" alt=\"\" width=\"256\" height=\"192\"><\/a><\/p>\n<p>En productions v\u00e9g\u00e9tales, l\u2019\u00e9l\u00e8ve travaille dans les serres ou en plein champ :<br \/>\nIl pr\u00e9pare les parcelles, proc\u00e8de aux plantations et aux semis, surveille la croissance et la protection des v\u00e9g\u00e9taux par l&#8217;emploi de fertilisants et de produits phytosanitaires.<br \/>\nIl r\u00e9colte et conditionne les produits.<\/p>\n<p>Acc\u00e8s \u00e0 la formation<br \/>\nC&rsquo;est une formation en 2 ans apr\u00e8s :<br \/>\n&#8211; Une classe de troisi\u00e8me.<\/p>\n<p>Objectifs de la formation<\/p>\n<p>Am\u00e9nagement de l&rsquo;espace :<br \/>\n&#8211; Mettre en oeuvre les diff\u00e9rentes techniques n\u00e9cessaires \u00e0 la r\u00e9alisation d&rsquo;un espace vert ou d&rsquo;un jardin.<br \/>\n&#8211; Assurer les diff\u00e9rentes op\u00e9rations n\u00e9cessaires \u00e0 la maintenance d&rsquo;un espace vert ou d&rsquo;un jardin.<br \/>\n&#8211; Assurer l&rsquo;entretien courant du mat\u00e9riel.<\/p>\n<p>L&rsquo;enseignement th\u00e9orique s&rsquo;appuie sur une approche concr\u00e8te de la profession : p\u00e9riodes de formation en entreprise et visites.<\/p>\n<p>Horaires hebdomadaires<br \/>\n35 heures au maximum dont 16 heures en Sciences et Techniques Professionnelles. (horaires indicatifs sur les deux ann\u00e9es de formation)<\/p>\n<p>Poursuite d&rsquo;\u00e9tudes<br \/>\n&#8211; Bac Professionnel.<\/p>\n","protected":false},"excerpt":{"rendered":"<p>CAP Agricole Option Productions Horticoles (florales et l\u00e9gumi\u00e8res) Le jardinier paysagiste entretient les espaces verts ou les jardins. Il proc\u00e8de aux travaux d&rsquo;am\u00e9nagement, arrosage, d\u00e9coration et plantation de v\u00e9g\u00e9taux d&rsquo;ornement. Il entretient le mat\u00e9riel et est en relation avec les fournisseurs ou les clients. Il travaillera pour les entreprises paysagistes, les villes, les collectivit\u00e9s territoriales. [&hellip;]<\/p>\n","protected":false},"author":1,"featured_media":0,"parent":133,"menu_order":0,"comment_status":"closed","ping_status":"closed","template":"","meta":{"ngg_post_thumbnail":0,"footnotes":""},"_links":{"self":[{"href":"https:\/\/sitetab3.ac-reims.fr\/lp-eiffel\/-wp-\/wp-json\/wp\/v2\/pages\/154"}],"collection":[{"href":"https:\/\/sitetab3.ac-reims.fr\/lp-eiffel\/-wp-\/wp-json\/wp\/v2\/pages"}],"about":[{"href":"https:\/\/sitetab3.ac-reims.fr\/lp-eiffel\/-wp-\/wp-json\/wp\/v2\/types\/page"}],"author":[{"embeddable":true,"href":"https:\/\/sitetab3.ac-reims.fr\/lp-eiffel\/-wp-\/wp-json\/wp\/v2\/users\/1"}],"replies":[{"embeddable":true,"href":"https:\/\/sitetab3.ac-reims.fr\/lp-eiffel\/-wp-\/wp-json\/wp\/v2\/comments?post=154"}],"version-history":[{"count":3,"href":"https:\/\/sitetab3.ac-reims.fr\/lp-eiffel\/-wp-\/wp-json\/wp\/v2\/pages\/154\/revisions"}],"predecessor-version":[{"id":458,"href":"https:\/\/sitetab3.ac-reims.fr\/lp-eiffel\/-wp-\/wp-json\/wp\/v2\/pages\/154\/revisions\/458"}],"up":[{"embeddable":true,"href":"https:\/\/sitetab3.ac-reims.fr\/lp-eiffel\/-wp-\/wp-json\/wp\/v2\/pages\/133"}],"wp:attachment":[{"href":"https:\/\/sitetab3.ac-reims.fr\/lp-eiffel\/-wp-\/wp-json\/wp\/v2\/media?parent=154"}],"curies":[{"name":"wp","href":"https:\/\/api.w.org\/{rel}","templated":true}]}}