{"id":174,"date":"2022-01-11T09:40:37","date_gmt":"2022-01-11T08:40:37","guid":{"rendered":"http:\/\/sitetab3.ac-reims.fr\/lp-eiffel\/-wp-\/?page_id=174"},"modified":"2022-03-25T09:29:39","modified_gmt":"2022-03-25T08:29:39","slug":"formations-greta-de-la-marne-centre-de-reims","status":"publish","type":"page","link":"https:\/\/sitetab3.ac-reims.fr\/lp-eiffel\/-wp-\/nos-formations\/formations-greta-de-la-marne-centre-de-reims\/","title":{"rendered":"Formations GRETA de la Marne Centre de Reims"},"content":{"rendered":"<div style=\"margin: 1em 0; padding: 0.3em 1em; border: 1px solid #ddd; border-radius: 5px;\">\n<h3>Secteur H\u00f4tellerie, Restauration, Alimentation :<\/h3>\n<p><strong>Monsieur Fr\u00e9d\u00e9ric RENNET<\/strong>, conseiller en formation continue<br \/>\n<a href=\"mailto:frederic.rennet@gretamarne.com\">frederic.rennet@gretamarne.com<\/a><\/p>\n<p><strong>Monsieur Romuald BOURGAIN<\/strong>,<br \/>\n<a href=\"mailto:romuald.bourgain@gretamarne.com\">romuald.bourgain@gretamarne.com<\/a><\/p>\n<\/div>\n<div style=\"margin: 1em 0; padding: 0.3em 1em; border: 1px solid #ddd; border-radius: 5px;\">\n<h3>Secteur Automobile :<\/h3>\n<p><strong>Monsieur Khalid MINHAJI<\/strong>, conseiller en formation continue.<br \/>\n<a href=\"mailto:khalid.minhaji@gretamarne.com\">khalid.minhaji@gretamarne.com<\/a><\/p>\n<\/div>\n<div style=\"margin: 1em 0; padding: 0.3em 1em; border: 1px solid #ddd; border-radius: 5px;\">\n<h3>Secteur Industrie :<\/h3>\n<p><strong>Monsieur Christophe COLLOT<\/strong>, conseiller en formation continue<br \/>\n<a href=\"mailto:christophe.collot@gretamarne.com\">christophe.collot@gretamarne.com<\/a><\/p>\n<\/div>\n<p><a class=\"btn_gric\" title=\"Consulter le site officiel\" href=\"http:\/\/gretamarne.com\/\" target=\"_blank\" rel=\"noopener noreferrer\">Se rendre sur le site du GRETA<\/a><\/p>\n<p>Tel. 03 26 84 55 40<\/p>\n","protected":false},"excerpt":{"rendered":"<p>Secteur H\u00f4tellerie, Restauration, Alimentation : Monsieur Fr\u00e9d\u00e9ric RENNET, conseiller en formation continue frederic.rennet@gretamarne.com Monsieur Romuald BOURGAIN, romuald.bourgain@gretamarne.com Secteur Automobile : Monsieur Khalid MINHAJI, conseiller en formation continue. khalid.minhaji@gretamarne.com Secteur Industrie : Monsieur Christophe COLLOT, conseiller en formation continue christophe.collot@gretamarne.com Se rendre sur le site du GRETA Tel. 03 26 84 55 40<\/p>\n","protected":false},"author":1,"featured_media":0,"parent":133,"menu_order":0,"comment_status":"closed","ping_status":"closed","template":"","meta":{"ngg_post_thumbnail":0,"footnotes":""},"_links":{"self":[{"href":"https:\/\/sitetab3.ac-reims.fr\/lp-eiffel\/-wp-\/wp-json\/wp\/v2\/pages\/174"}],"collection":[{"href":"https:\/\/sitetab3.ac-reims.fr\/lp-eiffel\/-wp-\/wp-json\/wp\/v2\/pages"}],"about":[{"href":"https:\/\/sitetab3.ac-reims.fr\/lp-eiffel\/-wp-\/wp-json\/wp\/v2\/types\/page"}],"author":[{"embeddable":true,"href":"https:\/\/sitetab3.ac-reims.fr\/lp-eiffel\/-wp-\/wp-json\/wp\/v2\/users\/1"}],"replies":[{"embeddable":true,"href":"https:\/\/sitetab3.ac-reims.fr\/lp-eiffel\/-wp-\/wp-json\/wp\/v2\/comments?post=174"}],"version-history":[{"count":5,"href":"https:\/\/sitetab3.ac-reims.fr\/lp-eiffel\/-wp-\/wp-json\/wp\/v2\/pages\/174\/revisions"}],"predecessor-version":[{"id":747,"href":"https:\/\/sitetab3.ac-reims.fr\/lp-eiffel\/-wp-\/wp-json\/wp\/v2\/pages\/174\/revisions\/747"}],"up":[{"embeddable":true,"href":"https:\/\/sitetab3.ac-reims.fr\/lp-eiffel\/-wp-\/wp-json\/wp\/v2\/pages\/133"}],"wp:attachment":[{"href":"https:\/\/sitetab3.ac-reims.fr\/lp-eiffel\/-wp-\/wp-json\/wp\/v2\/media?parent=174"}],"curies":[{"name":"wp","href":"https:\/\/api.w.org\/{rel}","templated":true}]}}