{"id":191,"date":"2022-01-11T10:28:30","date_gmt":"2022-01-11T09:28:30","guid":{"rendered":"http:\/\/sitetab3.ac-reims.fr\/lp-eiffel\/-wp-\/?page_id=191"},"modified":"2022-01-11T15:54:21","modified_gmt":"2022-01-11T14:54:21","slug":"kazakhstan","status":"publish","type":"page","link":"https:\/\/sitetab3.ac-reims.fr\/lp-eiffel\/-wp-\/relation-internatinales\/kazakhstan\/","title":{"rendered":"Kazakhstan"},"content":{"rendered":"<h3>Vendredi 11 Janvier 2013<\/h3>\n<p>Ce vendredi 11 Janvier 2013, les \u00e9l\u00e8ves de 3\u00e8me pr\u00e9paratoire aux formations professionnelles (3PP1 et 3PP2) ont eu la joie d\u2019accueillir une d\u00e9l\u00e9gation du KAZAKHSTAN men\u00e9e par le Professeur <a href=\"http:\/\/mapage.noos.fr\/turgen\/TGV\/\">Grigori TOMSKI<\/a>, cr\u00e9ateur d\u2019un jeu : le <a href=\"http:\/\/tg-jipto.blogspot.fr\/\">JIPTO <\/a> (Jeu Intelligent Pour Tous).<\/p>\n<p>Cette venue fait suite \u00e0 un partenariat initi\u00e9 dans le cadre du projet \u00ab ATTILA ma passion \u00bb avec le village de LA CHEPPE dont M. Bonnet est le Maire.<\/p>\n<p>A cette occasion, les \u00e9l\u00e8ves de chaudronnerie ont pu faire une d\u00e9monstration de d\u00e9coupe plasma gr\u00e2ce \u00e0 laquelle ils avaient r\u00e9alis\u00e9 le projet ATTILA sous l\u2019\u0153il bienveillant de M.GUERIN, professeur en chaudronnerie, de M.BELLOUIN et M. DESBAN professeur en peinture en carrosserie, de M. LUTHAR, professeur de dessin de construction et de Mme NIJAKOWSKI, professeur en Pr\u00e9vention Sant\u00e9 Environnement.<\/p>\n<p>L\u2019apr\u00e8s-midi s\u2019est d\u00e9roul\u00e9e en deux temps. Pendant que des adolescents Kazakhs initiaient la classe de 3PP1 au jeu du JIPTO, accompagn\u00e9s de leurs professeurs ; la classe de 3PP2 participait au forum de l\u2019uniforme pour la d\u00e9couverte des m\u00e9tiers des trois arm\u00e9es. Puis vint le moment de permuter et de prendre le plaisir d\u2019\u00e9changer quelques mots en anglais ou de d\u00e9couvrir le travail des \u00e9l\u00e8ves de ce pays, pour les nouveaux joueurs, \u00e0 l\u2019image de leurs pr\u00e9d\u00e9cesseurs.<\/p>\n<p>Il \u00e9tait alors temps d\u2019assister \u00e0 des d\u00e9monstrations de danses diverses : traditionnelles, modernes o\u00f9 le panache des costumes et le savoir-faire des danseuses comblaient nos attentes. (Saluons le d\u00e9placement de la championne de gymnastique rythmique sportive du Kazakhstan.)<\/p>\n<p><a href=\"http:\/\/sitetab3.ac-reims.fr\/lp-eiffel\/-wp-\/wp-content\/uploads\/visite_kasak2.jpg\"><img loading=\"lazy\" decoding=\"async\" class=\"alignnone size-full wp-image-192\" src=\"http:\/\/sitetab3.ac-reims.fr\/lp-eiffel\/-wp-\/wp-content\/uploads\/visite_kasak2.jpg\" alt=\"\" width=\"1000\" height=\"747\" srcset=\"https:\/\/sitetab3.ac-reims.fr\/lp-eiffel\/-wp-\/wp-content\/uploads\/visite_kasak2.jpg 1000w, https:\/\/sitetab3.ac-reims.fr\/lp-eiffel\/-wp-\/wp-content\/uploads\/visite_kasak2-300x224.jpg 300w, https:\/\/sitetab3.ac-reims.fr\/lp-eiffel\/-wp-\/wp-content\/uploads\/visite_kasak2-768x574.jpg 768w\" sizes=\"(max-width: 1000px) 100vw, 1000px\" \/><\/a><\/p>\n<p><a href=\"http:\/\/youtu.be\/O43wsgo3-jA\">La d\u00e9monstration des danseuses en vid\u00e9o<\/a><\/p>\n<p><!--**************************************--><\/p>\n<h3>4 Juin 2012<\/h3>\n<p>Projet \u00ab\u00a0Attila \u00ab\u00a0. Inauguration \u00e0 LA CHEPPE en pr\u00e9sence de nombreuses personnalit\u00e9s du Kazakhstan.<\/p>\n<p><a href=\"http:\/\/sitetab3.ac-reims.fr\/lp-eiffel\/-wp-\/wp-content\/uploads\/attila.jpg\"><img loading=\"lazy\" decoding=\"async\" class=\"alignnone size-full wp-image-193\" src=\"http:\/\/sitetab3.ac-reims.fr\/lp-eiffel\/-wp-\/wp-content\/uploads\/attila.jpg\" alt=\"\" width=\"400\" height=\"300\" srcset=\"https:\/\/sitetab3.ac-reims.fr\/lp-eiffel\/-wp-\/wp-content\/uploads\/attila.jpg 400w, https:\/\/sitetab3.ac-reims.fr\/lp-eiffel\/-wp-\/wp-content\/uploads\/attila-300x225.jpg 300w\" sizes=\"(max-width: 400px) 100vw, 400px\" \/><\/a><\/p>\n<p><a href=\"http:\/\/claude.luthar.monsite-orange.fr\/leprojetattila\/index.html\">Le projet en d\u00e9tails <\/a><\/p>\n","protected":false},"excerpt":{"rendered":"<p>Vendredi 11 Janvier 2013 Ce vendredi 11 Janvier 2013, les \u00e9l\u00e8ves de 3\u00e8me pr\u00e9paratoire aux formations professionnelles (3PP1 et 3PP2) ont eu la joie d\u2019accueillir une d\u00e9l\u00e9gation du KAZAKHSTAN men\u00e9e par le Professeur Grigori TOMSKI, cr\u00e9ateur d\u2019un jeu : le JIPTO (Jeu Intelligent Pour Tous). Cette venue fait suite \u00e0 un partenariat initi\u00e9 dans le [&hellip;]<\/p>\n","protected":false},"author":1,"featured_media":0,"parent":184,"menu_order":0,"comment_status":"closed","ping_status":"closed","template":"","meta":{"ngg_post_thumbnail":0,"footnotes":""},"_links":{"self":[{"href":"https:\/\/sitetab3.ac-reims.fr\/lp-eiffel\/-wp-\/wp-json\/wp\/v2\/pages\/191"}],"collection":[{"href":"https:\/\/sitetab3.ac-reims.fr\/lp-eiffel\/-wp-\/wp-json\/wp\/v2\/pages"}],"about":[{"href":"https:\/\/sitetab3.ac-reims.fr\/lp-eiffel\/-wp-\/wp-json\/wp\/v2\/types\/page"}],"author":[{"embeddable":true,"href":"https:\/\/sitetab3.ac-reims.fr\/lp-eiffel\/-wp-\/wp-json\/wp\/v2\/users\/1"}],"replies":[{"embeddable":true,"href":"https:\/\/sitetab3.ac-reims.fr\/lp-eiffel\/-wp-\/wp-json\/wp\/v2\/comments?post=191"}],"version-history":[{"count":1,"href":"https:\/\/sitetab3.ac-reims.fr\/lp-eiffel\/-wp-\/wp-json\/wp\/v2\/pages\/191\/revisions"}],"predecessor-version":[{"id":194,"href":"https:\/\/sitetab3.ac-reims.fr\/lp-eiffel\/-wp-\/wp-json\/wp\/v2\/pages\/191\/revisions\/194"}],"up":[{"embeddable":true,"href":"https:\/\/sitetab3.ac-reims.fr\/lp-eiffel\/-wp-\/wp-json\/wp\/v2\/pages\/184"}],"wp:attachment":[{"href":"https:\/\/sitetab3.ac-reims.fr\/lp-eiffel\/-wp-\/wp-json\/wp\/v2\/media?parent=191"}],"curies":[{"name":"wp","href":"https:\/\/api.w.org\/{rel}","templated":true}]}}