{"id":195,"date":"2022-01-11T10:31:23","date_gmt":"2022-01-11T09:31:23","guid":{"rendered":"http:\/\/sitetab3.ac-reims.fr\/lp-eiffel\/-wp-\/?page_id=195"},"modified":"2022-01-11T15:42:07","modified_gmt":"2022-01-11T14:42:07","slug":"allemagne","status":"publish","type":"page","link":"https:\/\/sitetab3.ac-reims.fr\/lp-eiffel\/-wp-\/relation-internatinales\/allemagne\/","title":{"rendered":"Allemagne"},"content":{"rendered":"<h3>Lundi 4 Mars 2013<\/h3>\n<p>D\u00e9but de l\u2019\u00e9change franco-allemand.<\/p>\n<p><a href=\"http:\/\/sitetab3.ac-reims.fr\/lp-eiffel\/-wp-\/wp-content\/uploads\/Allemagne1.jpg\"><img loading=\"lazy\" decoding=\"async\" class=\"alignnone size-full wp-image-196\" src=\"http:\/\/sitetab3.ac-reims.fr\/lp-eiffel\/-wp-\/wp-content\/uploads\/Allemagne1.jpg\" alt=\"\" width=\"1000\" height=\"747\" srcset=\"https:\/\/sitetab3.ac-reims.fr\/lp-eiffel\/-wp-\/wp-content\/uploads\/Allemagne1.jpg 1000w, https:\/\/sitetab3.ac-reims.fr\/lp-eiffel\/-wp-\/wp-content\/uploads\/Allemagne1-300x224.jpg 300w, https:\/\/sitetab3.ac-reims.fr\/lp-eiffel\/-wp-\/wp-content\/uploads\/Allemagne1-768x574.jpg 768w\" sizes=\"(max-width: 1000px) 100vw, 1000px\" \/><\/a><\/p>\n<h3>Visite du lyc\u00e9e<\/h3>\n<p><a href=\"http:\/\/sitetab3.ac-reims.fr\/lp-eiffel\/-wp-\/wp-content\/uploads\/allemagne2.jpg\"><img loading=\"lazy\" decoding=\"async\" class=\"alignnone size-full wp-image-197\" src=\"http:\/\/sitetab3.ac-reims.fr\/lp-eiffel\/-wp-\/wp-content\/uploads\/allemagne2.jpg\" alt=\"\" width=\"600\" height=\"450\" srcset=\"https:\/\/sitetab3.ac-reims.fr\/lp-eiffel\/-wp-\/wp-content\/uploads\/allemagne2.jpg 600w, https:\/\/sitetab3.ac-reims.fr\/lp-eiffel\/-wp-\/wp-content\/uploads\/allemagne2-300x225.jpg 300w\" sizes=\"(max-width: 600px) 100vw, 600px\" \/><\/a><\/p>\n<p>M.DARCQ,le chef d\u2019\u00e9tablissement du lyc\u00e9e de Mayence et M.COSSON ont effectu\u00e9 une visite du lyc\u00e9e.<\/p>\n","protected":false},"excerpt":{"rendered":"<p>Lundi 4 Mars 2013 D\u00e9but de l\u2019\u00e9change franco-allemand. Visite du lyc\u00e9e M.DARCQ,le chef d\u2019\u00e9tablissement du lyc\u00e9e de Mayence et M.COSSON ont effectu\u00e9 une visite du lyc\u00e9e.<\/p>\n","protected":false},"author":1,"featured_media":0,"parent":184,"menu_order":0,"comment_status":"closed","ping_status":"closed","template":"","meta":{"ngg_post_thumbnail":0,"footnotes":""},"_links":{"self":[{"href":"https:\/\/sitetab3.ac-reims.fr\/lp-eiffel\/-wp-\/wp-json\/wp\/v2\/pages\/195"}],"collection":[{"href":"https:\/\/sitetab3.ac-reims.fr\/lp-eiffel\/-wp-\/wp-json\/wp\/v2\/pages"}],"about":[{"href":"https:\/\/sitetab3.ac-reims.fr\/lp-eiffel\/-wp-\/wp-json\/wp\/v2\/types\/page"}],"author":[{"embeddable":true,"href":"https:\/\/sitetab3.ac-reims.fr\/lp-eiffel\/-wp-\/wp-json\/wp\/v2\/users\/1"}],"replies":[{"embeddable":true,"href":"https:\/\/sitetab3.ac-reims.fr\/lp-eiffel\/-wp-\/wp-json\/wp\/v2\/comments?post=195"}],"version-history":[{"count":1,"href":"https:\/\/sitetab3.ac-reims.fr\/lp-eiffel\/-wp-\/wp-json\/wp\/v2\/pages\/195\/revisions"}],"predecessor-version":[{"id":198,"href":"https:\/\/sitetab3.ac-reims.fr\/lp-eiffel\/-wp-\/wp-json\/wp\/v2\/pages\/195\/revisions\/198"}],"up":[{"embeddable":true,"href":"https:\/\/sitetab3.ac-reims.fr\/lp-eiffel\/-wp-\/wp-json\/wp\/v2\/pages\/184"}],"wp:attachment":[{"href":"https:\/\/sitetab3.ac-reims.fr\/lp-eiffel\/-wp-\/wp-json\/wp\/v2\/media?parent=195"}],"curies":[{"name":"wp","href":"https:\/\/api.w.org\/{rel}","templated":true}]}}