{"id":249,"date":"2022-01-11T12:22:37","date_gmt":"2022-01-11T11:22:37","guid":{"rendered":"http:\/\/sitetab3.ac-reims.fr\/lp-eiffel\/-wp-\/?page_id=249"},"modified":"2022-01-11T15:49:43","modified_gmt":"2022-01-11T14:49:43","slug":"programme-erasmus","status":"publish","type":"page","link":"https:\/\/sitetab3.ac-reims.fr\/lp-eiffel\/-wp-\/relation-internatinales\/programme-erasmus\/","title":{"rendered":"Programme Erasmus"},"content":{"rendered":"<h2>R\u00e9trospectives du programme Erasmus+ au lyc\u00e9e Gustave Eiffel<\/h2>\n<p style=\"text-align: center;\"><a href=\"http:\/\/sitetab3.ac-reims.fr\/lp-eiffel\/-wp-\/wp-content\/uploads\/ban_erasmusplus1.jpg\"><img loading=\"lazy\" decoding=\"async\" class=\"alignnone size-full wp-image-250\" src=\"http:\/\/sitetab3.ac-reims.fr\/lp-eiffel\/-wp-\/wp-content\/uploads\/ban_erasmusplus1.jpg\" alt=\"\" width=\"938\" height=\"213\" srcset=\"https:\/\/sitetab3.ac-reims.fr\/lp-eiffel\/-wp-\/wp-content\/uploads\/ban_erasmusplus1.jpg 938w, https:\/\/sitetab3.ac-reims.fr\/lp-eiffel\/-wp-\/wp-content\/uploads\/ban_erasmusplus1-300x68.jpg 300w, https:\/\/sitetab3.ac-reims.fr\/lp-eiffel\/-wp-\/wp-content\/uploads\/ban_erasmusplus1-768x174.jpg 768w\" sizes=\"(max-width: 938px) 100vw, 938px\" \/><\/a><\/p>\n<h3>Des \u00e9l\u00e8ves en Allemagne d\u00e9couvrent le travail de garagiste hors de France<\/h3>\n<p>4 \u00e9l\u00e8ves de terminale bac professionnel maintenance des v\u00e9hicules automobiles effectuent leur p\u00e9riode de formation en milieu professionnel en Allemagne du 30 septembre au 18 octobre.<br \/>\nIls viennent d&rsquo;int\u00e9grer 4 garages de la ville d&rsquo;Aix la Chapelle qui b\u00e9n\u00e9ficie d&rsquo;un jumelage avec Reims.<\/p>\n<p>Les \u00e9l\u00e8ves vont d\u00e9couvrir une autre mani\u00e8re de travailler dans des entreprises d&rsquo;un pays \u00e9tranger.<br \/>\nCette mobilit\u00e9 a \u00e9t\u00e9 rendue possible gr\u00e2ce au programme Erasmus+ qui permet aux \u00e9l\u00e8ves de d\u00e9couvrir un pays \u00e9tranger, de s&rsquo;y former et de d\u00e9couvrir la culture et le patrimoine de celui-ci.<br \/>\nIls sont accompagn\u00e9s tout au long du s\u00e9jour par un professeur de m\u00e9canique automobile et par un professeur d&rsquo;allemand.<\/p>\n<table style=\"margin: 0px auto; text-align: center; width: 98.8457%; height: 275px;\" border=\"0\">\n<tbody>\n<tr>\n<td style=\"width: 86px;\"><a href=\"http:\/\/sitetab3.ac-reims.fr\/lp-eiffel\/-wp-\/wp-content\/uploads\/photo1.jpg\"><img loading=\"lazy\" decoding=\"async\" class=\"alignnone size-full wp-image-251\" src=\"http:\/\/sitetab3.ac-reims.fr\/lp-eiffel\/-wp-\/wp-content\/uploads\/photo1.jpg\" alt=\"\" width=\"768\" height=\"576\" srcset=\"https:\/\/sitetab3.ac-reims.fr\/lp-eiffel\/-wp-\/wp-content\/uploads\/photo1.jpg 768w, https:\/\/sitetab3.ac-reims.fr\/lp-eiffel\/-wp-\/wp-content\/uploads\/photo1-300x225.jpg 300w\" sizes=\"(max-width: 768px) 100vw, 768px\" \/><\/a><\/td>\n<td style=\"width: 86px;\"><a href=\"http:\/\/sitetab3.ac-reims.fr\/lp-eiffel\/-wp-\/wp-content\/uploads\/photo2.jpg\"><img loading=\"lazy\" decoding=\"async\" class=\"alignnone size-full wp-image-252\" src=\"http:\/\/sitetab3.ac-reims.fr\/lp-eiffel\/-wp-\/wp-content\/uploads\/photo2.jpg\" alt=\"\" width=\"800\" height=\"600\" srcset=\"https:\/\/sitetab3.ac-reims.fr\/lp-eiffel\/-wp-\/wp-content\/uploads\/photo2.jpg 800w, https:\/\/sitetab3.ac-reims.fr\/lp-eiffel\/-wp-\/wp-content\/uploads\/photo2-300x225.jpg 300w, https:\/\/sitetab3.ac-reims.fr\/lp-eiffel\/-wp-\/wp-content\/uploads\/photo2-768x576.jpg 768w\" sizes=\"(max-width: 800px) 100vw, 800px\" \/><\/a><\/td>\n<\/tr>\n<\/tbody>\n<\/table>\n<hr class=\"separ\">\n","protected":false},"excerpt":{"rendered":"<p>R\u00e9trospectives du programme Erasmus+ au lyc\u00e9e Gustave Eiffel Des \u00e9l\u00e8ves en Allemagne d\u00e9couvrent le travail de garagiste hors de France 4 \u00e9l\u00e8ves de terminale bac professionnel maintenance des v\u00e9hicules automobiles effectuent leur p\u00e9riode de formation en milieu professionnel en Allemagne du 30 septembre au 18 octobre. Ils viennent d&rsquo;int\u00e9grer 4 garages de la ville d&rsquo;Aix [&hellip;]<\/p>\n","protected":false},"author":1,"featured_media":0,"parent":184,"menu_order":0,"comment_status":"closed","ping_status":"closed","template":"","meta":{"ngg_post_thumbnail":0,"footnotes":""},"_links":{"self":[{"href":"https:\/\/sitetab3.ac-reims.fr\/lp-eiffel\/-wp-\/wp-json\/wp\/v2\/pages\/249"}],"collection":[{"href":"https:\/\/sitetab3.ac-reims.fr\/lp-eiffel\/-wp-\/wp-json\/wp\/v2\/pages"}],"about":[{"href":"https:\/\/sitetab3.ac-reims.fr\/lp-eiffel\/-wp-\/wp-json\/wp\/v2\/types\/page"}],"author":[{"embeddable":true,"href":"https:\/\/sitetab3.ac-reims.fr\/lp-eiffel\/-wp-\/wp-json\/wp\/v2\/users\/1"}],"replies":[{"embeddable":true,"href":"https:\/\/sitetab3.ac-reims.fr\/lp-eiffel\/-wp-\/wp-json\/wp\/v2\/comments?post=249"}],"version-history":[{"count":2,"href":"https:\/\/sitetab3.ac-reims.fr\/lp-eiffel\/-wp-\/wp-json\/wp\/v2\/pages\/249\/revisions"}],"predecessor-version":[{"id":254,"href":"https:\/\/sitetab3.ac-reims.fr\/lp-eiffel\/-wp-\/wp-json\/wp\/v2\/pages\/249\/revisions\/254"}],"up":[{"embeddable":true,"href":"https:\/\/sitetab3.ac-reims.fr\/lp-eiffel\/-wp-\/wp-json\/wp\/v2\/pages\/184"}],"wp:attachment":[{"href":"https:\/\/sitetab3.ac-reims.fr\/lp-eiffel\/-wp-\/wp-json\/wp\/v2\/media?parent=249"}],"curies":[{"name":"wp","href":"https:\/\/api.w.org\/{rel}","templated":true}]}}