{"id":255,"date":"2022-01-11T13:19:48","date_gmt":"2022-01-11T12:19:48","guid":{"rendered":"http:\/\/sitetab3.ac-reims.fr\/lp-eiffel\/-wp-\/?page_id=255"},"modified":"2022-01-13T10:48:48","modified_gmt":"2022-01-13T09:48:48","slug":"association-sportive-du-lycee","status":"publish","type":"page","link":"https:\/\/sitetab3.ac-reims.fr\/lp-eiffel\/-wp-\/vie-lyceenne\/association-sportive-du-lycee\/","title":{"rendered":"Association Sportive du Lyc\u00e9e"},"content":{"rendered":"<p>&nbsp;<\/p>\n<p><a href=\"http:\/\/sitetab3.ac-reims.fr\/lp-eiffel\/-wp-\/wp-content\/uploads\/Planning-AS-2015-2016.jpg\"><img loading=\"lazy\" decoding=\"async\" class=\"alignnone size-full wp-image-256\" src=\"http:\/\/sitetab3.ac-reims.fr\/lp-eiffel\/-wp-\/wp-content\/uploads\/Planning-AS-2015-2016.jpg\" alt=\"\" width=\"864\" height=\"638\" srcset=\"https:\/\/sitetab3.ac-reims.fr\/lp-eiffel\/-wp-\/wp-content\/uploads\/Planning-AS-2015-2016.jpg 864w, https:\/\/sitetab3.ac-reims.fr\/lp-eiffel\/-wp-\/wp-content\/uploads\/Planning-AS-2015-2016-300x222.jpg 300w, https:\/\/sitetab3.ac-reims.fr\/lp-eiffel\/-wp-\/wp-content\/uploads\/Planning-AS-2015-2016-768x567.jpg 768w\" sizes=\"(max-width: 864px) 100vw, 864px\" \/><\/a><\/p>\n<p><!--h2>Activit\u00e9 FUTSAL : nouveau cr\u00e9neau le mercredi de 19h30 \u00e0 21h00 encadr\u00e9 par Morade Ammouna<\/h2-->\n<h3>Bravo \u00e0 nos \u00e9quipes de Futsal<\/h3>\n<p><a href=\"http:\/\/sitetab3.ac-reims.fr\/lp-eiffel\/-wp-\/wp-content\/uploads\/futsalmini.png\"><img loading=\"lazy\" decoding=\"async\" class=\"size-full wp-image-258 alignleft\" src=\"http:\/\/sitetab3.ac-reims.fr\/lp-eiffel\/-wp-\/wp-content\/uploads\/futsalmini.png\" alt=\"\" width=\"300\" height=\"400\" srcset=\"https:\/\/sitetab3.ac-reims.fr\/lp-eiffel\/-wp-\/wp-content\/uploads\/futsalmini.png 300w, https:\/\/sitetab3.ac-reims.fr\/lp-eiffel\/-wp-\/wp-content\/uploads\/futsalmini-225x300.png 225w\" sizes=\"(max-width: 300px) 100vw, 300px\" \/><\/a>&#8211; Nos \u00e9l\u00e8ves licenci\u00e9s \u00e0 l&rsquo;association sportive du Lyc\u00e9e ont pris part aux comp\u00e9titions organis\u00e9es par l&rsquo;union nationale du sport scolaire ( UNSS ) le mercredi apr\u00e8s midi. Notre \u00e9quipe f\u00e9minine de futsal , cr\u00e9\u00e9e cette ann\u00e9e, a particip\u00e9 aux rencontres du championnat d\u00e9partemental qui s&rsquo;est d\u00e9roul\u00e9 sur plusieurs 1\/2 journ\u00e9es au Lyc\u00e9e Chagall. Nos joueuses, malgr\u00e9 leur peu d&rsquo;exp\u00e9rience, ont montr\u00e9 beaucoup de motivation et n&rsquo;ont pas d\u00e9m\u00e9rit\u00e9. Elles ont obtenu des r\u00e9sultats honorables m\u00eame si elles n&rsquo;ont pas r\u00e9ussi \u00e0 se qualifier pour les phases finales. Alors MERCI les filles pour votre investissement , pour avoir tent\u00e9 cette aventure et permis au Lyc\u00e9e d&rsquo;\u00eatre repr\u00e9sent\u00e9.<\/p>\n<p>&#8211; Le championnat d\u00e9partemental de futsal LP gar\u00e7ons s&rsquo;est termin\u00e9 ce mercredi 25\/01\/2017 par la finale. Quatre \u00e9quipes \u00e9taient pr\u00e9sentes pour se disputer le titre : le lyc\u00e9e G.Briere, le Lyc\u00e9e Joliot Curie, le Lyc\u00e9e Avize et le Lyc\u00e9e G.Eiffel. Notre \u00e9quipe compos\u00e9e de Tancr\u00e9 Guilerm, Gauthier Loic, Biguier R\u00e9mi, Kant\u00e9 Mohamed, Samychetty Gabriel et Languet Rudy a termin\u00e9 \u00e0 la deuxi\u00e8me place juste derri\u00e8re G.Briere. Cette comp\u00e9tition de qualit\u00e9, arbitr\u00e9e par de jeunes officiels des diff\u00e9rentes \u00e9quipes , s&rsquo;est d\u00e9roul\u00e9 dans un tr\u00e8s bon \u00e9tat d&rsquo;esprit. Merci \u00e0 tous les joueurs pour leur investissement, leur motivation et cette belle deuxi\u00e8me place qui fait plaisir !<\/p>\n<p style=\"text-align: right;\">F.leclere Professeur d&rsquo;EPS<\/p>\n<p><a href=\"index.php?option=com_content&amp;view=article&amp;id=195\">Quelques photos<\/a><\/p>\n<h3>Premier Rallye Raid R\u00e9mois<\/h3>\n<p><a href=\"http:\/\/sitetab3.ac-reims.fr\/lp-eiffel\/-wp-\/wp-content\/uploads\/Rallye-raid2016.jpg\"><img loading=\"lazy\" decoding=\"async\" class=\"size-full wp-image-260 alignleft\" src=\"http:\/\/sitetab3.ac-reims.fr\/lp-eiffel\/-wp-\/wp-content\/uploads\/Rallye-raid2016.jpg\" alt=\"\" width=\"300\" height=\"225\"><\/a>Quatre \u00e9quipes de deux \u00e9l\u00e8ves du Lyc\u00e9e G.Eiffel ont particip\u00e9 au premier Rallye raid r\u00e9mois organis\u00e9 par l&rsquo;unss mercredi 11 mai 2016. Il s&rsquo;agissait de r\u00e9aliser un parcours urbain de plusieurs kilom\u00e8tres parsem\u00e9 d&rsquo; \u00e9preuves sportives . Le d\u00e9part \u00e9tait donn\u00e9 sur la parvis de la cath\u00e9drale pour se terminer au parc de la Cerisaie . Les 28 \u00e9quipes des diff\u00e9rents Lyc\u00e9e r\u00e9mois se sont affront\u00e9es sur diff\u00e9rentes \u00e9preuves: de la course d&rsquo;orientation, du tir \u00e0 la sarbacane, une \u00e9preuve d&rsquo;Ergo aviron, un quizz culturel, une \u00e9preuve de grimpe sur filet pour terminer par un parcours d&rsquo;obstacle.<\/p>\n<p>Nos quatre \u00e9quipes n&rsquo;ont pas d\u00e9m\u00e9rit\u00e9, ont tout donn\u00e9 et ont termin\u00e9 le rallye, fatigu\u00e9es mais heureuses d&rsquo;avoir v\u00e9cu cette rencontre originale.<\/p>\n<p>Un grand bravo \u00e0 nos \u00e9quipes pour leur bonne humeur et leur investissement :<\/p>\n<ul>\n<li>Hugo Dumez et Numance Pietrement<\/li>\n<li>Quentin Mercier et Alexis Vassard<\/li>\n<li>Elodie Dever et Caroline Remy<\/li>\n<li>Antoine Fiaux et Cliche Tiffany<\/li>\n<\/ul>\n<p>Un bravo particulier \u00e0 Antoine et Tiffany qui ont termin\u00e9 premiers de la cat\u00e9gorie \u00e9quipe mixte !!! et nous ont ramen\u00e9 une coupe !!<\/p>\n<p><a href=\"index.php?option=com_content&amp;view=article&amp;id=168\"> Quelques photos de la journ\u00e9e<\/a><\/p>\n<p>F.Leclere<\/p>\n<h3>Championnat acad\u00e9mique de Tennis de table<\/h3>\n<p><a href=\"http:\/\/sitetab3.ac-reims.fr\/lp-eiffel\/-wp-\/wp-content\/uploads\/pingpong-m.jpg\"><img loading=\"lazy\" decoding=\"async\" class=\"size-full wp-image-259 alignleft\" src=\"http:\/\/sitetab3.ac-reims.fr\/lp-eiffel\/-wp-\/wp-content\/uploads\/pingpong-m.jpg\" alt=\"\" width=\"300\" height=\"200\"><\/a>L&rsquo;\u00e9quipe Cadette de Tennis de table du Lyc\u00e9e a particip\u00e9 ce mercredi 28\/01\/2015 au Championnat acad\u00e9mique de Tennis de table \u00e0 la salle R. Bestel de Charleville.<a href=\"index.php?option=com_content&amp;view=article&amp;id=129\">La journ\u00e9e en images<\/a><\/p>\n<p>Notre \u00e9quipe compos\u00e9e de Caroline REMY,Antoine FIAUX, Hugo DUMEZ et Numance PIETREMENT s&rsquo;est bien d\u00e9fendue face aux autres \u00e9quipes issues des 4 d\u00e9partements de notre acad\u00e9mie. Ils ont \u00e9t\u00e9 accompagn\u00e9s par R\u00e9mi BIGUIER , notre jeune arbitre officiel, valid\u00e9 arbitre de niveau d\u00e9partemental. Bravo R\u00e9mi !<\/p>\n<p>Un grand merci \u00e0 tous pour votre investissement, votre bonne humeur et vos r\u00e9sultats tr\u00e8s honorables apr\u00e8s seulement quelques semaines d&rsquo;entra\u00eenement.<\/p>\n<p>F.Leclere, Professeur d&rsquo;EPS<\/p>\n<h3>Futsal : Finale de la coupe de la ville 2013<\/h3>\n<p><a href=\"http:\/\/sitetab3.ac-reims.fr\/lp-eiffel\/-wp-\/wp-content\/uploads\/futsal_finale_coupe_de_la_ville9avril2013.jpg\"><img loading=\"lazy\" decoding=\"async\" class=\"alignnone size-full wp-image-257\" src=\"http:\/\/sitetab3.ac-reims.fr\/lp-eiffel\/-wp-\/wp-content\/uploads\/futsal_finale_coupe_de_la_ville9avril2013.jpg\" alt=\"\" width=\"1280\" height=\"960\" srcset=\"https:\/\/sitetab3.ac-reims.fr\/lp-eiffel\/-wp-\/wp-content\/uploads\/futsal_finale_coupe_de_la_ville9avril2013.jpg 1280w, https:\/\/sitetab3.ac-reims.fr\/lp-eiffel\/-wp-\/wp-content\/uploads\/futsal_finale_coupe_de_la_ville9avril2013-300x225.jpg 300w, https:\/\/sitetab3.ac-reims.fr\/lp-eiffel\/-wp-\/wp-content\/uploads\/futsal_finale_coupe_de_la_ville9avril2013-1024x768.jpg 1024w, https:\/\/sitetab3.ac-reims.fr\/lp-eiffel\/-wp-\/wp-content\/uploads\/futsal_finale_coupe_de_la_ville9avril2013-768x576.jpg 768w\" sizes=\"(max-width: 1280px) 100vw, 1280px\" \/><\/a><\/p>\n<p>&nbsp;<\/p>\n<p>L&rsquo;\u00e9quipe du Lyc\u00e9e s&rsquo;est qualifi\u00e9e pour la finale de la coupe de la ville . Celle-ci s&rsquo;est d\u00e9roul\u00e9e le mercredi 9 avril 2013 au complexe Ren\u00e9 Tys. Cinq \u00e9quipes se sont affront\u00e9es pour le titre. Il s&rsquo;agissait de Jean XXIII , Saint Jean Baptiste de la salle, Roosevelt, Jeanne D&rsquo;Arc et Eiffel. Nous avons termin\u00e9 premiers ex-\u00e6quo avec Jean XXIII mais ils ont remport\u00e9 la comp\u00e9tition au goal average. F\u00e9licitations aux joueurs pour leur belle performance et leur motivation.<\/p>\n","protected":false},"excerpt":{"rendered":"<p>&nbsp; Bravo \u00e0 nos \u00e9quipes de Futsal &#8211; Nos \u00e9l\u00e8ves licenci\u00e9s \u00e0 l&rsquo;association sportive du Lyc\u00e9e ont pris part aux comp\u00e9titions organis\u00e9es par l&rsquo;union nationale du sport scolaire ( UNSS ) le mercredi apr\u00e8s midi. Notre \u00e9quipe f\u00e9minine de futsal , cr\u00e9\u00e9e cette ann\u00e9e, a particip\u00e9 aux rencontres du championnat d\u00e9partemental qui s&rsquo;est d\u00e9roul\u00e9 sur [&hellip;]<\/p>\n","protected":false},"author":1,"featured_media":0,"parent":346,"menu_order":0,"comment_status":"closed","ping_status":"closed","template":"","meta":{"ngg_post_thumbnail":0,"footnotes":""},"_links":{"self":[{"href":"https:\/\/sitetab3.ac-reims.fr\/lp-eiffel\/-wp-\/wp-json\/wp\/v2\/pages\/255"}],"collection":[{"href":"https:\/\/sitetab3.ac-reims.fr\/lp-eiffel\/-wp-\/wp-json\/wp\/v2\/pages"}],"about":[{"href":"https:\/\/sitetab3.ac-reims.fr\/lp-eiffel\/-wp-\/wp-json\/wp\/v2\/types\/page"}],"author":[{"embeddable":true,"href":"https:\/\/sitetab3.ac-reims.fr\/lp-eiffel\/-wp-\/wp-json\/wp\/v2\/users\/1"}],"replies":[{"embeddable":true,"href":"https:\/\/sitetab3.ac-reims.fr\/lp-eiffel\/-wp-\/wp-json\/wp\/v2\/comments?post=255"}],"version-history":[{"count":1,"href":"https:\/\/sitetab3.ac-reims.fr\/lp-eiffel\/-wp-\/wp-json\/wp\/v2\/pages\/255\/revisions"}],"predecessor-version":[{"id":261,"href":"https:\/\/sitetab3.ac-reims.fr\/lp-eiffel\/-wp-\/wp-json\/wp\/v2\/pages\/255\/revisions\/261"}],"up":[{"embeddable":true,"href":"https:\/\/sitetab3.ac-reims.fr\/lp-eiffel\/-wp-\/wp-json\/wp\/v2\/pages\/346"}],"wp:attachment":[{"href":"https:\/\/sitetab3.ac-reims.fr\/lp-eiffel\/-wp-\/wp-json\/wp\/v2\/media?parent=255"}],"curies":[{"name":"wp","href":"https:\/\/api.w.org\/{rel}","templated":true}]}}