{"id":346,"date":"2022-01-13T08:56:35","date_gmt":"2022-01-13T07:56:35","guid":{"rendered":"http:\/\/sitetab3.ac-reims.fr\/lp-eiffel\/-wp-\/?page_id=346"},"modified":"2022-03-25T09:34:56","modified_gmt":"2022-03-25T08:34:56","slug":"vie-lyceenne","status":"publish","type":"page","link":"https:\/\/sitetab3.ac-reims.fr\/lp-eiffel\/-wp-\/vie-lyceenne\/","title":{"rendered":"Vie lyc\u00e9enne"},"content":{"rendered":"<p>Le Centre de Documentation et d\u2019Information (situ\u00e9 dans le b\u00e2timent C) occupe une surface de 300 m<sup>2<\/sup>.<br \/>\nDeux professeurs-documentalistes vous y accueillent : M<sup>me<\/sup> Dangin.<br \/>\nLe CDI est structur\u00e9 en diff\u00e9rents espaces :<\/p>\n<ul>\n<li>banque d\u2019accueil et de pr\u00eat<\/li>\n<li>postes de consultation et de recherche informatique<\/li>\n<li>coin lecture-presse (30 abonnements disponibles)<\/li>\n<li>espace ONISEP orientation-m\u00e9tiers<\/li>\n<li>rayons romans, documentaires, BD, manuels scolaires<\/li>\n<li>espace d\u2019exposition<\/li>\n<\/ul>\n<p>Vous pouvez consulter la base des documents disponibles au LP Eiffel en cliquant sur le lien suivant :<br \/>\n<a href=\"http:\/\/0510036m.esidoc.fr\/\" target=\"_blank\" rel=\"noopener noreferrer\">Portail documentaire du CDI Eiffel<\/a><\/p>\n<p><!--******************************************--><\/p>\n<table style=\"width: 93.7754%;\" border=\"0\">\n<tbody>\n<tr>\n<td style=\"width: 29.9694%;\"><a href=\"http:\/\/sitetab3.ac-reims.fr\/lp-eiffel\/-wp-\/wp-content\/uploads\/CDIimage5.jpg\"><img loading=\"lazy\" decoding=\"async\" class=\"alignnone wp-image-119\" src=\"http:\/\/sitetab3.ac-reims.fr\/lp-eiffel\/-wp-\/wp-content\/uploads\/CDIimage5.jpg\" alt=\"\" width=\"201\" height=\"152\"><\/a><\/td>\n<td style=\"width: 32.8183%;\"><a href=\"http:\/\/sitetab3.ac-reims.fr\/lp-eiffel\/-wp-\/wp-content\/uploads\/CDIimage4.jpg\"><img loading=\"lazy\" decoding=\"async\" class=\"alignnone wp-image-118\" src=\"http:\/\/sitetab3.ac-reims.fr\/lp-eiffel\/-wp-\/wp-content\/uploads\/CDIimage4.jpg\" alt=\"\" width=\"201\" height=\"152\"><\/a><\/td>\n<td style=\"width: 29.6347%;\"><a href=\"http:\/\/sitetab3.ac-reims.fr\/lp-eiffel\/-wp-\/wp-content\/uploads\/CDIimage2.jpg\"><img loading=\"lazy\" decoding=\"async\" class=\"alignnone wp-image-117\" src=\"http:\/\/sitetab3.ac-reims.fr\/lp-eiffel\/-wp-\/wp-content\/uploads\/CDIimage2.jpg\" alt=\"\" width=\"199\" height=\"150\"><\/a><\/td>\n<\/tr>\n<\/tbody>\n<\/table>\n<p>Centre de ressources multi-media de l\u2019\u00e9tablissement, c\u2019est aussi un lieu privil\u00e9gi\u00e9 d\u2019information, de lecture, de recherche, de formation et de travail. Il est ouvert \u00e0 tous les \u00e9l\u00e8ves et au personnel de l&rsquo;\u00e9tablissement. Les \u00e9l\u00e8ves y viennent soit individuellement, soit en groupe-classe avec un professeur pour apprendre \u00e0 se rep\u00e9rer dans les rayons, \u00e0 ma\u00eetriser la recherche documentaire, \u00e0 s\u00e9lectionner les documents pertinents et \u00e0 d\u00e9velopper leur esprit critique (\u00c9ducation aux m\u00e9dias et \u00e0 l\u2019information). Les usagers disposent d\u2019ordinateurs qu\u2019ils peuvent utiliser dans le respect de la charte informatique. Ils peuvent aussi travailler avec leur ordinateur portable ou tablette personnels.<br \/>\nLes actions men\u00e9es au CDI visent aussi \u00e0 \u00e9largir leur horizon culturel. Mme Dangin, professeure-documentaliste, est aussi r\u00e9f\u00e9rente culture pour le Lyc\u00e9e des m\u00e9tiers Gustave Eiffel.<br \/>\nLes \u00e9l\u00e8ves de 1<sup>\u00e8re<\/sup> Bac Pro et Terminales CAP ont b\u00e9n\u00e9fici\u00e9 de l\u2019<em>Action culturelle<\/em> financ\u00e9e par la <em>R\u00e9gion Grand-Est<\/em>. Au programme 2019\/2020 : Ateliers d\u2019\u00e9criture Po\u00e9sie et Slam, de musique \u00e9lectronique, Concours d\u2019\u00e9loquence, Th\u00e9\u00e2tre, Rencontre d\u2019artistes et d\u2019auteurs. La 2<sup>nde<\/sup> Bac Pro Boulangerie-P\u00e2tisserie est engag\u00e9e dans le projet th\u00e9\u00e2tral de <em>La Com\u00e9die<\/em>, <em>\u00c9ducation et proximit\u00e9<\/em>, avec leurs professeures de Lettres et d&rsquo;Anglais. Un PAG Man\u00e8ge regroupe les 3<sup>e<\/sup> PM1 et THR1.<br \/>\nLa classe de 1 HR2 participe au Prix <em>Plume de Paon<\/em> des Lyc\u00e9ens.<br \/>\nLes \u00e9l\u00e8ves peuvent aussi s&rsquo;inscrire \u00e0 deux concours de lecture : le \u00ab <em>Prix Mangawa<\/em> \u00bb (15 mangas s\u00e9lectionn\u00e9s) <a href=\"https:\/\/www.mangawa.com\/\" target=\"_blank\" rel=\"noopener noreferrer\">www.mangawa.com<\/a> et le \u00ab <em>Prix des Incorruptibles<\/em> \u00bb niveau 3<sup>\u00e8me<\/sup>\/lyc\u00e9e (5 romans s\u00e9lectionn\u00e9s) <a href=\"https:\/\/www.lesincos.com\/\" target=\"_blank\" rel=\"noopener noreferrer\">www.lesincos.com<\/a><\/p>\n","protected":false},"excerpt":{"rendered":"<p>Le Centre de Documentation et d\u2019Information (situ\u00e9 dans le b\u00e2timent C) occupe une surface de 300 m2. Deux professeurs-documentalistes vous y accueillent : Mme Dangin. Le CDI est structur\u00e9 en diff\u00e9rents espaces : banque d\u2019accueil et de pr\u00eat postes de consultation et de recherche informatique coin lecture-presse (30 abonnements disponibles) espace ONISEP orientation-m\u00e9tiers rayons romans, [&hellip;]<\/p>\n","protected":false},"author":1,"featured_media":0,"parent":0,"menu_order":0,"comment_status":"closed","ping_status":"closed","template":"","meta":{"ngg_post_thumbnail":0,"footnotes":""},"_links":{"self":[{"href":"https:\/\/sitetab3.ac-reims.fr\/lp-eiffel\/-wp-\/wp-json\/wp\/v2\/pages\/346"}],"collection":[{"href":"https:\/\/sitetab3.ac-reims.fr\/lp-eiffel\/-wp-\/wp-json\/wp\/v2\/pages"}],"about":[{"href":"https:\/\/sitetab3.ac-reims.fr\/lp-eiffel\/-wp-\/wp-json\/wp\/v2\/types\/page"}],"author":[{"embeddable":true,"href":"https:\/\/sitetab3.ac-reims.fr\/lp-eiffel\/-wp-\/wp-json\/wp\/v2\/users\/1"}],"replies":[{"embeddable":true,"href":"https:\/\/sitetab3.ac-reims.fr\/lp-eiffel\/-wp-\/wp-json\/wp\/v2\/comments?post=346"}],"version-history":[{"count":4,"href":"https:\/\/sitetab3.ac-reims.fr\/lp-eiffel\/-wp-\/wp-json\/wp\/v2\/pages\/346\/revisions"}],"predecessor-version":[{"id":758,"href":"https:\/\/sitetab3.ac-reims.fr\/lp-eiffel\/-wp-\/wp-json\/wp\/v2\/pages\/346\/revisions\/758"}],"wp:attachment":[{"href":"https:\/\/sitetab3.ac-reims.fr\/lp-eiffel\/-wp-\/wp-json\/wp\/v2\/media?parent=346"}],"curies":[{"name":"wp","href":"https:\/\/api.w.org\/{rel}","templated":true}]}}