{"id":422,"date":"2022-01-21T09:10:23","date_gmt":"2022-01-21T08:10:23","guid":{"rendered":"http:\/\/sitetab3.ac-reims.fr\/lp-eiffel\/-wp-\/?page_id=422"},"modified":"2022-01-21T09:10:23","modified_gmt":"2022-01-21T08:10:23","slug":"semaine-des-langues-du-14-au-18-mai","status":"publish","type":"page","link":"https:\/\/sitetab3.ac-reims.fr\/lp-eiffel\/-wp-\/relation-internatinales\/etwinning\/semaine-des-langues-du-14-au-18-mai\/","title":{"rendered":"Semaine des langues du 14 au 18 mai"},"content":{"rendered":"<p>Plusieurs projets ont \u00e9t\u00e9 men\u00e9s du 14 au 18 mai afin de mettre en valeur toutes les activit\u00e9s transversales li\u00e9es aux langues.<br \/>\nEtaient \u00e0 l&rsquo;honneur l&rsquo;anglais, l&rsquo;allemand et l&rsquo;espagnol, les trois langues \u00e9tudi\u00e9es dans notre lyc\u00e9e.<br \/>\nLes \u00e9l\u00e8ves de 2B3PB avec Mesdames Broux et Newby ont r\u00e9alis\u00e9 des posters pour pr\u00e9senter en particulier les diff\u00e9rentes cultures culinaires dans les villes jumel\u00e9es avec Reims. Ces posters ont \u00e9t\u00e9 affich\u00e9s au CDI.<br \/>\nLes \u00e9l\u00e8ves de 1HR et 2B3MCI ont fabriqu\u00e9 des marguerites color\u00e9es avec le mot BONJOUR d\u00e9clin\u00e9 dans diff\u00e9rentes langues. Ces fleurs ont \u00e9t\u00e9 distribu\u00e9es pendant la r\u00e9cr\u00e9ation du jeudi matin, journ\u00e9e de la courtoisie.<br \/>\nLes \u00e9l\u00e8ves de 2B3R2, 1B3PB et TB3PB avec M<sup>me<\/sup> H\u00e9bert ont particip\u00e9 \u00e0 un spectacle th\u00e9\u00e2tral interactif en anglais donn\u00e9 par la Compagnie \u00ab&nbsp;<em>Ma langue au chat<\/em> \u00bb compos\u00e9e de com\u00e9diens natifs. \u00c0 la suite du spectacle ils se sont investis dans des ateliers p\u00e9dagogiques anim\u00e9s par les com\u00e9diens. Il s&rsquo;agissait de s&rsquo;exprimer en anglais sur des th\u00e8mes \u00e9voqu\u00e9s pendant le repr\u00e9sentation (nourriture, casting, h\u00f4tel). Et enfin un \u00e9change a eu lieu entre les \u00e9l\u00e8ves et les com\u00e9diens.<br \/>\nLa restauration scolaire du lyc\u00e9e s&rsquo;est jointe \u00e0 cette manifestation en proposant des menus allemand, britannique et espagnol. Ils avaient d\u00e9cor\u00e9 la cantine avec des drapeaux de ces trois pays.<\/p>\n<p><small>M<sup>me<\/sup> H\u00e9bert et M<sup>me<\/sup> Newby, Professeures d&rsquo;anglais.<\/small><\/p>\n<p>&nbsp;<\/p>\n<p><a href=\"http:\/\/sitetab3.ac-reims.fr\/lp-eiffel\/-wp-\/wp-content\/uploads\/semaine-des-langues-1.jpg\"><img loading=\"lazy\" decoding=\"async\" class=\"alignnone size-full wp-image-423\" src=\"http:\/\/sitetab3.ac-reims.fr\/lp-eiffel\/-wp-\/wp-content\/uploads\/semaine-des-langues-1.jpg\" alt=\"\" width=\"1200\" height=\"1200\" srcset=\"https:\/\/sitetab3.ac-reims.fr\/lp-eiffel\/-wp-\/wp-content\/uploads\/semaine-des-langues-1.jpg 1200w, https:\/\/sitetab3.ac-reims.fr\/lp-eiffel\/-wp-\/wp-content\/uploads\/semaine-des-langues-1-300x300.jpg 300w, https:\/\/sitetab3.ac-reims.fr\/lp-eiffel\/-wp-\/wp-content\/uploads\/semaine-des-langues-1-1024x1024.jpg 1024w, https:\/\/sitetab3.ac-reims.fr\/lp-eiffel\/-wp-\/wp-content\/uploads\/semaine-des-langues-1-150x150.jpg 150w, https:\/\/sitetab3.ac-reims.fr\/lp-eiffel\/-wp-\/wp-content\/uploads\/semaine-des-langues-1-768x768.jpg 768w\" sizes=\"(max-width: 1200px) 100vw, 1200px\" \/><\/a><\/p>\n","protected":false},"excerpt":{"rendered":"<p>Plusieurs projets ont \u00e9t\u00e9 men\u00e9s du 14 au 18 mai afin de mettre en valeur toutes les activit\u00e9s transversales li\u00e9es aux langues. Etaient \u00e0 l&rsquo;honneur l&rsquo;anglais, l&rsquo;allemand et l&rsquo;espagnol, les trois langues \u00e9tudi\u00e9es dans notre lyc\u00e9e. Les \u00e9l\u00e8ves de 2B3PB avec Mesdames Broux et Newby ont r\u00e9alis\u00e9 des posters pour pr\u00e9senter en particulier les diff\u00e9rentes [&hellip;]<\/p>\n","protected":false},"author":1,"featured_media":0,"parent":215,"menu_order":0,"comment_status":"closed","ping_status":"closed","template":"","meta":{"ngg_post_thumbnail":0,"footnotes":""},"_links":{"self":[{"href":"https:\/\/sitetab3.ac-reims.fr\/lp-eiffel\/-wp-\/wp-json\/wp\/v2\/pages\/422"}],"collection":[{"href":"https:\/\/sitetab3.ac-reims.fr\/lp-eiffel\/-wp-\/wp-json\/wp\/v2\/pages"}],"about":[{"href":"https:\/\/sitetab3.ac-reims.fr\/lp-eiffel\/-wp-\/wp-json\/wp\/v2\/types\/page"}],"author":[{"embeddable":true,"href":"https:\/\/sitetab3.ac-reims.fr\/lp-eiffel\/-wp-\/wp-json\/wp\/v2\/users\/1"}],"replies":[{"embeddable":true,"href":"https:\/\/sitetab3.ac-reims.fr\/lp-eiffel\/-wp-\/wp-json\/wp\/v2\/comments?post=422"}],"version-history":[{"count":1,"href":"https:\/\/sitetab3.ac-reims.fr\/lp-eiffel\/-wp-\/wp-json\/wp\/v2\/pages\/422\/revisions"}],"predecessor-version":[{"id":424,"href":"https:\/\/sitetab3.ac-reims.fr\/lp-eiffel\/-wp-\/wp-json\/wp\/v2\/pages\/422\/revisions\/424"}],"up":[{"embeddable":true,"href":"https:\/\/sitetab3.ac-reims.fr\/lp-eiffel\/-wp-\/wp-json\/wp\/v2\/pages\/215"}],"wp:attachment":[{"href":"https:\/\/sitetab3.ac-reims.fr\/lp-eiffel\/-wp-\/wp-json\/wp\/v2\/media?parent=422"}],"curies":[{"name":"wp","href":"https:\/\/api.w.org\/{rel}","templated":true}]}}