{"id":532,"date":"2022-01-31T11:52:09","date_gmt":"2022-01-31T10:52:09","guid":{"rendered":"http:\/\/sitetab3.ac-reims.fr\/lp-eiffel\/-wp-\/?page_id=532"},"modified":"2023-11-13T12:52:35","modified_gmt":"2023-11-13T11:52:35","slug":"reservation","status":"publish","type":"page","link":"https:\/\/sitetab3.ac-reims.fr\/lp-eiffel\/-wp-\/services-restauration-hotellerie\/reservation\/","title":{"rendered":"R\u00e9servation"},"content":{"rendered":"<h1 style=\"text-align: center;\">POUR TOUTE R\u00c9SERVATION, CONTACTEZ LE 03.26.50.65.19<br \/>\n&nbsp;<br \/>\nOU <a href=\"https:\/\/resa.euresto.com\/$2.vrWJ1E4SdI\/fb685b26-d465-11ec-9037-00505639ca82\" target=\"_blank\" title=\"Acc\u00e9der au formulaire de r\u00e9servation en ligne\" data-wplink-edit=\"true\" rel=\"noopener\">R\u00c9SERVEZ EN LIGNE<br \/>\n<img loading=\"lazy\" decoding=\"async\" class=\"aligncenter  wp-image-1131\" src=\"http:\/\/sitetab3.ac-reims.fr\/lp-eiffel\/-wp-\/wp-content\/uploads\/reserv.png\" alt=\"Ic\u00f4ne r\u00e9servation\" width=\"123\" height=\"107\"><\/a><\/h1>\n<p style=\"text-align: center;\">Les d\u00e9jeuners ou d\u00eeners sont uniquement sur r\u00e9servation.<\/p>\n<p style=\"text-align: center;\">Les \u00e9ventuels diff\u00e9rentiels tarifaires avec la profession, de m\u00eame que les \u00e9ventuelles variations qualitatives s\u2019expliquent par le caract\u00e8re purement p\u00e9dagogique de ce restaurant d\u2019application. Les prix demand\u00e9s n\u2019int\u00e8grent en effet pas les charges auxquelles sont soumises les entreprises commerciales de restauration et ne peuvent donc pas correspondre aux tarifs pratiqu\u00e9s par les restaurants priv\u00e9s.<\/p>\n<p style=\"text-align: center;\">En fonction des arrivages ou d\u2019imp\u00e9ratifs p\u00e9dagogiques, nos menus sont publi\u00e9s<br \/>\nsous r\u00e9serve de modifications ou d\u2019annulations exceptionnelles.<\/p>\n<p style=\"text-align: center;\">Tous nos plats sont faits maison.<\/p>\n","protected":false},"excerpt":{"rendered":"<p>POUR TOUTE R\u00c9SERVATION, CONTACTEZ LE 03.26.50.65.19 &nbsp; OU R\u00c9SERVEZ EN LIGNE Les d\u00e9jeuners ou d\u00eeners sont uniquement sur r\u00e9servation. Les \u00e9ventuels diff\u00e9rentiels tarifaires avec la profession, de m\u00eame que les \u00e9ventuelles variations qualitatives s\u2019expliquent par le caract\u00e8re purement p\u00e9dagogique de ce restaurant d\u2019application. Les prix demand\u00e9s n\u2019int\u00e8grent en effet pas les charges auxquelles sont soumises [&hellip;]<\/p>\n","protected":false},"author":1,"featured_media":0,"parent":82,"menu_order":0,"comment_status":"closed","ping_status":"closed","template":"","meta":{"ngg_post_thumbnail":0,"footnotes":""},"_links":{"self":[{"href":"https:\/\/sitetab3.ac-reims.fr\/lp-eiffel\/-wp-\/wp-json\/wp\/v2\/pages\/532"}],"collection":[{"href":"https:\/\/sitetab3.ac-reims.fr\/lp-eiffel\/-wp-\/wp-json\/wp\/v2\/pages"}],"about":[{"href":"https:\/\/sitetab3.ac-reims.fr\/lp-eiffel\/-wp-\/wp-json\/wp\/v2\/types\/page"}],"author":[{"embeddable":true,"href":"https:\/\/sitetab3.ac-reims.fr\/lp-eiffel\/-wp-\/wp-json\/wp\/v2\/users\/1"}],"replies":[{"embeddable":true,"href":"https:\/\/sitetab3.ac-reims.fr\/lp-eiffel\/-wp-\/wp-json\/wp\/v2\/comments?post=532"}],"version-history":[{"count":7,"href":"https:\/\/sitetab3.ac-reims.fr\/lp-eiffel\/-wp-\/wp-json\/wp\/v2\/pages\/532\/revisions"}],"predecessor-version":[{"id":1137,"href":"https:\/\/sitetab3.ac-reims.fr\/lp-eiffel\/-wp-\/wp-json\/wp\/v2\/pages\/532\/revisions\/1137"}],"up":[{"embeddable":true,"href":"https:\/\/sitetab3.ac-reims.fr\/lp-eiffel\/-wp-\/wp-json\/wp\/v2\/pages\/82"}],"wp:attachment":[{"href":"https:\/\/sitetab3.ac-reims.fr\/lp-eiffel\/-wp-\/wp-json\/wp\/v2\/media?parent=532"}],"curies":[{"name":"wp","href":"https:\/\/api.w.org\/{rel}","templated":true}]}}