{"id":84,"date":"2022-01-10T14:57:02","date_gmt":"2022-01-10T13:57:02","guid":{"rendered":"http:\/\/sitetab3.ac-reims.fr\/lp-eiffel\/-wp-\/?page_id=84"},"modified":"2022-01-13T10:49:07","modified_gmt":"2022-01-13T09:49:07","slug":"charte-du-lycee-pour-les-usages-informatiques","status":"publish","type":"page","link":"https:\/\/sitetab3.ac-reims.fr\/lp-eiffel\/-wp-\/autre\/charte-du-lycee-pour-les-usages-informatiques\/","title":{"rendered":"Charte du lyc\u00e9e pour les usages informatiques"},"content":{"rendered":"<table style=\"max-width: 100%; margin: 1em auto; text-align: center;\" border=\"0\">\n<caption>Informations concernant le mat\u00e9riel personnel des \u00e9l\u00e8ves (<abbr title=\"Bring Your Own Device : j'apporte mon propre mat\u00e9riel\">BYOD*<\/abbr>)<\/p>\n<\/caption>\n<tbody>\n<tr style=\"background: #eee;\">\n<th style=\"padding: 1em;\">Charte<\/th>\n<th style=\"padding: 1em;\">Lieux concern\u00e9s<\/th>\n<\/tr>\n<tr>\n<td><a href=\"http:\/\/sitetab3.ac-reims.fr\/lp-eiffel\/-wp-\/wp-content\/uploads\/mindmap-charte-BYOD-Eiffel.png\"><img loading=\"lazy\" decoding=\"async\" class=\"alignnone size-full wp-image-72\" src=\"http:\/\/sitetab3.ac-reims.fr\/lp-eiffel\/-wp-\/wp-content\/uploads\/mindmap-charte-BYOD-Eiffel.png\" alt=\"\" width=\"2083\" height=\"1670\" srcset=\"https:\/\/sitetab3.ac-reims.fr\/lp-eiffel\/-wp-\/wp-content\/uploads\/mindmap-charte-BYOD-Eiffel.png 2083w, https:\/\/sitetab3.ac-reims.fr\/lp-eiffel\/-wp-\/wp-content\/uploads\/mindmap-charte-BYOD-Eiffel-300x241.png 300w, https:\/\/sitetab3.ac-reims.fr\/lp-eiffel\/-wp-\/wp-content\/uploads\/mindmap-charte-BYOD-Eiffel-1024x821.png 1024w, https:\/\/sitetab3.ac-reims.fr\/lp-eiffel\/-wp-\/wp-content\/uploads\/mindmap-charte-BYOD-Eiffel-768x616.png 768w, https:\/\/sitetab3.ac-reims.fr\/lp-eiffel\/-wp-\/wp-content\/uploads\/mindmap-charte-BYOD-Eiffel-1536x1231.png 1536w, https:\/\/sitetab3.ac-reims.fr\/lp-eiffel\/-wp-\/wp-content\/uploads\/mindmap-charte-BYOD-Eiffel-2048x1642.png 2048w\" sizes=\"(max-width: 2083px) 100vw, 2083px\" \/><\/a><\/td>\n<td><a href=\"http:\/\/sitetab3.ac-reims.fr\/lp-eiffel\/-wp-\/wp-content\/uploads\/Mindmap-lieux-lycee-Eiffel.png\"><img loading=\"lazy\" decoding=\"async\" class=\"alignnone size-full wp-image-73\" src=\"http:\/\/sitetab3.ac-reims.fr\/lp-eiffel\/-wp-\/wp-content\/uploads\/Mindmap-lieux-lycee-Eiffel.png\" alt=\"\" width=\"972\" height=\"829\" srcset=\"https:\/\/sitetab3.ac-reims.fr\/lp-eiffel\/-wp-\/wp-content\/uploads\/Mindmap-lieux-lycee-Eiffel.png 972w, https:\/\/sitetab3.ac-reims.fr\/lp-eiffel\/-wp-\/wp-content\/uploads\/Mindmap-lieux-lycee-Eiffel-300x256.png 300w, https:\/\/sitetab3.ac-reims.fr\/lp-eiffel\/-wp-\/wp-content\/uploads\/Mindmap-lieux-lycee-Eiffel-768x655.png 768w\" sizes=\"(max-width: 972px) 100vw, 972px\" \/><\/a><\/td>\n<\/tr>\n<tr>\n<td colspan=\"2\"><em>*<small>BYOD = Bring Your Own Device : j&rsquo;apporte mon propre mat\u00e9riel<\/small><\/em><\/td>\n<\/tr>\n<\/tbody>\n<\/table>\n<h1>Contrat d&rsquo;utilisation de l&rsquo;informatique p\u00e9dagogique du Lyc\u00e9e<\/h1>\n<div id=\"chpartdebut\" class=\"markiftarg\">\n<p>Le pr\u00e9sent contrat a pour objet de d\u00e9finir les r\u00e8gles d&rsquo;utilisation du r\u00e9seau p\u00e9dagogique du lyc\u00e9e.<br \/>\nIl s&rsquo;inscrit dans le cadre des lois en vigueur :<\/p>\n<ul>\n<li>Loi no. 78-17 du 6 janvier 1978 \u00ab\u00a0informatique, fichiers et libert\u00e9s\u00a0\u00bb,<\/li>\n<li>Loi no. 78-753 du 17 juillet 1978 sur l&rsquo;acc\u00e8s aux documents administratifs,<\/li>\n<li>Loi no. 85.660 du 3 juillet 1985 sur la protection des logiciels,<\/li>\n<li>Loi no. 88-19 du 5 janvier 1988 relative \u00e0 la fraude informatique,<\/li>\n<li>Loi no. 92-597 du 1er juillet 1992 (code de la propri\u00e9t\u00e9 intellectuelle).<\/li>\n<\/ul>\n<\/div>\n<div id=\"chpart1\" class=\"markiftarg\">\n<h3>1. CHAMP D&rsquo;APPLICATION DU CONTRAT :<\/h3>\n<p>Ce contrat s&rsquo;applique \u00e0 toute personne, \u00e9l\u00e8ve, enseignant, personnel administratif ou technique, autoris\u00e9e \u00e0 utiliser les moyens et syst\u00e8mes informatiques \u00e0 usage p\u00e9dagogique du lyc\u00e9e.<br \/>\nCes derniers comprennent notamment les r\u00e9seaux, serveurs, stations de travail et micro-ordinateurs des salles d&rsquo;enseignement, des laboratoires, et du <abbr title=\"Centre de Documentation et d'Information\">C.D.I.<\/abbr> du lyc\u00e9e.<br \/>\nLes r\u00e9seaux de l&rsquo;internat et les \u00e9quipements personnels font l&rsquo;objet d&rsquo;exceptions trait\u00e9es en <a href=\"#chpart6\">partie 6<\/a> de ce contrat.<\/p>\n<\/div>\n<div id=\"chpart2\" class=\"markiftarg\">\n<h3>2. R\u00c8GLES DE GESTION DU R\u00c9SEAU ET DES MOYENS INFORMATIQUES DU LYC\u00c9E :<\/h3>\n<p>Chaque ordinateur et chaque r\u00e9seau est g\u00e9r\u00e9 par un ou plusieurs administrateurs. Ce sont eux qui g\u00e8rent le compte des utilisateurs.<br \/>\nLes administrateurs n&rsquo;ouvrent de compte qu&rsquo;aux utilisateurs ayant pris connaissance du pr\u00e9sent document, et peuvent le fermer s&rsquo;ils ont des raisons de penser que l&rsquo;utilisateur viole les r\u00e8gles \u00e9nonc\u00e9es ici.<br \/>\n<strong>A partir du moment o\u00f9 un utilisateur saisit son mot de passe, il accepte implicitement de se conformer aux r\u00e8gles du pr\u00e9sent contrat.<\/strong><\/p>\n<\/div>\n<div id=\"chpart3\" class=\"markiftarg\">\n<h3>3. CONDITIONS D&rsquo;ACC\u00c8S AUX MOYENS INFORMATIQUES DU LYC\u00c9E :<\/h3>\n<p>L&rsquo;utilisation des moyens informatiques du lyc\u00e9e a pour objet exclusif de mener <strong>des activit\u00e9s d&rsquo;enseignement ou de documentation<\/strong>.<br \/>\nSauf autorisation pr\u00e9alable ou convention sign\u00e9e par le Proviseur du lyc\u00e9e, ces moyens ne peuvent \u00eatre utilis\u00e9s en vue de r\u00e9aliser des projets ne relevant pas des missions confi\u00e9es aux utilisateurs.<\/p>\n<p>Chaque utilisateur se voit attribuer un compte informatique (nom d&rsquo;utilisateur et un mot de passe) qui lui permettra de se connecter au r\u00e9seau p\u00e9dagogique.<br \/>\nLes comptes et mots de passe sont nominatifs, personnels et ne peuvent \u00eatre c\u00e9d\u00e9s.<br \/>\n<strong>Chaque utilisateur est responsable de l&rsquo;utilisation qui est faite de son compte<\/strong>. Le mot de passe choisi ne doit pas \u00eatre devinable par autrui (nom de l&rsquo;utilisateur, date de naissance, \u2026) et doit \u00eatre chang\u00e9 r\u00e9guli\u00e8rement (au moins chaque ann\u00e9e).<br \/>\nL&rsquo;utilisateur pr\u00e9viendra l&rsquo;administrateur si son mot de passe ne lui permet plus de se connecter ou s&rsquo;il soup\u00e7onne que son compte est viol\u00e9.<\/p>\n<\/div>\n<div id=\"chpart4\" class=\"markiftarg\">\n<h3>4. R\u00c8GLES DE BASE :<\/h3>\n<p>Chaque utilisateur s&rsquo;engage \u00e0 respecter les r\u00e8gles de la d\u00e9ontologie informatique et notamment \u00e0 ne pas effectuer intentionnellement des op\u00e9rations qui pourraient avoir pour cons\u00e9quences :<\/p>\n<ul>\n<li>de masquer sa v\u00e9ritable identit\u00e9 (un utilisateur doit, par exemple indiquer sa v\u00e9ritable identit\u00e9 dans les correspondances de courrier \u00e9lectronique, les pseudonymes sont exclus) ;<\/li>\n<li>de s&rsquo;approprier le mot de passe d&rsquo;un autre utilisateur ;<\/li>\n<li>de modifier ou de d\u00e9truire des informations ne lui appartenant pas sur un des syst\u00e8mes informatiques ;<\/li>\n<li>d&rsquo;acc\u00e9der \u00e0 des informations appartenant \u00e0 d&rsquo;autres utilisateurs sans leur autorisation ;<\/li>\n<li>de porter atteinte \u00e0 l&rsquo;int\u00e9grit\u00e9 d&rsquo;un autre utilisateur ou \u00e0 sa sensibilit\u00e9, notamment par l&rsquo;interm\u00e9diaire de messages, textes ou images provocants ;<\/li>\n<li>de perturber le travail scolaire, que ce soit d&rsquo;un \u00e9l\u00e8ve, d&rsquo;un enseignant ou d&rsquo;un groupe ;<\/li>\n<li>d&rsquo;interrompre le fonctionnement normal du r\u00e9seau ou d&rsquo;un des syst\u00e8mes connect\u00e9s ou non au r\u00e9seau ;<\/li>\n<li>de se connecter ou d&rsquo;essayer de se connecter sur un site ou un compte sans y \u00eatre autoris\u00e9 ;<\/li>\n<li>d\u2019installer des logiciels \u00e0 caract\u00e8re ludique sauf a des fins scientifiques ou p\u00e9dagogiques ;<\/li>\n<li>d&rsquo;obtenir, de diffuser ou de faire une copie d&rsquo;un logiciel dont la licence l&rsquo;interdit ;<\/li>\n<li>d&rsquo;obtenir, de diffuser ou de faire une copie d&rsquo;une \u0153uvre culturelle dont la licence l&rsquo;interdit ;<\/li>\n<li>de contourner les restrictions d&rsquo;utilisation d&rsquo;un logiciel ;<\/li>\n<li>de d\u00e9velopper, copier, diffuser des programmes qui s&rsquo;auto\u00addupliquent ou s&rsquo;attachent de mani\u00e8re dissimul\u00e9e \u00e0 d&rsquo;autres programmes (virus informatiques) ;<\/li>\n<li>de d\u00e9velopper, copier, diffuser des programmes ayant pour objectif une activit\u00e9 frauduleuse ou malveillante.<\/li>\n<\/ul>\n<p>La r\u00e9alisation, l&rsquo;utilisation ou la diffusion d&rsquo;un programme informatique ayant de tels objectifs est strictement interdite. L&rsquo;\u00e9tablissement se r\u00e9serve le droit de supprimer automatiquement tout programme de ce type sur tout mat\u00e9riel du lyc\u00e9e ou support de stockage, m\u00eame personnel, connect\u00e9 \u00e0 celui-ci.<\/p>\n<p><strong>L\u2019utilisateur s\u2019engage \u00e0 utiliser Internet exclusivement pour une utilisation d\u2019ordre p\u00e9dagogique<\/strong>. En particulier, la connexion \u00e0 des services de dialogue en direct (\u00ab\u00a0Chat\u00a0\u00bb, IRC, ICQ\u2026) n&rsquo;est pas autoris\u00e9e sauf dans le cadre d&rsquo;un travail scolaire. De m\u00eame que le t\u00e9l\u00e9chargement de musiques ou de vid\u00e9os.<\/p>\n<\/div>\n<div id=\"chpart5\" class=\"markiftarg\">\n<h3>5. UTILISATION \u00c9QUITABLE DES MOYENS INFORMATIQUES :<\/h3>\n<p><strong>Chaque utilisateur s&rsquo;engage \u00e0 prendre soin du mat\u00e9riel et des locaux informatiques mis \u00e0 sa disposition<\/strong>. Il informe un des administrateurs r\u00e9seau de toute anomalie constat\u00e9e.<br \/>\nL&rsquo;utilisateur doit s&rsquo;efforcer de <strong>n&rsquo;occuper que la quantit\u00e9 d&rsquo;espace disque qui lui est strictement n\u00e9cessaire<\/strong> et d&rsquo;utiliser de fa\u00e7on optimale les moyens de compression des fichiers dont il dispose. En cas de d\u00e9passement de l\u2019espace qui est allou\u00e9 \u00e0 l\u2019utilisateur, celui-ci sera pr\u00e9venu par un message provenant du serveur. Les fichiers les plus anciens seront d\u00e9truits par l\u2019administrateur.<br \/>\nLes activit\u00e9s risquant d&rsquo;accaparer fortement les ressources informatiques (impression de gros documents, calculs importants, utilisation intensive du r\u00e9seau,\u2026) devront \u00eatre effectu\u00e9es aux moments qui p\u00e9nalisent le moins la communaut\u00e9.<br \/>\n<strong>Un utilisateur ne doit jamais quitter un poste de travail sans se d\u00e9connecter (sans fermer sa session de travail) ou s&rsquo;absenter sans verrouiller sa session.<\/strong><br \/>\nSi l\u2019utilisateur ne le fait pas, son r\u00e9pertoire personnel reste accessible pour tout autre utilisateur.<\/p>\n<\/div>\n<div id=\"chpart6\" class=\"markiftarg\">\n<h3>6. EXCEPTIONS PARTICULI\u00c8RES<\/h3>\n<p><span style=\"text-decoration: underline;\">\u00c9l\u00e8ves<\/span> :<br \/>\nPour les \u00e9l\u00e8ves (ou les personnes suivant une formation sous la responsabilit\u00e9 d&rsquo;un enseignant ou d&rsquo;un membre de l&rsquo;\u00e9quipe p\u00e9dagogique), des r\u00e8gles suppl\u00e9mentaires s&rsquo;appliquent :<br \/>\nL&rsquo;impression de documents est soumise \u00e0 la demande explicite du plus proche responsable du lyc\u00e9e (typiquement l&rsquo;enseignant).<br \/>\nLa connexion de tout mat\u00e9riel personnel sur le mat\u00e9riel informatique ou \u00e9lectrique du lyc\u00e9e est interdit sauf accord explicite de ce m\u00eame responsable.<\/p>\n<p><span style=\"text-decoration: underline;\">Internat et foyer<\/span> :<br \/>\nConcernant les r\u00e9seaux et les mat\u00e9riels informatiques de l&rsquo;internat et du foyer, l&rsquo;exclusivit\u00e9 de l&rsquo;usage p\u00e9dagogique ne s&rsquo;applique pas. Le fait de se rendre anonyme en dehors du r\u00e9seau interne de l&rsquo;\u00e9tablissement est \u00e9galement autoris\u00e9 dans les limites l\u00e9gales. En dehors de ces exceptions, les r\u00e8gles exprim\u00e9es en <a href=\"#chpart4\">partie 4<\/a> de ce contrat s&rsquo;appliquent.<br \/>\nDans le cadre de l&rsquo;internat, il est interdit d&rsquo;effectuer intentionnellement des op\u00e9rations qui pourraient avoir pour cons\u00e9quences de perturber le repos ou le travail des internes.<\/p>\n<p><span style=\"text-decoration: underline;\">Mat\u00e9riel informatique personnel<\/span> :<br \/>\nS&rsquo;agissant du mat\u00e9riel informatique personnel tel qu&rsquo;un support de stockage (cl\u00e9 USB, disque dur, carte m\u00e9moire,\u2026) ou un appareil num\u00e9rique nomade (ordinateur, tablette, appareil photo, smartphone,\u2026), les r\u00e8gles pr\u00e9sentes en <a href=\"#chpart4\">partie 4<\/a> de ce contrat s&rsquo;appliquent.<br \/>\nLa m\u00eame exception que pour l&rsquo;internat et le foyer est cependant accord\u00e9e lors des temps de pause ou r\u00e9cr\u00e9atifs (cf. plus haut, dans cette m\u00eame partie).<\/p>\n<p>L&rsquo;\u00e9tablissement se r\u00e9serve le droit, au besoin, de confisquer (sans l&rsquo;utiliser) ce mat\u00e9riel (\u00e9teint), dans la limite des heures de cours, de permanence ou de repos (\u00e0 l&rsquo;internat), pour garantir \u00e0 la classe ou au groupe des conditions de travail ou de repos n\u00e9cessaires au lyc\u00e9e.<\/p>\n<\/div>\n<div id=\"chpartfin\" class=\"markiftarg\">\n<p><strong>Des dispositions techniques ont \u00e9t\u00e9 prises (contr\u00f4le effectu\u00e9 lors des connexions, suivi de l&rsquo;utilisation des diff\u00e9rents postes) afin de v\u00e9rifier que l&rsquo;usage du r\u00e9seau informatique est bien conforme aux r\u00e8gles indiqu\u00e9es dans le pr\u00e9sent contrat, en particulier en ce qui concerne l\u2019utilisation d\u2019Internet.<\/strong><br \/>\nL&rsquo;utilisateur qui contreviendrait aux r\u00e8gles pr\u00e9c\u00e9demment d\u00e9finies s&rsquo;expose au retrait de son compte informatique ainsi qu&rsquo;aux poursuites, disciplinaires et p\u00e9nales, pr\u00e9vues par les textes l\u00e9gislatifs et r\u00e9glementaires en vigueur.<\/p>\n<\/div>\n<p>Signature :<\/p>\n","protected":false},"excerpt":{"rendered":"<p>Informations concernant le mat\u00e9riel personnel des \u00e9l\u00e8ves (BYOD*) Charte Lieux concern\u00e9s *BYOD = Bring Your Own Device : j&rsquo;apporte mon propre mat\u00e9riel Contrat d&rsquo;utilisation de l&rsquo;informatique p\u00e9dagogique du Lyc\u00e9e Le pr\u00e9sent contrat a pour objet de d\u00e9finir les r\u00e8gles d&rsquo;utilisation du r\u00e9seau p\u00e9dagogique du lyc\u00e9e. Il s&rsquo;inscrit dans le cadre des lois en vigueur : [&hellip;]<\/p>\n","protected":false},"author":1,"featured_media":0,"parent":341,"menu_order":0,"comment_status":"closed","ping_status":"closed","template":"","meta":{"ngg_post_thumbnail":0,"footnotes":""},"_links":{"self":[{"href":"https:\/\/sitetab3.ac-reims.fr\/lp-eiffel\/-wp-\/wp-json\/wp\/v2\/pages\/84"}],"collection":[{"href":"https:\/\/sitetab3.ac-reims.fr\/lp-eiffel\/-wp-\/wp-json\/wp\/v2\/pages"}],"about":[{"href":"https:\/\/sitetab3.ac-reims.fr\/lp-eiffel\/-wp-\/wp-json\/wp\/v2\/types\/page"}],"author":[{"embeddable":true,"href":"https:\/\/sitetab3.ac-reims.fr\/lp-eiffel\/-wp-\/wp-json\/wp\/v2\/users\/1"}],"replies":[{"embeddable":true,"href":"https:\/\/sitetab3.ac-reims.fr\/lp-eiffel\/-wp-\/wp-json\/wp\/v2\/comments?post=84"}],"version-history":[{"count":1,"href":"https:\/\/sitetab3.ac-reims.fr\/lp-eiffel\/-wp-\/wp-json\/wp\/v2\/pages\/84\/revisions"}],"predecessor-version":[{"id":85,"href":"https:\/\/sitetab3.ac-reims.fr\/lp-eiffel\/-wp-\/wp-json\/wp\/v2\/pages\/84\/revisions\/85"}],"up":[{"embeddable":true,"href":"https:\/\/sitetab3.ac-reims.fr\/lp-eiffel\/-wp-\/wp-json\/wp\/v2\/pages\/341"}],"wp:attachment":[{"href":"https:\/\/sitetab3.ac-reims.fr\/lp-eiffel\/-wp-\/wp-json\/wp\/v2\/media?parent=84"}],"curies":[{"name":"wp","href":"https:\/\/api.w.org\/{rel}","templated":true}]}}