{"id":86,"date":"2022-01-10T15:24:47","date_gmt":"2022-01-10T14:24:47","guid":{"rendered":"http:\/\/sitetab3.ac-reims.fr\/lp-eiffel\/-wp-\/?page_id=86"},"modified":"2022-01-12T09:10:25","modified_gmt":"2022-01-12T08:10:25","slug":"presentation-du-lycee","status":"publish","type":"page","link":"https:\/\/sitetab3.ac-reims.fr\/lp-eiffel\/-wp-\/accueil\/presentation-du-lycee\/","title":{"rendered":"Pr\u00e9sentation du lyc\u00e9e"},"content":{"rendered":"<p>Le lyc\u00e9e est situ\u00e9 \u00e0 l&#8217;emplacement des casernes Maistres c\u00e9d\u00e9es au Minist\u00e8re de l&rsquo;Education Nationale par d\u00e9cret en 1950.<\/p>\n<p><a href=\"http:\/\/sitetab3.ac-reims.fr\/lp-eiffel\/-wp-\/wp-content\/uploads\/caserne1.png\"><img loading=\"lazy\" decoding=\"async\" class=\"alignnone size-full wp-image-89\" src=\"http:\/\/sitetab3.ac-reims.fr\/lp-eiffel\/-wp-\/wp-content\/uploads\/caserne1.png\" alt=\"\" width=\"275\" height=\"165\"><\/a><a href=\"http:\/\/sitetab3.ac-reims.fr\/lp-eiffel\/-wp-\/wp-content\/uploads\/caserne2.png\"><img loading=\"lazy\" decoding=\"async\" class=\"alignnone size-full wp-image-90\" src=\"http:\/\/sitetab3.ac-reims.fr\/lp-eiffel\/-wp-\/wp-content\/uploads\/caserne2.png\" alt=\"\" width=\"275\" height=\"171\"><\/a><\/p>\n<p>Les travaux d&rsquo;am\u00e9nagement effectu\u00e9s \u00e0 partir de 1951 permirent l&rsquo;ouverture d&rsquo;un Centre d&rsquo;Apprentissage en 1952.<\/p>\n<p><a href=\"http:\/\/sitetab3.ac-reims.fr\/lp-eiffel\/-wp-\/wp-content\/uploads\/le_lyc1.jpg\"><img loading=\"lazy\" decoding=\"async\" class=\"alignnone size-full wp-image-92\" src=\"http:\/\/sitetab3.ac-reims.fr\/lp-eiffel\/-wp-\/wp-content\/uploads\/le_lyc1.jpg\" alt=\"\" width=\"275\" height=\"156\"><\/a><a href=\"http:\/\/sitetab3.ac-reims.fr\/lp-eiffel\/-wp-\/wp-content\/uploads\/le_lyc3.jpg\"><img loading=\"lazy\" decoding=\"async\" class=\"alignnone size-full wp-image-93\" src=\"http:\/\/sitetab3.ac-reims.fr\/lp-eiffel\/-wp-\/wp-content\/uploads\/le_lyc3.jpg\" alt=\"\" width=\"275\" height=\"162\"><\/a><\/p>\n<p><a href=\"http:\/\/sitetab3.ac-reims.fr\/lp-eiffel\/-wp-\/wp-content\/uploads\/le_lyc8.jpg\"><img loading=\"lazy\" decoding=\"async\" class=\"alignnone size-full wp-image-94\" src=\"http:\/\/sitetab3.ac-reims.fr\/lp-eiffel\/-wp-\/wp-content\/uploads\/le_lyc8.jpg\" alt=\"\" width=\"375\" height=\"173\" srcset=\"https:\/\/sitetab3.ac-reims.fr\/lp-eiffel\/-wp-\/wp-content\/uploads\/le_lyc8.jpg 375w, https:\/\/sitetab3.ac-reims.fr\/lp-eiffel\/-wp-\/wp-content\/uploads\/le_lyc8-300x138.jpg 300w\" sizes=\"(max-width: 375px) 100vw, 375px\" \/><\/a><\/p>\n<p>Ci-dessous un article de l&rsquo;UNION du 26 avril 1957 qui relate la cr\u00e9ation du CAP de cuisinier. Cette article nous est parvenu gr\u00e2ce \u00e0 Mr BERGER le responsable de la formation de l&rsquo;\u00e9poque. Nous lui adressons un grand merci pour ce t\u00e9moignage et pour son r\u00f4le dans la cr\u00e9ation de la section Cuisine du lyc\u00e9e.<\/p>\n<p><a href=\"http:\/\/sitetab3.ac-reims.fr\/lp-eiffel\/-wp-\/wp-content\/uploads\/articleMrBergerMini.png\"><img loading=\"lazy\" decoding=\"async\" class=\"alignnone size-full wp-image-95\" src=\"http:\/\/sitetab3.ac-reims.fr\/lp-eiffel\/-wp-\/wp-content\/uploads\/articleMrBergerMini.png\" alt=\"\" width=\"415\" height=\"527\" srcset=\"https:\/\/sitetab3.ac-reims.fr\/lp-eiffel\/-wp-\/wp-content\/uploads\/articleMrBergerMini.png 415w, https:\/\/sitetab3.ac-reims.fr\/lp-eiffel\/-wp-\/wp-content\/uploads\/articleMrBergerMini-236x300.png 236w\" sizes=\"(max-width: 415px) 100vw, 415px\" \/><\/a><\/p>\n<p style=\"float: none;\">L&rsquo;\u00e9tablissement est devenu successivement Coll\u00e8ge d&rsquo;enseignement technique, Lyc\u00e9e d&rsquo;Enseignement Professionnel puis Lyc\u00e9e Professionnel. Il a \u00e9t\u00e9 enti\u00e8rement restructur\u00e9 et a pris le nom de Gustave Eiffel lors de l&rsquo;inauguration des nouveaux locaux en 1995.<\/p>\n","protected":false},"excerpt":{"rendered":"<p>Le lyc\u00e9e est situ\u00e9 \u00e0 l&#8217;emplacement des casernes Maistres c\u00e9d\u00e9es au Minist\u00e8re de l&rsquo;Education Nationale par d\u00e9cret en 1950. Les travaux d&rsquo;am\u00e9nagement effectu\u00e9s \u00e0 partir de 1951 permirent l&rsquo;ouverture d&rsquo;un Centre d&rsquo;Apprentissage en 1952. Ci-dessous un article de l&rsquo;UNION du 26 avril 1957 qui relate la cr\u00e9ation du CAP de cuisinier. Cette article nous est [&hellip;]<\/p>\n","protected":false},"author":1,"featured_media":0,"parent":286,"menu_order":0,"comment_status":"closed","ping_status":"closed","template":"","meta":{"ngg_post_thumbnail":0,"footnotes":""},"_links":{"self":[{"href":"https:\/\/sitetab3.ac-reims.fr\/lp-eiffel\/-wp-\/wp-json\/wp\/v2\/pages\/86"}],"collection":[{"href":"https:\/\/sitetab3.ac-reims.fr\/lp-eiffel\/-wp-\/wp-json\/wp\/v2\/pages"}],"about":[{"href":"https:\/\/sitetab3.ac-reims.fr\/lp-eiffel\/-wp-\/wp-json\/wp\/v2\/types\/page"}],"author":[{"embeddable":true,"href":"https:\/\/sitetab3.ac-reims.fr\/lp-eiffel\/-wp-\/wp-json\/wp\/v2\/users\/1"}],"replies":[{"embeddable":true,"href":"https:\/\/sitetab3.ac-reims.fr\/lp-eiffel\/-wp-\/wp-json\/wp\/v2\/comments?post=86"}],"version-history":[{"count":4,"href":"https:\/\/sitetab3.ac-reims.fr\/lp-eiffel\/-wp-\/wp-json\/wp\/v2\/pages\/86\/revisions"}],"predecessor-version":[{"id":97,"href":"https:\/\/sitetab3.ac-reims.fr\/lp-eiffel\/-wp-\/wp-json\/wp\/v2\/pages\/86\/revisions\/97"}],"up":[{"embeddable":true,"href":"https:\/\/sitetab3.ac-reims.fr\/lp-eiffel\/-wp-\/wp-json\/wp\/v2\/pages\/286"}],"wp:attachment":[{"href":"https:\/\/sitetab3.ac-reims.fr\/lp-eiffel\/-wp-\/wp-json\/wp\/v2\/media?parent=86"}],"curies":[{"name":"wp","href":"https:\/\/api.w.org\/{rel}","templated":true}]}}