{"id":1,"date":"2013-02-04T09:41:38","date_gmt":"2013-02-04T09:41:38","guid":{"rendered":"http:\/\/sitetab3.ac-reims.fr\/lp-emile-baudot\/-wp-\/?page_id=1"},"modified":"2023-11-28T23:14:27","modified_gmt":"2023-11-28T22:14:27","slug":"contacts","status":"publish","type":"page","link":"https:\/\/sitetab3.ac-reims.fr\/lp-emile-baudot\/-wp-\/contacts\/","title":{"rendered":"Contacts"},"content":{"rendered":"<hr>\n<p><a href=\"http:\/\/sitetab3.ac-reims.fr\/lp-emile-baudot\/-wp-\/wp-content\/uploads\/coordonnees2-2.png\"><img loading=\"lazy\" decoding=\"async\" class=\"alignnone size-full wp-image-1314 aligncenter\" src=\"http:\/\/sitetab3.ac-reims.fr\/lp-emile-baudot\/-wp-\/wp-content\/uploads\/coordonnees2-2.png\" alt=\"\" width=\"75\" height=\"15\"><\/a><\/p>\n<p>Lyc\u00e9e Professionnel Emile Baudot<\/p>\n<p>77 rue de la Madeleine<\/p>\n<p>52130 Wassy<\/p>\n<p>Tel : 03 25 55 33 89<\/p>\n<p>mail : ce.0520032c@ac-reims.fr<\/p>\n<p>Acc\u00e8s Mon Bureau Num\u00e9rique : https:\/\/lyc-baudot.monbureaunumerique.fr\/<\/p>\n<hr>\n<p>L\u2019\u00e9tablissement est ouvert du lundi au vendredi<\/p>\n<p>de 8h15 \u00e0 17h45<\/p>\n","protected":false},"excerpt":{"rendered":"<p>Lyc\u00e9e Professionnel Emile Baudot 77 rue de la Madeleine 52130 Wassy Tel : 03 25 55 33 89 mail : ce.0520032c@ac-reims.fr Acc\u00e8s Mon Bureau Num\u00e9rique : https:\/\/lyc-baudot.monbureaunumerique.fr\/ L\u2019\u00e9tablissement est ouvert du lundi au vendredi de 8h15 \u00e0 17h45<\/p>\n","protected":false},"author":1,"featured_media":0,"parent":0,"menu_order":0,"comment_status":"open","ping_status":"open","template":"","meta":{"ngg_post_thumbnail":0,"footnotes":""},"_links":{"self":[{"href":"https:\/\/sitetab3.ac-reims.fr\/lp-emile-baudot\/-wp-\/wp-json\/wp\/v2\/pages\/1"}],"collection":[{"href":"https:\/\/sitetab3.ac-reims.fr\/lp-emile-baudot\/-wp-\/wp-json\/wp\/v2\/pages"}],"about":[{"href":"https:\/\/sitetab3.ac-reims.fr\/lp-emile-baudot\/-wp-\/wp-json\/wp\/v2\/types\/page"}],"author":[{"embeddable":true,"href":"https:\/\/sitetab3.ac-reims.fr\/lp-emile-baudot\/-wp-\/wp-json\/wp\/v2\/users\/1"}],"replies":[{"embeddable":true,"href":"https:\/\/sitetab3.ac-reims.fr\/lp-emile-baudot\/-wp-\/wp-json\/wp\/v2\/comments?post=1"}],"version-history":[{"count":3,"href":"https:\/\/sitetab3.ac-reims.fr\/lp-emile-baudot\/-wp-\/wp-json\/wp\/v2\/pages\/1\/revisions"}],"predecessor-version":[{"id":1613,"href":"https:\/\/sitetab3.ac-reims.fr\/lp-emile-baudot\/-wp-\/wp-json\/wp\/v2\/pages\/1\/revisions\/1613"}],"wp:attachment":[{"href":"https:\/\/sitetab3.ac-reims.fr\/lp-emile-baudot\/-wp-\/wp-json\/wp\/v2\/media?parent=1"}],"curies":[{"name":"wp","href":"https:\/\/api.w.org\/{rel}","templated":true}]}}