{"id":1033,"date":"2021-11-08T13:13:54","date_gmt":"2021-11-08T12:13:54","guid":{"rendered":"http:\/\/sitetab3.ac-reims.fr\/lp-emile-baudot\/-wp-\/?page_id=1033"},"modified":"2024-03-28T11:22:32","modified_gmt":"2024-03-28T10:22:32","slug":"quest-ce-quun-lycee-des-metiers-de-la-securite","status":"publish","type":"page","link":"https:\/\/sitetab3.ac-reims.fr\/lp-emile-baudot\/-wp-\/quest-ce-quun-lycee-des-metiers-de-la-securite\/","title":{"rendered":"Qu&rsquo;est ce qu&rsquo;un lyc\u00e9e des m\u00e9tiers de la s\u00e9curit\u00e9 ?"},"content":{"rendered":"<hr>\n<p>&nbsp;<\/p>\n<p><a href=\"http:\/\/sitetab3.ac-reims.fr\/lp-emile-baudot\/-wp-\/wp-content\/uploads\/arton208-360ec.png\"><img loading=\"lazy\" decoding=\"async\" class=\"alignnone  wp-image-1034\" src=\"http:\/\/sitetab3.ac-reims.fr\/lp-emile-baudot\/-wp-\/wp-content\/uploads\/arton208-360ec.png\" alt=\"\" width=\"171\" height=\"117\"><\/a><\/p>\n\n\n<p>Les crit\u00e8res de labellisation \u00e9voluent. Un nouveau texte publi\u00e9 au Bulletin Officiel de l\u2019\u00c9ducation Nationale d\u00e9finit les nouvelles modalit\u00e9s d&rsquo;attribution ou de renouvellement du label.<\/p>\n\n\n\n<ul><li><a href=\"http:\/\/sitetab3.ac-reims.fr\/lp-emile-baudot\/-wp-\/wp-content\/uploads\/Labellisation-Lycee-des-metiers-BO-2023.pdf\" target=\"_blank\" rel=\"noreferrer noopener\">BO : d\u00e9cret n\u00b0&nbsp;2023-763 du 10-8-2023<\/a><\/li><\/ul>\n\n\n\n<p>En 2017, le LP Lyc\u00e9e des M\u00e9tiers Emile Baudot a obtenu le label Lyc\u00e9e des m\u00e9tiers.<\/p>\n\n\n\n<p>En 2023, le label Lyc\u00e9e des m\u00e9tiers a \u00e9t\u00e9 renouvel\u00e9. <\/p>\n\n\n\n<p><\/p>\n","protected":false},"excerpt":{"rendered":"<p>&nbsp; Les crit\u00e8res de labellisation \u00e9voluent. Un nouveau texte publi\u00e9 au Bulletin Officiel de l\u2019\u00c9ducation Nationale d\u00e9finit les nouvelles modalit\u00e9s d&rsquo;attribution ou de renouvellement du label. BO : d\u00e9cret n\u00b0&nbsp;2023-763 du 10-8-2023 En 2017, le LP Lyc\u00e9e des M\u00e9tiers Emile Baudot a obtenu le label Lyc\u00e9e des m\u00e9tiers. En 2023, le label Lyc\u00e9e des m\u00e9tiers [&hellip;]<\/p>\n","protected":false},"author":1,"featured_media":0,"parent":0,"menu_order":0,"comment_status":"closed","ping_status":"closed","template":"","meta":{"ngg_post_thumbnail":0,"footnotes":""},"_links":{"self":[{"href":"https:\/\/sitetab3.ac-reims.fr\/lp-emile-baudot\/-wp-\/wp-json\/wp\/v2\/pages\/1033"}],"collection":[{"href":"https:\/\/sitetab3.ac-reims.fr\/lp-emile-baudot\/-wp-\/wp-json\/wp\/v2\/pages"}],"about":[{"href":"https:\/\/sitetab3.ac-reims.fr\/lp-emile-baudot\/-wp-\/wp-json\/wp\/v2\/types\/page"}],"author":[{"embeddable":true,"href":"https:\/\/sitetab3.ac-reims.fr\/lp-emile-baudot\/-wp-\/wp-json\/wp\/v2\/users\/1"}],"replies":[{"embeddable":true,"href":"https:\/\/sitetab3.ac-reims.fr\/lp-emile-baudot\/-wp-\/wp-json\/wp\/v2\/comments?post=1033"}],"version-history":[{"count":4,"href":"https:\/\/sitetab3.ac-reims.fr\/lp-emile-baudot\/-wp-\/wp-json\/wp\/v2\/pages\/1033\/revisions"}],"predecessor-version":[{"id":2111,"href":"https:\/\/sitetab3.ac-reims.fr\/lp-emile-baudot\/-wp-\/wp-json\/wp\/v2\/pages\/1033\/revisions\/2111"}],"wp:attachment":[{"href":"https:\/\/sitetab3.ac-reims.fr\/lp-emile-baudot\/-wp-\/wp-json\/wp\/v2\/media?parent=1033"}],"curies":[{"name":"wp","href":"https:\/\/api.w.org\/{rel}","templated":true}]}}