{"id":1042,"date":"2021-11-08T13:30:30","date_gmt":"2021-11-08T12:30:30","guid":{"rendered":"http:\/\/sitetab3.ac-reims.fr\/lp-emile-baudot\/-wp-\/?page_id=1042"},"modified":"2024-01-26T17:06:05","modified_gmt":"2024-01-26T16:06:05","slug":"situation-geographique","status":"publish","type":"page","link":"https:\/\/sitetab3.ac-reims.fr\/lp-emile-baudot\/-wp-\/situation-geographique\/","title":{"rendered":"Situation g\u00e9ographique"},"content":{"rendered":"<p>Le lyc\u00e9e professionnel, lyc\u00e9e des m\u00e9tiers de la s\u00e9curit\u00e9, Emile BAUDOT est situ\u00e9 \u00e0 l&rsquo;entr\u00e9e de la ville de WASSY (52130), commune du nord du d\u00e9partement de la HAUTE-MARNE, dans la r\u00e9gion CHAMPAGNE-ARDENNE et dans la r\u00e9gion GRAND EST.<\/p>\n<p>Wassy, qui poss\u00e8de environ 2800 habitants, est situ\u00e9e \u00e0 15 km de la ville de SAINT-DIZIER, une sous-pr\u00e9fecture de la HAUTE- MARNE. Wassy fait partie de l&rsquo;agglom\u00e9ration de SAINT-DIZIER DER et BLAISE.<\/p>\n<p>Elle est situ\u00e9e \u00e0 20 km du lac du DER CHANTECOQ.<\/p>\n<p><a href=\"http:\/\/sitetab3.ac-reims.fr\/lp-emile-baudot\/-wp-\/wp-content\/uploads\/carte-de-Haute-Marne-1.jpg\"><img loading=\"lazy\" decoding=\"async\" class=\"alignnone wp-image-1433\" src=\"http:\/\/sitetab3.ac-reims.fr\/lp-emile-baudot\/-wp-\/wp-content\/uploads\/carte-de-Haute-Marne-1.jpg\" alt=\"\" width=\"627\" height=\"887\" srcset=\"https:\/\/sitetab3.ac-reims.fr\/lp-emile-baudot\/-wp-\/wp-content\/uploads\/carte-de-Haute-Marne-1.jpg 1654w, https:\/\/sitetab3.ac-reims.fr\/lp-emile-baudot\/-wp-\/wp-content\/uploads\/carte-de-Haute-Marne-1-212x300.jpg 212w, https:\/\/sitetab3.ac-reims.fr\/lp-emile-baudot\/-wp-\/wp-content\/uploads\/carte-de-Haute-Marne-1-724x1024.jpg 724w, https:\/\/sitetab3.ac-reims.fr\/lp-emile-baudot\/-wp-\/wp-content\/uploads\/carte-de-Haute-Marne-1-768x1086.jpg 768w, https:\/\/sitetab3.ac-reims.fr\/lp-emile-baudot\/-wp-\/wp-content\/uploads\/carte-de-Haute-Marne-1-1086x1536.jpg 1086w, https:\/\/sitetab3.ac-reims.fr\/lp-emile-baudot\/-wp-\/wp-content\/uploads\/carte-de-Haute-Marne-1-1448x2048.jpg 1448w\" sizes=\"(max-width: 627px) 100vw, 627px\" \/><\/a><\/p>\n","protected":false},"excerpt":{"rendered":"<p>Le lyc\u00e9e professionnel, lyc\u00e9e des m\u00e9tiers de la s\u00e9curit\u00e9, Emile BAUDOT est situ\u00e9 \u00e0 l&rsquo;entr\u00e9e de la ville de WASSY (52130), commune du nord du d\u00e9partement de la HAUTE-MARNE, dans la r\u00e9gion CHAMPAGNE-ARDENNE et dans la r\u00e9gion GRAND EST. Wassy, qui poss\u00e8de environ 2800 habitants, est situ\u00e9e \u00e0 15 km de la ville de SAINT-DIZIER, [&hellip;]<\/p>\n","protected":false},"author":1,"featured_media":0,"parent":0,"menu_order":0,"comment_status":"closed","ping_status":"closed","template":"","meta":{"ngg_post_thumbnail":0,"footnotes":""},"_links":{"self":[{"href":"https:\/\/sitetab3.ac-reims.fr\/lp-emile-baudot\/-wp-\/wp-json\/wp\/v2\/pages\/1042"}],"collection":[{"href":"https:\/\/sitetab3.ac-reims.fr\/lp-emile-baudot\/-wp-\/wp-json\/wp\/v2\/pages"}],"about":[{"href":"https:\/\/sitetab3.ac-reims.fr\/lp-emile-baudot\/-wp-\/wp-json\/wp\/v2\/types\/page"}],"author":[{"embeddable":true,"href":"https:\/\/sitetab3.ac-reims.fr\/lp-emile-baudot\/-wp-\/wp-json\/wp\/v2\/users\/1"}],"replies":[{"embeddable":true,"href":"https:\/\/sitetab3.ac-reims.fr\/lp-emile-baudot\/-wp-\/wp-json\/wp\/v2\/comments?post=1042"}],"version-history":[{"count":6,"href":"https:\/\/sitetab3.ac-reims.fr\/lp-emile-baudot\/-wp-\/wp-json\/wp\/v2\/pages\/1042\/revisions"}],"predecessor-version":[{"id":1840,"href":"https:\/\/sitetab3.ac-reims.fr\/lp-emile-baudot\/-wp-\/wp-json\/wp\/v2\/pages\/1042\/revisions\/1840"}],"wp:attachment":[{"href":"https:\/\/sitetab3.ac-reims.fr\/lp-emile-baudot\/-wp-\/wp-json\/wp\/v2\/media?parent=1042"}],"curies":[{"name":"wp","href":"https:\/\/api.w.org\/{rel}","templated":true}]}}