{"id":1117,"date":"2021-11-16T14:34:22","date_gmt":"2021-11-16T13:34:22","guid":{"rendered":"http:\/\/sitetab3.ac-reims.fr\/lp-emile-baudot\/-wp-\/?page_id=1117"},"modified":"2024-04-15T11:32:04","modified_gmt":"2024-04-15T09:32:04","slug":"ouverture-internationale","status":"publish","type":"page","link":"https:\/\/sitetab3.ac-reims.fr\/lp-emile-baudot\/-wp-\/ouverture-internationale\/","title":{"rendered":"Ouverture internationale"},"content":{"rendered":"\n<p>Le lyc\u00e9e des m\u00e9tiers Emile Baudot a obtenu le \u00ab\u00a0Label Euroscol\u00a0\u00bb. <\/p>\n\n\n\n<p>Les axes du label sont les suivants :<\/p>\n\n\n\n<p><a href=\"http:\/\/sitetab3.ac-reims.fr\/lp-emile-baudot\/-wp-\/wp-content\/uploads\/puce-1.gif\"><img loading=\"lazy\" decoding=\"async\" class=\"alignnone size-full wp-image-1123\" src=\"http:\/\/sitetab3.ac-reims.fr\/lp-emile-baudot\/-wp-\/wp-content\/uploads\/puce-1.gif\" alt=\"\" width=\"8\" height=\"11\"><\/a>&nbsp;Ouverture europ\u00e9enne au sein de l\u2019\u00e9tablissement<\/p>\n\n\n\n<p><a href=\"http:\/\/sitetab3.ac-reims.fr\/lp-emile-baudot\/-wp-\/wp-content\/uploads\/puce-1.gif\"><img loading=\"lazy\" decoding=\"async\" class=\"alignnone size-full wp-image-1123\" src=\"http:\/\/sitetab3.ac-reims.fr\/lp-emile-baudot\/-wp-\/wp-content\/uploads\/puce-1.gif\" alt=\"\" width=\"8\" height=\"11\"><\/a>&nbsp;\u00c9changes avec des \u00e9tablissements partenaires et s\u00e9jours dans des pays europ\u00e9ens<\/p>\n\n\n\n<p><a href=\"http:\/\/sitetab3.ac-reims.fr\/lp-emile-baudot\/-wp-\/wp-content\/uploads\/puce-1.gif\"><img loading=\"lazy\" decoding=\"async\" class=\"alignnone size-full wp-image-1123\" src=\"http:\/\/sitetab3.ac-reims.fr\/lp-emile-baudot\/-wp-\/wp-content\/uploads\/puce-1.gif\" alt=\"\" width=\"8\" height=\"11\"><\/a>&nbsp;Enseignement de disciplines en partie en langue \u00e9trang\u00e8re<\/p>\n\n\n\n<p>Pour toute information compl\u00e9mentaire contacter l\u2019Enseignante R\u00e9f\u00e9rente pour l\u2019Action Europ\u00e9enne et Internationale de l\u2019\u00e9tablissement (ERAEI), Mme Herter.<\/p>\n\n\n\n<p><a rel=\"noreferrer noopener\" href=\"http:\/\/sitetab3.ac-reims.fr\/lp-emile-baudot\/-wp-\/wp-content\/uploads\/Charte-ERASMUS-2021-2027.pdf\" target=\"_blank\">Charte ERASMUS pour l&rsquo;Enseignement sup\u00e9rieur 2021-2027<\/a><\/p>\n\n\n\n<p><\/p>\n\n\n\n<p><a href=\"https:\/\/sitetab3.ac-reims.fr\/lp-emile-baudot\/-wp-\/pfmp-en-mobilite\/\" target=\"_blank\" rel=\"noreferrer noopener\">2023-2024<\/a><\/p>\n\n\n\n<p><\/p>\n\n\n\n<p><a href=\"https:\/\/sitetab3.ac-reims.fr\/lp-emile-baudot\/-wp-\/ouverture-internationale\/archives-ouverture-internationale\/\">Archives<\/a><\/p>\n\n\n\n<p><a href=\"http:\/\/sitetab3.ac-reims.fr\/lp-emile-baudot\/-wp-\/wp-content\/uploads\/triangle_bleu.png\"><img loading=\"lazy\" decoding=\"async\" width=\"10\" height=\"16\" class=\"alignnone size-full wp-image-1016\" src=\"http:\/\/sitetab3.ac-reims.fr\/lp-emile-baudot\/-wp-\/wp-content\/uploads\/triangle_bleu.png\" alt=\"\"><\/a>&nbsp;<a href=\"http:\/\/sitetab3.ac-reims.fr\/lp-emile-baudot\/-wp-\/quest-ce-quun-eraei\/\"><strong>Qu\u2019est-ce qu\u2019un ERAEI ?<\/strong><\/a><\/p>\n\n\n\n<p><\/p>\n\n\n\n<p>Pr\u00e9sentation des missions de l\u2019ERAEI<\/p>\n","protected":false},"excerpt":{"rendered":"<p>Le lyc\u00e9e des m\u00e9tiers Emile Baudot a obtenu le \u00ab\u00a0Label Euroscol\u00a0\u00bb. Les axes du label sont les suivants : &nbsp;Ouverture europ\u00e9enne au sein de l\u2019\u00e9tablissement &nbsp;\u00c9changes avec des \u00e9tablissements partenaires et s\u00e9jours dans des pays europ\u00e9ens &nbsp;Enseignement de disciplines en partie en langue \u00e9trang\u00e8re Pour toute information compl\u00e9mentaire contacter l\u2019Enseignante R\u00e9f\u00e9rente pour l\u2019Action Europ\u00e9enne et [&hellip;]<\/p>\n","protected":false},"author":1,"featured_media":0,"parent":0,"menu_order":0,"comment_status":"closed","ping_status":"closed","template":"","meta":{"ngg_post_thumbnail":0,"footnotes":""},"_links":{"self":[{"href":"https:\/\/sitetab3.ac-reims.fr\/lp-emile-baudot\/-wp-\/wp-json\/wp\/v2\/pages\/1117"}],"collection":[{"href":"https:\/\/sitetab3.ac-reims.fr\/lp-emile-baudot\/-wp-\/wp-json\/wp\/v2\/pages"}],"about":[{"href":"https:\/\/sitetab3.ac-reims.fr\/lp-emile-baudot\/-wp-\/wp-json\/wp\/v2\/types\/page"}],"author":[{"embeddable":true,"href":"https:\/\/sitetab3.ac-reims.fr\/lp-emile-baudot\/-wp-\/wp-json\/wp\/v2\/users\/1"}],"replies":[{"embeddable":true,"href":"https:\/\/sitetab3.ac-reims.fr\/lp-emile-baudot\/-wp-\/wp-json\/wp\/v2\/comments?post=1117"}],"version-history":[{"count":22,"href":"https:\/\/sitetab3.ac-reims.fr\/lp-emile-baudot\/-wp-\/wp-json\/wp\/v2\/pages\/1117\/revisions"}],"predecessor-version":[{"id":2139,"href":"https:\/\/sitetab3.ac-reims.fr\/lp-emile-baudot\/-wp-\/wp-json\/wp\/v2\/pages\/1117\/revisions\/2139"}],"wp:attachment":[{"href":"https:\/\/sitetab3.ac-reims.fr\/lp-emile-baudot\/-wp-\/wp-json\/wp\/v2\/media?parent=1117"}],"curies":[{"name":"wp","href":"https:\/\/api.w.org\/{rel}","templated":true}]}}