{"id":1170,"date":"2021-11-16T16:29:56","date_gmt":"2021-11-16T15:29:56","guid":{"rendered":"http:\/\/sitetab3.ac-reims.fr\/lp-emile-baudot\/-wp-\/?page_id=1170"},"modified":"2024-01-16T15:17:05","modified_gmt":"2024-01-16T14:17:05","slug":"2016-2017","status":"publish","type":"page","link":"https:\/\/sitetab3.ac-reims.fr\/lp-emile-baudot\/-wp-\/ouverture-internationale\/archives-ouverture-internationale\/2016-2017\/","title":{"rendered":"2016-2017"},"content":{"rendered":"<hr>\n<p><a href=\"http:\/\/sitetab3.ac-reims.fr\/lp-emile-baudot\/-wp-\/wp-content\/uploads\/triangle_bleu.png\"><img loading=\"lazy\" decoding=\"async\" class=\"alignnone size-full wp-image-1016\" src=\"http:\/\/sitetab3.ac-reims.fr\/lp-emile-baudot\/-wp-\/wp-content\/uploads\/triangle_bleu.png\" alt=\"\" width=\"10\" height=\"16\"><\/a>&nbsp;<a href=\"http:\/\/sitetab3.ac-reims.fr\/lp-emile-baudot\/-wp-\/e-twinning\/\"><strong>E-twinning<\/strong><\/a><\/p>\n<p>Les \u00e9l\u00e8ves de 1 CAP ATMFC correspondent avec la Turquie et la Roumanie.<\/p>\n<hr>\n<p><a href=\"http:\/\/sitetab3.ac-reims.fr\/lp-emile-baudot\/-wp-\/wp-content\/uploads\/triangle_bleu.png\"><img loading=\"lazy\" decoding=\"async\" class=\"alignnone size-full wp-image-1016\" src=\"http:\/\/sitetab3.ac-reims.fr\/lp-emile-baudot\/-wp-\/wp-content\/uploads\/triangle_bleu.png\" alt=\"\" width=\"10\" height=\"16\"><\/a>&nbsp;<a href=\"http:\/\/sitetab3.ac-reims.fr\/lp-emile-baudot\/-wp-\/les-eleves-de-bac-pro-commerce-temoignent-2\/\"><strong>Erasmus + : les \u00e9l\u00e8ves de bac pro commerce t\u00e9moignent&#8230;<\/strong><\/a><\/p>\n<p>Les \u00e9l\u00e8ves de commerce t\u00e9moignent de leur s\u00e9jour&#8230;.<\/p>\n<hr>\n<p><a href=\"http:\/\/sitetab3.ac-reims.fr\/lp-emile-baudot\/-wp-\/wp-content\/uploads\/triangle_bleu.png\"><img loading=\"lazy\" decoding=\"async\" class=\"alignnone size-full wp-image-1016\" src=\"http:\/\/sitetab3.ac-reims.fr\/lp-emile-baudot\/-wp-\/wp-content\/uploads\/triangle_bleu.png\" alt=\"\" width=\"10\" height=\"16\"><\/a><a href=\"http:\/\/sitetab3.ac-reims.fr\/lp-emile-baudot\/-wp-\/les-eleves-de-bac-pro-metiers-de-la-securite-temoignent-2\/\">&nbsp;<strong>Erasmus + : Les \u00e9l\u00e8ves de bac pro M\u00e9tiers de la s\u00e9curit\u00e9 t\u00e9moignent..<\/strong><\/a><\/p>\n<p>Les \u00e9l\u00e8ves de Bac pro M\u00e9tiers de la s\u00e9curit\u00e9 racontent leur s\u00e9jour en image&#8230;.<\/p>\n<hr>\n<p><a href=\"http:\/\/sitetab3.ac-reims.fr\/lp-emile-baudot\/-wp-\/wp-content\/uploads\/triangle_bleu.png\"><img loading=\"lazy\" decoding=\"async\" class=\"alignnone size-full wp-image-1016\" src=\"http:\/\/sitetab3.ac-reims.fr\/lp-emile-baudot\/-wp-\/wp-content\/uploads\/triangle_bleu.png\" alt=\"\" width=\"10\" height=\"16\"><\/a>&nbsp;<a href=\"http:\/\/sitetab3.ac-reims.fr\/lp-emile-baudot\/-wp-\/les-eleves-temoignent-de-leur-experience-a-dublin\/\"><strong>Erasmus + : Paroles d\u2019\u00e9l\u00e8ves<\/strong><\/a><\/p>\n<p>Les \u00e9l\u00e8ves t\u00e9moignent de leur exp\u00e9rience \u00e0 Dublin.<br \/>\n&lt;https:\/\/padlet.com\/nostorwife\/uayyy&#8230;&gt;<\/p>\n<hr>\n<p><a href=\"http:\/\/sitetab3.ac-reims.fr\/lp-emile-baudot\/-wp-\/wp-content\/uploads\/triangle_bleu.png\"><img loading=\"lazy\" decoding=\"async\" class=\"alignnone size-full wp-image-1016\" src=\"http:\/\/sitetab3.ac-reims.fr\/lp-emile-baudot\/-wp-\/wp-content\/uploads\/triangle_bleu.png\" alt=\"\" width=\"10\" height=\"16\"><\/a>&nbsp;<a href=\"http:\/\/sitetab3.ac-reims.fr\/lp-emile-baudot\/-wp-\/consortium-academique-stages-en-entreprise\/\"><strong>Consortium acad\u00e9mique : formation des enseignants en entreprise et en \u00e9tablissement scolaire<\/strong><\/a><\/p>\n<p><a href=\"http:\/\/sitetab3.ac-reims.fr\/lp-emile-baudot\/-wp-\/wp-content\/uploads\/rubon84-53f29-1.jpg\"><img loading=\"lazy\" decoding=\"async\" class=\"alignnone wp-image-1171\" src=\"http:\/\/sitetab3.ac-reims.fr\/lp-emile-baudot\/-wp-\/wp-content\/uploads\/rubon84-53f29-1.jpg\" alt=\"\" width=\"74\" height=\"21\"><\/a><\/p>\n<hr>\n<p><a href=\"http:\/\/sitetab3.ac-reims.fr\/lp-emile-baudot\/-wp-\/wp-content\/uploads\/triangle_bleu.png\"><img loading=\"lazy\" decoding=\"async\" class=\"alignnone size-full wp-image-1016\" src=\"http:\/\/sitetab3.ac-reims.fr\/lp-emile-baudot\/-wp-\/wp-content\/uploads\/triangle_bleu.png\" alt=\"\" width=\"10\" height=\"16\"><\/a>&nbsp;<a href=\"http:\/\/sitetab3.ac-reims.fr\/lp-emile-baudot\/-wp-\/consortium-academique-formation-des-enseignants\/\"><strong>Consortium acad\u00e9mique : formation linguistique des enseignants<\/strong><\/a><\/p>\n<p><a href=\"http:\/\/sitetab3.ac-reims.fr\/lp-emile-baudot\/-wp-\/wp-content\/uploads\/rubon84-53f29-1.jpg\"><img loading=\"lazy\" decoding=\"async\" class=\"alignnone wp-image-1171\" src=\"http:\/\/sitetab3.ac-reims.fr\/lp-emile-baudot\/-wp-\/wp-content\/uploads\/rubon84-53f29-1.jpg\" alt=\"\" width=\"74\" height=\"21\"><\/a><\/p>\n<hr>\n<p><a href=\"http:\/\/sitetab3.ac-reims.fr\/lp-emile-baudot\/-wp-\/wp-content\/uploads\/triangle_bleu.png\"><img loading=\"lazy\" decoding=\"async\" class=\"alignnone size-full wp-image-1016\" src=\"http:\/\/sitetab3.ac-reims.fr\/lp-emile-baudot\/-wp-\/wp-content\/uploads\/triangle_bleu.png\" alt=\"\" width=\"10\" height=\"16\"><\/a>&nbsp;<a href=\"http:\/\/sitetab3.ac-reims.fr\/lp-emile-baudot\/-wp-\/eraei-539\/\"><strong>ERAEI<\/strong><\/a><\/p>\n<p><a href=\"http:\/\/sitetab3.ac-reims.fr\/lp-emile-baudot\/-wp-\/wp-content\/uploads\/rubon84-53f29-1.jpg\"><img loading=\"lazy\" decoding=\"async\" class=\"alignnone wp-image-1171\" src=\"http:\/\/sitetab3.ac-reims.fr\/lp-emile-baudot\/-wp-\/wp-content\/uploads\/rubon84-53f29-1.jpg\" alt=\"\" width=\"73\" height=\"21\"><\/a><\/p>\n<hr>\n<p><a href=\"http:\/\/sitetab3.ac-reims.fr\/lp-emile-baudot\/-wp-\/wp-content\/uploads\/triangle_bleu.png\"><img loading=\"lazy\" decoding=\"async\" class=\"alignnone size-full wp-image-1016\" src=\"http:\/\/sitetab3.ac-reims.fr\/lp-emile-baudot\/-wp-\/wp-content\/uploads\/triangle_bleu.png\" alt=\"\" width=\"10\" height=\"16\"><\/a>&nbsp;<a href=\"http:\/\/sitetab3.ac-reims.fr\/lp-emile-baudot\/-wp-\/nouvel-article-no-618\/\"><strong>Articles de presse Erasmus+ 2016-2017<\/strong><\/a><\/p>\n","protected":false},"excerpt":{"rendered":"<p>&nbsp;E-twinning Les \u00e9l\u00e8ves de 1 CAP ATMFC correspondent avec la Turquie et la Roumanie. &nbsp;Erasmus + : les \u00e9l\u00e8ves de bac pro commerce t\u00e9moignent&#8230; Les \u00e9l\u00e8ves de commerce t\u00e9moignent de leur s\u00e9jour&#8230;. &nbsp;Erasmus + : Les \u00e9l\u00e8ves de bac pro M\u00e9tiers de la s\u00e9curit\u00e9 t\u00e9moignent.. Les \u00e9l\u00e8ves de Bac pro M\u00e9tiers de la s\u00e9curit\u00e9 racontent [&hellip;]<\/p>\n","protected":false},"author":1,"featured_media":0,"parent":1719,"menu_order":0,"comment_status":"closed","ping_status":"closed","template":"","meta":{"ngg_post_thumbnail":0,"footnotes":""},"_links":{"self":[{"href":"https:\/\/sitetab3.ac-reims.fr\/lp-emile-baudot\/-wp-\/wp-json\/wp\/v2\/pages\/1170"}],"collection":[{"href":"https:\/\/sitetab3.ac-reims.fr\/lp-emile-baudot\/-wp-\/wp-json\/wp\/v2\/pages"}],"about":[{"href":"https:\/\/sitetab3.ac-reims.fr\/lp-emile-baudot\/-wp-\/wp-json\/wp\/v2\/types\/page"}],"author":[{"embeddable":true,"href":"https:\/\/sitetab3.ac-reims.fr\/lp-emile-baudot\/-wp-\/wp-json\/wp\/v2\/users\/1"}],"replies":[{"embeddable":true,"href":"https:\/\/sitetab3.ac-reims.fr\/lp-emile-baudot\/-wp-\/wp-json\/wp\/v2\/comments?post=1170"}],"version-history":[{"count":5,"href":"https:\/\/sitetab3.ac-reims.fr\/lp-emile-baudot\/-wp-\/wp-json\/wp\/v2\/pages\/1170\/revisions"}],"predecessor-version":[{"id":1178,"href":"https:\/\/sitetab3.ac-reims.fr\/lp-emile-baudot\/-wp-\/wp-json\/wp\/v2\/pages\/1170\/revisions\/1178"}],"up":[{"embeddable":true,"href":"https:\/\/sitetab3.ac-reims.fr\/lp-emile-baudot\/-wp-\/wp-json\/wp\/v2\/pages\/1719"}],"wp:attachment":[{"href":"https:\/\/sitetab3.ac-reims.fr\/lp-emile-baudot\/-wp-\/wp-json\/wp\/v2\/media?parent=1170"}],"curies":[{"name":"wp","href":"https:\/\/api.w.org\/{rel}","templated":true}]}}