{"id":1188,"date":"2021-11-17T14:56:26","date_gmt":"2021-11-17T13:56:26","guid":{"rendered":"http:\/\/sitetab3.ac-reims.fr\/lp-emile-baudot\/-wp-\/?page_id=1188"},"modified":"2025-05-16T09:35:46","modified_gmt":"2025-05-16T07:35:46","slug":"label-eco-lycee","status":"publish","type":"page","link":"https:\/\/sitetab3.ac-reims.fr\/lp-emile-baudot\/-wp-\/label-eco-lycee\/","title":{"rendered":"Les Labels li\u00e9s au D\u00e9veloppement Durable"},"content":{"rendered":"\n<hr class=\"wp-block-separator has-css-opacity\"\/>\n\n\n\n<p><strong>Eco-lyc\u00e9e 2024-2025 : Th\u00e8me retenu pour la demande de labellisation \u00ab\u00a0LES SOLIDARITES\u00a0\u00bb<\/strong><\/p>\n\n\n<div class=\"wp-block-image\">\n<figure class=\"aligncenter size-large is-resized\"><img loading=\"lazy\" decoding=\"async\" width=\"1024\" height=\"1024\" src=\"https:\/\/sitetab3.ac-reims.fr\/lp-emile-baudot\/-wp-\/wp-content\/uploads\/Eco-ecole-20242025-1024x1024.jpg\" alt=\"\" class=\"wp-image-2953\" style=\"width:420px\" srcset=\"https:\/\/sitetab3.ac-reims.fr\/lp-emile-baudot\/-wp-\/wp-content\/uploads\/Eco-ecole-20242025-1024x1024.jpg 1024w, https:\/\/sitetab3.ac-reims.fr\/lp-emile-baudot\/-wp-\/wp-content\/uploads\/Eco-ecole-20242025-300x300.jpg 300w, https:\/\/sitetab3.ac-reims.fr\/lp-emile-baudot\/-wp-\/wp-content\/uploads\/Eco-ecole-20242025-150x150.jpg 150w, https:\/\/sitetab3.ac-reims.fr\/lp-emile-baudot\/-wp-\/wp-content\/uploads\/Eco-ecole-20242025-768x768.jpg 768w, https:\/\/sitetab3.ac-reims.fr\/lp-emile-baudot\/-wp-\/wp-content\/uploads\/Eco-ecole-20242025.jpg 1080w\" sizes=\"(max-width: 1024px) 100vw, 1024px\" \/><\/figure><\/div>\n\n\n<p><strong>UN LYCEE ENGAGE AUTOUR DU VIVRE ENSEMBLE&#8230;<\/strong><\/p>\n\n\n\n<figure class=\"wp-block-image size-large\"><img loading=\"lazy\" decoding=\"async\" width=\"410\" height=\"1024\" src=\"https:\/\/sitetab3.ac-reims.fr\/lp-emile-baudot\/-wp-\/wp-content\/uploads\/infographie-les-solidarites-410x1024.jpg\" alt=\"\" class=\"wp-image-2954\" srcset=\"https:\/\/sitetab3.ac-reims.fr\/lp-emile-baudot\/-wp-\/wp-content\/uploads\/infographie-les-solidarites-410x1024.jpg 410w, https:\/\/sitetab3.ac-reims.fr\/lp-emile-baudot\/-wp-\/wp-content\/uploads\/infographie-les-solidarites-120x300.jpg 120w, https:\/\/sitetab3.ac-reims.fr\/lp-emile-baudot\/-wp-\/wp-content\/uploads\/infographie-les-solidarites-768x1920.jpg 768w, https:\/\/sitetab3.ac-reims.fr\/lp-emile-baudot\/-wp-\/wp-content\/uploads\/infographie-les-solidarites.jpg 800w\" sizes=\"(max-width: 410px) 100vw, 410px\" \/><\/figure>\n\n\n\n<hr class=\"wp-block-separator has-css-opacity\"\/>\n\n\n\n<p><a href=\"http:\/\/sitetab3.ac-reims.fr\/lp-emile-baudot\/-wp-\/wp-content\/uploads\/triangle_bleu.png\"><img loading=\"lazy\" decoding=\"async\" width=\"10\" height=\"16\" class=\"alignnone  wp-image-1016\" src=\"http:\/\/sitetab3.ac-reims.fr\/lp-emile-baudot\/-wp-\/wp-content\/uploads\/triangle_bleu.png\" alt=\"\"><\/a> Label E3D<\/p>\n\n\n\n<p><strong>Une fresque pour d\u00e9couvrir les ODD<\/strong> : <\/p>\n\n\n\n<p>Les \u00e9cod\u00e9l\u00e9gu\u00e9s, ont engag\u00e9s leur classe respective dans un projet cr\u00e9atif autour des ODD.<\/p>\n\n\n\n<p>Les productions ont \u00e9t\u00e9 pr\u00e9sent\u00e9es lors des Journ\u00e9es Portes Ouvertes de l&rsquo;\u00e9tablissement.<\/p>\n\n\n\n<figure class=\"wp-block-image size-full\"><a href=\"http:\/\/sitetab3.ac-reims.fr\/lp-emile-baudot\/-wp-\/wp-content\/uploads\/Notre-vision-des-ODD-1-1.mp4\"><img loading=\"lazy\" decoding=\"async\" width=\"205\" height=\"364\" src=\"http:\/\/sitetab3.ac-reims.fr\/lp-emile-baudot\/-wp-\/wp-content\/uploads\/Ma-vision-des-ODD.png\" alt=\"\" class=\"wp-image-3106\" srcset=\"https:\/\/sitetab3.ac-reims.fr\/lp-emile-baudot\/-wp-\/wp-content\/uploads\/Ma-vision-des-ODD.png 205w, https:\/\/sitetab3.ac-reims.fr\/lp-emile-baudot\/-wp-\/wp-content\/uploads\/Ma-vision-des-ODD-169x300.png 169w\" sizes=\"(max-width: 205px) 100vw, 205px\" \/><\/a><\/figure>\n\n\n\n<hr class=\"wp-block-separator has-css-opacity\"\/>\n\n\n\n<p><a style=\"font-size: revert;\" href=\"http:\/\/sitetab3.ac-reims.fr\/lp-emile-baudot\/-wp-\/wp-content\/uploads\/triangle_bleu.png\"><img loading=\"lazy\" decoding=\"async\" class=\"alignnone size-full wp-image-1016\" src=\"http:\/\/sitetab3.ac-reims.fr\/lp-emile-baudot\/-wp-\/wp-content\/uploads\/triangle_bleu.png\" alt=\"\" width=\"10\" height=\"16\"><\/a><span style=\"font-size: revert; color: initial;\"> &nbsp;<a href=\"http:\/\/sitetab3.ac-reims.fr\/lp-emile-baudot\/-wp-\/qu-est-ce-que-le-label-eco-lycee\/\"><strong>Qu\u2019est ce que le label \u00e9co-lyc\u00e9e<\/strong><\/a><\/span><\/p>\n\n\n\n<p class=\"has-text-align-left\">Nous sommes engag\u00e9s dans le dispositif depuis juin 2008. <\/p>\n\n\n\n<p>Chaque ann\u00e9e nous pr\u00e9sentons un dossier permettant de mettre en lumi\u00e8re tous les travail fait par tous les personnels et \u00e9l\u00e8ves de l&rsquo;\u00e9tablissement en faveur de l&rsquo;une des th\u00e9matiques. Notre lyc\u00e9e comptabilise \u00e0 ce jour 14 labels. <\/p>\n\n\n\n<p>Fresque des d\u00e9chets r\u00e9alis\u00e9e en 2023-2024 par les \u00e9l\u00e8ves: s&rsquo;engager ensemble pour le monde de demain.<\/p>\n\n\n\n<figure class=\"wp-block-image size-large\"><a href=\"http:\/\/sitetab3.ac-reims.fr\/lp-emile-baudot\/-wp-\/wp-content\/uploads\/fresque-des-dechets.mp4\"><img loading=\"lazy\" decoding=\"async\" width=\"1024\" height=\"492\" src=\"http:\/\/sitetab3.ac-reims.fr\/lp-emile-baudot\/-wp-\/wp-content\/uploads\/le-fresque-des-dechets-1024x492.png\" alt=\"\" class=\"wp-image-3110\" srcset=\"https:\/\/sitetab3.ac-reims.fr\/lp-emile-baudot\/-wp-\/wp-content\/uploads\/le-fresque-des-dechets-1024x492.png 1024w, https:\/\/sitetab3.ac-reims.fr\/lp-emile-baudot\/-wp-\/wp-content\/uploads\/le-fresque-des-dechets-300x144.png 300w, https:\/\/sitetab3.ac-reims.fr\/lp-emile-baudot\/-wp-\/wp-content\/uploads\/le-fresque-des-dechets-768x369.png 768w, https:\/\/sitetab3.ac-reims.fr\/lp-emile-baudot\/-wp-\/wp-content\/uploads\/le-fresque-des-dechets-1536x738.png 1536w, https:\/\/sitetab3.ac-reims.fr\/lp-emile-baudot\/-wp-\/wp-content\/uploads\/le-fresque-des-dechets.png 1833w\" sizes=\"(max-width: 1024px) 100vw, 1024px\" \/><\/a><\/figure>\n\n\n\n<p><span style=\"font-size: revert; color: initial;\"><a href=\"http:\/\/sitetab3.ac-reims.fr\/lp-emile-baudot\/-wp-\/wp-content\/uploads\/triangle_bleu.png\"><img loading=\"lazy\" decoding=\"async\" width=\"10\" height=\"16\" class=\"alignnone  wp-image-1016\" src=\"http:\/\/sitetab3.ac-reims.fr\/lp-emile-baudot\/-wp-\/wp-content\/uploads\/triangle_bleu.png\" alt=\"\"><\/a><\/span><strong><span style=\"font-size: revert; color: initial;\"> <a href=\"https:\/\/sitetab3.ac-reims.fr\/lp-emile-baudot\/-wp-\/archives-labellisation-eco-ecole\/\">Archives ann\u00e9es pr\u00e9c\u00e9dentes labellisation ECOECOLE<\/a><\/span><a href=\"http:\/\/sitetab3.ac-reims.fr\/lp-emile-baudot\/-wp-\/eco-lycee-2015-2016\/\"><\/a><\/strong><\/p>\n\n\n\n<hr class=\"wp-block-separator has-css-opacity\"\/>\n\n\n\n<p><a href=\"http:\/\/sitetab3.ac-reims.fr\/lp-emile-baudot\/-wp-\/wp-content\/uploads\/triangle_bleu.png\"><img loading=\"lazy\" decoding=\"async\" class=\"alignnone size-full wp-image-1016\" src=\"http:\/\/sitetab3.ac-reims.fr\/lp-emile-baudot\/-wp-\/wp-content\/uploads\/triangle_bleu.png\" alt=\"\" width=\"10\" height=\"16\"><\/a>&nbsp;<a href=\"http:\/\/sitetab3.ac-reims.fr\/lp-emile-baudot\/-wp-\/le-projet-eco-ecole-du-lp-baudot-distingue-a-paris-634\/\"><strong>Le projet \u00ab\u00a0Eco-\u00e9cole\u00a0\u00bb du LP Baudot distingu\u00e9 \u00e0 Paris<\/strong><\/a><\/p>\n\n\n\n<figure class=\"wp-block-image\"><a href=\"http:\/\/sitetab3.ac-reims.fr\/lp-emile-baudot\/-wp-\/wp-content\/uploads\/arton634-51ae4.jpg\"><img loading=\"lazy\" decoding=\"async\" width=\"125\" height=\"100\" src=\"http:\/\/sitetab3.ac-reims.fr\/lp-emile-baudot\/-wp-\/wp-content\/uploads\/arton634-51ae4.jpg\" alt=\"\" class=\"wp-image-1191\"\/><\/a><\/figure>\n\n\n\n<p>Le 18 Novembre, Mme Daire, r\u00e9f\u00e9rente Eco-Ecole et Mme Camus, professeur de biotechnologie repr\u00e9sentaient le lyc\u00e9e au National Operator Meeting \u00e0 Paris, qui r\u00e9unissait 67 pays membres du programme international\u00a0\u00bbEco-Ecole\u00a0\u00bb.<br>Les enseignants ont pr\u00e9sent\u00e9- en anglais-le projet\u00a0\u00bb Bien-\u00eatre et sant\u00e9\u00a0\u00bb r\u00e9alis\u00e9 en 2016-2017 au sein de l\u2019\u00e9tablissement, en partenariat avec la MGEN.<br>Voici le document qu\u2019elles ont pr\u00e9sent\u00e9 :<br>En fin d\u2019apr\u00e8s midi,\u00e0 l\u2019h\u00f4tel de ville de Paris, elles ont re\u00e7u officiellement le (&#8230;)<\/p>\n\n\n\n<hr class=\"wp-block-separator has-css-opacity\"\/>\n","protected":false},"excerpt":{"rendered":"<p>Eco-lyc\u00e9e 2024-2025 : Th\u00e8me retenu pour la demande de labellisation \u00ab\u00a0LES SOLIDARITES\u00a0\u00bb UN LYCEE ENGAGE AUTOUR DU VIVRE ENSEMBLE&#8230; Label E3D Une fresque pour d\u00e9couvrir les ODD : Les \u00e9cod\u00e9l\u00e9gu\u00e9s, ont engag\u00e9s leur classe respective dans un projet cr\u00e9atif autour des ODD. Les productions ont \u00e9t\u00e9 pr\u00e9sent\u00e9es lors des Journ\u00e9es Portes Ouvertes de l&rsquo;\u00e9tablissement. &nbsp;Qu\u2019est [&hellip;]<\/p>\n","protected":false},"author":1,"featured_media":0,"parent":0,"menu_order":0,"comment_status":"closed","ping_status":"closed","template":"","meta":{"ngg_post_thumbnail":0,"footnotes":""},"_links":{"self":[{"href":"https:\/\/sitetab3.ac-reims.fr\/lp-emile-baudot\/-wp-\/wp-json\/wp\/v2\/pages\/1188"}],"collection":[{"href":"https:\/\/sitetab3.ac-reims.fr\/lp-emile-baudot\/-wp-\/wp-json\/wp\/v2\/pages"}],"about":[{"href":"https:\/\/sitetab3.ac-reims.fr\/lp-emile-baudot\/-wp-\/wp-json\/wp\/v2\/types\/page"}],"author":[{"embeddable":true,"href":"https:\/\/sitetab3.ac-reims.fr\/lp-emile-baudot\/-wp-\/wp-json\/wp\/v2\/users\/1"}],"replies":[{"embeddable":true,"href":"https:\/\/sitetab3.ac-reims.fr\/lp-emile-baudot\/-wp-\/wp-json\/wp\/v2\/comments?post=1188"}],"version-history":[{"count":20,"href":"https:\/\/sitetab3.ac-reims.fr\/lp-emile-baudot\/-wp-\/wp-json\/wp\/v2\/pages\/1188\/revisions"}],"predecessor-version":[{"id":3112,"href":"https:\/\/sitetab3.ac-reims.fr\/lp-emile-baudot\/-wp-\/wp-json\/wp\/v2\/pages\/1188\/revisions\/3112"}],"wp:attachment":[{"href":"https:\/\/sitetab3.ac-reims.fr\/lp-emile-baudot\/-wp-\/wp-json\/wp\/v2\/media?parent=1188"}],"curies":[{"name":"wp","href":"https:\/\/api.w.org\/{rel}","templated":true}]}}