{"id":1231,"date":"2021-11-17T16:04:13","date_gmt":"2021-11-17T15:04:13","guid":{"rendered":"http:\/\/sitetab3.ac-reims.fr\/lp-emile-baudot\/-wp-\/?page_id=1231"},"modified":"2024-01-15T11:33:02","modified_gmt":"2024-01-15T10:33:02","slug":"articles-de-presse-2011-2012","status":"publish","type":"page","link":"https:\/\/sitetab3.ac-reims.fr\/lp-emile-baudot\/-wp-\/articles-de-presse\/archives\/articles-de-presse-2011-2012\/","title":{"rendered":"Articles de presse 2011-2012"},"content":{"rendered":"<hr>\n<p><a href=\"http:\/\/sitetab3.ac-reims.fr\/lp-emile-baudot\/-wp-\/wp-content\/uploads\/triangle_bleu.png\"><img loading=\"lazy\" decoding=\"async\" class=\"alignnone size-full wp-image-1016\" src=\"http:\/\/sitetab3.ac-reims.fr\/lp-emile-baudot\/-wp-\/wp-content\/uploads\/triangle_bleu.png\" alt=\"\" width=\"10\" height=\"16\"><\/a>&nbsp;<a href=\"http:\/\/sitetab3.ac-reims.fr\/lp-emile-baudot\/-wp-\/articles-etablissement\/\"><strong>Articles \u00e9tablissement<\/strong><\/a><\/p>\n<p>.<\/p>\n<hr>\n<p><a href=\"http:\/\/sitetab3.ac-reims.fr\/lp-emile-baudot\/-wp-\/wp-content\/uploads\/triangle_bleu.png\"><img loading=\"lazy\" decoding=\"async\" class=\"alignnone size-full wp-image-1016\" src=\"http:\/\/sitetab3.ac-reims.fr\/lp-emile-baudot\/-wp-\/wp-content\/uploads\/triangle_bleu.png\" alt=\"\" width=\"10\" height=\"16\"><\/a>&nbsp;<a href=\"http:\/\/sitetab3.ac-reims.fr\/lp-emile-baudot\/-wp-\/articles-de-presse-section\/\"><strong>Articles de presse Section s\u00e9curit\u00e9<\/strong><\/a><\/p>\n<p>.<\/p>\n<p>&nbsp;<\/p>\n\n\n<p><\/p>\n","protected":false},"excerpt":{"rendered":"<p>&nbsp;Articles \u00e9tablissement . &nbsp;Articles de presse Section s\u00e9curit\u00e9 . &nbsp;<\/p>\n","protected":false},"author":1,"featured_media":0,"parent":1620,"menu_order":1,"comment_status":"closed","ping_status":"closed","template":"","meta":{"ngg_post_thumbnail":0,"footnotes":""},"_links":{"self":[{"href":"https:\/\/sitetab3.ac-reims.fr\/lp-emile-baudot\/-wp-\/wp-json\/wp\/v2\/pages\/1231"}],"collection":[{"href":"https:\/\/sitetab3.ac-reims.fr\/lp-emile-baudot\/-wp-\/wp-json\/wp\/v2\/pages"}],"about":[{"href":"https:\/\/sitetab3.ac-reims.fr\/lp-emile-baudot\/-wp-\/wp-json\/wp\/v2\/types\/page"}],"author":[{"embeddable":true,"href":"https:\/\/sitetab3.ac-reims.fr\/lp-emile-baudot\/-wp-\/wp-json\/wp\/v2\/users\/1"}],"replies":[{"embeddable":true,"href":"https:\/\/sitetab3.ac-reims.fr\/lp-emile-baudot\/-wp-\/wp-json\/wp\/v2\/comments?post=1231"}],"version-history":[{"count":4,"href":"https:\/\/sitetab3.ac-reims.fr\/lp-emile-baudot\/-wp-\/wp-json\/wp\/v2\/pages\/1231\/revisions"}],"predecessor-version":[{"id":1639,"href":"https:\/\/sitetab3.ac-reims.fr\/lp-emile-baudot\/-wp-\/wp-json\/wp\/v2\/pages\/1231\/revisions\/1639"}],"up":[{"embeddable":true,"href":"https:\/\/sitetab3.ac-reims.fr\/lp-emile-baudot\/-wp-\/wp-json\/wp\/v2\/pages\/1620"}],"wp:attachment":[{"href":"https:\/\/sitetab3.ac-reims.fr\/lp-emile-baudot\/-wp-\/wp-json\/wp\/v2\/media?parent=1231"}],"curies":[{"name":"wp","href":"https:\/\/api.w.org\/{rel}","templated":true}]}}