{"id":1490,"date":"2022-01-14T16:25:50","date_gmt":"2022-01-14T15:25:50","guid":{"rendered":"http:\/\/sitetab3.ac-reims.fr\/lp-emile-baudot\/-wp-\/?page_id=1490"},"modified":"2024-12-03T10:00:27","modified_gmt":"2024-12-03T09:00:27","slug":"linternat","status":"publish","type":"page","link":"https:\/\/sitetab3.ac-reims.fr\/lp-emile-baudot\/-wp-\/vie-de-letablissement\/linternat\/","title":{"rendered":"L&rsquo;internat"},"content":{"rendered":"\n<p>Labellis\u00e9 <strong>\u00ab Internat d&rsquo;excellence \u00bb<\/strong> en juin 2021,  l&rsquo;internat du Lyc\u00e9e \u00c9mile Baudot accueille des \u00e9l\u00e8ves de la 3\u00e8me au BTS.<\/p>\n\n\n\n<p>\u2022 <a href=\"https:\/\/sitetab3.ac-reims.fr\/lp-emile-baudot\/-wp-\/l-internat\/\">Quelques photographies des lieux<\/a><\/p>\n","protected":false},"excerpt":{"rendered":"<p>Labellis\u00e9 \u00ab Internat d&rsquo;excellence \u00bb en juin 2021, l&rsquo;internat du Lyc\u00e9e \u00c9mile Baudot accueille des \u00e9l\u00e8ves de la 3\u00e8me au BTS. \u2022 Quelques photographies des lieux<\/p>\n","protected":false},"author":1,"featured_media":0,"parent":1583,"menu_order":0,"comment_status":"closed","ping_status":"closed","template":"","meta":{"ngg_post_thumbnail":0,"footnotes":""},"_links":{"self":[{"href":"https:\/\/sitetab3.ac-reims.fr\/lp-emile-baudot\/-wp-\/wp-json\/wp\/v2\/pages\/1490"}],"collection":[{"href":"https:\/\/sitetab3.ac-reims.fr\/lp-emile-baudot\/-wp-\/wp-json\/wp\/v2\/pages"}],"about":[{"href":"https:\/\/sitetab3.ac-reims.fr\/lp-emile-baudot\/-wp-\/wp-json\/wp\/v2\/types\/page"}],"author":[{"embeddable":true,"href":"https:\/\/sitetab3.ac-reims.fr\/lp-emile-baudot\/-wp-\/wp-json\/wp\/v2\/users\/1"}],"replies":[{"embeddable":true,"href":"https:\/\/sitetab3.ac-reims.fr\/lp-emile-baudot\/-wp-\/wp-json\/wp\/v2\/comments?post=1490"}],"version-history":[{"count":14,"href":"https:\/\/sitetab3.ac-reims.fr\/lp-emile-baudot\/-wp-\/wp-json\/wp\/v2\/pages\/1490\/revisions"}],"predecessor-version":[{"id":2787,"href":"https:\/\/sitetab3.ac-reims.fr\/lp-emile-baudot\/-wp-\/wp-json\/wp\/v2\/pages\/1490\/revisions\/2787"}],"up":[{"embeddable":true,"href":"https:\/\/sitetab3.ac-reims.fr\/lp-emile-baudot\/-wp-\/wp-json\/wp\/v2\/pages\/1583"}],"wp:attachment":[{"href":"https:\/\/sitetab3.ac-reims.fr\/lp-emile-baudot\/-wp-\/wp-json\/wp\/v2\/media?parent=1490"}],"curies":[{"name":"wp","href":"https:\/\/api.w.org\/{rel}","templated":true}]}}