{"id":1583,"date":"2023-11-28T22:03:41","date_gmt":"2023-11-28T21:03:41","guid":{"rendered":"https:\/\/sitetab3.ac-reims.fr\/lp-emile-baudot\/-wp-\/?page_id=1583"},"modified":"2025-04-29T15:53:45","modified_gmt":"2025-04-29T13:53:45","slug":"vie-de-letablissement","status":"publish","type":"page","link":"https:\/\/sitetab3.ac-reims.fr\/lp-emile-baudot\/-wp-\/vie-de-letablissement\/","title":{"rendered":"Vie de l&rsquo;\u00e9tablissement"},"content":{"rendered":"\n<h3 class=\"wp-block-heading\"><a href=\"https:\/\/sitetab3.ac-reims.fr\/lp-emile-baudot\/-wp-\/vie-de-letablissement\/linternat\/\">L&rsquo;internat d&rsquo;excellence&nbsp;<\/a><\/h3>\n\n\n\n<h3 class=\"wp-block-heading\"><a href=\"https:\/\/sitetab3.ac-reims.fr\/lp-emile-baudot\/-wp-\/vie-de-letablissement\/cdi\/\">CDI<\/a>&nbsp;<\/h3>\n\n\n\n<h3 class=\"wp-block-heading\"><a href=\"https:\/\/sitetab3.ac-reims.fr\/lp-emile-baudot\/-wp-\/vie-de-letablissement\/actions-culturelles-citoyennes-et-pedagogiques-2\/\">Actions culturelles, citoyennes et p\u00e9dagogiques<\/a><\/h3>\n\n\n\n<h3 class=\"wp-block-heading\"><a href=\"https:\/\/sitetab3.ac-reims.fr\/lp-emile-baudot\/-wp-\/association-sportive\/\">Association sportive<\/a><\/h3>\n\n\n\n<h3 class=\"wp-block-heading\"><a href=\"https:\/\/sitetab3.ac-reims.fr\/lp-emile-baudot\/-wp-\/le-foyer\/\">Le foyer des \u00e9l\u00e8ves<\/a><\/h3>\n\n\n\n<h3 class=\"wp-block-heading\"><a href=\"https:\/\/sitetab3.ac-reims.fr\/lp-emile-baudot\/-wp-\/vie-de-letablissement\/les-representants-eleves\/\">Les repr\u00e9sentants d&rsquo;\u00e9l\u00e8ves<\/a><\/h3>\n\n\n\n<p><\/p>\n","protected":false},"excerpt":{"rendered":"<p>L&rsquo;internat d&rsquo;excellence&nbsp; CDI&nbsp; Actions culturelles, citoyennes et p\u00e9dagogiques Association sportive Le foyer des \u00e9l\u00e8ves Les repr\u00e9sentants d&rsquo;\u00e9l\u00e8ves<\/p>\n","protected":false},"author":9,"featured_media":0,"parent":0,"menu_order":0,"comment_status":"closed","ping_status":"closed","template":"","meta":{"ngg_post_thumbnail":0,"footnotes":""},"_links":{"self":[{"href":"https:\/\/sitetab3.ac-reims.fr\/lp-emile-baudot\/-wp-\/wp-json\/wp\/v2\/pages\/1583"}],"collection":[{"href":"https:\/\/sitetab3.ac-reims.fr\/lp-emile-baudot\/-wp-\/wp-json\/wp\/v2\/pages"}],"about":[{"href":"https:\/\/sitetab3.ac-reims.fr\/lp-emile-baudot\/-wp-\/wp-json\/wp\/v2\/types\/page"}],"author":[{"embeddable":true,"href":"https:\/\/sitetab3.ac-reims.fr\/lp-emile-baudot\/-wp-\/wp-json\/wp\/v2\/users\/9"}],"replies":[{"embeddable":true,"href":"https:\/\/sitetab3.ac-reims.fr\/lp-emile-baudot\/-wp-\/wp-json\/wp\/v2\/comments?post=1583"}],"version-history":[{"count":12,"href":"https:\/\/sitetab3.ac-reims.fr\/lp-emile-baudot\/-wp-\/wp-json\/wp\/v2\/pages\/1583\/revisions"}],"predecessor-version":[{"id":2789,"href":"https:\/\/sitetab3.ac-reims.fr\/lp-emile-baudot\/-wp-\/wp-json\/wp\/v2\/pages\/1583\/revisions\/2789"}],"wp:attachment":[{"href":"https:\/\/sitetab3.ac-reims.fr\/lp-emile-baudot\/-wp-\/wp-json\/wp\/v2\/media?parent=1583"}],"curies":[{"name":"wp","href":"https:\/\/api.w.org\/{rel}","templated":true}]}}