{"id":1595,"date":"2023-11-28T22:30:51","date_gmt":"2023-11-28T21:30:51","guid":{"rendered":"https:\/\/sitetab3.ac-reims.fr\/lp-emile-baudot\/-wp-\/?page_id=1595"},"modified":"2024-02-13T17:47:09","modified_gmt":"2024-02-13T16:47:09","slug":"les-representants-eleves","status":"publish","type":"page","link":"https:\/\/sitetab3.ac-reims.fr\/lp-emile-baudot\/-wp-\/vie-de-letablissement\/les-representants-eleves\/","title":{"rendered":"Les repr\u00e9sentants \u00e9l\u00e8ves"},"content":{"rendered":"\n<p><a href=\"https:\/\/sitetab3.ac-reims.fr\/lp-emile-baudot\/-wp-\/les-eco-delegues\/\">Eco-D\u00e9l\u00e9gu\u00e9s<\/a><\/p>\n\n\n\n<p><a href=\"https:\/\/sitetab3.ac-reims.fr\/lp-emile-baudot\/-wp-\/les-representants-du-conseil-de-la-vie-lyceenne\/\">Repr\u00e9sentants du Conseil de la Vie Lyc\u00e9enne<\/a><\/p>\n","protected":false},"excerpt":{"rendered":"<p>Eco-D\u00e9l\u00e9gu\u00e9s Repr\u00e9sentants du Conseil de la Vie Lyc\u00e9enne<\/p>\n","protected":false},"author":1,"featured_media":0,"parent":1583,"menu_order":0,"comment_status":"closed","ping_status":"closed","template":"","meta":{"ngg_post_thumbnail":0,"footnotes":""},"_links":{"self":[{"href":"https:\/\/sitetab3.ac-reims.fr\/lp-emile-baudot\/-wp-\/wp-json\/wp\/v2\/pages\/1595"}],"collection":[{"href":"https:\/\/sitetab3.ac-reims.fr\/lp-emile-baudot\/-wp-\/wp-json\/wp\/v2\/pages"}],"about":[{"href":"https:\/\/sitetab3.ac-reims.fr\/lp-emile-baudot\/-wp-\/wp-json\/wp\/v2\/types\/page"}],"author":[{"embeddable":true,"href":"https:\/\/sitetab3.ac-reims.fr\/lp-emile-baudot\/-wp-\/wp-json\/wp\/v2\/users\/1"}],"replies":[{"embeddable":true,"href":"https:\/\/sitetab3.ac-reims.fr\/lp-emile-baudot\/-wp-\/wp-json\/wp\/v2\/comments?post=1595"}],"version-history":[{"count":4,"href":"https:\/\/sitetab3.ac-reims.fr\/lp-emile-baudot\/-wp-\/wp-json\/wp\/v2\/pages\/1595\/revisions"}],"predecessor-version":[{"id":1937,"href":"https:\/\/sitetab3.ac-reims.fr\/lp-emile-baudot\/-wp-\/wp-json\/wp\/v2\/pages\/1595\/revisions\/1937"}],"up":[{"embeddable":true,"href":"https:\/\/sitetab3.ac-reims.fr\/lp-emile-baudot\/-wp-\/wp-json\/wp\/v2\/pages\/1583"}],"wp:attachment":[{"href":"https:\/\/sitetab3.ac-reims.fr\/lp-emile-baudot\/-wp-\/wp-json\/wp\/v2\/media?parent=1595"}],"curies":[{"name":"wp","href":"https:\/\/api.w.org\/{rel}","templated":true}]}}