{"id":2308,"date":"2024-09-05T14:56:11","date_gmt":"2024-09-05T12:56:11","guid":{"rendered":"https:\/\/sitetab3.ac-reims.fr\/lp-emile-baudot\/-wp-\/?page_id=2308"},"modified":"2025-06-19T11:23:18","modified_gmt":"2025-06-19T09:23:18","slug":"articles-de-presse-2024-2025","status":"publish","type":"page","link":"https:\/\/sitetab3.ac-reims.fr\/lp-emile-baudot\/-wp-\/articles-de-presse\/articles-de-presse-2024-2025\/","title":{"rendered":"Articles de presse : 2024-2025"},"content":{"rendered":"\n<h3 class=\"wp-block-heading\">Juin 2025<\/h3>\n\n\n\n<ul>\n<li><a href=\"http:\/\/sitetab3.ac-reims.fr\/lp-emile-baudot\/-wp-\/wp-content\/uploads\/Article-JHM-Ravivage-flamme-et-ceremonie.pdf\" target=\"_blank\" rel=\"noreferrer noopener\">2BPMS : Participation au ravivage de la flamme sur la tombe du soldat inconnu<\/a><\/li>\n\n\n\n<li><a href=\"http:\/\/sitetab3.ac-reims.fr\/lp-emile-baudot\/-wp-\/wp-content\/uploads\/Article-allee-Julie-Victoire-Daubie.pdf\" target=\"_blank\" rel=\"noreferrer noopener\">Inauguration de l&rsquo;all\u00e9e Julie-Victoire Daubi\u00e9<\/a><\/li>\n<\/ul>\n\n\n\n<h3 class=\"wp-block-heading\">Avril 2025<\/h3>\n\n\n\n<ul>\n<li>&nbsp;<a href=\"http:\/\/sitetab3.ac-reims.fr\/lp-emile-baudot\/-wp-\/wp-content\/uploads\/Article-mobilites-Erasmus.pdf\" target=\"_blank\" rel=\"noreferrer noopener\">Mobilit\u00e9s Erasmus au LP Emile Baudot<\/a><\/li>\n\n\n\n<li>\u00ab\u00a0Cultures urbaines\u00a0\u00bb : performances des 2BPMRC et des 2BPMS en slam et en hip-hop au lyc\u00e9e Edouard Herriot :\n<ul>\n<li><a href=\"http:\/\/sitetab3.ac-reims.fr\/lp-emile-baudot\/-wp-\/wp-content\/uploads\/Article-Est-eclair-Cultures-urbaines.pdf\" target=\"_blank\" rel=\"noreferrer noopener\">Article de l&rsquo;Est \u00e9clair<\/a><\/li>\n\n\n\n<li><a href=\"http:\/\/sitetab3.ac-reims.fr\/lp-emile-baudot\/-wp-\/wp-content\/uploads\/Article-JHM.pdf\" target=\"_blank\" rel=\"noreferrer noopener\">Article du Journal de la Haute-Marne<\/a><\/li>\n<\/ul>\n<\/li>\n\n\n\n<li><a href=\"http:\/\/sitetab3.ac-reims.fr\/lp-emile-baudot\/-wp-\/wp-content\/uploads\/Course-contre-la-faim.pdf\" target=\"_blank\" rel=\"noreferrer noopener\">Action Course contre la faim : des lyc\u00e9ens solidaires avec Madagascar<\/a><\/li>\n\n\n\n<li><a href=\"http:\/\/sitetab3.ac-reims.fr\/lp-emile-baudot\/-wp-\/wp-content\/uploads\/article-ceremonie.pdf\" target=\"_blank\" rel=\"noreferrer noopener\">C\u00e9r\u00e9monie de remise des attestations de formation r\u00e9ussie au sein de la gendarmerie : TBPMS dominante S\u00e9curit\u00e9 publique<\/a><\/li>\n<\/ul>\n\n\n\n<h3 class=\"wp-block-heading\">Mars 2025<\/h3>\n\n\n\n<ul>\n<li><a href=\"http:\/\/sitetab3.ac-reims.fr\/lp-emile-baudot\/-wp-\/wp-content\/uploads\/Rencontre-dauteur.pdf\" target=\"_blank\" rel=\"noreferrer noopener\">Rencontre avec l&rsquo;autrice C\u00e9line Righi autour de son roman Berline : 1CAP AS, 1CAP 2AGA, 1BPMS, 1BPMCV<\/a><\/li>\n\n\n\n<li><a href=\"http:\/\/sitetab3.ac-reims.fr\/lp-emile-baudot\/-wp-\/wp-content\/uploads\/ArticleSlam.pdf\" target=\"_blank\" rel=\"noreferrer noopener\">Ateliers Slam pour les \u00e9l\u00e8ves de 2BPMRC et de 2BPMS<\/a><\/li>\n\n\n\n<li><a href=\"http:\/\/sitetab3.ac-reims.fr\/lp-emile-baudot\/-wp-\/wp-content\/uploads\/Forum-des-formations.pdf\" target=\"_blank\" rel=\"noreferrer noopener\">Participation des \u00e9l\u00e8ves du LP Emile Baudot au forum des formations \u00e0 Bettancourt-la-Ferr\u00e9e&nbsp;<\/a><\/li>\n\n\n\n<li><a href=\"http:\/\/sitetab3.ac-reims.fr\/lp-emile-baudot\/-wp-\/wp-content\/uploads\/Article-Forum-des-armees.pdf\" target=\"_blank\" rel=\"noreferrer noopener\">Forum des arm\u00e9es au LP Emile Baudot<\/a><\/li>\n<\/ul>\n\n\n\n<h3 class=\"wp-block-heading\">F\u00e9vrier 2025<\/h3>\n\n\n\n<ul>\n<li>&nbsp;<a href=\"http:\/\/sitetab3.ac-reims.fr\/lp-emile-baudot\/-wp-\/wp-content\/uploads\/Article-Cour-dassises.pdf\" target=\"_blank\" rel=\"noreferrer noopener\">Les \u00e9l\u00e8ves de 1BPMCV d\u00e9couvrent les rouages d&rsquo;une cour d&rsquo;Assises<\/a><\/li>\n<\/ul>\n\n\n\n<h3 class=\"wp-block-heading\">Janvier 2025<\/h3>\n\n\n\n<ul>\n<li><a href=\"http:\/\/sitetab3.ac-reims.fr\/lp-emile-baudot\/-wp-\/wp-content\/uploads\/Partenariat-SDIS-LP.pdf\" target=\"_blank\" rel=\"noreferrer noopener\">Renouvellement du partenariat entre le SDIS et le LP Emile Baudot<\/a><\/li>\n<\/ul>\n\n\n\n<h3 class=\"wp-block-heading\">D\u00e9cembre 2024<\/h3>\n\n\n\n<ul>\n<li><a href=\"http:\/\/sitetab3.ac-reims.fr\/lp-emile-baudot\/-wp-\/wp-content\/uploads\/Marche-de-Noel-EREA.pdf\" target=\"_blank\" rel=\"noreferrer noopener\">Les \u00e9l\u00e8ves de 1<\/a><a href=\"http:\/\/sitetab3.ac-reims.fr\/lp-emile-baudot\/-wp-\/wp-content\/uploads\/Marche-de-Noel-EREA.pdf\" target=\"_blank\" rel=\"noreferrer noopener\"> <\/a><a href=\"http:\/\/sitetab3.ac-reims.fr\/lp-emile-baudot\/-wp-\/wp-content\/uploads\/Marche-de-Noel-EREA.pdf\" target=\"_blank\" rel=\"noreferrer noopener\">CAP2AGA ont particip\u00e9 au march\u00e9 de No\u00ebl de l&rsquo;EREA et ont vendu leurs cr\u00e9ations festives<\/a><\/li>\n<\/ul>\n\n\n\n<h3 class=\"wp-block-heading\">Novembre 2024<\/h3>\n\n\n\n<ul>\n<li><a href=\"http:\/\/sitetab3.ac-reims.fr\/lp-emile-baudot\/-wp-\/wp-content\/uploads\/LP-au-festival-AFPAN.pdf\" target=\"_blank\" rel=\"noreferrer noopener\">Les \u00e9l\u00e8ves de 1BPMS, de TBPMS et de 1BPMCV en pratique professionnelle au Festival de Montier<\/a><\/li>\n<\/ul>\n\n\n\n<h3 class=\"wp-block-heading\">Octobre 2024<\/h3>\n\n\n\n<ul>\n<li><a href=\"http:\/\/sitetab3.ac-reims.fr\/lp-emile-baudot\/-wp-\/wp-content\/uploads\/Coulisses-du-batiment.pdf\" target=\"_blank\" rel=\"noreferrer noopener\">D\u00e9couverte des coulisses du b\u00e2timent pour les \u00e9l\u00e8ves de 3\u00e8me pr\u00e9pa-m\u00e9tiers<\/a><\/li>\n<\/ul>\n\n\n\n<h3 class=\"wp-block-heading\">Septembre 2024<\/h3>\n\n\n\n<ul>\n<li><a href=\"http:\/\/sitetab3.ac-reims.fr\/lp-emile-baudot\/-wp-\/wp-content\/uploads\/Struthof-1.pdf\" target=\"_blank\" rel=\"noreferrer noopener\">Devoir de m\u00e9moire : Visite du camp de concentration du Struthof<\/a><\/li>\n\n\n\n<li><a href=\"http:\/\/sitetab3.ac-reims.fr\/lp-emile-baudot\/-wp-\/wp-content\/uploads\/Parrain-BTS.pdf\" target=\"_blank\" rel=\"noreferrer noopener\">Rencontre avec le parrain des \u00e9tudiants de BTS MOS<\/a><\/li>\n\n\n\n<li><a href=\"http:\/\/sitetab3.ac-reims.fr\/lp-emile-baudot\/-wp-\/wp-content\/uploads\/Journee-sport-scolaire.pdf\" target=\"_blank\" rel=\"noreferrer noopener\">Journ\u00e9e du sport scolaire : d\u00e9couverte de la pratique du skateboard<\/a><\/li>\n\n\n\n<li><a href=\"http:\/\/sitetab3.ac-reims.fr\/lp-emile-baudot\/-wp-\/wp-content\/uploads\/Integration-BTSMOS.pdf\" target=\"_blank\" rel=\"noreferrer noopener\">Journ\u00e9e d&rsquo;int\u00e9gration des \u00e9tudiants de BTS MOS<\/a><\/li>\n\n\n\n<li><a href=\"http:\/\/sitetab3.ac-reims.fr\/lp-emile-baudot\/-wp-\/wp-content\/uploads\/Rentree2024-2025.pdf\" target=\"_blank\" rel=\"noreferrer noopener\">Rentr\u00e9e 2024-2025 au lyc\u00e9e des m\u00e9tiers Emile Baudot<\/a><\/li>\n<\/ul>\n\n\n\n<p><\/p>\n","protected":false},"excerpt":{"rendered":"<p>Juin 2025 Avril 2025 Mars 2025 F\u00e9vrier 2025 Janvier 2025 D\u00e9cembre 2024 Novembre 2024 Octobre 2024 Septembre 2024<\/p>\n","protected":false},"author":9,"featured_media":0,"parent":1226,"menu_order":0,"comment_status":"closed","ping_status":"closed","template":"","meta":{"ngg_post_thumbnail":0,"footnotes":""},"_links":{"self":[{"href":"https:\/\/sitetab3.ac-reims.fr\/lp-emile-baudot\/-wp-\/wp-json\/wp\/v2\/pages\/2308"}],"collection":[{"href":"https:\/\/sitetab3.ac-reims.fr\/lp-emile-baudot\/-wp-\/wp-json\/wp\/v2\/pages"}],"about":[{"href":"https:\/\/sitetab3.ac-reims.fr\/lp-emile-baudot\/-wp-\/wp-json\/wp\/v2\/types\/page"}],"author":[{"embeddable":true,"href":"https:\/\/sitetab3.ac-reims.fr\/lp-emile-baudot\/-wp-\/wp-json\/wp\/v2\/users\/9"}],"replies":[{"embeddable":true,"href":"https:\/\/sitetab3.ac-reims.fr\/lp-emile-baudot\/-wp-\/wp-json\/wp\/v2\/comments?post=2308"}],"version-history":[{"count":26,"href":"https:\/\/sitetab3.ac-reims.fr\/lp-emile-baudot\/-wp-\/wp-json\/wp\/v2\/pages\/2308\/revisions"}],"predecessor-version":[{"id":3152,"href":"https:\/\/sitetab3.ac-reims.fr\/lp-emile-baudot\/-wp-\/wp-json\/wp\/v2\/pages\/2308\/revisions\/3152"}],"up":[{"embeddable":true,"href":"https:\/\/sitetab3.ac-reims.fr\/lp-emile-baudot\/-wp-\/wp-json\/wp\/v2\/pages\/1226"}],"wp:attachment":[{"href":"https:\/\/sitetab3.ac-reims.fr\/lp-emile-baudot\/-wp-\/wp-json\/wp\/v2\/media?parent=2308"}],"curies":[{"name":"wp","href":"https:\/\/api.w.org\/{rel}","templated":true}]}}