{"id":2578,"date":"2024-10-16T12:43:08","date_gmt":"2024-10-16T10:43:08","guid":{"rendered":"https:\/\/sitetab3.ac-reims.fr\/lp-emile-baudot\/-wp-\/?page_id=2578"},"modified":"2025-04-29T15:50:37","modified_gmt":"2025-04-29T13:50:37","slug":"association-sportive","status":"publish","type":"page","link":"https:\/\/sitetab3.ac-reims.fr\/lp-emile-baudot\/-wp-\/vie-de-letablissement\/association-sportive\/","title":{"rendered":"Association sportive"},"content":{"rendered":"<h2>2024-2025<\/h2>\n<ul>\n<li>\n<h3>Octobre<\/h3>\n<\/li>\n<\/ul>\n<p>Mercredi 9 octobre, plusieurs \u00e9l\u00e8ves de l&rsquo;AS ont particip\u00e9 \u00e0 une comp\u00e9tition UNSS de volley-ball au lyc\u00e9e Blaise Pascal \u00e0 Saint-Dizier. Bravo aux deux \u00e9quipes qui se sont battues jusqu&rsquo;au bout sur les terrains de volley-ball, contre des adversaires qui pour certains et certaines \u00e9taient all\u00e9s jusqu&rsquo;au championnat de France l&rsquo;an dernier !<\/p>\n<p><img loading=\"lazy\" decoding=\"async\" class=\"alignnone size-medium wp-image-2580\" src=\"http:\/\/sitetab3.ac-reims.fr\/lp-emile-baudot\/-wp-\/wp-content\/uploads\/Snapchat-2142099119-300x201.jpg\" alt=\"\" width=\"300\" height=\"201\" srcset=\"https:\/\/sitetab3.ac-reims.fr\/lp-emile-baudot\/-wp-\/wp-content\/uploads\/Snapchat-2142099119-300x201.jpg 300w, https:\/\/sitetab3.ac-reims.fr\/lp-emile-baudot\/-wp-\/wp-content\/uploads\/Snapchat-2142099119.jpg 571w\" sizes=\"(max-width: 300px) 100vw, 300px\" \/><\/p>\n<p>Mercredi 2 octobre, les \u00e9l\u00e8ves de l&rsquo;AS ont particip\u00e9 \u00e0 la journ\u00e9e \u00ab\u00a0Sport pour tous et toutes\u00a0\u00bb \u00e0 la basse de loisirs de Choignes. Bravo aux courageux bin\u00f4mes qui ont tous r\u00e9ussi \u00e0 terminer ce raid \u00e0 la faveur d&rsquo;une courte accalmie m\u00e9t\u00e9orologique ! De belles places au classement et surtout une bonne \u00e9preuve malgr\u00e9 les petits bobos.<\/p>\n<p><img loading=\"lazy\" decoding=\"async\" class=\"alignnone size-medium wp-image-2579\" src=\"http:\/\/sitetab3.ac-reims.fr\/lp-emile-baudot\/-wp-\/wp-content\/uploads\/DSCN0123-copie-300x206.jpg\" alt=\"\" width=\"300\" height=\"206\" srcset=\"https:\/\/sitetab3.ac-reims.fr\/lp-emile-baudot\/-wp-\/wp-content\/uploads\/DSCN0123-copie-300x206.jpg 300w, https:\/\/sitetab3.ac-reims.fr\/lp-emile-baudot\/-wp-\/wp-content\/uploads\/DSCN0123-copie.jpg 559w\" sizes=\"(max-width: 300px) 100vw, 300px\" \/><\/p>\n<p>&nbsp;<\/p>\n\n\n<h3 class=\"wp-block-heading\">Archives :<\/h3>\n\n\n\n<ul><li><a href=\"https:\/\/sitetab3.ac-reims.fr\/lp-emile-baudot\/-wp-\/vie-de-letablissement\/association-sportive\/association-sportive-2023-2024\/\">2023-2024<\/a><\/li><\/ul>\n","protected":false},"excerpt":{"rendered":"<p>2024-2025 Octobre Mercredi 9 octobre, plusieurs \u00e9l\u00e8ves de l&rsquo;AS ont particip\u00e9 \u00e0 une comp\u00e9tition UNSS de volley-ball au lyc\u00e9e Blaise Pascal \u00e0 Saint-Dizier. Bravo aux deux \u00e9quipes qui se sont battues jusqu&rsquo;au bout sur les terrains de volley-ball, contre des adversaires qui pour certains et certaines \u00e9taient all\u00e9s jusqu&rsquo;au championnat de France l&rsquo;an dernier ! [&hellip;]<\/p>\n","protected":false},"author":9,"featured_media":0,"parent":1583,"menu_order":0,"comment_status":"closed","ping_status":"closed","template":"","meta":{"ngg_post_thumbnail":0,"footnotes":""},"_links":{"self":[{"href":"https:\/\/sitetab3.ac-reims.fr\/lp-emile-baudot\/-wp-\/wp-json\/wp\/v2\/pages\/2578"}],"collection":[{"href":"https:\/\/sitetab3.ac-reims.fr\/lp-emile-baudot\/-wp-\/wp-json\/wp\/v2\/pages"}],"about":[{"href":"https:\/\/sitetab3.ac-reims.fr\/lp-emile-baudot\/-wp-\/wp-json\/wp\/v2\/types\/page"}],"author":[{"embeddable":true,"href":"https:\/\/sitetab3.ac-reims.fr\/lp-emile-baudot\/-wp-\/wp-json\/wp\/v2\/users\/9"}],"replies":[{"embeddable":true,"href":"https:\/\/sitetab3.ac-reims.fr\/lp-emile-baudot\/-wp-\/wp-json\/wp\/v2\/comments?post=2578"}],"version-history":[{"count":2,"href":"https:\/\/sitetab3.ac-reims.fr\/lp-emile-baudot\/-wp-\/wp-json\/wp\/v2\/pages\/2578\/revisions"}],"predecessor-version":[{"id":2603,"href":"https:\/\/sitetab3.ac-reims.fr\/lp-emile-baudot\/-wp-\/wp-json\/wp\/v2\/pages\/2578\/revisions\/2603"}],"up":[{"embeddable":true,"href":"https:\/\/sitetab3.ac-reims.fr\/lp-emile-baudot\/-wp-\/wp-json\/wp\/v2\/pages\/1583"}],"wp:attachment":[{"href":"https:\/\/sitetab3.ac-reims.fr\/lp-emile-baudot\/-wp-\/wp-json\/wp\/v2\/media?parent=2578"}],"curies":[{"name":"wp","href":"https:\/\/api.w.org\/{rel}","templated":true}]}}