{"id":2583,"date":"2024-10-16T12:55:54","date_gmt":"2024-10-16T10:55:54","guid":{"rendered":"https:\/\/sitetab3.ac-reims.fr\/lp-emile-baudot\/-wp-\/?page_id=2583"},"modified":"2025-04-29T15:50:29","modified_gmt":"2025-04-29T13:50:29","slug":"association-sportive-2023-2024","status":"publish","type":"page","link":"https:\/\/sitetab3.ac-reims.fr\/lp-emile-baudot\/-wp-\/vie-de-letablissement\/association-sportive\/association-sportive-2023-2024\/","title":{"rendered":"Association sportive 2023-2024"},"content":{"rendered":"<ul>\n<li>\n<h3>Mai<\/h3>\n<\/li>\n<\/ul>\n<p>Quatre \u00e9l\u00e8ves de l&rsquo;AS ont particip\u00e9 au Raid champardennais des lyc\u00e9es mercredi 15 mai. Bravo pour leur engagement collectif durant cette comp\u00e9tition !<\/p>\n<p><img loading=\"lazy\" decoding=\"async\" class=\"alignnone size-medium wp-image-2584\" src=\"http:\/\/sitetab3.ac-reims.fr\/lp-emile-baudot\/-wp-\/wp-content\/uploads\/Photo-raid-ENT-300x225.jpg\" alt=\"\" width=\"300\" height=\"225\" srcset=\"https:\/\/sitetab3.ac-reims.fr\/lp-emile-baudot\/-wp-\/wp-content\/uploads\/Photo-raid-ENT-300x225.jpg 300w, https:\/\/sitetab3.ac-reims.fr\/lp-emile-baudot\/-wp-\/wp-content\/uploads\/Photo-raid-ENT.jpg 511w\" sizes=\"(max-width: 300px) 100vw, 300px\" \/><\/p>\n<ul>\n<li>\n<h3>F\u00e9vrier<\/h3>\n<\/li>\n<\/ul>\n<p>Mercredi 7 f\u00e9vrier, nos deux \u00e9quipes cadets gar\u00e7ons de futsal ont particip\u00e9 \u00e0 la journ\u00e9e de championnat district futsal en perspective des finales d\u00e9partementales qui auront lieu le mercredi 21 f\u00e9vrier \u00e0 Saint-Dizier.<\/p>\n<p><img loading=\"lazy\" decoding=\"async\" class=\"alignnone size-medium wp-image-2588\" src=\"http:\/\/sitetab3.ac-reims.fr\/lp-emile-baudot\/-wp-\/wp-content\/uploads\/Photo-ENT-07.02.2024-futsal-cadets-garcons-district-300x225.jpg\" alt=\"\" width=\"300\" height=\"225\" srcset=\"https:\/\/sitetab3.ac-reims.fr\/lp-emile-baudot\/-wp-\/wp-content\/uploads\/Photo-ENT-07.02.2024-futsal-cadets-garcons-district-300x225.jpg 300w, https:\/\/sitetab3.ac-reims.fr\/lp-emile-baudot\/-wp-\/wp-content\/uploads\/Photo-ENT-07.02.2024-futsal-cadets-garcons-district.jpg 511w\" sizes=\"(max-width: 300px) 100vw, 300px\" \/><\/p>\n<p>Bravo \u00e0 l&rsquo;\u00e9quipe de futsal pour leur qualit\u00e9 de jeu lors de la finale d\u00e9partementale des cadets mercredi 21 f\u00e9vrier. Nous retiendrons surtout leur engagement collectif et une pers\u00e9v\u00e9rance exceptionnelle de toute l&rsquo;\u00e9quipe, ainsi qu&rsquo;une qualit\u00e9 technique et un \u00e9tat d&rsquo;esprit extr\u00eamement positif et fair-play, fruits d&rsquo;un investissement r\u00e9gulier et d&rsquo;une r\u00e9elle implication de tous autour d&rsquo;objectifs communs. Bravo \u00e9galement aux trois \u00e9l\u00e8ves arbitres pour leur travail et leur engagement dans l&rsquo;arbitrage de cette comp\u00e9tition. Bravo \u00e0 un \u00e9l\u00e8ve pour son coaching qui a assur\u00e9 son r\u00f4le avec beaucoup de s\u00e9rieux et a largement contribu\u00e9 \u00e0 la coh\u00e9sion et au d\u00e9veloppement des qualit\u00e9s de cette \u00e9quipe cadets.<\/p>\n<p><img loading=\"lazy\" decoding=\"async\" class=\"alignnone size-medium wp-image-2587\" src=\"http:\/\/sitetab3.ac-reims.fr\/lp-emile-baudot\/-wp-\/wp-content\/uploads\/Photo-ENT-finale-departementale-cadets-futsal-21.02.2024-300x207.jpg\" alt=\"\" width=\"300\" height=\"207\" srcset=\"https:\/\/sitetab3.ac-reims.fr\/lp-emile-baudot\/-wp-\/wp-content\/uploads\/Photo-ENT-finale-departementale-cadets-futsal-21.02.2024-300x207.jpg 300w, https:\/\/sitetab3.ac-reims.fr\/lp-emile-baudot\/-wp-\/wp-content\/uploads\/Photo-ENT-finale-departementale-cadets-futsal-21.02.2024.jpg 555w\" sizes=\"(max-width: 300px) 100vw, 300px\" \/><\/p>\n<ul>\n<li>\n<h3>Janvier<\/h3>\n<\/li>\n<\/ul>\n<h4>Futsal<\/h4>\n<p>Mercredi 24 janvier, l&rsquo;\u00e9quipe de futsal gar\u00e7ons se qualifie pour la finale acad\u00e9mique UNSS des lyc\u00e9es professionnels. Bravo pour leur certification d\u00e9partementale en arbitrage et en coaching et pour leur victoire 8 \u00e0 6 face \u00e0 l&rsquo;\u00e9quipe du lyc\u00e9e Decomble de Chaumont.<\/p>\n<p><img loading=\"lazy\" decoding=\"async\" class=\"alignnone size-medium wp-image-2589\" src=\"http:\/\/sitetab3.ac-reims.fr\/lp-emile-baudot\/-wp-\/wp-content\/uploads\/photo-ent-futsal-24.01-2-300x232.jpg\" alt=\"\" width=\"300\" height=\"232\" srcset=\"https:\/\/sitetab3.ac-reims.fr\/lp-emile-baudot\/-wp-\/wp-content\/uploads\/photo-ent-futsal-24.01-2-300x232.jpg 300w, https:\/\/sitetab3.ac-reims.fr\/lp-emile-baudot\/-wp-\/wp-content\/uploads\/photo-ent-futsal-24.01-2.jpg 495w\" sizes=\"(max-width: 300px) 100vw, 300px\" \/><\/p>\n<p>Mercredi 31 janvier, l&rsquo;\u00e9quipe de futsal gar\u00e7ons c&rsquo;est class\u00e9e 3\u00e8me. Une belle performance pour notre \u00e9quipe, qui n&rsquo;est pas pass\u00e9e si loin de la qualification, avec notamment une remont\u00e9e spectaculaire lors du deuxi\u00e8me match.<\/p>\n<h4>Badminton<\/h4>\n<p>Bravo \u00e0 l&rsquo;\u00e9quipe de badminton qui termine 2\u00e8me au championnat acad\u00e9mique UNSS mercredi 24 janvier et pour la certification acad\u00e9mique en arbitrage et en coaching.<\/p>\n<p><img loading=\"lazy\" decoding=\"async\" class=\"alignnone size-medium wp-image-2590\" src=\"http:\/\/sitetab3.ac-reims.fr\/lp-emile-baudot\/-wp-\/wp-content\/uploads\/Photos-bad-ENT-24.01-300x192.jpg\" alt=\"\" width=\"300\" height=\"192\" srcset=\"https:\/\/sitetab3.ac-reims.fr\/lp-emile-baudot\/-wp-\/wp-content\/uploads\/Photos-bad-ENT-24.01-300x192.jpg 300w, https:\/\/sitetab3.ac-reims.fr\/lp-emile-baudot\/-wp-\/wp-content\/uploads\/Photos-bad-ENT-24.01.jpg 599w\" sizes=\"(max-width: 300px) 100vw, 300px\" \/><\/p>\n<ul>\n<li>\n<h3>D\u00e9cembre<\/h3>\n<\/li>\n<\/ul>\n<p>Bravo aux 23 \u00e9l\u00e8ves qui ont particip\u00e9 \u00e0 la phase d\u00e9partementale des jeux champardennais du mercredi 13 d\u00e9cembre et se sont qualifi\u00e9.es \u00e0 la 3\u00e8me place pour la phase acad\u00e9mique le 20 mars 2024.<\/p>\n<p><img loading=\"lazy\" decoding=\"async\" class=\"alignnone size-medium wp-image-2596\" src=\"http:\/\/sitetab3.ac-reims.fr\/lp-emile-baudot\/-wp-\/wp-content\/uploads\/P1170582-redim-300x185.jpg\" alt=\"\" width=\"300\" height=\"185\" srcset=\"https:\/\/sitetab3.ac-reims.fr\/lp-emile-baudot\/-wp-\/wp-content\/uploads\/P1170582-redim-300x185.jpg 300w, https:\/\/sitetab3.ac-reims.fr\/lp-emile-baudot\/-wp-\/wp-content\/uploads\/P1170582-redim.jpg 621w\" sizes=\"(max-width: 300px) 100vw, 300px\" \/><\/p>\n<p>Encore une belle participation des \u00e9l\u00e8ves de l&rsquo;AS aux finales des championnats d\u00e9partementaux de badminton \u00e0 Langres le mercredi 20 d\u00e9cembre. Un grand bravo \u00e0 nos trois arbitres qui ont permis l&rsquo;engagement de nos \u00e9quipes dans la comp\u00e9tition et qui ont assur\u00e9 la gestion des matchs avec beaucoup de s\u00e9rieux et d\u00e9termination !<\/p>\n<p><img loading=\"lazy\" decoding=\"async\" class=\"alignnone size-medium wp-image-2595\" src=\"http:\/\/sitetab3.ac-reims.fr\/lp-emile-baudot\/-wp-\/wp-content\/uploads\/Photo-ENT-bad-20.12-300x225.jpg\" alt=\"\" width=\"300\" height=\"225\" srcset=\"https:\/\/sitetab3.ac-reims.fr\/lp-emile-baudot\/-wp-\/wp-content\/uploads\/Photo-ENT-bad-20.12-300x225.jpg 300w, https:\/\/sitetab3.ac-reims.fr\/lp-emile-baudot\/-wp-\/wp-content\/uploads\/Photo-ENT-bad-20.12.jpg 511w\" sizes=\"(max-width: 300px) 100vw, 300px\" \/><\/p>\n<ul>\n<li>\n<h3>Novembre<\/h3>\n<\/li>\n<\/ul>\n<p>Bravo \u00e0 nos trois \u00e9quipes du lyc\u00e9e qui ont particip\u00e9 \u00e0 la comp\u00e9tition de volley 4&#215;4 mercredi 8 novembre et affront\u00e9 plusieurs \u00e9quipes de Joinville et de Saint-Dizier ! Bravo \u00e0 notre \u00e9quipe f\u00e9minine, qui s&rsquo;est bien battue, et \u00e0 nos deux \u00e9quipes masculines qui se sont disput\u00e9s les places de 3\u00e8me et 4\u00e8me de la comp\u00e9tition !<\/p>\n<p><img loading=\"lazy\" decoding=\"async\" class=\"alignnone size-medium wp-image-2599\" src=\"http:\/\/sitetab3.ac-reims.fr\/lp-emile-baudot\/-wp-\/wp-content\/uploads\/Photo-volley-08-11-1-300x169.jpg\" alt=\"\" width=\"300\" height=\"169\" srcset=\"https:\/\/sitetab3.ac-reims.fr\/lp-emile-baudot\/-wp-\/wp-content\/uploads\/Photo-volley-08-11-1-300x169.jpg 300w, https:\/\/sitetab3.ac-reims.fr\/lp-emile-baudot\/-wp-\/wp-content\/uploads\/Photo-volley-08-11-1.jpg 680w\" sizes=\"(max-width: 300px) 100vw, 300px\" \/><\/p>\n<p>Bravo \u00e0 nos 14 \u00e9l\u00e8ves du lyc\u00e9e qui ont particip\u00e9 au cross UNSS et d\u00e9fi mercredi 15 novembre \u00e0 la BA113 de Saint-Dizier ! <span class=\"b-like\"> Mention sp\u00e9ciale \u00e0 notre \u00e9quipe qui termine 4\u00e8me sur 7 \u00e9quipes class\u00e9es en lyc\u00e9e professionnel.<\/span><\/p>\n<p><img loading=\"lazy\" decoding=\"async\" class=\"alignnone size-medium wp-image-2598\" src=\"http:\/\/sitetab3.ac-reims.fr\/lp-emile-baudot\/-wp-\/wp-content\/uploads\/P1170449-2-300x169.jpg\" alt=\"\" width=\"300\" height=\"169\" srcset=\"https:\/\/sitetab3.ac-reims.fr\/lp-emile-baudot\/-wp-\/wp-content\/uploads\/P1170449-2-300x169.jpg 300w, https:\/\/sitetab3.ac-reims.fr\/lp-emile-baudot\/-wp-\/wp-content\/uploads\/P1170449-2.jpg 680w\" sizes=\"(max-width: 300px) 100vw, 300px\" \/><\/p>\n<p>Bravo \u00e0 notre \u00e9quipe f\u00e9minine et notre \u00e9quipe masculine, qui ont eu toutes deux fort \u00e0 faire contre les \u00e9l\u00e8ves des lyc\u00e9es Blaise Pascal et Saint-Exup\u00e9ry de Saint-Dizier lors de la comp\u00e9tition UNSS Futsal district mercredi 22 novembre ! Un grand merci aux \u00e9l\u00e8ves internes qui ont g\u00e9r\u00e9 les tables de marque avec beaucoup de s\u00e9rieux. L&rsquo;implication de toutes et tous dans l&rsquo;arbitrage des rencontres est \u00e9galement indispensable au bon d\u00e9roulement des comp\u00e9titions UNSS.<\/p>\n<p><img loading=\"lazy\" decoding=\"async\" class=\"alignnone size-medium wp-image-2597\" src=\"http:\/\/sitetab3.ac-reims.fr\/lp-emile-baudot\/-wp-\/wp-content\/uploads\/IMG_20231123_183715_375-300x210.jpg\" alt=\"\" width=\"300\" height=\"210\" srcset=\"https:\/\/sitetab3.ac-reims.fr\/lp-emile-baudot\/-wp-\/wp-content\/uploads\/IMG_20231123_183715_375-300x210.jpg 300w, https:\/\/sitetab3.ac-reims.fr\/lp-emile-baudot\/-wp-\/wp-content\/uploads\/IMG_20231123_183715_375.jpg 547w\" sizes=\"(max-width: 300px) 100vw, 300px\" \/><\/p>\n<ul>\n<li>\n<h3>Octobre<\/h3>\n<\/li>\n<\/ul>\n<p>Mercredi 11 octobre, 12 de nos \u00e9l\u00e8ves ont particip\u00e9 \u00e0 une comp\u00e9tition de badminton en duo au lyc\u00e9e Blaise Pascal de Saint-Dizier. Un duo f\u00e9minin s&rsquo;est particuli\u00e8rement illustr\u00e9. Nous f\u00e9licitons tous les participants et participantes !<\/p>\n<p>&nbsp;<\/p>\n<p><span class=\"b-like\">Mercredi 18 octobre, 8 de nos \u00e9l\u00e8ves ont particip\u00e9 \u00e0 une apr\u00e8s-midi de comp\u00e9tition futsal. Leur attitude exemplaire a \u00e9t\u00e9 soulign\u00e9e par les enseignants et nous les f\u00e9licitons pour leur performance (deux victoires contre une \u00e9galit\u00e9 et une d\u00e9faite).<\/span><\/p>\n<p><img loading=\"lazy\" decoding=\"async\" class=\"alignnone size-medium wp-image-2600\" src=\"http:\/\/sitetab3.ac-reims.fr\/lp-emile-baudot\/-wp-\/wp-content\/uploads\/Equipe-futsal-18.10-300x214.jpeg\" alt=\"\" width=\"300\" height=\"214\" srcset=\"https:\/\/sitetab3.ac-reims.fr\/lp-emile-baudot\/-wp-\/wp-content\/uploads\/Equipe-futsal-18.10-300x214.jpeg 300w, https:\/\/sitetab3.ac-reims.fr\/lp-emile-baudot\/-wp-\/wp-content\/uploads\/Equipe-futsal-18.10.jpeg 537w\" sizes=\"(max-width: 300px) 100vw, 300px\" \/><\/p>\n","protected":false},"excerpt":{"rendered":"<p>Mai Quatre \u00e9l\u00e8ves de l&rsquo;AS ont particip\u00e9 au Raid champardennais des lyc\u00e9es mercredi 15 mai. Bravo pour leur engagement collectif durant cette comp\u00e9tition ! F\u00e9vrier Mercredi 7 f\u00e9vrier, nos deux \u00e9quipes cadets gar\u00e7ons de futsal ont particip\u00e9 \u00e0 la journ\u00e9e de championnat district futsal en perspective des finales d\u00e9partementales qui auront lieu le mercredi 21 [&hellip;]<\/p>\n","protected":false},"author":9,"featured_media":0,"parent":2578,"menu_order":0,"comment_status":"closed","ping_status":"closed","template":"","meta":{"ngg_post_thumbnail":0,"footnotes":""},"_links":{"self":[{"href":"https:\/\/sitetab3.ac-reims.fr\/lp-emile-baudot\/-wp-\/wp-json\/wp\/v2\/pages\/2583"}],"collection":[{"href":"https:\/\/sitetab3.ac-reims.fr\/lp-emile-baudot\/-wp-\/wp-json\/wp\/v2\/pages"}],"about":[{"href":"https:\/\/sitetab3.ac-reims.fr\/lp-emile-baudot\/-wp-\/wp-json\/wp\/v2\/types\/page"}],"author":[{"embeddable":true,"href":"https:\/\/sitetab3.ac-reims.fr\/lp-emile-baudot\/-wp-\/wp-json\/wp\/v2\/users\/9"}],"replies":[{"embeddable":true,"href":"https:\/\/sitetab3.ac-reims.fr\/lp-emile-baudot\/-wp-\/wp-json\/wp\/v2\/comments?post=2583"}],"version-history":[{"count":4,"href":"https:\/\/sitetab3.ac-reims.fr\/lp-emile-baudot\/-wp-\/wp-json\/wp\/v2\/pages\/2583\/revisions"}],"predecessor-version":[{"id":2604,"href":"https:\/\/sitetab3.ac-reims.fr\/lp-emile-baudot\/-wp-\/wp-json\/wp\/v2\/pages\/2583\/revisions\/2604"}],"up":[{"embeddable":true,"href":"https:\/\/sitetab3.ac-reims.fr\/lp-emile-baudot\/-wp-\/wp-json\/wp\/v2\/pages\/2578"}],"wp:attachment":[{"href":"https:\/\/sitetab3.ac-reims.fr\/lp-emile-baudot\/-wp-\/wp-json\/wp\/v2\/media?parent=2583"}],"curies":[{"name":"wp","href":"https:\/\/api.w.org\/{rel}","templated":true}]}}