{"id":3181,"date":"2025-11-26T12:27:11","date_gmt":"2025-11-26T11:27:11","guid":{"rendered":"https:\/\/sitetab3.ac-reims.fr\/lp-emile-baudot\/-wp-\/?page_id=3181"},"modified":"2026-03-27T15:00:27","modified_gmt":"2026-03-27T14:00:27","slug":"articles-de-presse-2025-2026","status":"publish","type":"page","link":"https:\/\/sitetab3.ac-reims.fr\/lp-emile-baudot\/-wp-\/articles-de-presse\/articles-de-presse-2025-2026\/","title":{"rendered":"Articles de presse 2025-2026"},"content":{"rendered":"\n<h3 class=\"wp-block-heading\">Mars 2026<\/h3>\n\n\n\n<ul>\n<li><a href=\"http:\/\/sitetab3.ac-reims.fr\/lp-emile-baudot\/-wp-\/wp-content\/uploads\/Portes-ouvertes-Fonderies-Brousseval.pdf\" target=\"_blank\" rel=\"noreferrer noopener\">Visite des Fonderies de Brousseval Montreuil lors des portes ouvertes<\/a><\/li>\n\n\n\n<li><a href=\"http:\/\/sitetab3.ac-reims.fr\/lp-emile-baudot\/-wp-\/wp-content\/uploads\/Protection-de-la-Maison-des-familles.pdf\">Intervention de la Maison de la protection des familles aupr\u00e8s des classes entrantes<\/a><\/li>\n\n\n\n<li><a href=\"http:\/\/sitetab3.ac-reims.fr\/lp-emile-baudot\/-wp-\/wp-content\/uploads\/Rencontre-Estelle-FAYE.pdf\" target=\"_blank\" rel=\"noreferrer noopener\">Rencontre avec l&rsquo;autrice Estelle Faye autour de son roman <em>L&rsquo;\u00e9t\u00e9 de la reine bleue<\/em><\/a><\/li>\n\n\n\n<li><a href=\"http:\/\/sitetab3.ac-reims.fr\/lp-emile-baudot\/-wp-\/wp-content\/uploads\/Portes-ouvertes-LP.pdf\" target=\"_blank\" rel=\"noreferrer noopener\">Portes ouvertes du lyc\u00e9e professionnel Emile Baudot<\/a><\/li>\n<\/ul>\n\n\n\n<h3 class=\"wp-block-heading\">F\u00e9vrier 2026<\/h3>\n\n\n\n<ul>\n<li><a href=\"http:\/\/sitetab3.ac-reims.fr\/lp-emile-baudot\/-wp-\/wp-content\/uploads\/Remise-attestation-stage-gendarmerie-1bpms.pdf\" target=\"_blank\" rel=\"noreferrer noopener\">1BPMS : remise des attestations de stage au sein de la gendarmerie<\/a><\/li>\n\n\n\n<li><a href=\"http:\/\/_wp_link_placeholder\" target=\"_blank\" rel=\"noreferrer noopener\">Les \u00e9l\u00e8ves de 1BPMV collectent des dons au profit d&rsquo;associations animali\u00e8res<\/a><\/li>\n<\/ul>\n\n\n\n<p><\/p>\n\n\n\n<h3 class=\"wp-block-heading\">Janvier 2026<\/h3>\n\n\n\n<ul>\n<li>&nbsp;<a href=\"http:\/\/sitetab3.ac-reims.fr\/lp-emile-baudot\/-wp-\/wp-content\/uploads\/Handichiens-au-LP.pdf\" target=\"_blank\" rel=\"noreferrer noopener\">Les \u00e9l\u00e8ves de CAP 2AGA ont rencontr\u00e9 l&rsquo;association Handi&rsquo;chiens<\/a><\/li>\n<\/ul>\n\n\n\n<p><\/p>\n\n\n\n<h3 class=\"wp-block-heading\">Novembre 2025<\/h3>\n\n\n\n<ul>\n<li><a href=\"http:\/\/sitetab3.ac-reims.fr\/lp-emile-baudot\/-wp-\/wp-content\/uploads\/Laicite-CVL.pdf\" target=\"_blank\" rel=\"noreferrer noopener\">D\u00e9cryptage de la la\u00efcit\u00e9 par les \u00e9lus du CVL \u00e0 l&rsquo;occasion des 120 ans de la loi de 1905<\/a><\/li>\n\n\n\n<li><a href=\"http:\/\/sitetab3.ac-reims.fr\/lp-emile-baudot\/-wp-\/wp-content\/uploads\/Festival-1BPMCV.pdf\" target=\"_blank\" rel=\"noreferrer noopener\">Participation des 1BPMCV au festival de la photographie de Montier en Der<\/a><\/li>\n\n\n\n<li><a href=\"http:\/\/sitetab3.ac-reims.fr\/lp-emile-baudot\/-wp-\/wp-content\/uploads\/Festival-Securite.pdf\" target=\"_blank\" rel=\"noreferrer noopener\">Participation des 1BPMS et des 1BPMCV au festival de la photographie de Montier en Der <\/a><\/li>\n\n\n\n<li><a href=\"http:\/\/sitetab3.ac-reims.fr\/lp-emile-baudot\/-wp-\/wp-content\/uploads\/SuippesMassiges-3PM.pdf\" target=\"_blank\" rel=\"noreferrer noopener\">Devoir de m\u00e9moire : visite du Centre d&rsquo;interpr\u00e9tation de Suippes et des tranch\u00e9es de la Main de Massiges<\/a><\/li>\n\n\n\n<li><a href=\"http:\/\/sitetab3.ac-reims.fr\/lp-emile-baudot\/-wp-\/wp-content\/uploads\/Remise-diplomes-2025.pdf\" target=\"_blank\" rel=\"noreferrer noopener\">Remise des dipl\u00f4mes au LP<\/a><\/li>\n<\/ul>\n\n\n\n<p><\/p>\n\n\n\n<h3 class=\"wp-block-heading\">Octobre 2025<\/h3>\n\n\n\n<ul>\n<li><a href=\"http:\/\/sitetab3.ac-reims.fr\/lp-emile-baudot\/-wp-\/wp-content\/uploads\/Eco-randonnee-3PM-Wassy.pdf\" target=\"_blank\" rel=\"noreferrer noopener\">3PM : une \u00e9co-randonn\u00e9e \u00e0 la recherche de d\u00e9chets plastiques dans le cadre du projet Graines de reporters scientifiques<\/a><\/li>\n<\/ul>\n\n\n\n<p><\/p>\n\n\n\n<h3 class=\"wp-block-heading\">Septembre 2025<\/h3>\n\n\n\n<ul>\n<li>&nbsp;<a href=\"http:\/\/sitetab3.ac-reims.fr\/lp-emile-baudot\/-wp-\/wp-content\/uploads\/Forum-de-lengagement.pdf\" target=\"_blank\" rel=\"noreferrer noopener\">Forum de l&rsquo;engagement organis\u00e9 au LP dans le cadre des Semaines de l&rsquo;engagement<\/a><\/li>\n\n\n\n<li><a href=\"http:\/\/sitetab3.ac-reims.fr\/lp-emile-baudot\/-wp-\/wp-content\/uploads\/Journee-europeenne-des-langues-1.pdf\" target=\"_blank\" rel=\"noreferrer noopener\">C\u00e9l\u00e9bration de la journ\u00e9e europ\u00e9enne des langues au LP<\/a><\/li>\n\n\n\n<li><a href=\"http:\/\/sitetab3.ac-reims.fr\/lp-emile-baudot\/-wp-\/wp-content\/uploads\/Rencontre-avec-lADASMS.pdf\" target=\"_blank\" rel=\"noreferrer noopener\">3PM : rencontre avec l&rsquo;association ADASMS (Association Dervoise d&rsquo;Action Sociale et M\u00e9dico-Sociale) de la Porte du Der<\/a><\/li>\n\n\n\n<li><a href=\"http:\/\/sitetab3.ac-reims.fr\/lp-emile-baudot\/-wp-\/wp-content\/uploads\/Visite-du-Struthof.pdf\" target=\"_blank\" rel=\"noreferrer noopener\">Devoir de m\u00e9moire : visite du camp de concentration du Struthof<\/a><\/li>\n\n\n\n<li><a href=\"http:\/\/sitetab3.ac-reims.fr\/lp-emile-baudot\/-wp-\/wp-content\/uploads\/Prerentree-LP-Emile-Baudot.pdf\" target=\"_blank\" rel=\"noreferrer noopener\">Rentr\u00e9e scolaire au lyc\u00e9e professionnel Emile Baudot<\/a><\/li>\n<\/ul>\n","protected":false},"excerpt":{"rendered":"<p>Mars 2026 F\u00e9vrier 2026 Janvier 2026 Novembre 2025 Octobre 2025 Septembre 2025<\/p>\n","protected":false},"author":1,"featured_media":0,"parent":1226,"menu_order":1,"comment_status":"closed","ping_status":"closed","template":"","meta":{"ngg_post_thumbnail":0,"footnotes":""},"_links":{"self":[{"href":"https:\/\/sitetab3.ac-reims.fr\/lp-emile-baudot\/-wp-\/wp-json\/wp\/v2\/pages\/3181"}],"collection":[{"href":"https:\/\/sitetab3.ac-reims.fr\/lp-emile-baudot\/-wp-\/wp-json\/wp\/v2\/pages"}],"about":[{"href":"https:\/\/sitetab3.ac-reims.fr\/lp-emile-baudot\/-wp-\/wp-json\/wp\/v2\/types\/page"}],"author":[{"embeddable":true,"href":"https:\/\/sitetab3.ac-reims.fr\/lp-emile-baudot\/-wp-\/wp-json\/wp\/v2\/users\/1"}],"replies":[{"embeddable":true,"href":"https:\/\/sitetab3.ac-reims.fr\/lp-emile-baudot\/-wp-\/wp-json\/wp\/v2\/comments?post=3181"}],"version-history":[{"count":10,"href":"https:\/\/sitetab3.ac-reims.fr\/lp-emile-baudot\/-wp-\/wp-json\/wp\/v2\/pages\/3181\/revisions"}],"predecessor-version":[{"id":3378,"href":"https:\/\/sitetab3.ac-reims.fr\/lp-emile-baudot\/-wp-\/wp-json\/wp\/v2\/pages\/3181\/revisions\/3378"}],"up":[{"embeddable":true,"href":"https:\/\/sitetab3.ac-reims.fr\/lp-emile-baudot\/-wp-\/wp-json\/wp\/v2\/pages\/1226"}],"wp:attachment":[{"href":"https:\/\/sitetab3.ac-reims.fr\/lp-emile-baudot\/-wp-\/wp-json\/wp\/v2\/media?parent=3181"}],"curies":[{"name":"wp","href":"https:\/\/api.w.org\/{rel}","templated":true}]}}