{"id":1,"date":"2013-02-04T09:41:38","date_gmt":"2013-02-04T09:41:38","guid":{"rendered":"http:\/\/sitetab3.ac-reims.fr\/lp-val-more\/-wp-\/?page_id=1"},"modified":"2013-02-04T09:41:38","modified_gmt":"2013-02-04T09:41:38","slug":"contacts","status":"publish","type":"page","link":"https:\/\/sitetab3.ac-reims.fr\/lp-val-more\/-wp-\/contacts\/","title":{"rendered":"Contacts"},"content":{"rendered":"<table width=\"100%\" border=\"0\" cellspacing=\"0\" cellpadding=\"0\">\n<tbody>\n<tr>\n<td width=\"100%\">Contacter l&rsquo;\u00e9tablissement<\/td>\n<\/tr>\n<tr>\n<td>\n<table width=\"100%\" border=\"0\">\n<tbody>\n<tr>\n<td><\/td>\n<td rowspan=\"2\" align=\"right\" valign=\"top\"><\/td>\n<\/tr>\n<tr>\n<td>\n<table width=\"100%\" border=\"0\" cellspacing=\"0\" cellpadding=\"0\">\n<tbody>\n<tr>\n<td rowspan=\"6\" valign=\"top\" width=\"40\"><\/td>\n<\/tr>\n<tr>\n<td valign=\"top\">Adresse de l&rsquo;\u00e9tablissement<\/td>\n<\/tr>\n<tr>\n<td valign=\"top\">Ville<\/td>\n<\/tr>\n<tr>\n<td valign=\"top\">CP<\/td>\n<\/tr>\n<tr>\n<td valign=\"top\">France<\/td>\n<\/tr>\n<\/tbody>\n<\/table>\n<table width=\"100%\" border=\"0\" cellspacing=\"0\" cellpadding=\"0\">\n<tbody>\n<tr>\n<td width=\"40\"><\/td>\n<td>T\u00e9l\u00e9phone<\/td>\n<\/tr>\n<tr>\n<td width=\"40\"><\/td>\n<td>Fax<\/td>\n<\/tr>\n<tr>\n<td width=\"40\"><\/td>\n<td><\/td>\n<\/tr>\n<\/tbody>\n<\/table>\n<\/td>\n<\/tr>\n<\/tbody>\n<\/table>\n<\/td>\n<td><\/td>\n<\/tr>\n<tr>\n<td><\/td>\n<\/tr>\n<tr>\n<td colspan=\"2\"><\/td>\n<\/tr>\n<\/tbody>\n<\/table>\n<p>&nbsp;<\/p>\n<p>[contact-form 1 \u00ab\u00a0Formulaire de contact 1\u00a0\u00bb]<\/p>\n","protected":false},"excerpt":{"rendered":"<p>Contacter l&rsquo;\u00e9tablissement Adresse de l&rsquo;\u00e9tablissement Ville CP France T\u00e9l\u00e9phone Fax &nbsp; [contact-form 1 \u00ab\u00a0Formulaire de contact 1\u00a0\u00bb]<\/p>\n","protected":false},"author":1,"featured_media":0,"parent":0,"menu_order":0,"comment_status":"open","ping_status":"open","template":"","meta":{"ngg_post_thumbnail":0,"footnotes":""},"_links":{"self":[{"href":"https:\/\/sitetab3.ac-reims.fr\/lp-val-more\/-wp-\/wp-json\/wp\/v2\/pages\/1"}],"collection":[{"href":"https:\/\/sitetab3.ac-reims.fr\/lp-val-more\/-wp-\/wp-json\/wp\/v2\/pages"}],"about":[{"href":"https:\/\/sitetab3.ac-reims.fr\/lp-val-more\/-wp-\/wp-json\/wp\/v2\/types\/page"}],"author":[{"embeddable":true,"href":"https:\/\/sitetab3.ac-reims.fr\/lp-val-more\/-wp-\/wp-json\/wp\/v2\/users\/1"}],"replies":[{"embeddable":true,"href":"https:\/\/sitetab3.ac-reims.fr\/lp-val-more\/-wp-\/wp-json\/wp\/v2\/comments?post=1"}],"version-history":[{"count":0,"href":"https:\/\/sitetab3.ac-reims.fr\/lp-val-more\/-wp-\/wp-json\/wp\/v2\/pages\/1\/revisions"}],"wp:attachment":[{"href":"https:\/\/sitetab3.ac-reims.fr\/lp-val-more\/-wp-\/wp-json\/wp\/v2\/media?parent=1"}],"curies":[{"name":"wp","href":"https:\/\/api.w.org\/{rel}","templated":true}]}}