{"id":1635,"date":"2021-09-07T14:12:59","date_gmt":"2021-09-07T12:12:59","guid":{"rendered":"http:\/\/sitetab3.ac-reims.fr\/lp-val-more\/-wp-\/?page_id=1635"},"modified":"2021-09-07T14:44:56","modified_gmt":"2021-09-07T12:44:56","slug":"presentation-du-lycee-des-metiers-val-more","status":"publish","type":"page","link":"https:\/\/sitetab3.ac-reims.fr\/lp-val-more\/-wp-\/presentation-du-lycee-des-metiers-val-more\/","title":{"rendered":"Pr\u00e9sentation du lyc\u00e9e des M\u00e9tiers Val Mor\u00e9"},"content":{"rendered":"<hr>\n<p><a href=\"http:\/\/sitetab3.ac-reims.fr\/lp-val-more\/-wp-\/wp-content\/uploads\/triangle_bleu.png\"><img loading=\"lazy\" decoding=\"async\" class=\"alignnone size-full wp-image-1624\" src=\"http:\/\/sitetab3.ac-reims.fr\/lp-val-more\/-wp-\/wp-content\/uploads\/triangle_bleu.png\" alt=\"\" width=\"10\" height=\"16\"><\/a> <a href=\"http:\/\/sitetab3.ac-reims.fr\/lp-val-more\/-wp-\/presentation-du-lp-val-more\/\"><strong>Pr\u00e9sentation du lyc\u00e9e des M\u00e9tiers Val Mor\u00e9<\/strong><\/a><\/p>\n<p>Cette partie est en cours de r\u00e9\u00e9criture.<br \/>\nMerci de votre compr\u00e9hension.<\/p>\n<hr>\n<p><a href=\"http:\/\/sitetab3.ac-reims.fr\/lp-val-more\/-wp-\/wp-content\/uploads\/triangle_bleu.png\"><img loading=\"lazy\" decoding=\"async\" class=\"alignnone size-full wp-image-1624\" src=\"http:\/\/sitetab3.ac-reims.fr\/lp-val-more\/-wp-\/wp-content\/uploads\/triangle_bleu.png\" alt=\"\" width=\"10\" height=\"16\"><\/a> <a href=\"http:\/\/sitetab3.ac-reims.fr\/lp-val-more\/-wp-\/chs-comite-d-hygiene-et-de\/\"><strong>Structure administrative du lyc\u00e9e des M\u00e9tiers Val Mor\u00e9<\/strong><\/a><\/p>\n<p><img decoding=\"async\" class=\"\" style=\"float: left; width: 115px; height: 115px;\" src=\"http:\/\/sitetab3.ac-reims.fr\/lp-val-more\/-wp-\/wp-content\/uploads\/arton38-f797e.jpg\" alt=\"\"><\/p>\n<p>Vous trouverez en pi\u00e8ce jointe<br \/>\nla structure administrative<br \/>\ndu lyc\u00e9e des M\u00e9tiers Val Mor\u00e9<br \/>\nsous forme d\u2019organigramme.<\/p>\n<hr>\n<p><a href=\"http:\/\/sitetab3.ac-reims.fr\/lp-val-more\/-wp-\/wp-content\/uploads\/triangle_bleu.png\"><img loading=\"lazy\" decoding=\"async\" class=\"alignnone size-full wp-image-1624\" src=\"http:\/\/sitetab3.ac-reims.fr\/lp-val-more\/-wp-\/wp-content\/uploads\/triangle_bleu.png\" alt=\"\" width=\"10\" height=\"16\"><\/a> <a href=\"http:\/\/sitetab3.ac-reims.fr\/lp-val-more\/-wp-\/partenariat-et-le-label-lycee-des\/\"><strong>Le label Lyc\u00e9e des m\u00e9tiers et les Partenariats<\/strong><\/a><\/p>\n<p><img decoding=\"async\" class=\"\" style=\"float: left; width: 115px; height: 115px;\" src=\"http:\/\/sitetab3.ac-reims.fr\/lp-val-more\/-wp-\/wp-content\/uploads\/arton234-976a9.jpg\" alt=\"\"><\/p>\n<p>Le label \u00ab lyc\u00e9e des m\u00e9tiers \u00bb qualifie certains \u00e9tablissements qui offrent une palette \u00e9tendue de formations et de services&#8230;&#8230;..<\/p>\n","protected":false},"excerpt":{"rendered":"<p>Pr\u00e9sentation du lyc\u00e9e des M\u00e9tiers Val Mor\u00e9 Cette partie est en cours de r\u00e9\u00e9criture. Merci de votre compr\u00e9hension. Structure administrative du lyc\u00e9e des M\u00e9tiers Val Mor\u00e9 Vous trouverez en pi\u00e8ce jointe la structure administrative du lyc\u00e9e des M\u00e9tiers Val Mor\u00e9 sous forme d\u2019organigramme. Le label Lyc\u00e9e des m\u00e9tiers et les Partenariats Le label \u00ab lyc\u00e9e [&hellip;]<\/p>\n","protected":false},"author":1,"featured_media":0,"parent":0,"menu_order":0,"comment_status":"closed","ping_status":"closed","template":"","meta":{"ngg_post_thumbnail":0,"footnotes":""},"_links":{"self":[{"href":"https:\/\/sitetab3.ac-reims.fr\/lp-val-more\/-wp-\/wp-json\/wp\/v2\/pages\/1635"}],"collection":[{"href":"https:\/\/sitetab3.ac-reims.fr\/lp-val-more\/-wp-\/wp-json\/wp\/v2\/pages"}],"about":[{"href":"https:\/\/sitetab3.ac-reims.fr\/lp-val-more\/-wp-\/wp-json\/wp\/v2\/types\/page"}],"author":[{"embeddable":true,"href":"https:\/\/sitetab3.ac-reims.fr\/lp-val-more\/-wp-\/wp-json\/wp\/v2\/users\/1"}],"replies":[{"embeddable":true,"href":"https:\/\/sitetab3.ac-reims.fr\/lp-val-more\/-wp-\/wp-json\/wp\/v2\/comments?post=1635"}],"version-history":[{"count":5,"href":"https:\/\/sitetab3.ac-reims.fr\/lp-val-more\/-wp-\/wp-json\/wp\/v2\/pages\/1635\/revisions"}],"predecessor-version":[{"id":1637,"href":"https:\/\/sitetab3.ac-reims.fr\/lp-val-more\/-wp-\/wp-json\/wp\/v2\/pages\/1635\/revisions\/1637"}],"wp:attachment":[{"href":"https:\/\/sitetab3.ac-reims.fr\/lp-val-more\/-wp-\/wp-json\/wp\/v2\/media?parent=1635"}],"curies":[{"name":"wp","href":"https:\/\/api.w.org\/{rel}","templated":true}]}}